{"id":3,"date":"2025-10-31T01:19:57","date_gmt":"2025-10-31T01:19:57","guid":{"rendered":"https:\/\/henerrfm.com\/?page_id=3"},"modified":"2025-11-07T01:50:12","modified_gmt":"2025-11-07T01:50:12","slug":"privacy-policy","status":"publish","type":"page","link":"https:\/\/www.henerrfm.com\/es\/privacy-policy\/","title":{"rendered":"pol\u00edtica de privacidad"},"content":{"rendered":"<div class=\"wp-block-greenshift-blocks-row alignfull gspb_row gspb_row-id-gsbp-88a9270\" id=\"gspb_row-id-gsbp-88a9270\"><div class=\"gspb_backgroundOverlay\"><\/div><div class=\"gspb_row__content\"> \n<div class=\"wp-block-greenshift-blocks-row-column gspb_row__col--12 gspb_col-id-gsbp-61a8864\" id=\"gspb_col-id-gsbp-61a8864\">\n<h2 id=\"gspb_heading-id-gsbp-20ea8b7\" class=\"gspb_heading gspb_heading-id-gsbp-20ea8b7\">pol\u00edtica de privacidad<\/h2>\n<\/div>\n <\/div><\/div>\n\n\n\n<p>Cangzhou Hener Machinery Co., Ltd. se compromete a proteger su privacidad y a ganarse su confianza. Cangzhou Hener Machinery no vende, intercambia ni alquila su informaci\u00f3n personal a terceros. Esta pol\u00edtica describe las pr\u00e1cticas de privacidad del sitio web de Cangzhou Hener Machinery. Utilizamos la informaci\u00f3n que recopilamos sobre usted en el sitio web de Cangzhou Hener Machinery para procesar pedidos y mantener una relaci\u00f3n con usted durante el uso de nuestros productos y servicios. Esta pol\u00edtica explica c\u00f3mo se protege su informaci\u00f3n personal. Nuestro objetivo es brindarle el m\u00e1ximo control posible sobre su privacidad e informaci\u00f3n personal, as\u00ed como sobre el uso que hacemos de ella en nuestra empresa.<\/p>\n\n\n\n<h6 class=\"wp-block-heading\" id=\"how-does-cangzhou-hener-machinery-use-my-information\"><strong>\u00bfC\u00d3MO FUNCIONA?&nbsp;<\/strong><strong>Maquinaria Cangzhou Hener<\/strong><strong>&nbsp;\u00bfUTILIZA MI INFORMACI\u00d3N?<\/strong><strong><\/strong><\/h6>\n\n\n\n<p>Recopilamos informaci\u00f3n personal para brindar una experiencia de usuario de alta calidad y para que Cangzhou Hener Machinery comprenda mejor a sus clientes. Cangzhou Hener Machinery no vende, intercambia ni alquila su informaci\u00f3n personal a terceros. La informaci\u00f3n personal que nos proporciona permite a Cangzhou Hener Machinery procesar y completar su solicitud de prueba gratuita del Centro de Capacitaci\u00f3n de Cangzhou Hener Machinery. Tambi\u00e9n utilizamos dicha informaci\u00f3n si decide solicitar nuestros productos y servicios para procesar y completar su pedido y notificarle sobre su estado.<\/p>\n\n\n\n<p>Utilizamos la informaci\u00f3n personal que nos proporciona para brindarle informaci\u00f3n actualizada sobre los productos y servicios de Cangzhou Hener Machinery.<br>Podemos utilizar la informaci\u00f3n que recopilamos para notificarle de vez en cuando sobre cambios importantes en la funcionalidad del sitio web, nuevos productos y servicios de Cangzhou Hener Machinery y ofertas especiales que creemos que encontrar\u00e1 valiosas.<br>Cuando nos proporciona informaci\u00f3n personal para participar en un concurso o promoci\u00f3n patrocinado por Cangzhou Hener Machinery o sus socios, la utilizamos para administrar el concurso y notificar a los ganadores. Almacenamos toda la informaci\u00f3n relacionada con dichos concursos y promociones.<br>Enviaremos anuncios o promociones dirigidas a nuestros clientes utilizando la informaci\u00f3n personal que nos proporcione. No permitimos que los anunciantes accedan a la informaci\u00f3n de sus cuentas. Estos anuncios suelen ser banners y correos electr\u00f3nicos promocionales.<br>Tambi\u00e9n investigamos los datos demogr\u00e1ficos, los intereses y el comportamiento de nuestros usuarios bas\u00e1ndonos en la informaci\u00f3n que nos proporcionan en nuestra herramienta de encuestas en l\u00ednea. Recopilamos y analizamos esta informaci\u00f3n de forma agregada o an\u00f3nima.<br>Utilizamos las direcciones IP que recopilamos para informar informaci\u00f3n agregada o an\u00f3nima a nuestros anunciantes.<\/p>\n\n\n\n<h6 class=\"wp-block-heading\" id=\"who-collects-information\"><strong>\u00bfQUI\u00c9N RECOGE LA INFORMACI\u00d3N?<\/strong><strong><\/strong><\/h6>\n\n\n\n<p>Cuando proporciona informaci\u00f3n personal en un sitio web de Cangzhou Hener Machinery, la comparte \u00fanicamente con Cangzhou Hener Machinery, a menos que se le indique espec\u00edficamente lo contrario. Si una empresa distinta a Cangzhou Hener Machinery recopila o mantiene sus datos personales en nuestro sitio web, se le informar\u00e1 antes de que se recopilen o transfieran. Siempre puede optar por no compartir la informaci\u00f3n. Cuando otras empresas patrocinan promociones, los datos recopilados en el sitio web de Cangzhou Hener Machinery en relaci\u00f3n con estas promociones podr\u00edan compartirse con el patrocinador. De ser as\u00ed, se le notificar\u00e1 antes de que se recopilen o transfieran los datos y podr\u00e1 decidir no participar. La mayor\u00eda de estas promociones est\u00e1n limitadas a residentes de Estados Unidos o Norteam\u00e9rica. Si abandona nuestro sitio web mediante enlaces a sitios web de terceros, estos podr\u00edan recopilar informaci\u00f3n sobre usted. Esta pol\u00edtica de privacidad no cubre las pr\u00e1cticas de dichas empresas.<\/p>\n\n\n\n<h6 class=\"wp-block-heading\" id=\"does-cangzhou-hener-machinery-share-my-information\"><strong>HACE&nbsp;<\/strong><strong>Maquinaria Cangzhou Hener<\/strong><strong>&nbsp;\u00bfCOMPARTIR MI INFORMACI\u00d3N?<\/strong><strong><\/strong><\/h6>\n\n\n\n<p>Salvo lo establecido en esta pol\u00edtica, Cangzhou Hener Machinery no divulga su informaci\u00f3n personal a terceros sin su permiso. Lea las siguientes secciones para obtener m\u00e1s informaci\u00f3n.<\/p>\n\n\n\n<h6 class=\"wp-block-heading\" id=\"other-situations\"><strong>OTRAS SITUACIONES<\/strong><strong><\/strong><\/h6>\n\n\n\n<p>Cangzhou Hener Machinery tambi\u00e9n podr\u00e1 divulgar su informaci\u00f3n cuando sea necesaria para identificar, contactar o emprender acciones legales contra alguien que pueda estar perjudicando o interfiriendo con nuestros derechos o derechos de propiedad, los derechos de los usuarios o los derechos de terceros. Del mismo modo, Cangzhou Hener Machinery divulgar\u00e1 informaci\u00f3n cuando creamos razonablemente que la divulgaci\u00f3n es requerida por ley o para cumplir con un proceso legal presentado contra Cangzhou Hener Machinery o su sitio web. Podremos divulgar su informaci\u00f3n personal si creemos de buena fe que debemos actuar en circunstancias apremiantes para proteger la seguridad personal de los usuarios de Cangzhou Hener Machinery, su sitio web o del p\u00fablico.<\/p>\n\n\n\n<h6 class=\"wp-block-heading\" id=\"how-does-cangzhou-hener-machinery-protect-your-credit-card-and-financial-information\"><strong>\u00bfC\u00d3MO FUNCIONA?&nbsp;<\/strong><strong>Maquinaria Cangzhou Hener<\/strong><strong>&nbsp;\u00bfPROTEGER SU TARJETA DE CR\u00c9DITO Y SU INFORMACI\u00d3N FINANCIERA?<\/strong><strong><\/strong><\/h6>\n\n\n\n<p>Nos comprometemos a proteger la privacidad de la informaci\u00f3n de su tarjeta de cr\u00e9dito y cuenta financiera. No vendemos, intercambiamos ni alquilamos su informaci\u00f3n financiera ni la de su tarjeta de cr\u00e9dito. No compartimos esta informaci\u00f3n con nadie sin su permiso. Podemos proporcionar datos estad\u00edsticos sobre nuestros clientes a anunciantes, socios, proveedores y otros terceros de confianza. Estos datos se componen \u00fanicamente de datos agregados o an\u00f3nimos, que no contienen informaci\u00f3n personal identificable. Por ejemplo, no revelaremos que usted compr\u00f3 un producto espec\u00edfico, pero podr\u00edamos revelar estad\u00edsticas sobre cu\u00e1ntos clientes lo han comprado. Cuando usted ingresa la informaci\u00f3n de su tarjeta de cr\u00e9dito en nuestro sitio web, la transmitimos en formato cifrado mediante el cifrado SSL (Secure Socket Layer), est\u00e1ndar de la industria.<\/p>\n\n\n\n<h6 class=\"wp-block-heading\" id=\"your-rights-relating-to-your-personal-data\"><strong>SUS DERECHOS EN RELACI\u00d3N CON SUS DATOS PERSONALES<\/strong><strong><\/strong><\/h6>\n\n\n\n<p>Tiene derecho, en virtud de esta Pol\u00edtica de privacidad y cookies, y por ley si se encuentra dentro de la UE, a:<\/p>\n\n\n\n<p>Solicitar acceso a sus Datos Personales. Si se encuentra dentro de la UE, esto le permitir\u00e1 recibir una copia de los Datos Personales que tenemos sobre usted y comprobar que los estamos tratando legalmente.<\/p>\n\n\n\n<p>Solicitar la correcci\u00f3n de los Datos Personales que tenemos sobre usted. Esto le permite corregir cualquier informaci\u00f3n incompleta o inexacta que tengamos sobre usted.<\/p>\n\n\n\n<p>Solicitar la supresi\u00f3n de sus Datos Personales. Esto le permite solicitarnos que eliminemos o borremos sus Datos Personales cuando no exista una raz\u00f3n v\u00e1lida para que sigamos trat\u00e1ndolos. Si reside en la UE, tambi\u00e9n tiene derecho a solicitarnos que eliminemos o borremos sus Datos Personales si ha ejercido su derecho de oposici\u00f3n al tratamiento (v\u00e9ase m\u00e1s adelante).<\/p>\n\n\n\n<p>Oponerse al tratamiento de sus Datos Personales.<\/p>\n\n\n\n<p>Solicitar la restricci\u00f3n del tratamiento de sus Datos Personales.<\/p>\n\n\n\n<p>Solicitar la transferencia de sus Datos Personales.<\/p>\n\n\n\n<p>Retirar el consentimiento.<\/p>\n\n\n\n<h6 class=\"wp-block-heading\" id=\"complaints\"><strong>QUEJAS<\/strong><strong><\/strong><\/h6>\n\n\n\n<p>Si desea presentar una queja sobre esta Pol\u00edtica de privacidad o nuestras pr\u00e1cticas en relaci\u00f3n con sus Datos personales, cont\u00e1ctenos a:&nbsp;<a href=\"mailto:henerrfm@gmail.com\">henerrfm@gmail.com<\/a>.<\/p>\n\n\n\n<p>Responderemos a su queja lo antes posible.<\/p>\n\n\n\n<p>Si considera que su queja no se ha resuelto adecuadamente, tenga en cuenta que si se encuentra en la UE, el RGPD le otorga el derecho de comunicarse con la autoridad de supervisi\u00f3n de protecci\u00f3n de datos local.<\/p>\n\n\n\n<h6 class=\"wp-block-heading\" id=\"how-long-we-store-your-personal-data\"><strong>\u00bfCU\u00c1NTO TIEMPO ALMACENAMOS SUS DATOS PERSONALES?<\/strong><strong><\/strong><\/h6>\n\n\n\n<p>Retendremos su informaci\u00f3n mientras su cuenta est\u00e9 activa o sea razonablemente necesaria para los fines establecidos en&nbsp;<strong>C\u00f3mo usamos sus datos personales<\/strong>&nbsp;a menos que solicite que eliminemos sus Datos Personales como se describe en&nbsp;<strong>Sus derechos en relaci\u00f3n con sus datos personales<\/strong>.<\/p>\n\n\n\n<h6 class=\"wp-block-heading\" id=\"what-are-cookies-and-how-does-cangzhou-hener-machinery-use-them\"><strong>\u00bfQU\u00c9 SON LAS COOKIES Y C\u00d3MO FUNCIONAN?&nbsp;<\/strong><strong>Maquinaria Cangzhou Hener<\/strong><strong>&nbsp;\u00bfUTILIZALOS?<\/strong><strong><\/strong><\/h6>\n\n\n\n<p>Algunas partes de nuestro sistema de gesti\u00f3n del aprendizaje utilizan cookies para reconocer inmediatamente a un usuario y asignar diferentes permisos asociados a las funciones del sistema. Una cookie es un fragmento de datos que se env\u00eda a su navegador desde un servidor web y que este almacena en el disco duro de su ordenador.<\/p>\n\n\n\n<h6 class=\"wp-block-heading\" id=\"your-consent\"><strong>SU CONSENTIMIENTO<\/strong><strong><\/strong><\/h6>\n\n\n\n<p>Al utilizar nuestro sitio web, usted acepta la recopilaci\u00f3n y el uso de esta informaci\u00f3n por parte de Cangzhou Hener Machinery.<\/p>\n\n\n\n<h6 class=\"wp-block-heading\" id=\"opt-in-opt-out-policy\"><strong>POL\u00cdTICA DE VOLUNTAD DE ENTRADA\/EXCLUSI\u00d3N<\/strong><strong><\/strong><\/h6>\n\n\n\n<p>Al registrarse o enviar informaci\u00f3n personal, Cangzhou Hener Machinery le ofrece la opci\u00f3n de recibir m\u00e1s comunicaciones. Para dejar de recibir informaci\u00f3n, siga las instrucciones para cancelar la suscripci\u00f3n incluidas en cada correo electr\u00f3nico o cont\u00e1ctenos en&nbsp;<a href=\"mailto:henerrfm@gmail.com\">henerrfm@gmail.com<\/a>.<\/p>\n\n\n\n<h6 class=\"wp-block-heading\" id=\"contacting-the-website\"><strong>CONTACTO CON EL SITIO WEB<\/strong><strong><\/strong><\/h6>\n\n\n\n<p style=\"margin-bottom:var(--wp--preset--spacing--70)\">Si tiene alguna pregunta sobre esta pol\u00edtica de privacidad, las pr\u00e1cticas de este sitio o sus relaciones con este sitio web, comun\u00edquese con:&nbsp;<a href=\"mailto:henerrfm@gmail.com\">henerrfm@gmail.com<\/a>.<\/p>","protected":false},"excerpt":{"rendered":"<p>Cangzhou Hener Machinery Co., Ltd.&nbsp;is committed to protecting your privacy and earning your trust. Cangzhou Hener Machinery&nbsp;does not sell, trade, or rent your personal information to others. This policy discloses the privacy practices for the Cangzhou Hener Machinery&nbsp;Web site. We use the information we collect about you from the Cangzhou Hener Machinery&nbsp;Web site to process [&hellip;]<\/p>\n","protected":false},"author":1,"featured_media":0,"parent":0,"menu_order":0,"comment_status":"closed","ping_status":"open","template":"","meta":{"_gspb_post_css":"#gspb_row-id-gsbp-88a9270{justify-content:space-between;margin-top:0;display:flex;flex-wrap:wrap;min-height:300px;align-content:center;margin-bottom:50px;background-color:var(--wp--preset--color--palette-color-5, var(--theme-palette-color-5, #e1e8ed));background-size:cover;background-repeat:no-repeat;background-position:56% 54%;background-image:url(https:\/\/henerrfm.com\/wp-content\/uploads\/2025\/11\/ys-bg-1.jpg);isolation:isolate}#gspb_row-id-gsbp-88a9270>.gspb_row__content{display:flex;justify-content:space-between;margin:0 auto;width:100%;flex-wrap:wrap;align-items:center}.gspb_row{position:relative}div[id^=gspb_col-id]{box-sizing:border-box;position:relative;padding:var(--gs-row-column-padding, 15px min(3vw, 20px))}body.gspb-bodyfront #gspb_row-id-gsbp-88a9270>.gspb_row__content{width:var(--theme-container-width, 1200px);max-width:var(--theme-normal-container-max-width, 1200px)}#gspb_row-id-gsbp-88a9270:hover{background-size:cover}#gspb_row-id-gsbp-88a9270>.gspb_backgroundOverlay{position:absolute;top:0;left:0;width:100%;height:100%;z-index:-1;opacity:1;background-image:linear-gradient(180deg,#fff 5%,rgba(255,255,255,0) 84%)}#gspb_col-id-gsbp-61a8864.gspb_row__col--12{width:100%}@media (max-width:575.98px){#gspb_col-id-gsbp-61a8864.gspb_row__col--12{width:100%}}.gspb_row #gspb_col-id-gsbp-61a8864.gspb_row__col--12{padding:0}#gspb_heading-id-gsbp-20ea8b7{font-weight:700!important;color:var(--wp--preset--color--palette-color-1, var(--theme-palette-color-1, #003392));margin-top:0;margin-bottom:0}","footnotes":""},"class_list":["post-3","page","type-page","status-publish","hentry"],"blocksy_meta":[],"_links":{"self":[{"href":"https:\/\/www.henerrfm.com\/es\/wp-json\/wp\/v2\/pages\/3","targetHints":{"allow":["GET"]}}],"collection":[{"href":"https:\/\/www.henerrfm.com\/es\/wp-json\/wp\/v2\/pages"}],"about":[{"href":"https:\/\/www.henerrfm.com\/es\/wp-json\/wp\/v2\/types\/page"}],"author":[{"embeddable":true,"href":"https:\/\/www.henerrfm.com\/es\/wp-json\/wp\/v2\/users\/1"}],"replies":[{"embeddable":true,"href":"https:\/\/www.henerrfm.com\/es\/wp-json\/wp\/v2\/comments?post=3"}],"version-history":[{"count":12,"href":"https:\/\/www.henerrfm.com\/es\/wp-json\/wp\/v2\/pages\/3\/revisions"}],"predecessor-version":[{"id":829,"href":"https:\/\/www.henerrfm.com\/es\/wp-json\/wp\/v2\/pages\/3\/revisions\/829"}],"wp:attachment":[{"href":"https:\/\/www.henerrfm.com\/es\/wp-json\/wp\/v2\/media?parent=3"}],"curies":[{"name":"wp","href":"https:\/\/api.w.org\/{rel}","templated":true}]}}