{"id":835,"date":"2025-11-07T01:54:37","date_gmt":"2025-11-07T01:54:37","guid":{"rendered":"https:\/\/henerrfm.com\/?page_id=835"},"modified":"2025-11-07T01:54:37","modified_gmt":"2025-11-07T01:54:37","slug":"shipping-policy","status":"publish","type":"page","link":"https:\/\/www.henerrfm.com\/es\/shipping-policy\/","title":{"rendered":"Pol\u00edtica de env\u00edos"},"content":{"rendered":"<div class=\"wp-block-greenshift-blocks-row alignfull gspb_row gspb_row-id-gsbp-88a9270\" id=\"gspb_row-id-gsbp-88a9270\"><div class=\"gspb_backgroundOverlay\"><\/div><div class=\"gspb_row__content\"> \n<div class=\"wp-block-greenshift-blocks-row-column gspb_row__col--12 gspb_col-id-gsbp-61a8864\" id=\"gspb_col-id-gsbp-61a8864\">\n<h2 id=\"gspb_heading-id-gsbp-20ea8b7\" class=\"gspb_heading gspb_heading-id-gsbp-20ea8b7\">Pol\u00edtica de env\u00edos<\/h2>\n<\/div>\n <\/div><\/div>\n\n\n\n<p>En Cangzhou Hener Machinery Co., Ltd., nos esforzamos por ofrecer entregas puntuales y eficientes de nuestros productos a nuestros clientes. Realizamos env\u00edos nacionales e internacionales.<\/p>\n\n\n\n<p><strong>Env\u00edo nacional:<\/strong><\/p>\n\n\n\n<p>\u00b7 Enviamos nuestros productos dentro de China continental a trav\u00e9s de varios transportistas, dependiendo del producto y la ubicaci\u00f3n del cliente.<\/p>\n\n\n\n<p>\u00b7 Los costos de env\u00edo nacional pueden variar dependiendo del peso y tama\u00f1o del producto, as\u00ed como del destino del env\u00edo.<\/p>\n\n\n\n<p>\u00b7 El tiempo de entrega estimado para env\u00edos nacionales suele ser de 3 a 7 d\u00edas h\u00e1biles, dependiendo del transportista y del destino del env\u00edo.<\/p>\n\n\n\n<p><strong>Env\u00edos internacionales:<\/strong><\/p>\n\n\n\n<p>\u00b7 Enviamos nuestros productos a clientes internacionales a trav\u00e9s de varios transportistas, dependiendo del producto y la ubicaci\u00f3n del cliente.<\/p>\n\n\n\n<p>\u00b7 Las tarifas de env\u00edo internacional pueden variar dependiendo del peso y tama\u00f1o del producto, as\u00ed como del destino del env\u00edo.<\/p>\n\n\n\n<p>El tiempo estimado de entrega para env\u00edos internacionales var\u00eda seg\u00fan la empresa de transporte y el destino. Los plazos de entrega pueden verse afectados por aduanas y otros factores ajenos a nuestro control.<\/p>\n\n\n\n<p>Tenga en cuenta que no nos hacemos responsables de los aranceles, impuestos ni tasas aduaneras que pueda imponer el pa\u00eds de destino. El cliente es responsable de dichos aranceles.<\/p>\n\n\n\n<p style=\"margin-bottom:var(--wp--preset--spacing--70)\">Si tiene alguna pregunta o inquietud sobre el env\u00edo, no dude en contactarnos en\u00a0<a href=\"mailto:henerrfm@gmail.com\">henerrfm@gmail.com<\/a>.<\/p>","protected":false},"excerpt":{"rendered":"<p>At Cangzhou Hener Machinery Co., Ltd.&nbsp;, we strive to provide timely and efficient delivery of our products to our customers. We ship our products to customers both domestically and internationally. Domestic Shipping: \u00b7 We ship our products within mainland China via various shipping carriers, depending on the product and the location of the customer. \u00b7 [&hellip;]<\/p>\n","protected":false},"author":1,"featured_media":0,"parent":0,"menu_order":0,"comment_status":"closed","ping_status":"closed","template":"","meta":{"_gspb_post_css":"#gspb_row-id-gsbp-88a9270{justify-content:space-between;margin-top:0;display:flex;flex-wrap:wrap;min-height:300px;align-content:center;margin-bottom:50px;background-color:var(--wp--preset--color--palette-color-5, var(--theme-palette-color-5, #e1e8ed));background-size:cover;background-repeat:no-repeat;background-position:56% 54%;background-image:url(https:\/\/henerrfm.com\/wp-content\/uploads\/2025\/11\/ys-bg-1.jpg);isolation:isolate}#gspb_row-id-gsbp-88a9270>.gspb_row__content{display:flex;justify-content:space-between;margin:0 auto;width:100%;flex-wrap:wrap;align-items:center}.gspb_row{position:relative}div[id^=gspb_col-id]{box-sizing:border-box;position:relative;padding:var(--gs-row-column-padding, 15px min(3vw, 20px))}body.gspb-bodyfront #gspb_row-id-gsbp-88a9270>.gspb_row__content{width:var(--theme-container-width, 1200px);max-width:var(--theme-normal-container-max-width, 1200px)}#gspb_row-id-gsbp-88a9270:hover{background-size:cover}#gspb_row-id-gsbp-88a9270>.gspb_backgroundOverlay{position:absolute;top:0;left:0;width:100%;height:100%;z-index:-1;opacity:1;background-image:linear-gradient(180deg,#fff 5%,rgba(255,255,255,0) 84%)}#gspb_col-id-gsbp-61a8864.gspb_row__col--12{width:100%}@media (max-width:575.98px){#gspb_col-id-gsbp-61a8864.gspb_row__col--12{width:100%}}.gspb_row #gspb_col-id-gsbp-61a8864.gspb_row__col--12{padding:0}#gspb_heading-id-gsbp-20ea8b7{font-weight:700!important;color:var(--wp--preset--color--palette-color-1, var(--theme-palette-color-1, #003392));margin-top:0;margin-bottom:0}","footnotes":""},"class_list":["post-835","page","type-page","status-publish","hentry"],"blocksy_meta":[],"_links":{"self":[{"href":"https:\/\/www.henerrfm.com\/es\/wp-json\/wp\/v2\/pages\/835","targetHints":{"allow":["GET"]}}],"collection":[{"href":"https:\/\/www.henerrfm.com\/es\/wp-json\/wp\/v2\/pages"}],"about":[{"href":"https:\/\/www.henerrfm.com\/es\/wp-json\/wp\/v2\/types\/page"}],"author":[{"embeddable":true,"href":"https:\/\/www.henerrfm.com\/es\/wp-json\/wp\/v2\/users\/1"}],"replies":[{"embeddable":true,"href":"https:\/\/www.henerrfm.com\/es\/wp-json\/wp\/v2\/comments?post=835"}],"version-history":[{"count":1,"href":"https:\/\/www.henerrfm.com\/es\/wp-json\/wp\/v2\/pages\/835\/revisions"}],"predecessor-version":[{"id":837,"href":"https:\/\/www.henerrfm.com\/es\/wp-json\/wp\/v2\/pages\/835\/revisions\/837"}],"wp:attachment":[{"href":"https:\/\/www.henerrfm.com\/es\/wp-json\/wp\/v2\/media?parent=835"}],"curies":[{"name":"wp","href":"https:\/\/api.w.org\/{rel}","templated":true}]}}