{"id":112,"date":"2025-10-31T03:58:14","date_gmt":"2025-10-31T03:58:14","guid":{"rendered":"https:\/\/henerrfm.com\/?post_type=product&#038;p=112"},"modified":"2025-12-06T08:44:06","modified_gmt":"2025-12-06T08:44:06","slug":"barrel-corrugated-roll-forming-machine","status":"publish","type":"product","link":"https:\/\/www.henerrfm.com\/es\/product\/barrel-corrugated-roll-forming-machine\/","title":{"rendered":"M\u00e1quina formadora autom\u00e1tica de rollos de cart\u00f3n corrugado de barril"},"content":{"rendered":"<h5><strong>Descripci\u00f3n general del producto<\/strong><\/h5>\n<p>La perfiladora autom\u00e1tica de cart\u00f3n corrugado de barril es un equipo especializado para el conformado de l\u00e1minas met\u00e1licas, dise\u00f1ado para producir l\u00e1minas corrugadas de tipo barril para techos. A diferencia de las perfiladoras tradicionales, este modelo cuenta con dos grandes rodillos de precisi\u00f3n que moldean la l\u00e1mina en patrones ondulados suaves y redondos con una consistencia y resistencia excepcionales.<\/p>\n<p>Antes del conformado, el material pasa por una mesa de alimentaci\u00f3n m\u00f3vil, lo que garantiza una entrada de chapa estable y precisa. Durante el procesamiento, los rodillos prensan y moldean la chapa con precisi\u00f3n para lograr el perfil de barril deseado. La m\u00e1quina es apta para chapas met\u00e1licas con espesores de 0,15 a 0,45 mm.<\/p>\n<p>Una configuraci\u00f3n est\u00e1ndar incluye la unidad principal de perfilado, un sistema de rodillos de presi\u00f3n y mesas de recolecci\u00f3n de productos duales, lo que ofrece un flujo de trabajo de producci\u00f3n completamente automatizado y eficiente.<\/p>\n<p>Gracias a su alta durabilidad, bajo costo de producci\u00f3n y excelente impermeabilidad, este tipo de l\u00e1mina para techos se utiliza ampliamente en Dominica, Etiop\u00eda, Sud\u00e1frica, Vietnam y muchas otras regiones del mundo. La m\u00e1quina formadora autom\u00e1tica de rollos de cart\u00f3n corrugado es la opci\u00f3n ideal para fabricantes que buscan un rendimiento confiable, f\u00e1cil operaci\u00f3n y una calidad superior en sus l\u00e1minas para techos.<\/p>\n<h5><strong>Dibujos de perfil de producto<\/strong><\/h5>\n<p><img loading=\"lazy\" decoding=\"async\" class=\"alignnone wp-image-2375\" src=\"https:\/\/henerrfm.com\/wp-content\/uploads\/2025\/10\/profile-drawings.jpg--300x110.jpg\" alt=\"\" width=\"1350\" height=\"495\" srcset=\"https:\/\/www.henerrfm.com\/wp-content\/uploads\/2025\/10\/profile-drawings.jpg--300x110.jpg 300w, https:\/\/www.henerrfm.com\/wp-content\/uploads\/2025\/10\/profile-drawings.jpg--768x283.jpg 768w, https:\/\/www.henerrfm.com\/wp-content\/uploads\/2025\/10\/profile-drawings.jpg--600x221.jpg 600w\" sizes=\"auto, (max-width: 1350px) 100vw, 1350px\" \/><\/p>\n<h5><strong>Par\u00e1metros t\u00e9cnicos<\/strong><\/h5>\n<table>\n<tbody>\n<tr>\n<td>1.1<\/td>\n<td>Ancho de alimentaci\u00f3n<a href=\"https:\/\/www.henerrfm.com\/es\/\">\u00a0<\/a><\/td>\n<td>\u22641250 mm<\/td>\n<\/tr>\n<tr>\n<td>1.2<\/td>\n<td>Longitud de la hoja<\/td>\n<td>5000 mm<\/td>\n<\/tr>\n<tr>\n<td>1.3<\/td>\n<td>Material de la bobina<\/td>\n<td>Chapa galvanizada<\/td>\n<\/tr>\n<tr>\n<td>1.4<\/td>\n<td>Espesor del material<\/td>\n<td>0,13 mm \u2013 0,50 mm<\/td>\n<\/tr>\n<tr>\n<td>2.1<\/td>\n<td>Estaci\u00f3n de rodillos<\/td>\n<td>2 juegos (4 piezas)<\/td>\n<\/tr>\n<tr>\n<td>2.2<\/td>\n<td>Di\u00e1metro y material del rodillo<\/td>\n<td>450 mm, acero 45#<\/td>\n<\/tr>\n<tr>\n<td>2.3<\/td>\n<td>Velocidad<\/td>\n<td>2-3 segundos por pieza<\/td>\n<\/tr>\n<tr>\n<td>2.4<\/td>\n<td>Tama\u00f1o<\/td>\n<td>4000 mm \u00d7 1800 mm \u00d7 1400 mm<\/td>\n<\/tr>\n<tr>\n<td>2.5<\/td>\n<td>Peso<\/td>\n<td>12 T<\/td>\n<\/tr>\n<tr>\n<td>2.6<\/td>\n<td>Voltaje<\/td>\n<td>380 V, 50 Hz, trif\u00e1sico<\/td>\n<\/tr>\n<tr>\n<td>2.7<\/td>\n<td>Motor<\/td>\n<td>7,5 kW<\/td>\n<\/tr>\n<tr>\n<td>2.8<\/td>\n<td>Ancho de la plataforma de alimentaci\u00f3n<\/td>\n<td>1 metro<\/td>\n<\/tr>\n<tr>\n<td>2.9<\/td>\n<td>Altura de la cresta<\/td>\n<td>Ajustable en un rango limitado<\/td>\n<\/tr>\n<tr>\n<td>3.0<\/td>\n<td>Distancia de movimiento de la plataforma de alimentaci\u00f3n<\/td>\n<td>750-1200 mil\u00edmetros<\/td>\n<\/tr>\n<tr>\n<td>3.1<\/td>\n<td>Tipo de control<\/td>\n<td>Control el\u00e9ctrico con botones para avance\/retroceso y ajuste de velocidad.<\/td>\n<\/tr>\n<tr>\n<td>3.2<\/td>\n<td>Ajuste de la distancia entre rodillos<\/td>\n<td>Manual mediante volante, sincronizado en ambos lados<a href=\"https:\/\/en.wikipedia.org\/wiki\/Roll_forming\" target=\"_blank\" rel=\"noopener\">\u00a0<\/a><\/td>\n<\/tr>\n<\/tbody>\n<\/table>\n<h5><strong>Visualizaci\u00f3n de detalles del producto<\/strong><\/h5>\n<p><img loading=\"lazy\" decoding=\"async\" class=\"alignnone wp-image-2376\" src=\"https:\/\/henerrfm.com\/wp-content\/uploads\/2025\/10\/MG_6862.jpg1_-300x193.jpg\" alt=\"\" width=\"396\" height=\"255\" srcset=\"https:\/\/www.henerrfm.com\/wp-content\/uploads\/2025\/10\/MG_6862.jpg1_-300x193.jpg 300w, https:\/\/www.henerrfm.com\/wp-content\/uploads\/2025\/10\/MG_6862.jpg1_-600x386.jpg 600w, https:\/\/www.henerrfm.com\/wp-content\/uploads\/2025\/10\/MG_6862.jpg1_.jpg 700w\" sizes=\"auto, (max-width: 396px) 100vw, 396px\" \/> <img loading=\"lazy\" decoding=\"async\" class=\"alignnone wp-image-2377\" src=\"https:\/\/henerrfm.com\/wp-content\/uploads\/2025\/10\/MG_6869.jpg--300x193.jpg\" alt=\"\" width=\"397\" height=\"255\" srcset=\"https:\/\/www.henerrfm.com\/wp-content\/uploads\/2025\/10\/MG_6869.jpg--300x193.jpg 300w, https:\/\/www.henerrfm.com\/wp-content\/uploads\/2025\/10\/MG_6869.jpg--600x386.jpg 600w, https:\/\/www.henerrfm.com\/wp-content\/uploads\/2025\/10\/MG_6869.jpg-.jpg 700w\" sizes=\"auto, (max-width: 397px) 100vw, 397px\" \/> <img loading=\"lazy\" decoding=\"async\" class=\"alignnone wp-image-2378\" src=\"https:\/\/henerrfm.com\/wp-content\/uploads\/2025\/10\/MG_6869.jpg1_-300x193.jpg\" alt=\"\" width=\"399\" height=\"257\" srcset=\"https:\/\/www.henerrfm.com\/wp-content\/uploads\/2025\/10\/MG_6869.jpg1_-300x193.jpg 300w, https:\/\/www.henerrfm.com\/wp-content\/uploads\/2025\/10\/MG_6869.jpg1_-600x386.jpg 600w, https:\/\/www.henerrfm.com\/wp-content\/uploads\/2025\/10\/MG_6869.jpg1_.jpg 700w\" sizes=\"auto, (max-width: 399px) 100vw, 399px\" \/><\/p>\n<h5><strong>V\u00eddeo del producto<\/strong><\/h5>\n<p><iframe loading=\"lazy\" title=\"M\u00e1quina para fabricar l\u00e1minas onduladas para techos de barril\" width=\"1350\" height=\"759\" src=\"https:\/\/www.youtube.com\/embed\/cxSVUqOAi0U?feature=oembed\" frameborder=\"0\" allow=\"accelerometer; autoplay; clipboard-write; encrypted-media; gyroscope; picture-in-picture; web-share\" referrerpolicy=\"strict-origin-when-cross-origin\" allowfullscreen><\/iframe><\/p>\n<h5><strong>Solicitud<\/strong><\/h5>\n<p><img loading=\"lazy\" decoding=\"async\" class=\"alignnone wp-image-2379\" src=\"https:\/\/henerrfm.com\/wp-content\/uploads\/2025\/10\/application.jpg--300x110.jpg\" alt=\"\" width=\"1353\" height=\"496\" srcset=\"https:\/\/www.henerrfm.com\/wp-content\/uploads\/2025\/10\/application.jpg--300x110.jpg 300w, https:\/\/www.henerrfm.com\/wp-content\/uploads\/2025\/10\/application.jpg--768x283.jpg 768w, https:\/\/www.henerrfm.com\/wp-content\/uploads\/2025\/10\/application.jpg--600x221.jpg 600w\" sizes=\"auto, (max-width: 1353px) 100vw, 1353px\" \/><\/p>","protected":false},"excerpt":{"rendered":"<p>Product Overview The Automatic Barrel Corrugated Roll Forming Machine is a specialized metal sheet forming equipment designed to produce barrel-type corrugated roofing sheets. Unlike traditional roll forming machines, this model features two large precision rollers that shape the sheet into smooth, round wave patterns with exceptional consistency and strength. Before forming, the material passes through [&hellip;]<\/p>\n","protected":false},"featured_media":113,"comment_status":"open","ping_status":"closed","template":"","meta":{"_gspb_post_css":""},"product_brand":[],"product_cat":[121,120],"product_tag":[],"class_list":{"0":"post-112","1":"product","2":"type-product","3":"status-publish","4":"has-post-thumbnail","6":"product_cat-barrel-corrugated-roof-sheet-machine","7":"product_cat-roof-wall-panel-roll-forming-machine","9":"first","10":"instock","11":"shipping-taxable","12":"product-type-simple"},"_links":{"self":[{"href":"https:\/\/www.henerrfm.com\/es\/wp-json\/wp\/v2\/product\/112","targetHints":{"allow":["GET"]}}],"collection":[{"href":"https:\/\/www.henerrfm.com\/es\/wp-json\/wp\/v2\/product"}],"about":[{"href":"https:\/\/www.henerrfm.com\/es\/wp-json\/wp\/v2\/types\/product"}],"replies":[{"embeddable":true,"href":"https:\/\/www.henerrfm.com\/es\/wp-json\/wp\/v2\/comments?post=112"}],"wp:featuredmedia":[{"embeddable":true,"href":"https:\/\/www.henerrfm.com\/es\/wp-json\/wp\/v2\/media\/113"}],"wp:attachment":[{"href":"https:\/\/www.henerrfm.com\/es\/wp-json\/wp\/v2\/media?parent=112"}],"wp:term":[{"taxonomy":"product_brand","embeddable":true,"href":"https:\/\/www.henerrfm.com\/es\/wp-json\/wp\/v2\/product_brand?post=112"},{"taxonomy":"product_cat","embeddable":true,"href":"https:\/\/www.henerrfm.com\/es\/wp-json\/wp\/v2\/product_cat?post=112"},{"taxonomy":"product_tag","embeddable":true,"href":"https:\/\/www.henerrfm.com\/es\/wp-json\/wp\/v2\/product_tag?post=112"}],"curies":[{"name":"wp","href":"https:\/\/api.w.org\/{rel}","templated":true}]}}