{"id":117,"date":"2025-10-31T04:00:59","date_gmt":"2025-10-31T04:00:59","guid":{"rendered":"https:\/\/henerrfm.com\/?post_type=product&#038;p=117"},"modified":"2025-12-04T03:29:13","modified_gmt":"2025-12-04T03:29:13","slug":"high-speed-corrugated-metal-sheet-machine","status":"publish","type":"product","link":"https:\/\/www.henerrfm.com\/es\/product\/high-speed-corrugated-metal-sheet-machine\/","title":{"rendered":"M\u00e1quina de chapa ondulada de alta velocidad"},"content":{"rendered":"<h5>Descripci\u00f3n general del producto<\/h5>\n<p>La m\u00e1quina para fabricar l\u00e1minas de metal corrugado para techos de alta velocidad est\u00e1 dise\u00f1ada para una producci\u00f3n r\u00e1pida y precisa de l\u00e1minas de metal corrugado para techos que se utilizan en techos, revestimientos de paredes, cercas y mamparas.<\/p>\n<p>Aplicaciones:<br \/>\nAdecuado para edificios residenciales, f\u00e1bricas, almacenes e instalaciones p\u00fablicas como escuelas, hospitales y oficinas.<\/p>\n<p>Detalles de producci\u00f3n:<br \/>\nA partir de una bobina plana de 1200 mm de ancho, la m\u00e1quina forma la l\u00e1mina en un perfil corrugado. Tras el laminado, el ancho efectivo con solape de una sola onda es de 1000 mm, lo que facilita la instalaci\u00f3n y el c\u00e1lculo de cantidades.<\/p>\n<p>Ventajas:<br \/>\nEl dise\u00f1o ondulado reduce el contacto con el agua de lluvia, reduce el ruido y mejora el aislamiento. Con alta velocidad, precisi\u00f3n y rendimiento estable, esta m\u00e1quina es ideal para la producci\u00f3n de techos met\u00e1licos a gran escala.<\/p>\n<h5>Dibujos de perfil de producto de m\u00e1quina de chapa ondulada de alta velocidad<\/h5>\n<h5><img loading=\"lazy\" decoding=\"async\" class=\"alignnone wp-image-2758\" src=\"https:\/\/henerrfm.com\/wp-content\/uploads\/2025\/10\/\uff1fHigh-Speed-Corrugated-Metal-Sheet-Machine.jpgpm_-300x89.jpg\" alt=\"\" width=\"1311\" height=\"389\" srcset=\"https:\/\/www.henerrfm.com\/wp-content\/uploads\/2025\/10\/\uff1fHigh-Speed-Corrugated-Metal-Sheet-Machine.jpgpm_-300x89.jpg 300w, https:\/\/www.henerrfm.com\/wp-content\/uploads\/2025\/10\/\uff1fHigh-Speed-Corrugated-Metal-Sheet-Machine.jpgpm_-1024x305.jpg 1024w, https:\/\/www.henerrfm.com\/wp-content\/uploads\/2025\/10\/\uff1fHigh-Speed-Corrugated-Metal-Sheet-Machine.jpgpm_-768x229.jpg 768w, https:\/\/www.henerrfm.com\/wp-content\/uploads\/2025\/10\/\uff1fHigh-Speed-Corrugated-Metal-Sheet-Machine.jpgpm_-600x179.jpg 600w, https:\/\/www.henerrfm.com\/wp-content\/uploads\/2025\/10\/\uff1fHigh-Speed-Corrugated-Metal-Sheet-Machine.jpgpm_.jpg 1350w\" sizes=\"auto, (max-width: 1311px) 100vw, 1311px\" \/> <img loading=\"lazy\" decoding=\"async\" class=\"alignnone wp-image-2759\" src=\"https:\/\/henerrfm.com\/wp-content\/uploads\/2025\/10\/\uff1fHigh-Speed-Corrugated-Metal-Sheet-Machine.jpgpm1_-300x64.jpg\" alt=\"\" width=\"1280\" height=\"273\" srcset=\"https:\/\/www.henerrfm.com\/wp-content\/uploads\/2025\/10\/\uff1fHigh-Speed-Corrugated-Metal-Sheet-Machine.jpgpm1_-300x64.jpg 300w, https:\/\/www.henerrfm.com\/wp-content\/uploads\/2025\/10\/\uff1fHigh-Speed-Corrugated-Metal-Sheet-Machine.jpgpm1_-1024x218.jpg 1024w, https:\/\/www.henerrfm.com\/wp-content\/uploads\/2025\/10\/\uff1fHigh-Speed-Corrugated-Metal-Sheet-Machine.jpgpm1_-768x164.jpg 768w, https:\/\/www.henerrfm.com\/wp-content\/uploads\/2025\/10\/\uff1fHigh-Speed-Corrugated-Metal-Sheet-Machine.jpgpm1_-600x128.jpg 600w, https:\/\/www.henerrfm.com\/wp-content\/uploads\/2025\/10\/\uff1fHigh-Speed-Corrugated-Metal-Sheet-Machine.jpgpm1_.jpg 1350w\" sizes=\"auto, (max-width: 1280px) 100vw, 1280px\" \/><\/h5>\n<h5>Par\u00e1metros t\u00e9cnicos<\/h5>\n<table>\n<thead>\n<tr>\n<th><span style=\"font-weight: 400;\">Art\u00edculo<\/span><\/th>\n<th><span style=\"font-weight: 400;\">Detalles de la especificaci\u00f3n<\/span><\/th>\n<\/tr>\n<\/thead>\n<tbody>\n<tr>\n<td>Materia prima<\/td>\n<td><a href=\"https:\/\/en.wikipedia.org\/wiki\/PPGI\" target=\"_blank\" rel=\"noopener\">PPGI<\/a>, PPGL<\/td>\n<\/tr>\n<tr>\n<td>Espesor del material<\/td>\n<td>0,13-0,3 mil\u00edmetros<\/td>\n<\/tr>\n<tr>\n<td>Bastidor de la m\u00e1quina<\/td>\n<td>Estructura de viga H de 400 mm, con estructura de hierro fundido.<\/td>\n<\/tr>\n<tr>\n<td>Material de los rodillos<\/td>\n<td>Acero forjado 45# de alto grado, tratamiento cromado<\/td>\n<\/tr>\n<tr>\n<td>Estaciones de formaci\u00f3n<\/td>\n<td>Estaciones de rodillos: 21 filas<\/td>\n<\/tr>\n<tr>\n<td>Di\u00e1metro de los ejes<\/td>\n<td>\u03a680mm S\u00f3lido<\/td>\n<\/tr>\n<tr>\n<td>Material de los ejes<\/td>\n<td>45# de alto grado, con tratamiento t\u00e9rmico<\/td>\n<\/tr>\n<tr>\n<td>Velocidad de formaci\u00f3n<\/td>\n<td>50 m\/min<\/td>\n<\/tr>\n<tr>\n<td>Voltaje<\/td>\n<td>380 V\/50 Hz\/3 pines (seg\u00fan solicitud)<\/td>\n<\/tr>\n<tr>\n<td>V\u00eda de transmisi\u00f3n<\/td>\n<td>Por caja de cambios<\/td>\n<\/tr>\n<tr>\n<td>Motor principal<\/td>\n<td>15 kW<\/td>\n<\/tr>\n<tr>\n<td>Material de la cuchilla de corte<\/td>\n<td>Tratamiento de extinci\u00f3n de Gcr12<\/td>\n<\/tr>\n<tr>\n<td>Tipo de corte<\/td>\n<td>Corte de seguimiento hidr\u00e1ulico<\/td>\n<\/tr>\n<tr>\n<td>M\u00e9todo de conducci\u00f3n<\/td>\n<td>Por tipo de pilar Cilindro<\/td>\n<\/tr>\n<\/tbody>\n<\/table>\n<h5>Diagrama de flujo<\/h5>\n<p><a href=\"https:\/\/www.henerrfm.com\/es\/producto\/high-speed-corrugated-metal-sheet-machine\/\">\u00a0<\/a><\/p>\n<p><img loading=\"lazy\" decoding=\"async\" class=\"alignnone wp-image-2757\" src=\"https:\/\/henerrfm.com\/wp-content\/uploads\/2025\/10\/\uff1fHigh-Speed-Corrugated-Metal-Sheet-Machine.jpglc_-300x66.jpg\" alt=\"\" width=\"1350\" height=\"297\" srcset=\"https:\/\/www.henerrfm.com\/wp-content\/uploads\/2025\/10\/\uff1fHigh-Speed-Corrugated-Metal-Sheet-Machine.jpglc_-300x66.jpg 300w, https:\/\/www.henerrfm.com\/wp-content\/uploads\/2025\/10\/\uff1fHigh-Speed-Corrugated-Metal-Sheet-Machine.jpglc_-1024x225.jpg 1024w, https:\/\/www.henerrfm.com\/wp-content\/uploads\/2025\/10\/\uff1fHigh-Speed-Corrugated-Metal-Sheet-Machine.jpglc_-768x168.jpg 768w, https:\/\/www.henerrfm.com\/wp-content\/uploads\/2025\/10\/\uff1fHigh-Speed-Corrugated-Metal-Sheet-Machine.jpglc_-600x132.jpg 600w, https:\/\/www.henerrfm.com\/wp-content\/uploads\/2025\/10\/\uff1fHigh-Speed-Corrugated-Metal-Sheet-Machine.jpglc_.jpg 1350w\" sizes=\"auto, (max-width: 1350px) 100vw, 1350px\" \/><\/p>\n<h5>Visualizaci\u00f3n de detalles del producto<\/h5>\n<p><img loading=\"lazy\" decoding=\"async\" class=\"alignnone wp-image-2760\" src=\"https:\/\/henerrfm.com\/wp-content\/uploads\/2025\/10\/\uff1fHigh-Speed-Corrugated-Metal-Sheet-Machine.jpgxj_-300x125.jpg\" alt=\"\" width=\"1351\" height=\"563\" srcset=\"https:\/\/www.henerrfm.com\/wp-content\/uploads\/2025\/10\/\uff1fHigh-Speed-Corrugated-Metal-Sheet-Machine.jpgxj_-300x125.jpg 300w, https:\/\/www.henerrfm.com\/wp-content\/uploads\/2025\/10\/\uff1fHigh-Speed-Corrugated-Metal-Sheet-Machine.jpgxj_-1024x426.jpg 1024w, https:\/\/www.henerrfm.com\/wp-content\/uploads\/2025\/10\/\uff1fHigh-Speed-Corrugated-Metal-Sheet-Machine.jpgxj_-768x320.jpg 768w, https:\/\/www.henerrfm.com\/wp-content\/uploads\/2025\/10\/\uff1fHigh-Speed-Corrugated-Metal-Sheet-Machine.jpgxj_-600x250.jpg 600w, https:\/\/www.henerrfm.com\/wp-content\/uploads\/2025\/10\/\uff1fHigh-Speed-Corrugated-Metal-Sheet-Machine.jpgxj_.jpg 1350w\" sizes=\"auto, (max-width: 1351px) 100vw, 1351px\" \/><\/p>\n<h5><strong>V\u00eddeo del producto<\/strong><\/h5>\n<p><iframe loading=\"lazy\" title=\"M\u00e1quina de l\u00e1minas onduladas para techos de alta velocidad\" width=\"1350\" height=\"759\" src=\"https:\/\/www.youtube.com\/embed\/6r93vmJGERQ?feature=oembed\" frameborder=\"0\" allow=\"accelerometer; autoplay; clipboard-write; encrypted-media; gyroscope; picture-in-picture; web-share\" referrerpolicy=\"strict-origin-when-cross-origin\" allowfullscreen><\/iframe><\/p>\n<h5>Solicitud<\/h5>\n<p>Las l\u00e1minas onduladas producidas por esta m\u00e1quina se utilizan en una amplia gama de proyectos de construcci\u00f3n:<\/p>\n<p>\u2460Techos residenciales<\/p>\n<p>\u2461F\u00e1bricas y talleres industriales<\/p>\n<p>\u2462Almacenes y centros log\u00edsticos<\/p>\n<p>\u2463Escuelas, hospitales, instalaciones p\u00fablicas<\/p>\n<p>5. Vallado perimetral y malla protectora<\/p>\n<p>\u2465Edificios agr\u00edcolas y unidades de almacenamiento<\/p>\n<p>Los techos corrugados ofrecen una fuerte resistencia a la intemperie, buen drenaje y f\u00e1cil instalaci\u00f3n, lo que los hace ideales tanto para la construcci\u00f3n urbana como rural.<\/p>\n<p><img loading=\"lazy\" decoding=\"async\" class=\"alignnone wp-image-2761\" src=\"https:\/\/henerrfm.com\/wp-content\/uploads\/2025\/10\/\uff1fHigh-Speed-Corrugated-Metal-Sheet-Machine.jpgyy_-300x125.jpg\" alt=\"\" width=\"1332\" height=\"555\" srcset=\"https:\/\/www.henerrfm.com\/wp-content\/uploads\/2025\/10\/\uff1fHigh-Speed-Corrugated-Metal-Sheet-Machine.jpgyy_-300x125.jpg 300w, https:\/\/www.henerrfm.com\/wp-content\/uploads\/2025\/10\/\uff1fHigh-Speed-Corrugated-Metal-Sheet-Machine.jpgyy_-1024x426.jpg 1024w, https:\/\/www.henerrfm.com\/wp-content\/uploads\/2025\/10\/\uff1fHigh-Speed-Corrugated-Metal-Sheet-Machine.jpgyy_-768x320.jpg 768w, https:\/\/www.henerrfm.com\/wp-content\/uploads\/2025\/10\/\uff1fHigh-Speed-Corrugated-Metal-Sheet-Machine.jpgyy_-600x250.jpg 600w, https:\/\/www.henerrfm.com\/wp-content\/uploads\/2025\/10\/\uff1fHigh-Speed-Corrugated-Metal-Sheet-Machine.jpgyy_.jpg 1350w\" sizes=\"auto, (max-width: 1332px) 100vw, 1332px\" \/><\/p>\n<p>&nbsp;<\/p>","protected":false},"excerpt":{"rendered":"<p>Product Overview The High Speed Corrugated Metal Roof Sheet Machine is designed for fast and precise production of corrugated roofing sheets used in roofing, wall cladding, fencing, and screening. Applications: Suitable for residential buildings, factories, warehouses, and public facilities such as schools, hospitals, and offices. Production Details: Starting from a 1200mm wide flat coil, the [&hellip;]<\/p>\n","protected":false},"featured_media":2753,"comment_status":"open","ping_status":"closed","template":"","meta":{"_gspb_post_css":""},"product_brand":[],"product_cat":[122,120],"product_tag":[],"class_list":{"0":"post-117","1":"product","2":"type-product","3":"status-publish","4":"has-post-thumbnail","6":"product_cat-corrugated-roof-sheet-roll-forming-machine","7":"product_cat-roof-wall-panel-roll-forming-machine","9":"first","10":"instock","11":"shipping-taxable","12":"product-type-simple"},"_links":{"self":[{"href":"https:\/\/www.henerrfm.com\/es\/wp-json\/wp\/v2\/product\/117","targetHints":{"allow":["GET"]}}],"collection":[{"href":"https:\/\/www.henerrfm.com\/es\/wp-json\/wp\/v2\/product"}],"about":[{"href":"https:\/\/www.henerrfm.com\/es\/wp-json\/wp\/v2\/types\/product"}],"replies":[{"embeddable":true,"href":"https:\/\/www.henerrfm.com\/es\/wp-json\/wp\/v2\/comments?post=117"}],"wp:featuredmedia":[{"embeddable":true,"href":"https:\/\/www.henerrfm.com\/es\/wp-json\/wp\/v2\/media\/2753"}],"wp:attachment":[{"href":"https:\/\/www.henerrfm.com\/es\/wp-json\/wp\/v2\/media?parent=117"}],"wp:term":[{"taxonomy":"product_brand","embeddable":true,"href":"https:\/\/www.henerrfm.com\/es\/wp-json\/wp\/v2\/product_brand?post=117"},{"taxonomy":"product_cat","embeddable":true,"href":"https:\/\/www.henerrfm.com\/es\/wp-json\/wp\/v2\/product_cat?post=117"},{"taxonomy":"product_tag","embeddable":true,"href":"https:\/\/www.henerrfm.com\/es\/wp-json\/wp\/v2\/product_tag?post=117"}],"curies":[{"name":"wp","href":"https:\/\/api.w.org\/{rel}","templated":true}]}}