{"id":142,"date":"2025-10-31T06:01:51","date_gmt":"2025-10-31T06:01:51","guid":{"rendered":"https:\/\/henerrfm.com\/?post_type=product&#038;p=142"},"modified":"2025-12-04T03:30:42","modified_gmt":"2025-12-04T03:30:42","slug":"ibr-roof-sheet-roll-forming-machine","status":"publish","type":"product","link":"https:\/\/www.henerrfm.com\/es\/product\/ibr-roof-sheet-roll-forming-machine\/","title":{"rendered":"M\u00e1quina formadora de l\u00e1minas para techos IBR"},"content":{"rendered":"<h5>Descripci\u00f3n general del producto<\/h5>\n<p>La perfiladora de l\u00e1minas para techos IBR es un sistema de ingenier\u00eda de precisi\u00f3n dise\u00f1ado para la producci\u00f3n eficiente de l\u00e1minas trapezoidales para techos con una calidad superficial y precisi\u00f3n dimensional superiores. Es ideal para instalaciones industriales, almacenes, complejos comerciales y aplicaciones de techado residencial.<\/p>\n<p>Esta m\u00e1quina procesa bobinas de PPGI, acero galvanizado (GI), galvalume (GL) y aluminio con espesores de entre 0,3 mm y 0,8 mm. Cada l\u00e1mina producida ofrece un acabado liso, una forma uniforme y una resistencia duradera, ideal para cualquier clima.<\/p>\n<p>Equipada con un sistema de control PLC avanzado, tecnolog\u00eda de corte hidr\u00e1ulico y hasta 26 estaciones de rodillos de precisi\u00f3n, la m\u00e1quina para fabricar l\u00e1minas de techo IBR garantiza un funcionamiento estable, una precisi\u00f3n de formaci\u00f3n constante y una alta velocidad de salida de 15 a 20 metros por minuto.<\/p>\n<p>Ofreciendo un equilibrio perfecto entre eficiencia, precisi\u00f3n y durabilidad, esta m\u00e1quina es una excelente soluci\u00f3n para los fabricantes que buscan producir paneles de techo de metal de alta calidad a gran escala.<\/p>\n<h5>Dibujos de perfil de producto<\/h5>\n<p><img loading=\"lazy\" decoding=\"async\" class=\"alignnone wp-image-2750\" src=\"https:\/\/henerrfm.com\/wp-content\/uploads\/2025\/10\/IBR-roof-sheet-roll-forming-machinepm-300x84.jpg\" alt=\"\" width=\"1332\" height=\"373\" srcset=\"https:\/\/www.henerrfm.com\/wp-content\/uploads\/2025\/10\/IBR-roof-sheet-roll-forming-machinepm-300x84.jpg 300w, https:\/\/www.henerrfm.com\/wp-content\/uploads\/2025\/10\/IBR-roof-sheet-roll-forming-machinepm-1024x287.jpg 1024w, https:\/\/www.henerrfm.com\/wp-content\/uploads\/2025\/10\/IBR-roof-sheet-roll-forming-machinepm-768x215.jpg 768w, https:\/\/www.henerrfm.com\/wp-content\/uploads\/2025\/10\/IBR-roof-sheet-roll-forming-machinepm-600x168.jpg 600w, https:\/\/www.henerrfm.com\/wp-content\/uploads\/2025\/10\/IBR-roof-sheet-roll-forming-machinepm.jpg 1350w\" sizes=\"auto, (max-width: 1332px) 100vw, 1332px\" \/><\/p>\n<h5>Par\u00e1metros t\u00e9cnicos de la m\u00e1quina perfiladora de l\u00e1minas para techos IBR<\/h5>\n<table>\n<thead>\n<tr>\n<th><span style=\"font-weight: 400;\">Art\u00edculo<\/span><\/th>\n<th><span style=\"font-weight: 400;\">Detalles de la especificaci\u00f3n<\/span><\/th>\n<\/tr>\n<\/thead>\n<tbody>\n<tr>\n<td>Materiales aplicables<\/td>\n<td><a href=\"https:\/\/en.wikipedia.org\/wiki\/PPGI\" target=\"_blank\" rel=\"noopener\">PPGI<\/a>, GI, Aluminio, GL<\/td>\n<\/tr>\n<tr>\n<td>Espesor<\/td>\n<td>0,3\u20130,8 mm<\/td>\n<\/tr>\n<tr>\n<td>Ancho de la bobina<\/td>\n<td>1000\/1250 mm (personalizado por perfil)<\/td>\n<\/tr>\n<tr>\n<td>Desenrollador<\/td>\n<td>Desbobinador autom\u00e1tico hidr\u00e1ulico (tipo manual disponible como opci\u00f3n gratuita)<\/td>\n<\/tr>\n<tr>\n<td>Unidad de conformado \u2013 Estaciones de rodillos<\/td>\n<td>26 filas (ajustables seg\u00fan requerimiento)<\/td>\n<\/tr>\n<tr>\n<td>Unidad de conformado \u2013 Eje<\/td>\n<td>Acero macizo 45# de 80 mm, tratado t\u00e9rmicamente<\/td>\n<\/tr>\n<tr>\n<td>Unidad de conformado \u2013 Rodillos<\/td>\n<td>Acero 45#, procesado por CNC, cromado duro (HRC 55\u201360)<\/td>\n<\/tr>\n<tr>\n<td>Unidad de conformado \u2013 Marco<\/td>\n<td>350# Viga de acero en H<\/td>\n<\/tr>\n<tr>\n<td>Unidad de formaci\u00f3n \u2013 Transmisi\u00f3n<\/td>\n<td>Transmisi\u00f3n por cadena<\/td>\n<\/tr>\n<tr>\n<td>Unidad de conformado \u2013 Dimensi\u00f3n<\/td>\n<td>10500 \u00d7 1600 \u00d7 1600 mm (personalizado)<\/td>\n<\/tr>\n<tr>\n<td>Unidad de formaci\u00f3n \u2013 Peso<\/td>\n<td>Aprox. 11,5T<\/td>\n<\/tr>\n<tr>\n<td>Sistema de corte \u2013 Tipo<\/td>\n<td>Corte hidr\u00e1ulico, tipo post-corte<\/td>\n<\/tr>\n<tr>\n<td>Sistema de corte \u2013 Material de la cuchilla<\/td>\n<td>Cr12Mov, anti-rayado, anti-deformaci\u00f3n<\/td>\n<\/tr>\n<tr>\n<td>Potencia y control \u2013 Potencia del motor<\/td>\n<td>5,5 kW<\/td>\n<\/tr>\n<tr>\n<td>Potencia y control \u2013 Sistema hidr\u00e1ulico<\/td>\n<td>5,5 kW<\/td>\n<\/tr>\n<tr>\n<td>Potencia y control \u2013 Voltaje<\/td>\n<td>380 V, 50 Hz, trif\u00e1sico (personalizaci\u00f3n opcional)<\/td>\n<\/tr>\n<tr>\n<td>Potencia y control: PLC y armario de control<\/td>\n<td>Marca famosa, interfaz multiling\u00fce.<\/td>\n<\/tr>\n<tr>\n<td>Potencia y control: pantalla t\u00e1ctil<\/td>\n<td>F\u00e1cil de usar, admite configuraci\u00f3n de lotes, longitud y control de cantidad.<\/td>\n<\/tr>\n<tr>\n<td>Velocidad de producci\u00f3n<\/td>\n<td>15\u201320 m\/min (dependiendo del espesor de la chapa y del perfil)<\/td>\n<\/tr>\n<\/tbody>\n<\/table>\n<h5>Diagrama de flujo<\/h5>\n<p><img loading=\"lazy\" decoding=\"async\" class=\"alignnone wp-image-2749\" src=\"https:\/\/henerrfm.com\/wp-content\/uploads\/2025\/10\/IBR-roof-sheet-roll-forming-machinelc-300x66.jpg\" alt=\"\" width=\"1323\" height=\"291\" srcset=\"https:\/\/www.henerrfm.com\/wp-content\/uploads\/2025\/10\/IBR-roof-sheet-roll-forming-machinelc-300x66.jpg 300w, https:\/\/www.henerrfm.com\/wp-content\/uploads\/2025\/10\/IBR-roof-sheet-roll-forming-machinelc-1024x225.jpg 1024w, https:\/\/www.henerrfm.com\/wp-content\/uploads\/2025\/10\/IBR-roof-sheet-roll-forming-machinelc-768x168.jpg 768w, https:\/\/www.henerrfm.com\/wp-content\/uploads\/2025\/10\/IBR-roof-sheet-roll-forming-machinelc-600x132.jpg 600w, https:\/\/www.henerrfm.com\/wp-content\/uploads\/2025\/10\/IBR-roof-sheet-roll-forming-machinelc.jpg 1350w\" sizes=\"auto, (max-width: 1323px) 100vw, 1323px\" \/><\/p>\n<h5>V\u00eddeo del producto<\/h5>\n<p><iframe loading=\"lazy\" title=\"M\u00e1quina para fabricar l\u00e1minas de techo IBR para el mercado africano\" width=\"1350\" height=\"759\" src=\"https:\/\/www.youtube.com\/embed\/IZXW-TV3kfQ?feature=oembed\" frameborder=\"0\" allow=\"accelerometer; autoplay; clipboard-write; encrypted-media; gyroscope; picture-in-picture; web-share\" referrerpolicy=\"strict-origin-when-cross-origin\" allowfullscreen><\/iframe><\/p>\n<h5>Solicitud<\/h5>\n<p><img loading=\"lazy\" decoding=\"async\" class=\"alignnone wp-image-2745\" src=\"https:\/\/henerrfm.com\/wp-content\/uploads\/2025\/10\/IBR-roof-sheet-roll-forming-machine.jpgyy_-300x102.jpg\" alt=\"\" width=\"1318\" height=\"448\" srcset=\"https:\/\/www.henerrfm.com\/wp-content\/uploads\/2025\/10\/IBR-roof-sheet-roll-forming-machine.jpgyy_-300x102.jpg 300w, https:\/\/www.henerrfm.com\/wp-content\/uploads\/2025\/10\/IBR-roof-sheet-roll-forming-machine.jpgyy_-1024x347.jpg 1024w, https:\/\/www.henerrfm.com\/wp-content\/uploads\/2025\/10\/IBR-roof-sheet-roll-forming-machine.jpgyy_-768x261.jpg 768w, https:\/\/www.henerrfm.com\/wp-content\/uploads\/2025\/10\/IBR-roof-sheet-roll-forming-machine.jpgyy_-600x204.jpg 600w, https:\/\/www.henerrfm.com\/wp-content\/uploads\/2025\/10\/IBR-roof-sheet-roll-forming-machine.jpgyy_.jpg 1350w\" sizes=\"auto, (max-width: 1318px) 100vw, 1318px\" \/><\/p>\n<h5>Producto terminado<\/h5>\n<p><img loading=\"lazy\" decoding=\"async\" class=\"alignnone wp-image-2744\" src=\"https:\/\/henerrfm.com\/wp-content\/uploads\/2025\/10\/IBR-roof-sheet-roll-forming-machine.jpgcp_-300x115.jpg\" alt=\"\" width=\"1315\" height=\"504\" srcset=\"https:\/\/www.henerrfm.com\/wp-content\/uploads\/2025\/10\/IBR-roof-sheet-roll-forming-machine.jpgcp_-300x115.jpg 300w, https:\/\/www.henerrfm.com\/wp-content\/uploads\/2025\/10\/IBR-roof-sheet-roll-forming-machine.jpgcp_-1024x393.jpg 1024w, https:\/\/www.henerrfm.com\/wp-content\/uploads\/2025\/10\/IBR-roof-sheet-roll-forming-machine.jpgcp_-768x295.jpg 768w, https:\/\/www.henerrfm.com\/wp-content\/uploads\/2025\/10\/IBR-roof-sheet-roll-forming-machine.jpgcp_-600x230.jpg 600w, https:\/\/www.henerrfm.com\/wp-content\/uploads\/2025\/10\/IBR-roof-sheet-roll-forming-machine.jpgcp_.jpg 1350w\" sizes=\"auto, (max-width: 1315px) 100vw, 1315px\" \/><\/p>","protected":false},"excerpt":{"rendered":"<p>Product Overview The IBR Roof Sheet Roll Forming Machine is a precision-engineered system designed for the efficient production of trapezoidal roofing sheets with superior surface quality and dimensional accuracy. It is ideal for industrial facilities, warehouses, commercial complexes, and residential roofing applications. This machine processes PPGI, galvanized steel (GI), galvalume (GL), and aluminum coils with [&hellip;]<\/p>\n","protected":false},"featured_media":143,"comment_status":"open","ping_status":"closed","template":"","meta":{"_gspb_post_css":""},"product_brand":[],"product_cat":[120,123],"product_tag":[],"class_list":{"0":"post-142","1":"product","2":"type-product","3":"status-publish","4":"has-post-thumbnail","6":"product_cat-roof-wall-panel-roll-forming-machine","7":"product_cat-trapezoidal-roof-panel-roll-forming-machine","9":"first","10":"instock","11":"shipping-taxable","12":"product-type-simple"},"_links":{"self":[{"href":"https:\/\/www.henerrfm.com\/es\/wp-json\/wp\/v2\/product\/142","targetHints":{"allow":["GET"]}}],"collection":[{"href":"https:\/\/www.henerrfm.com\/es\/wp-json\/wp\/v2\/product"}],"about":[{"href":"https:\/\/www.henerrfm.com\/es\/wp-json\/wp\/v2\/types\/product"}],"replies":[{"embeddable":true,"href":"https:\/\/www.henerrfm.com\/es\/wp-json\/wp\/v2\/comments?post=142"}],"wp:featuredmedia":[{"embeddable":true,"href":"https:\/\/www.henerrfm.com\/es\/wp-json\/wp\/v2\/media\/143"}],"wp:attachment":[{"href":"https:\/\/www.henerrfm.com\/es\/wp-json\/wp\/v2\/media?parent=142"}],"wp:term":[{"taxonomy":"product_brand","embeddable":true,"href":"https:\/\/www.henerrfm.com\/es\/wp-json\/wp\/v2\/product_brand?post=142"},{"taxonomy":"product_cat","embeddable":true,"href":"https:\/\/www.henerrfm.com\/es\/wp-json\/wp\/v2\/product_cat?post=142"},{"taxonomy":"product_tag","embeddable":true,"href":"https:\/\/www.henerrfm.com\/es\/wp-json\/wp\/v2\/product_tag?post=142"}],"curies":[{"name":"wp","href":"https:\/\/api.w.org\/{rel}","templated":true}]}}