{"id":184,"date":"2025-10-31T08:33:31","date_gmt":"2025-10-31T08:33:31","guid":{"rendered":"https:\/\/henerrfm.com\/?post_type=product&#038;p=184"},"modified":"2025-12-04T03:32:42","modified_gmt":"2025-12-04T03:32:42","slug":"ag-panel-roll-forming-machine","status":"publish","type":"product","link":"https:\/\/www.henerrfm.com\/es\/product\/ag-panel-roll-forming-machine\/","title":{"rendered":"M\u00e1quina formadora de paneles AG"},"content":{"rendered":"<h5 style=\"text-align: left;\">Descripci\u00f3n general del producto<\/h5>\n<p style=\"text-align: left;\">La m\u00e1quina perfiladora de paneles AG es una m\u00e1quina utilizada en el proceso de fabricaci\u00f3n de paneles met\u00e1licos para techos. Se utiliza com\u00fanmente en entornos agr\u00edcolas e industriales. Nuestra serie de m\u00e1quinas perfiladoras de paneles AG se utiliza para fabricar paneles AG de alta calidad. Como fabricante profesional de m\u00e1quinas perfiladoras de paneles de techo y pared.<\/p>\n<h5 style=\"text-align: left;\">Dibujos de perfil de producto<\/h5>\n<p style=\"text-align: left;\"><img loading=\"lazy\" decoding=\"async\" class=\"alignnone wp-image-2371\" src=\"https:\/\/henerrfm.com\/wp-content\/uploads\/2025\/10\/ag-profile-drawing1-300x110.jpg\" alt=\"\" width=\"1336\" height=\"490\" srcset=\"https:\/\/www.henerrfm.com\/wp-content\/uploads\/2025\/10\/ag-profile-drawing1-300x110.jpg 300w, https:\/\/www.henerrfm.com\/wp-content\/uploads\/2025\/10\/ag-profile-drawing1-1024x377.jpg 1024w, https:\/\/www.henerrfm.com\/wp-content\/uploads\/2025\/10\/ag-profile-drawing1-768x283.jpg 768w, https:\/\/www.henerrfm.com\/wp-content\/uploads\/2025\/10\/ag-profile-drawing1-600x221.jpg 600w\" sizes=\"auto, (max-width: 1336px) 100vw, 1336px\" \/><\/p>\n<h5 style=\"text-align: left;\">Par\u00e1metros t\u00e9cnicos<\/h5>\n<p style=\"text-align: left;\">A continuaci\u00f3n se muestran las especificaciones principales para la m\u00e1quina perfiladora de paneles AG:<\/p>\n<table class=\"alignleft\">\n<thead>\n<tr>\n<th>Art\u00edculo<\/th>\n<th>Detalles de la especificaci\u00f3n<\/th>\n<\/tr>\n<\/thead>\n<tbody>\n<tr>\n<td>Equipo aplicable<\/td>\n<td>Extensor de rollo de paneles AG<\/td>\n<\/tr>\n<tr>\n<td>Materia prima adecuada<\/td>\n<td>Acero recubierto de color, Acero galvanizado, Chapa de aluminio, <a href=\"https:\/\/en.wikipedia.org\/wiki\/Stainless_steel\" target=\"_blank\" rel=\"noopener\">Acero inoxidable<\/a><\/td>\n<\/tr>\n<tr>\n<td>Espesor<\/td>\n<td>0,3-0,7 mm<\/td>\n<\/tr>\n<tr>\n<td>Rendimiento (opcional)<\/td>\n<td>230-300 MPa, 350 MPa, 550-675 MPa<\/td>\n<\/tr>\n<tr>\n<td>Ancho<\/td>\n<td>1038 mm, 1055 mm, 1092 mm<\/td>\n<\/tr>\n<\/tbody>\n<\/table>\n<h5 style=\"text-align: left;\">Diagrama de flujo de producci\u00f3n<img loading=\"lazy\" decoding=\"async\" class=\"alignnone wp-image-2368\" src=\"https:\/\/henerrfm.com\/wp-content\/uploads\/2025\/10\/ag-profile-drawing-300x68.jpg\" alt=\"\" width=\"1353\" height=\"307\" srcset=\"https:\/\/www.henerrfm.com\/wp-content\/uploads\/2025\/10\/ag-profile-drawing-300x68.jpg 300w, https:\/\/www.henerrfm.com\/wp-content\/uploads\/2025\/10\/ag-profile-drawing-1024x231.jpg 1024w, https:\/\/www.henerrfm.com\/wp-content\/uploads\/2025\/10\/ag-profile-drawing-768x174.jpg 768w, https:\/\/www.henerrfm.com\/wp-content\/uploads\/2025\/10\/ag-profile-drawing-600x136.jpg 600w, https:\/\/www.henerrfm.com\/wp-content\/uploads\/2025\/10\/ag-profile-drawing.jpg 1350w\" sizes=\"auto, (max-width: 1353px) 100vw, 1353px\" \/><\/h5>\n<h5 style=\"text-align: left;\"><strong>Visualizaci\u00f3n de detalles del producto<\/strong><\/h5>\n<p style=\"text-align: left;\">Nuestro equipo est\u00e1 construido con componentes de alta precisi\u00f3n para garantizar un rendimiento a largo plazo<\/p>\n<p style=\"text-align: left;\"><img loading=\"lazy\" decoding=\"async\" class=\"alignnone wp-image-2369\" src=\"https:\/\/henerrfm.com\/wp-content\/uploads\/2025\/10\/ag-profile-drawing.jpg--300x193.jpg\" alt=\"\" width=\"637\" height=\"410\" srcset=\"https:\/\/www.henerrfm.com\/wp-content\/uploads\/2025\/10\/ag-profile-drawing.jpg--300x193.jpg 300w, https:\/\/www.henerrfm.com\/wp-content\/uploads\/2025\/10\/ag-profile-drawing.jpg--600x386.jpg 600w, https:\/\/www.henerrfm.com\/wp-content\/uploads\/2025\/10\/ag-profile-drawing.jpg-.jpg 700w\" sizes=\"auto, (max-width: 637px) 100vw, 637px\" \/> <img loading=\"lazy\" decoding=\"async\" class=\"alignnone wp-image-2370\" src=\"https:\/\/henerrfm.com\/wp-content\/uploads\/2025\/10\/ag-profile-drawing.jpg1_-300x193.jpg\" alt=\"\" width=\"636\" height=\"409\" srcset=\"https:\/\/www.henerrfm.com\/wp-content\/uploads\/2025\/10\/ag-profile-drawing.jpg1_-300x193.jpg 300w, https:\/\/www.henerrfm.com\/wp-content\/uploads\/2025\/10\/ag-profile-drawing.jpg1_-600x386.jpg 600w, https:\/\/www.henerrfm.com\/wp-content\/uploads\/2025\/10\/ag-profile-drawing.jpg1_.jpg 700w\" sizes=\"auto, (max-width: 636px) 100vw, 636px\" \/><\/p>\n<h5 style=\"text-align: left;\">V\u00eddeo del producto<\/h5>\n<p><iframe loading=\"lazy\" title=\"M\u00e1quina formadora de paneles AG\" width=\"1350\" height=\"759\" src=\"https:\/\/www.youtube.com\/embed\/8eFV3J4VNso?feature=oembed\" frameborder=\"0\" allow=\"accelerometer; autoplay; clipboard-write; encrypted-media; gyroscope; picture-in-picture; web-share\" referrerpolicy=\"strict-origin-when-cross-origin\" allowfullscreen><\/iframe><\/p>\n<h5 style=\"text-align: left;\">Solicitud<\/h5>\n<p style=\"text-align: left;\">Los paneles AG producidos por esta m\u00e1quina se utilizan ampliamente en:<\/p>\n<ul>\n<li style=\"text-align: left;\">Edificios agr\u00edcolas (graneros, cobertizos, instalaciones agr\u00edcolas)<\/li>\n<li style=\"text-align: left;\">Talleres industriales y almacenes<\/li>\n<li style=\"text-align: left;\">Sistemas de techado residencial<\/li>\n<li>Proyectos comerciales de techado y revestimiento<img loading=\"lazy\" decoding=\"async\" class=\"alignnone wp-image-2372 alignleft\" src=\"https:\/\/henerrfm.com\/wp-content\/uploads\/2025\/10\/application-300x110.jpg\" alt=\"\" width=\"1311\" height=\"481\" srcset=\"https:\/\/www.henerrfm.com\/wp-content\/uploads\/2025\/10\/application-300x110.jpg 300w, https:\/\/www.henerrfm.com\/wp-content\/uploads\/2025\/10\/application-1024x377.jpg 1024w, https:\/\/www.henerrfm.com\/wp-content\/uploads\/2025\/10\/application-768x283.jpg 768w, https:\/\/www.henerrfm.com\/wp-content\/uploads\/2025\/10\/application-600x221.jpg 600w\" sizes=\"auto, (max-width: 1311px) 100vw, 1311px\" \/><\/li>\n<\/ul>","protected":false},"excerpt":{"rendered":"<p>Product Overview AG Panel Roll Forming Machine is a machine used in the manufacturing process of metal roof panels. It is commonly used in agricultural and industrial settings.Our AG panel roll forming machine series is used to make high-quality AG panels.As a professional roof and wall panel roll forming machine manufacturer. Product Profile Drawings Technical [&hellip;]<\/p>\n","protected":false},"featured_media":185,"comment_status":"open","ping_status":"closed","template":"","meta":{"_gspb_post_css":""},"product_brand":[],"product_cat":[120,123],"product_tag":[],"class_list":{"0":"post-184","1":"product","2":"type-product","3":"status-publish","4":"has-post-thumbnail","6":"product_cat-roof-wall-panel-roll-forming-machine","7":"product_cat-trapezoidal-roof-panel-roll-forming-machine","9":"first","10":"instock","11":"shipping-taxable","12":"product-type-simple"},"_links":{"self":[{"href":"https:\/\/www.henerrfm.com\/es\/wp-json\/wp\/v2\/product\/184","targetHints":{"allow":["GET"]}}],"collection":[{"href":"https:\/\/www.henerrfm.com\/es\/wp-json\/wp\/v2\/product"}],"about":[{"href":"https:\/\/www.henerrfm.com\/es\/wp-json\/wp\/v2\/types\/product"}],"replies":[{"embeddable":true,"href":"https:\/\/www.henerrfm.com\/es\/wp-json\/wp\/v2\/comments?post=184"}],"wp:featuredmedia":[{"embeddable":true,"href":"https:\/\/www.henerrfm.com\/es\/wp-json\/wp\/v2\/media\/185"}],"wp:attachment":[{"href":"https:\/\/www.henerrfm.com\/es\/wp-json\/wp\/v2\/media?parent=184"}],"wp:term":[{"taxonomy":"product_brand","embeddable":true,"href":"https:\/\/www.henerrfm.com\/es\/wp-json\/wp\/v2\/product_brand?post=184"},{"taxonomy":"product_cat","embeddable":true,"href":"https:\/\/www.henerrfm.com\/es\/wp-json\/wp\/v2\/product_cat?post=184"},{"taxonomy":"product_tag","embeddable":true,"href":"https:\/\/www.henerrfm.com\/es\/wp-json\/wp\/v2\/product_tag?post=184"}],"curies":[{"name":"wp","href":"https:\/\/api.w.org\/{rel}","templated":true}]}}