{"id":186,"date":"2025-10-31T08:33:50","date_gmt":"2025-10-31T08:33:50","guid":{"rendered":"https:\/\/henerrfm.com\/?post_type=product&#038;p=186"},"modified":"2025-12-04T03:34:52","modified_gmt":"2025-12-04T03:34:52","slug":"r-panel-roll-forming-machine","status":"publish","type":"product","link":"https:\/\/www.henerrfm.com\/es\/product\/r-panel-roll-forming-machine\/","title":{"rendered":"M\u00e1quina formadora de paneles R"},"content":{"rendered":"<h5>Descripci\u00f3n general del producto<\/h5>\n<p>La m\u00e1quina perfiladora de paneles R est\u00e1 especialmente dise\u00f1ada para producir paneles R, una opci\u00f3n popular para revestimientos y techos met\u00e1licos en estructuras comerciales con estructura de acero.<\/p>\n<p>Con un estricto control de calidad durante todo el proceso de producci\u00f3n, HENER proporciona m\u00e1quinas perfiladoras de paneles R de alto rendimiento en varias especificaciones para cumplir con diferentes requisitos de fabricaci\u00f3n.<\/p>\n<p>Nuestras m\u00e1quinas garantizan dimensiones de paneles consistentes, superficies lisas y durabilidad confiable.<\/p>\n<h5>Dibujos de perfil de producto<\/h5>\n<p>Ofrecemos est\u00e1ndar y personalizable <strong>Perfiles de panel R<\/strong><\/p>\n<h5><img loading=\"lazy\" decoding=\"async\" class=\"alignnone wp-image-2741\" src=\"https:\/\/henerrfm.com\/wp-content\/uploads\/2025\/10\/R-panel-roll-forming-machinepm-300x50.jpg\" alt=\"\" width=\"1344\" height=\"224\" srcset=\"https:\/\/www.henerrfm.com\/wp-content\/uploads\/2025\/10\/R-panel-roll-forming-machinepm-300x50.jpg 300w, https:\/\/www.henerrfm.com\/wp-content\/uploads\/2025\/10\/R-panel-roll-forming-machinepm-1024x170.jpg 1024w, https:\/\/www.henerrfm.com\/wp-content\/uploads\/2025\/10\/R-panel-roll-forming-machinepm-768x127.jpg 768w, https:\/\/www.henerrfm.com\/wp-content\/uploads\/2025\/10\/R-panel-roll-forming-machinepm-600x100.jpg 600w, https:\/\/www.henerrfm.com\/wp-content\/uploads\/2025\/10\/R-panel-roll-forming-machinepm.jpg 1350w\" sizes=\"auto, (max-width: 1344px) 100vw, 1344px\" \/><\/h5>\n<h5>Par\u00e1metros t\u00e9cnicos<\/h5>\n<table>\n<thead>\n<tr>\n<th><span style=\"font-weight: 400;\">Art\u00edculo<\/span><\/th>\n<th><span style=\"font-weight: 400;\">Detalles de la especificaci\u00f3n<\/span><\/th>\n<\/tr>\n<\/thead>\n<tbody>\n<tr>\n<td>Tipo de material<\/td>\n<td>Acero recubierto de color, Acero galvanizado, Chapa de aluminio, <a href=\"https:\/\/en.wikipedia.org\/wiki\/Stainless_steel\" target=\"_blank\" rel=\"noopener\">Acero inoxidable<\/a><\/td>\n<\/tr>\n<tr>\n<td>Espesor<\/td>\n<td>0,3-0,7 mm<\/td>\n<\/tr>\n<tr>\n<td>Rendimiento (opcional)<\/td>\n<td>230-300 MPa, 350 MPa, 550-675 MPa<\/td>\n<\/tr>\n<tr>\n<td>Ancho<\/td>\n<td>1038 mm, 1055 mm, 1092 mm<\/td>\n<\/tr>\n<\/tbody>\n<\/table>\n<h5>Visualizaci\u00f3n de detalles del producto<\/h5>\n<h5><img loading=\"lazy\" decoding=\"async\" class=\"alignnone wp-image-2740\" src=\"https:\/\/henerrfm.com\/wp-content\/uploads\/2025\/10\/R-panel-roll-forming-machinecp-300x105.jpg\" alt=\"\" width=\"1351\" height=\"473\" srcset=\"https:\/\/www.henerrfm.com\/wp-content\/uploads\/2025\/10\/R-panel-roll-forming-machinecp-300x105.jpg 300w, https:\/\/www.henerrfm.com\/wp-content\/uploads\/2025\/10\/R-panel-roll-forming-machinecp-1024x360.jpg 1024w, https:\/\/www.henerrfm.com\/wp-content\/uploads\/2025\/10\/R-panel-roll-forming-machinecp-768x270.jpg 768w, https:\/\/www.henerrfm.com\/wp-content\/uploads\/2025\/10\/R-panel-roll-forming-machinecp-600x211.jpg 600w, https:\/\/www.henerrfm.com\/wp-content\/uploads\/2025\/10\/R-panel-roll-forming-machinecp.jpg 1350w\" sizes=\"auto, (max-width: 1351px) 100vw, 1351px\" \/><\/h5>\n<h5>V\u00eddeo del producto<\/h5>\n<p><iframe loading=\"lazy\" title=\"Perfiladora de paneles R\" width=\"1350\" height=\"759\" src=\"https:\/\/www.youtube.com\/embed\/oM9FFu5Owws?feature=oembed\" frameborder=\"0\" allow=\"accelerometer; autoplay; clipboard-write; encrypted-media; gyroscope; picture-in-picture; web-share\" referrerpolicy=\"strict-origin-when-cross-origin\" allowfullscreen><\/iframe><\/p>\n<h5>Solicitud<\/h5>\n<p>Los paneles producidos por la m\u00e1quina perfiladora de paneles R se utilizan ampliamente en:<\/p>\n<ul>\n<li>Edificios comerciales con estructura de acero<\/li>\n<li>Almac\u00e9n y centros log\u00edsticos<\/li>\n<li>Graneros agr\u00edcolas e instalaciones de almacenamiento<\/li>\n<li>Talleres industriales y f\u00e1bricas<\/li>\n<\/ul>","protected":false},"excerpt":{"rendered":"<p>Product Overview R Panel Roll Forming Machine is specially designed to produce R panels, a popular choice for metal siding and roofing in commercial steel-frame structures. With stringent quality control throughout the production process, HENER provides high-performance R panel roll forming machines in various specifications to meet different manufacturing requirements. Our machines ensure consistent panel [&hellip;]<\/p>\n","protected":false},"featured_media":187,"comment_status":"open","ping_status":"closed","template":"","meta":{"_gspb_post_css":""},"product_brand":[],"product_cat":[120,123],"product_tag":[],"class_list":{"0":"post-186","1":"product","2":"type-product","3":"status-publish","4":"has-post-thumbnail","6":"product_cat-roof-wall-panel-roll-forming-machine","7":"product_cat-trapezoidal-roof-panel-roll-forming-machine","9":"first","10":"instock","11":"shipping-taxable","12":"product-type-simple"},"_links":{"self":[{"href":"https:\/\/www.henerrfm.com\/es\/wp-json\/wp\/v2\/product\/186","targetHints":{"allow":["GET"]}}],"collection":[{"href":"https:\/\/www.henerrfm.com\/es\/wp-json\/wp\/v2\/product"}],"about":[{"href":"https:\/\/www.henerrfm.com\/es\/wp-json\/wp\/v2\/types\/product"}],"replies":[{"embeddable":true,"href":"https:\/\/www.henerrfm.com\/es\/wp-json\/wp\/v2\/comments?post=186"}],"wp:featuredmedia":[{"embeddable":true,"href":"https:\/\/www.henerrfm.com\/es\/wp-json\/wp\/v2\/media\/187"}],"wp:attachment":[{"href":"https:\/\/www.henerrfm.com\/es\/wp-json\/wp\/v2\/media?parent=186"}],"wp:term":[{"taxonomy":"product_brand","embeddable":true,"href":"https:\/\/www.henerrfm.com\/es\/wp-json\/wp\/v2\/product_brand?post=186"},{"taxonomy":"product_cat","embeddable":true,"href":"https:\/\/www.henerrfm.com\/es\/wp-json\/wp\/v2\/product_cat?post=186"},{"taxonomy":"product_tag","embeddable":true,"href":"https:\/\/www.henerrfm.com\/es\/wp-json\/wp\/v2\/product_tag?post=186"}],"curies":[{"name":"wp","href":"https:\/\/api.w.org\/{rel}","templated":true}]}}