{"id":188,"date":"2025-10-31T08:35:00","date_gmt":"2025-10-31T08:35:00","guid":{"rendered":"https:\/\/henerrfm.com\/?post_type=product&#038;p=188"},"modified":"2025-12-04T03:37:30","modified_gmt":"2025-12-04T03:37:30","slug":"tr4-tr5-roof-sheet-machine","status":"publish","type":"product","link":"https:\/\/www.henerrfm.com\/es\/product\/tr4-tr5-roof-sheet-machine\/","title":{"rendered":"M\u00e1quina de l\u00e1minas para tejados TR4\/T5"},"content":{"rendered":"<h5>Descripci\u00f3n general del producto<\/h5>\n<p>La m\u00e1quina de l\u00e1minas para techos Tr4\/Tr5 est\u00e1 dise\u00f1ada para fabricar TR4 y TR5 de alta calidad <a href=\"https:\/\/en.wikipedia.org\/wiki\/Metal_roof\" target=\"_blank\" rel=\"noopener\">paneles met\u00e1licos para tejados<\/a> con perfiles precisos y superficies lisas.<\/p>\n<p>Construida con un marco reforzado, rodillos formadores endurecidos y un sistema de control avanzado, esta m\u00e1quina ofrece un funcionamiento constante, una producci\u00f3n r\u00e1pida y confiabilidad a largo plazo.<\/p>\n<p>Perfecta para proyectos de techado industriales, comerciales y residenciales, la m\u00e1quina para fabricar l\u00e1minas de techo trapezoidales TR4\/TR5 permite a los fabricantes producir l\u00e1minas de techo duraderas, precisas y visualmente atractivas de manera eficiente, lo que la convierte en una soluci\u00f3n ideal para aplicaciones de construcci\u00f3n modernas.<\/p>\n<h5>Dibujos de perfil de producto<\/h5>\n<p><img loading=\"lazy\" decoding=\"async\" class=\"alignnone wp-image-2736\" src=\"https:\/\/henerrfm.com\/wp-content\/uploads\/2025\/10\/\uff1ftr4-roll-forming-machinepm-300x148.jpg\" alt=\"\" width=\"1305\" height=\"644\" srcset=\"https:\/\/www.henerrfm.com\/wp-content\/uploads\/2025\/10\/\uff1ftr4-roll-forming-machinepm-300x148.jpg 300w, https:\/\/www.henerrfm.com\/wp-content\/uploads\/2025\/10\/\uff1ftr4-roll-forming-machinepm-1024x504.jpg 1024w, https:\/\/www.henerrfm.com\/wp-content\/uploads\/2025\/10\/\uff1ftr4-roll-forming-machinepm-768x378.jpg 768w, https:\/\/www.henerrfm.com\/wp-content\/uploads\/2025\/10\/\uff1ftr4-roll-forming-machinepm-600x295.jpg 600w\" sizes=\"auto, (max-width: 1305px) 100vw, 1305px\" \/><\/p>\n<h5>Par\u00e1metros t\u00e9cnicos<\/h5>\n<table>\n<thead>\n<tr>\n<th><span style=\"font-weight: 400;\">Art\u00edculo<\/span><\/th>\n<th><span style=\"font-weight: 400;\">Detalles de la especificaci\u00f3n<\/span><\/th>\n<\/tr>\n<\/thead>\n<tbody>\n<tr>\n<td>N\u00famero de filas<\/td>\n<td>20 filas<\/td>\n<\/tr>\n<tr>\n<td>Velocidad<\/td>\n<td>15 m\/min<\/td>\n<\/tr>\n<tr>\n<td>Material del cuchillo de corte<\/td>\n<td>Cr12Mov<\/td>\n<\/tr>\n<tr>\n<td>Di\u00e1metro del rodillo<\/td>\n<td>\u03a670 mm<\/td>\n<\/tr>\n<tr>\n<td>Dimensiones<\/td>\n<td>Aproximadamente 9,7 x 1,4 x 1,6 m<\/td>\n<\/tr>\n<tr>\n<td>Peso<\/td>\n<td>Unas 6 toneladas<\/td>\n<\/tr>\n<tr>\n<td>Estructura principal de la m\u00e1quina<\/td>\n<td>Vigas 350H\/Vigas 450H (seg\u00fan sus necesidades)<\/td>\n<\/tr>\n<tr>\n<td>Modo de transmisi\u00f3n<\/td>\n<td>Transmisi\u00f3n por cadena<\/td>\n<\/tr>\n<tr>\n<td>Tama\u00f1o de la cadena<\/td>\n<td>1,2 pulgadas<\/td>\n<\/tr>\n<tr>\n<td>Panel lateral<\/td>\n<td>16 mil\u00edmetros<\/td>\n<\/tr>\n<tr>\n<td>Voltaje<\/td>\n<td>380 V 50 Hz trif\u00e1sico o seg\u00fan sus necesidades<\/td>\n<\/tr>\n<tr>\n<td>Sistema de control<\/td>\n<td>Control PLC<\/td>\n<\/tr>\n<tr>\n<td>Precisi\u00f3n de procesamiento<\/td>\n<td>Dentro de 1,0 mm<\/td>\n<\/tr>\n<tr>\n<td>Modo de conducci\u00f3n<\/td>\n<td>Conductor de motor<\/td>\n<\/tr>\n<tr>\n<td>Fuerza<\/td>\n<td>5,5 kW + 4 kW<\/td>\n<\/tr>\n<tr>\n<td>Lenguaje PLC<\/td>\n<td>Chino + Ingl\u00e9s + Seg\u00fan su idioma local<\/td>\n<\/tr>\n<tr>\n<td>Material rodante<\/td>\n<td>Acero forjado #45 con placa cromada<\/td>\n<\/tr>\n<tr>\n<td>Tolerancia de longitud<\/td>\n<td>\u00b12 mm<\/td>\n<\/tr>\n<tr>\n<td>Espesor<\/td>\n<td>0,3-0,8 mil\u00edmetros<\/td>\n<\/tr>\n<tr>\n<td>Ancho de la bobina<\/td>\n<td>1220 mil\u00edmetros<\/td>\n<\/tr>\n<\/tbody>\n<\/table>\n<h5>Diagrama de flujo<\/h5>\n<h5><img loading=\"lazy\" decoding=\"async\" class=\"alignnone wp-image-2735\" src=\"https:\/\/henerrfm.com\/wp-content\/uploads\/2025\/10\/\uff1ftr4-roll-forming-machinelc-300x64.jpg\" alt=\"\" width=\"1331\" height=\"284\" srcset=\"https:\/\/www.henerrfm.com\/wp-content\/uploads\/2025\/10\/\uff1ftr4-roll-forming-machinelc-300x64.jpg 300w, https:\/\/www.henerrfm.com\/wp-content\/uploads\/2025\/10\/\uff1ftr4-roll-forming-machinelc-1024x218.jpg 1024w, https:\/\/www.henerrfm.com\/wp-content\/uploads\/2025\/10\/\uff1ftr4-roll-forming-machinelc-768x164.jpg 768w, https:\/\/www.henerrfm.com\/wp-content\/uploads\/2025\/10\/\uff1ftr4-roll-forming-machinelc-600x128.jpg 600w, https:\/\/www.henerrfm.com\/wp-content\/uploads\/2025\/10\/\uff1ftr4-roll-forming-machinelc.jpg 1350w\" sizes=\"auto, (max-width: 1331px) 100vw, 1331px\" \/><\/h5>\n<h5>Solicitud<\/h5>\n<h5><img loading=\"lazy\" decoding=\"async\" class=\"alignnone wp-image-2737\" src=\"https:\/\/henerrfm.com\/wp-content\/uploads\/2025\/10\/\uff1ftr4-roll-forming-machineyy-300x173.jpg\" alt=\"\" width=\"773\" height=\"446\" srcset=\"https:\/\/www.henerrfm.com\/wp-content\/uploads\/2025\/10\/\uff1ftr4-roll-forming-machineyy-300x173.jpg 300w, https:\/\/www.henerrfm.com\/wp-content\/uploads\/2025\/10\/\uff1ftr4-roll-forming-machineyy-1024x590.jpg 1024w, https:\/\/www.henerrfm.com\/wp-content\/uploads\/2025\/10\/\uff1ftr4-roll-forming-machineyy-768x443.jpg 768w, https:\/\/www.henerrfm.com\/wp-content\/uploads\/2025\/10\/\uff1ftr4-roll-forming-machineyy-600x346.jpg 600w, https:\/\/www.henerrfm.com\/wp-content\/uploads\/2025\/10\/\uff1ftr4-roll-forming-machineyy.jpg 1350w\" sizes=\"auto, (max-width: 773px) 100vw, 773px\" \/><\/h5>","protected":false},"excerpt":{"rendered":"<p>Product Overview The Tr4\/ Tr5 Roof Sheet Machine is designed to manufacture high-quality TR4 and TR5 metal roofing panels with accurate profiles and smooth surfaces. Built with a reinforced frame, hardened forming rollers, and an advanced control system, this machine delivers consistent operation, rapid production, and long-term reliability. Perfect for industrial, commercial, and residential roofing [&hellip;]<\/p>\n","protected":false},"featured_media":2731,"comment_status":"open","ping_status":"closed","template":"","meta":{"_gspb_post_css":""},"product_brand":[],"product_cat":[120,123],"product_tag":[],"class_list":{"0":"post-188","1":"product","2":"type-product","3":"status-publish","4":"has-post-thumbnail","6":"product_cat-roof-wall-panel-roll-forming-machine","7":"product_cat-trapezoidal-roof-panel-roll-forming-machine","9":"first","10":"instock","11":"shipping-taxable","12":"product-type-simple"},"_links":{"self":[{"href":"https:\/\/www.henerrfm.com\/es\/wp-json\/wp\/v2\/product\/188","targetHints":{"allow":["GET"]}}],"collection":[{"href":"https:\/\/www.henerrfm.com\/es\/wp-json\/wp\/v2\/product"}],"about":[{"href":"https:\/\/www.henerrfm.com\/es\/wp-json\/wp\/v2\/types\/product"}],"replies":[{"embeddable":true,"href":"https:\/\/www.henerrfm.com\/es\/wp-json\/wp\/v2\/comments?post=188"}],"wp:featuredmedia":[{"embeddable":true,"href":"https:\/\/www.henerrfm.com\/es\/wp-json\/wp\/v2\/media\/2731"}],"wp:attachment":[{"href":"https:\/\/www.henerrfm.com\/es\/wp-json\/wp\/v2\/media?parent=188"}],"wp:term":[{"taxonomy":"product_brand","embeddable":true,"href":"https:\/\/www.henerrfm.com\/es\/wp-json\/wp\/v2\/product_brand?post=188"},{"taxonomy":"product_cat","embeddable":true,"href":"https:\/\/www.henerrfm.com\/es\/wp-json\/wp\/v2\/product_cat?post=188"},{"taxonomy":"product_tag","embeddable":true,"href":"https:\/\/www.henerrfm.com\/es\/wp-json\/wp\/v2\/product_tag?post=188"}],"curies":[{"name":"wp","href":"https:\/\/api.w.org\/{rel}","templated":true}]}}