{"id":192,"date":"2025-10-31T08:40:10","date_gmt":"2025-10-31T08:40:10","guid":{"rendered":"https:\/\/henerrfm.com\/?post_type=product&#038;p=192"},"modified":"2025-12-04T03:40:17","modified_gmt":"2025-12-04T03:40:17","slug":"c8-and-c20-double-layer-roll-forming-machine","status":"publish","type":"product","link":"https:\/\/www.henerrfm.com\/es\/product\/c8-and-c20-double-layer-roll-forming-machine\/","title":{"rendered":"M\u00e1quina formadora de rollos de doble capa C8 y C20"},"content":{"rendered":"<h5>Descripci\u00f3n general del producto<\/h5>\n<p>La perfiladora de doble capa C8 y C20 es una l\u00ednea de producci\u00f3n de techos de alta eficiencia, dise\u00f1ada para atender a las crecientes industrias de la construcci\u00f3n en Rusia, Georgia, Kirguist\u00e1n, Uzbekist\u00e1n y otros pa\u00edses de la CEI. Fabricada con tecnolog\u00eda avanzada de automatizaci\u00f3n y conformado de precisi\u00f3n, este equipo ofrece un rendimiento excepcional en la producci\u00f3n de paneles met\u00e1licos trapezoidales de alta calidad para proyectos de construcci\u00f3n modernos.<\/p>\n<p>Dise\u00f1ado para fabricar diversos perfiles de l\u00e1minas para techos, como C8, C10, C15, C18, C20, C21 y C44, este sistema ofrece flexibilidad para diferentes aplicaciones de techos y revestimientos de paredes. La m\u00e1quina perfiladora de doble capa C8 y C20 garantiza una resistencia constante de los paneles, un acabado superficial liso y una larga durabilidad incluso en condiciones clim\u00e1ticas extremas, lo que ayuda a los usuarios a reducir los costos de material y a mejorar la eficiencia de la producci\u00f3n.<\/p>\n<p>Dise\u00f1ado para brindar confiabilidad y funcionamiento continuo, ofrece un equilibrio ideal entre dise\u00f1o liviano e integridad estructural, lo que lo convierte en la soluci\u00f3n preferida para contratistas de techos y fabricantes de l\u00e1minas de metal en toda la regi\u00f3n CIS.<\/p>\n<h5>Dibujos de perfiles de m\u00e1quinas formadoras de rollos de doble capa C8 y C20<\/h5>\n<p><img loading=\"lazy\" decoding=\"async\" class=\"alignnone wp-image-2728\" src=\"https:\/\/henerrfm.com\/wp-content\/uploads\/2025\/10\/C8-C20-double-layer-roll-forming-machinepm-300x156.jpg\" alt=\"\" width=\"1302\" height=\"677\" srcset=\"https:\/\/www.henerrfm.com\/wp-content\/uploads\/2025\/10\/C8-C20-double-layer-roll-forming-machinepm-300x156.jpg 300w, https:\/\/www.henerrfm.com\/wp-content\/uploads\/2025\/10\/C8-C20-double-layer-roll-forming-machinepm-1024x532.jpg 1024w, https:\/\/www.henerrfm.com\/wp-content\/uploads\/2025\/10\/C8-C20-double-layer-roll-forming-machinepm-768x399.jpg 768w, https:\/\/www.henerrfm.com\/wp-content\/uploads\/2025\/10\/C8-C20-double-layer-roll-forming-machinepm-600x312.jpg 600w, https:\/\/www.henerrfm.com\/wp-content\/uploads\/2025\/10\/C8-C20-double-layer-roll-forming-machinepm.jpg 1350w\" sizes=\"auto, (max-width: 1302px) 100vw, 1302px\" \/><\/p>\n<h5>Par\u00e1metros t\u00e9cnicos<\/h5>\n<table>\n<thead>\n<tr>\n<th><span style=\"font-weight: 400;\">Art\u00edculo<\/span><\/th>\n<th><span style=\"font-weight: 400;\">Detalles de la especificaci\u00f3n<\/span><\/th>\n<\/tr>\n<\/thead>\n<tbody>\n<tr>\n<td>Material<\/td>\n<td><a href=\"https:\/\/en.wikipedia.org\/wiki\/PPGI\" target=\"_blank\" rel=\"noopener\">PPGI<\/a>, PPGL, GI, Acero, Aluminio<\/td>\n<\/tr>\n<tr>\n<td>Espesor de la chapa de la bobina<\/td>\n<td>0,3 a 0,8 mm<\/td>\n<\/tr>\n<tr>\n<td>Ancho de expansi\u00f3n del material<\/td>\n<td>1250 mil\u00edmetros<\/td>\n<\/tr>\n<tr>\n<td>Ancho de eficiencia<\/td>\n<td>1000 mil\u00edmetros<\/td>\n<\/tr>\n<tr>\n<td>Material del rodillo<\/td>\n<td>Acero forjado de alta calidad N.\u00b0 45 con revestimiento de cromo duro de 0,05 mm<\/td>\n<\/tr>\n<tr>\n<td>Material del eje<\/td>\n<td>Acero forjado al carbono de alta calidad N.\u00b0 45<\/td>\n<\/tr>\n<tr>\n<td>Cuchilla de corte<\/td>\n<td>Acero para moldes Cr12 con tratamiento de temple<\/td>\n<\/tr>\n<tr>\n<td>Di\u00e1metro del eje<\/td>\n<td>70 mil\u00edmetros<\/td>\n<\/tr>\n<tr>\n<td>Marco principal<\/td>\n<td>Acero de 300 mm de alto<\/td>\n<\/tr>\n<tr>\n<td>Pasos de formaci\u00f3n<\/td>\n<td>17 estaciones<\/td>\n<\/tr>\n<tr>\n<td>Productividad<\/td>\n<td>15-20 m\/min<\/td>\n<\/tr>\n<tr>\n<td>Central hidr\u00e1ulica<\/td>\n<td>4 kW<\/td>\n<\/tr>\n<\/tbody>\n<\/table>\n<h5>Diagrama de flujo<\/h5>\n<h5><img loading=\"lazy\" decoding=\"async\" class=\"alignnone wp-image-2726\" src=\"https:\/\/henerrfm.com\/wp-content\/uploads\/2025\/10\/C8-C20-double-layer-roll-forming-machinelc-300x67.jpg\" alt=\"\" width=\"1348\" height=\"301\" srcset=\"https:\/\/www.henerrfm.com\/wp-content\/uploads\/2025\/10\/C8-C20-double-layer-roll-forming-machinelc-300x67.jpg 300w, https:\/\/www.henerrfm.com\/wp-content\/uploads\/2025\/10\/C8-C20-double-layer-roll-forming-machinelc-1024x230.jpg 1024w, https:\/\/www.henerrfm.com\/wp-content\/uploads\/2025\/10\/C8-C20-double-layer-roll-forming-machinelc-768x172.jpg 768w, https:\/\/www.henerrfm.com\/wp-content\/uploads\/2025\/10\/C8-C20-double-layer-roll-forming-machinelc-600x135.jpg 600w\" sizes=\"auto, (max-width: 1348px) 100vw, 1348px\" \/><\/h5>\n<h5>Visualizaci\u00f3n de detalles del producto<\/h5>\n<h5><img loading=\"lazy\" decoding=\"async\" class=\"alignnone wp-image-2729\" src=\"https:\/\/henerrfm.com\/wp-content\/uploads\/2025\/10\/C8-C20-double-layer-roll-forming-machinexj-300x161.jpg\" alt=\"\" width=\"792\" height=\"425\" srcset=\"https:\/\/www.henerrfm.com\/wp-content\/uploads\/2025\/10\/C8-C20-double-layer-roll-forming-machinexj-300x161.jpg 300w, https:\/\/www.henerrfm.com\/wp-content\/uploads\/2025\/10\/C8-C20-double-layer-roll-forming-machinexj-1024x548.jpg 1024w, https:\/\/www.henerrfm.com\/wp-content\/uploads\/2025\/10\/C8-C20-double-layer-roll-forming-machinexj-768x411.jpg 768w, https:\/\/www.henerrfm.com\/wp-content\/uploads\/2025\/10\/C8-C20-double-layer-roll-forming-machinexj-600x321.jpg 600w, https:\/\/www.henerrfm.com\/wp-content\/uploads\/2025\/10\/C8-C20-double-layer-roll-forming-machinexj.jpg 1350w\" sizes=\"auto, (max-width: 792px) 100vw, 792px\" \/><\/h5>\n<h5>Solicitud<\/h5>\n<h5><img loading=\"lazy\" decoding=\"async\" class=\"alignnone wp-image-2730\" src=\"https:\/\/henerrfm.com\/wp-content\/uploads\/2025\/10\/C8-C20-double-layer-roll-forming-machineyy-300x92.jpg\" alt=\"\" width=\"1327\" height=\"407\" srcset=\"https:\/\/www.henerrfm.com\/wp-content\/uploads\/2025\/10\/C8-C20-double-layer-roll-forming-machineyy-300x92.jpg 300w, https:\/\/www.henerrfm.com\/wp-content\/uploads\/2025\/10\/C8-C20-double-layer-roll-forming-machineyy-1024x315.jpg 1024w, https:\/\/www.henerrfm.com\/wp-content\/uploads\/2025\/10\/C8-C20-double-layer-roll-forming-machineyy-768x236.jpg 768w, https:\/\/www.henerrfm.com\/wp-content\/uploads\/2025\/10\/C8-C20-double-layer-roll-forming-machineyy-600x184.jpg 600w, https:\/\/www.henerrfm.com\/wp-content\/uploads\/2025\/10\/C8-C20-double-layer-roll-forming-machineyy.jpg 1350w\" sizes=\"auto, (max-width: 1327px) 100vw, 1327px\" \/><\/h5>\n<h5>Producto terminado<\/h5>\n<h5><img loading=\"lazy\" decoding=\"async\" class=\"alignnone wp-image-2725\" src=\"https:\/\/henerrfm.com\/wp-content\/uploads\/2025\/10\/C8-C20-double-layer-roll-forming-machinecp-300x161.jpg\" alt=\"\" width=\"807\" height=\"433\" srcset=\"https:\/\/www.henerrfm.com\/wp-content\/uploads\/2025\/10\/C8-C20-double-layer-roll-forming-machinecp-300x161.jpg 300w, https:\/\/www.henerrfm.com\/wp-content\/uploads\/2025\/10\/C8-C20-double-layer-roll-forming-machinecp-1024x548.jpg 1024w, https:\/\/www.henerrfm.com\/wp-content\/uploads\/2025\/10\/C8-C20-double-layer-roll-forming-machinecp-768x411.jpg 768w, https:\/\/www.henerrfm.com\/wp-content\/uploads\/2025\/10\/C8-C20-double-layer-roll-forming-machinecp-600x321.jpg 600w, https:\/\/www.henerrfm.com\/wp-content\/uploads\/2025\/10\/C8-C20-double-layer-roll-forming-machinecp.jpg 1350w\" sizes=\"auto, (max-width: 807px) 100vw, 807px\" \/><\/h5>","protected":false},"excerpt":{"rendered":"<p>Product Overview The C8 and C20 Double Layer Roll Forming Machine is a high-efficiency roofing production line developed to serve the growing construction industries across Russia, Georgia, Kyrgyzstan, Uzbekistan, and other CIS countries. Built with advanced automation and precision forming technology, this equipment delivers exceptional performance in producing high-quality trapezoidal metal panels for modern building [&hellip;]<\/p>\n","protected":false},"featured_media":193,"comment_status":"open","ping_status":"closed","template":"","meta":{"_gspb_post_css":""},"product_brand":[],"product_cat":[124,120],"product_tag":[],"class_list":{"0":"post-192","1":"product","2":"type-product","3":"status-publish","4":"has-post-thumbnail","6":"product_cat-double-layer-roof-sheet-roll-forming-machine","7":"product_cat-roof-wall-panel-roll-forming-machine","9":"first","10":"instock","11":"shipping-taxable","12":"product-type-simple"},"_links":{"self":[{"href":"https:\/\/www.henerrfm.com\/es\/wp-json\/wp\/v2\/product\/192","targetHints":{"allow":["GET"]}}],"collection":[{"href":"https:\/\/www.henerrfm.com\/es\/wp-json\/wp\/v2\/product"}],"about":[{"href":"https:\/\/www.henerrfm.com\/es\/wp-json\/wp\/v2\/types\/product"}],"replies":[{"embeddable":true,"href":"https:\/\/www.henerrfm.com\/es\/wp-json\/wp\/v2\/comments?post=192"}],"wp:featuredmedia":[{"embeddable":true,"href":"https:\/\/www.henerrfm.com\/es\/wp-json\/wp\/v2\/media\/193"}],"wp:attachment":[{"href":"https:\/\/www.henerrfm.com\/es\/wp-json\/wp\/v2\/media?parent=192"}],"wp:term":[{"taxonomy":"product_brand","embeddable":true,"href":"https:\/\/www.henerrfm.com\/es\/wp-json\/wp\/v2\/product_brand?post=192"},{"taxonomy":"product_cat","embeddable":true,"href":"https:\/\/www.henerrfm.com\/es\/wp-json\/wp\/v2\/product_cat?post=192"},{"taxonomy":"product_tag","embeddable":true,"href":"https:\/\/www.henerrfm.com\/es\/wp-json\/wp\/v2\/product_tag?post=192"}],"curies":[{"name":"wp","href":"https:\/\/api.w.org\/{rel}","templated":true}]}}