{"id":208,"date":"2025-10-31T09:01:51","date_gmt":"2025-10-31T09:01:51","guid":{"rendered":"https:\/\/henerrfm.com\/?post_type=product&#038;p=208"},"modified":"2025-12-04T03:42:49","modified_gmt":"2025-12-04T03:42:49","slug":"1-5-composite-decking-machine","status":"publish","type":"product","link":"https:\/\/www.henerrfm.com\/es\/product\/1-5-composite-decking-machine\/","title":{"rendered":"M\u00e1quina para tarimas compuestas de 1,5\u201d"},"content":{"rendered":"<h5>Descripci\u00f3n general del producto<\/h5>\n<p>La m\u00e1quina para pisos compuestos de 1.5&quot; est\u00e1 dise\u00f1ada para producir pisos de metal compuesto de alta calidad, com\u00fanmente utilizados en la construcci\u00f3n de losas de concreto. Este tipo de piso presenta una profundidad de nervadura de 1.5&quot; y un patr\u00f3n de estr\u00edas en relieve que mejora la uni\u00f3n entre el acero y el concreto, creando una losa compuesta resistente y confiable.<\/p>\n<p>Fabricados en acero galvanizado de calibre 22, 20, 18 o 16, los paneles formados por esta m\u00e1quina son ideales para edificios de varios pisos, entrepisos y estructuras de piso exteriores. Su perfil superficial de 3,8 cm (1,5&quot;) reduce el volumen de concreto requerido, a la vez que mantiene una excelente integridad estructural para aplicaciones de luces cortas a medianas.<\/p>\n<p>Nuestro sistema de perfilado garantiza dimensiones precisas, un estampado uniforme y una alineaci\u00f3n uniforme de los paneles para una instalaci\u00f3n eficiente. Disponemos de m\u00faltiples dise\u00f1os de perfiles, lo que permite a los usuarios seleccionar el tipo de cubierta m\u00e1s adecuado seg\u00fan la carga del proyecto y los requisitos de espesor de la losa, garantizando as\u00ed rentabilidad y durabilidad a largo plazo.<\/p>\n<h5>Dibujos de perfil de m\u00e1quina para tarimas compuestas de 1,5\u201d<\/h5>\n<p><img loading=\"lazy\" decoding=\"async\" class=\"alignnone wp-image-2803\" src=\"https:\/\/henerrfm.com\/wp-content\/uploads\/2025\/10\/1.5-Composite-Deck-Roll-Forming-Machinepm-300x108.jpg\" alt=\"\" width=\"1347\" height=\"485\" srcset=\"https:\/\/www.henerrfm.com\/wp-content\/uploads\/2025\/10\/1.5-Composite-Deck-Roll-Forming-Machinepm-300x108.jpg 300w, https:\/\/www.henerrfm.com\/wp-content\/uploads\/2025\/10\/1.5-Composite-Deck-Roll-Forming-Machinepm-1024x369.jpg 1024w, https:\/\/www.henerrfm.com\/wp-content\/uploads\/2025\/10\/1.5-Composite-Deck-Roll-Forming-Machinepm-768x277.jpg 768w, https:\/\/www.henerrfm.com\/wp-content\/uploads\/2025\/10\/1.5-Composite-Deck-Roll-Forming-Machinepm-600x216.jpg 600w, https:\/\/www.henerrfm.com\/wp-content\/uploads\/2025\/10\/1.5-Composite-Deck-Roll-Forming-Machinepm.jpg 1350w\" sizes=\"auto, (max-width: 1347px) 100vw, 1347px\" \/><\/p>\n<h5>Par\u00e1metros t\u00e9cnicos<\/h5>\n<table>\n<thead>\n<tr>\n<th><span style=\"font-weight: 400;\">Art\u00edculo<\/span><\/th>\n<th><span style=\"font-weight: 400;\">Detalles de la especificaci\u00f3n<\/span><\/th>\n<\/tr>\n<\/thead>\n<tbody>\n<tr>\n<td>Material del rodillo<\/td>\n<td>Gcr12mov, <a href=\"https:\/\/en.wikipedia.org\/wiki\/Chrome\" target=\"_blank\" rel=\"noopener\">Cromado<\/a> Tratamiento (espesor Cr: 0,05 mm): anticorrosi\u00f3n, aumenta la dureza, garantiza precisi\u00f3n y buen rendimiento de abrasi\u00f3n.<\/td>\n<\/tr>\n<tr>\n<td>Estaci\u00f3n de laminaci\u00f3n<\/td>\n<td>--<\/td>\n<\/tr>\n<tr>\n<td>Velocidad de trabajo<\/td>\n<td>0-15 m\/min<\/td>\n<\/tr>\n<tr>\n<td>Estructura de la m\u00e1quina<\/td>\n<td>Estructura soldada de placa intermedia<\/td>\n<\/tr>\n<tr>\n<td>Espesor de la placa de acero<\/td>\n<td>20 mil\u00edmetros<\/td>\n<\/tr>\n<tr>\n<td>Bastidor b\u00e1sico de la m\u00e1quina<\/td>\n<td>Acero 400# H soldado con refuerzo diagonal en el interior: el refuerzo diagonal garantiza que todo el bastidor b\u00e1sico est\u00e9 al mismo nivel horizontal para evitar el desplazamiento de la chapa hacia la izquierda o la derecha y mantiene una alta estabilidad de la m\u00e1quina durante el funcionamiento.<\/td>\n<\/tr>\n<tr>\n<td>Cojinete<\/td>\n<td>La famosa marca china Harbin<\/td>\n<\/tr>\n<\/tbody>\n<\/table>\n<h5>Diagrama de flujo de producci\u00f3n<\/h5>\n<p><img loading=\"lazy\" decoding=\"async\" class=\"alignnone wp-image-2806\" src=\"https:\/\/henerrfm.com\/wp-content\/uploads\/2025\/10\/flow-chart1.5-Composite-Deck-Roll-Forming-Machine-300x139.jpg\" alt=\"\" width=\"1295\" height=\"600\" srcset=\"https:\/\/www.henerrfm.com\/wp-content\/uploads\/2025\/10\/flow-chart1.5-Composite-Deck-Roll-Forming-Machine-300x139.jpg 300w, https:\/\/www.henerrfm.com\/wp-content\/uploads\/2025\/10\/flow-chart1.5-Composite-Deck-Roll-Forming-Machine-1024x473.jpg 1024w, https:\/\/www.henerrfm.com\/wp-content\/uploads\/2025\/10\/flow-chart1.5-Composite-Deck-Roll-Forming-Machine-768x355.jpg 768w, https:\/\/www.henerrfm.com\/wp-content\/uploads\/2025\/10\/flow-chart1.5-Composite-Deck-Roll-Forming-Machine-600x277.jpg 600w, https:\/\/www.henerrfm.com\/wp-content\/uploads\/2025\/10\/flow-chart1.5-Composite-Deck-Roll-Forming-Machine.jpg 1350w\" sizes=\"auto, (max-width: 1295px) 100vw, 1295px\" \/><\/p>\n<h5>Visualizaci\u00f3n de detalles del producto<\/h5>\n<p><img loading=\"lazy\" decoding=\"async\" class=\"alignnone wp-image-2804\" src=\"https:\/\/henerrfm.com\/wp-content\/uploads\/2025\/10\/1.5-Composite-Deck-Roll-Forming-Machinexj-300x72.jpg\" alt=\"\" width=\"1283\" height=\"308\" srcset=\"https:\/\/www.henerrfm.com\/wp-content\/uploads\/2025\/10\/1.5-Composite-Deck-Roll-Forming-Machinexj-300x72.jpg 300w, https:\/\/www.henerrfm.com\/wp-content\/uploads\/2025\/10\/1.5-Composite-Deck-Roll-Forming-Machinexj-1024x246.jpg 1024w, https:\/\/www.henerrfm.com\/wp-content\/uploads\/2025\/10\/1.5-Composite-Deck-Roll-Forming-Machinexj-768x184.jpg 768w, https:\/\/www.henerrfm.com\/wp-content\/uploads\/2025\/10\/1.5-Composite-Deck-Roll-Forming-Machinexj-600x144.jpg 600w, https:\/\/www.henerrfm.com\/wp-content\/uploads\/2025\/10\/1.5-Composite-Deck-Roll-Forming-Machinexj.jpg 1350w\" sizes=\"auto, (max-width: 1283px) 100vw, 1283px\" \/><\/p>\n<h5>Solicitud<\/h5>\n<p><img loading=\"lazy\" decoding=\"async\" class=\"alignnone wp-image-2805\" src=\"https:\/\/henerrfm.com\/wp-content\/uploads\/2025\/10\/1.5-Composite-Deck-Roll-Forming-Machineyy-300x81.jpg\" alt=\"\" width=\"1278\" height=\"345\" srcset=\"https:\/\/www.henerrfm.com\/wp-content\/uploads\/2025\/10\/1.5-Composite-Deck-Roll-Forming-Machineyy-300x81.jpg 300w, https:\/\/www.henerrfm.com\/wp-content\/uploads\/2025\/10\/1.5-Composite-Deck-Roll-Forming-Machineyy-1024x276.jpg 1024w, https:\/\/www.henerrfm.com\/wp-content\/uploads\/2025\/10\/1.5-Composite-Deck-Roll-Forming-Machineyy-768x207.jpg 768w, https:\/\/www.henerrfm.com\/wp-content\/uploads\/2025\/10\/1.5-Composite-Deck-Roll-Forming-Machineyy-600x162.jpg 600w, https:\/\/www.henerrfm.com\/wp-content\/uploads\/2025\/10\/1.5-Composite-Deck-Roll-Forming-Machineyy.jpg 1350w\" sizes=\"auto, (max-width: 1278px) 100vw, 1278px\" \/><\/p>","protected":false},"excerpt":{"rendered":"<p>Product Overview The 1.5&#8221; Composite Decking Machine is engineered to produce high-quality composite metal floor decking commonly used in concrete slab construction. This type of decking features a 1.5-inch rib depth and an embossed flute pattern that enhances the bond between steel and concrete, creating a strong and reliable composite slab. Manufactured from 22, 20, [&hellip;]<\/p>\n","protected":false},"featured_media":209,"comment_status":"open","ping_status":"closed","template":"","meta":{"_gspb_post_css":""},"product_brand":[],"product_cat":[141,139],"product_tag":[],"class_list":{"0":"post-208","1":"product","2":"type-product","3":"status-publish","4":"has-post-thumbnail","6":"product_cat-composite-deck-machine","7":"product_cat-metal-deck-roll-forming-machine","9":"first","10":"instock","11":"shipping-taxable","12":"product-type-simple"},"_links":{"self":[{"href":"https:\/\/www.henerrfm.com\/es\/wp-json\/wp\/v2\/product\/208","targetHints":{"allow":["GET"]}}],"collection":[{"href":"https:\/\/www.henerrfm.com\/es\/wp-json\/wp\/v2\/product"}],"about":[{"href":"https:\/\/www.henerrfm.com\/es\/wp-json\/wp\/v2\/types\/product"}],"replies":[{"embeddable":true,"href":"https:\/\/www.henerrfm.com\/es\/wp-json\/wp\/v2\/comments?post=208"}],"wp:featuredmedia":[{"embeddable":true,"href":"https:\/\/www.henerrfm.com\/es\/wp-json\/wp\/v2\/media\/209"}],"wp:attachment":[{"href":"https:\/\/www.henerrfm.com\/es\/wp-json\/wp\/v2\/media?parent=208"}],"wp:term":[{"taxonomy":"product_brand","embeddable":true,"href":"https:\/\/www.henerrfm.com\/es\/wp-json\/wp\/v2\/product_brand?post=208"},{"taxonomy":"product_cat","embeddable":true,"href":"https:\/\/www.henerrfm.com\/es\/wp-json\/wp\/v2\/product_cat?post=208"},{"taxonomy":"product_tag","embeddable":true,"href":"https:\/\/www.henerrfm.com\/es\/wp-json\/wp\/v2\/product_tag?post=208"}],"curies":[{"name":"wp","href":"https:\/\/api.w.org\/{rel}","templated":true}]}}