{"id":210,"date":"2025-10-31T09:04:55","date_gmt":"2025-10-31T09:04:55","guid":{"rendered":"https:\/\/henerrfm.com\/?post_type=product&#038;p=210"},"modified":"2025-12-04T03:44:39","modified_gmt":"2025-12-04T03:44:39","slug":"drywall-c-u-channel-roll-forming-machine","status":"publish","type":"product","link":"https:\/\/www.henerrfm.com\/es\/product\/drywall-c-u-channel-roll-forming-machine\/","title":{"rendered":"M\u00e1quina formadora de perfiles de canal en U para paneles de yeso"},"content":{"rendered":"<h5>Descripci\u00f3n general del producto<\/h5>\n<p>La m\u00e1quina formadora de rodillos de canales C\/U para paneles de yeso es una l\u00ednea de producci\u00f3n de alto rendimiento y doble funci\u00f3n dise\u00f1ada para fabricar de manera eficiente perfiles C y U utilizados en montantes y rieles para paneles de yeso. Ideal para marcos de techos y tabiques, esta m\u00e1quina combina ingenier\u00eda de precisi\u00f3n con procesamiento r\u00e1pido para satisfacer las demandas de la construcci\u00f3n de placas de yeso a gran escala.<\/p>\n<p>Equipada con tecnolog\u00eda de conformado avanzada, la m\u00e1quina de canal CU para paneles de yeso garantiza un funcionamiento estable, dimensiones precisas y una calidad constante en cada lote. Su sistema integrado de doble l\u00ednea maximiza la productividad al tiempo que reduce los requisitos de mano de obra, lo que lo convierte en una excelente opci\u00f3n para fabricantes y contratistas que buscan soluciones confiables de enmarcado de paneles de yeso de alta velocidad.<\/p>\n<h5>Dibujos de perfiles de m\u00e1quinas formadoras de rollos de canales C\/U para paneles de yeso<\/h5>\n<p><img loading=\"lazy\" decoding=\"async\" class=\"alignnone wp-image-2835\" src=\"https:\/\/henerrfm.com\/wp-content\/uploads\/2025\/10\/Drywall-CU-Channel-Roll-Forming-MachinePM-300x151.jpg\" alt=\"\" width=\"1349\" height=\"679\" srcset=\"https:\/\/www.henerrfm.com\/wp-content\/uploads\/2025\/10\/Drywall-CU-Channel-Roll-Forming-MachinePM-300x151.jpg 300w, https:\/\/www.henerrfm.com\/wp-content\/uploads\/2025\/10\/Drywall-CU-Channel-Roll-Forming-MachinePM-1024x514.jpg 1024w, https:\/\/www.henerrfm.com\/wp-content\/uploads\/2025\/10\/Drywall-CU-Channel-Roll-Forming-MachinePM-768x386.jpg 768w, https:\/\/www.henerrfm.com\/wp-content\/uploads\/2025\/10\/Drywall-CU-Channel-Roll-Forming-MachinePM-600x301.jpg 600w\" sizes=\"auto, (max-width: 1349px) 100vw, 1349px\" \/><\/p>\n<h5>Par\u00e1metros t\u00e9cnicos<\/h5>\n<table>\n<thead>\n<tr>\n<th><span style=\"font-weight: 400;\">Art\u00edculo<\/span><\/th>\n<th><span style=\"font-weight: 400;\">Detalles de la especificaci\u00f3n<\/span><\/th>\n<\/tr>\n<\/thead>\n<tbody>\n<tr>\n<td>Materia prima<\/td>\n<td><a href=\"https:\/\/en.wikipedia.org\/wiki\/Hot-dip_galvanization\" target=\"_blank\" rel=\"noopener\">Acero galvanizado<\/a> (rendimiento: 50 ksi)<\/td>\n<\/tr>\n<tr>\n<td>Anchos disponibles<\/td>\n<td>43mm, 53mm, 65,5mm, 94mm, 154,5mm (equivalente a 1-5\/8\u00ae, 2,0\u00ae, 2,5\u00ae, 3,625\u00ae, 6,0\u00ae)<\/td>\n<\/tr>\n<tr>\n<td>Dimensiones de la brida<\/td>\n<td>12,7 mm a 38 mm (0,5 \u00ab a 1,5 \u00ab)<\/td>\n<\/tr>\n<tr>\n<td>Espesor del material<\/td>\n<td>0,45 mm \u00f1an 1,0 mm (acero calibre 20-25)<\/td>\n<\/tr>\n<tr>\n<td>M\u00e1xima fuerza de rendimiento<\/td>\n<td>Hasta 80 ksi (550 MPa)<\/td>\n<\/tr>\n<tr>\n<td>Caracter\u00edsticas adicionales<\/td>\n<td>-- Curva integrada de 15\u00b0 para refuerzo estructural<\/p>\n<div class=\"container-Uxvbjy md-box-line-break wrapper-GYqxgQ undefined\"><\/div>\n<p>- Orificios preperforados opcionales para aplicaciones el\u00e9ctricas o de plomer\u00eda<\/p>\n<div class=\"container-Uxvbjy md-box-line-break wrapper-GYqxgQ undefined\"><\/div>\n<p>\u00f1ame Ideal para marcos de tabiques, falsos techos y sistemas de estructuras de acero ligero<\/td>\n<\/tr>\n<\/tbody>\n<\/table>\n<h5 style=\"text-align: left;\">V\u00eddeo del producto<\/h5>\n<p><iframe loading=\"lazy\" title=\"M\u00e1quina perfiladora de canales CU\" width=\"1350\" height=\"759\" src=\"https:\/\/www.youtube.com\/embed\/aoGE6r6_nE0?feature=oembed\" frameborder=\"0\" allow=\"accelerometer; autoplay; clipboard-write; encrypted-media; gyroscope; picture-in-picture; web-share\" referrerpolicy=\"strict-origin-when-cross-origin\" allowfullscreen><\/iframe><\/p>\n<h5>Visualizaci\u00f3n de detalles del producto<\/h5>\n<p><img loading=\"lazy\" decoding=\"async\" class=\"alignnone wp-image-2836\" src=\"https:\/\/henerrfm.com\/wp-content\/uploads\/2025\/10\/Drywall-CU-Channel-Roll-Forming-MachineXJ-300x101.jpg\" alt=\"\" width=\"1337\" height=\"450\" srcset=\"https:\/\/www.henerrfm.com\/wp-content\/uploads\/2025\/10\/Drywall-CU-Channel-Roll-Forming-MachineXJ-300x101.jpg 300w, https:\/\/www.henerrfm.com\/wp-content\/uploads\/2025\/10\/Drywall-CU-Channel-Roll-Forming-MachineXJ-1024x344.jpg 1024w, https:\/\/www.henerrfm.com\/wp-content\/uploads\/2025\/10\/Drywall-CU-Channel-Roll-Forming-MachineXJ-768x258.jpg 768w, https:\/\/www.henerrfm.com\/wp-content\/uploads\/2025\/10\/Drywall-CU-Channel-Roll-Forming-MachineXJ-600x202.jpg 600w, https:\/\/www.henerrfm.com\/wp-content\/uploads\/2025\/10\/Drywall-CU-Channel-Roll-Forming-MachineXJ.jpg 1350w\" sizes=\"auto, (max-width: 1337px) 100vw, 1337px\" \/><\/p>\n<p><img loading=\"lazy\" decoding=\"async\" class=\"alignnone wp-image-2837\" src=\"https:\/\/henerrfm.com\/wp-content\/uploads\/2025\/10\/Drywall-CU-Channel-Roll-Forming-MachineXJ1-300x101.jpg\" alt=\"\" width=\"1337\" height=\"450\" srcset=\"https:\/\/www.henerrfm.com\/wp-content\/uploads\/2025\/10\/Drywall-CU-Channel-Roll-Forming-MachineXJ1-300x101.jpg 300w, https:\/\/www.henerrfm.com\/wp-content\/uploads\/2025\/10\/Drywall-CU-Channel-Roll-Forming-MachineXJ1-1024x344.jpg 1024w, https:\/\/www.henerrfm.com\/wp-content\/uploads\/2025\/10\/Drywall-CU-Channel-Roll-Forming-MachineXJ1-768x258.jpg 768w, https:\/\/www.henerrfm.com\/wp-content\/uploads\/2025\/10\/Drywall-CU-Channel-Roll-Forming-MachineXJ1-600x202.jpg 600w, https:\/\/www.henerrfm.com\/wp-content\/uploads\/2025\/10\/Drywall-CU-Channel-Roll-Forming-MachineXJ1.jpg 1350w\" sizes=\"auto, (max-width: 1337px) 100vw, 1337px\" \/><\/p>\n<h5>Solicitud<\/h5>\n<p><img loading=\"lazy\" decoding=\"async\" class=\"alignnone wp-image-2838\" src=\"https:\/\/henerrfm.com\/wp-content\/uploads\/2025\/10\/Drywall-CU-Channel-Roll-Forming-MachineYY-300x116.jpg\" alt=\"\" width=\"1337\" height=\"517\" srcset=\"https:\/\/www.henerrfm.com\/wp-content\/uploads\/2025\/10\/Drywall-CU-Channel-Roll-Forming-MachineYY-300x116.jpg 300w, https:\/\/www.henerrfm.com\/wp-content\/uploads\/2025\/10\/Drywall-CU-Channel-Roll-Forming-MachineYY-1024x396.jpg 1024w, https:\/\/www.henerrfm.com\/wp-content\/uploads\/2025\/10\/Drywall-CU-Channel-Roll-Forming-MachineYY-768x297.jpg 768w, https:\/\/www.henerrfm.com\/wp-content\/uploads\/2025\/10\/Drywall-CU-Channel-Roll-Forming-MachineYY-600x232.jpg 600w, https:\/\/www.henerrfm.com\/wp-content\/uploads\/2025\/10\/Drywall-CU-Channel-Roll-Forming-MachineYY.jpg 1350w\" sizes=\"auto, (max-width: 1337px) 100vw, 1337px\" \/><\/p>\n<h5>Producto terminado<\/h5>\n<p><img loading=\"lazy\" decoding=\"async\" class=\"alignnone wp-image-2834\" src=\"https:\/\/henerrfm.com\/wp-content\/uploads\/2025\/10\/Drywall-CU-Channel-Roll-Forming-MachineCP-300x101.jpg\" alt=\"\" width=\"1334\" height=\"449\" srcset=\"https:\/\/www.henerrfm.com\/wp-content\/uploads\/2025\/10\/Drywall-CU-Channel-Roll-Forming-MachineCP-300x101.jpg 300w, https:\/\/www.henerrfm.com\/wp-content\/uploads\/2025\/10\/Drywall-CU-Channel-Roll-Forming-MachineCP-1024x344.jpg 1024w, https:\/\/www.henerrfm.com\/wp-content\/uploads\/2025\/10\/Drywall-CU-Channel-Roll-Forming-MachineCP-768x258.jpg 768w, https:\/\/www.henerrfm.com\/wp-content\/uploads\/2025\/10\/Drywall-CU-Channel-Roll-Forming-MachineCP-600x202.jpg 600w, https:\/\/www.henerrfm.com\/wp-content\/uploads\/2025\/10\/Drywall-CU-Channel-Roll-Forming-MachineCP.jpg 1350w\" sizes=\"auto, (max-width: 1334px) 100vw, 1334px\" \/><\/p>","protected":false},"excerpt":{"rendered":"<p>Product Overview The Drywall C\/U Channel Roll Forming Machine is a high-performance, dual-function production line designed for efficiently manufacturing C and U profiles used in drywall studs and tracks. Ideal for ceiling and partition framing, this machine combines precision engineering with rapid processing to meet the demands of large-scale plasterboard construction. Equipped with advanced forming [&hellip;]<\/p>\n","protected":false},"featured_media":211,"comment_status":"open","ping_status":"closed","template":"","meta":{"_gspb_post_css":""},"product_brand":[],"product_cat":[138,135],"product_tag":[],"class_list":{"0":"post-210","1":"product","2":"type-product","3":"status-publish","4":"has-post-thumbnail","6":"product_cat-light-steel-keel-forming-machine","7":"product_cat-steel-structure-light-gauge-frame-roll-forming-machine","9":"first","10":"instock","11":"shipping-taxable","12":"product-type-simple"},"_links":{"self":[{"href":"https:\/\/www.henerrfm.com\/es\/wp-json\/wp\/v2\/product\/210","targetHints":{"allow":["GET"]}}],"collection":[{"href":"https:\/\/www.henerrfm.com\/es\/wp-json\/wp\/v2\/product"}],"about":[{"href":"https:\/\/www.henerrfm.com\/es\/wp-json\/wp\/v2\/types\/product"}],"replies":[{"embeddable":true,"href":"https:\/\/www.henerrfm.com\/es\/wp-json\/wp\/v2\/comments?post=210"}],"wp:featuredmedia":[{"embeddable":true,"href":"https:\/\/www.henerrfm.com\/es\/wp-json\/wp\/v2\/media\/211"}],"wp:attachment":[{"href":"https:\/\/www.henerrfm.com\/es\/wp-json\/wp\/v2\/media?parent=210"}],"wp:term":[{"taxonomy":"product_brand","embeddable":true,"href":"https:\/\/www.henerrfm.com\/es\/wp-json\/wp\/v2\/product_brand?post=210"},{"taxonomy":"product_cat","embeddable":true,"href":"https:\/\/www.henerrfm.com\/es\/wp-json\/wp\/v2\/product_cat?post=210"},{"taxonomy":"product_tag","embeddable":true,"href":"https:\/\/www.henerrfm.com\/es\/wp-json\/wp\/v2\/product_tag?post=210"}],"curies":[{"name":"wp","href":"https:\/\/api.w.org\/{rel}","templated":true}]}}