{"id":217,"date":"2025-10-31T09:12:17","date_gmt":"2025-10-31T09:12:17","guid":{"rendered":"https:\/\/henerrfm.com\/?post_type=product&#038;p=217"},"modified":"2025-12-04T03:46:36","modified_gmt":"2025-12-04T03:46:36","slug":"cz-purlin-roll-forming-machine","status":"publish","type":"product","link":"https:\/\/www.henerrfm.com\/es\/product\/cz-purlin-roll-forming-machine\/","title":{"rendered":"M\u00e1quina formadora de correas CZ"},"content":{"rendered":"<h5>Descripci\u00f3n general del producto<\/h5>\n<p>La m\u00e1quina formadora de rodillos CZ Purlin representa una nueva generaci\u00f3n de tecnolog\u00eda inteligente de conformado de metales, que revoluciona la forma en que se fabrican los correas C y Z. Dise\u00f1ado para una producci\u00f3n automatizada y de alta velocidad, este sistema avanzado integra el conformado por rodillos de precisi\u00f3n con un sistema de control posterior al corte totalmente inteligente para garantizar transiciones de perfil perfectas y una precisi\u00f3n superior.<\/p>\n<p>Con su automatizaci\u00f3n inteligente y dise\u00f1o adaptativo, la m\u00e1quina perfiladora de correas CZ permite a los fabricantes producir m\u00faltiples tama\u00f1os de correas sin ajuste manual, lo que mejora significativamente la eficiencia de producci\u00f3n y reduce el tiempo de inactividad. Ideal para la construcci\u00f3n moderna de estructuras de acero, este equipo es la mejor opci\u00f3n para empresas que buscan innovaci\u00f3n, precisi\u00f3n y confiabilidad a largo plazo en la fabricaci\u00f3n de metales.<\/p>\n<h5>Dibujos de perfil de producto<\/h5>\n<p><img loading=\"lazy\" decoding=\"async\" class=\"alignnone wp-image-2830\" src=\"https:\/\/henerrfm.com\/wp-content\/uploads\/2025\/10\/CZ-purlin-roll-forming-machinepm-300x169.jpg\" alt=\"\" width=\"1260\" height=\"710\" srcset=\"https:\/\/www.henerrfm.com\/wp-content\/uploads\/2025\/10\/CZ-purlin-roll-forming-machinepm-300x169.jpg 300w, https:\/\/www.henerrfm.com\/wp-content\/uploads\/2025\/10\/CZ-purlin-roll-forming-machinepm-1024x577.jpg 1024w, https:\/\/www.henerrfm.com\/wp-content\/uploads\/2025\/10\/CZ-purlin-roll-forming-machinepm-768x433.jpg 768w, https:\/\/www.henerrfm.com\/wp-content\/uploads\/2025\/10\/CZ-purlin-roll-forming-machinepm-600x338.jpg 600w, https:\/\/www.henerrfm.com\/wp-content\/uploads\/2025\/10\/CZ-purlin-roll-forming-machinepm.jpg 1350w\" sizes=\"auto, (max-width: 1260px) 100vw, 1260px\" \/><\/p>\n<h5>Par\u00e1metros t\u00e9cnicos<\/h5>\n<table>\n<thead>\n<tr>\n<th><span style=\"font-weight: 400;\">Art\u00edculo<\/span><\/th>\n<th><span style=\"font-weight: 400;\">Detalles de la especificaci\u00f3n<\/span><\/th>\n<\/tr>\n<\/thead>\n<tbody>\n<tr>\n<td>Funci\u00f3n<\/td>\n<td>M\u00e1quina para fabricar correas C Purline Z<\/td>\n<\/tr>\n<tr>\n<td>Velocidad<\/td>\n<td>15-22 m\/min<\/td>\n<\/tr>\n<tr>\n<td>Tama\u00f1o<\/td>\n<td>Ajustable<\/td>\n<\/tr>\n<tr>\n<td>Tipo de material<\/td>\n<td><a href=\"https:\/\/en.wikipedia.org\/wiki\/Hot-dip_galvanization\" target=\"_blank\" rel=\"noopener\">Acero galvanizado<\/a><\/td>\n<\/tr>\n<tr>\n<td>Altura<\/td>\n<td>40-100 mm<\/td>\n<\/tr>\n<tr>\n<td>Material del eje<\/td>\n<td>GCr15<\/td>\n<\/tr>\n<tr>\n<td>Ventaja<\/td>\n<td>Operaci\u00f3n autom\u00e1tica, control por computadora<\/td>\n<\/tr>\n<tr>\n<td>Poder principal<\/td>\n<td>Servomotor<\/td>\n<\/tr>\n<\/tbody>\n<\/table>\n<h5 style=\"text-align: left;\">V\u00eddeo del producto<\/h5>\n<p><iframe loading=\"lazy\" title=\"M\u00e1quina formadora de correas intercambiables CZ\" width=\"1350\" height=\"759\" src=\"https:\/\/www.youtube.com\/embed\/M0OhZLdG1gw?feature=oembed\" frameborder=\"0\" allow=\"accelerometer; autoplay; clipboard-write; encrypted-media; gyroscope; picture-in-picture; web-share\" referrerpolicy=\"strict-origin-when-cross-origin\" allowfullscreen><\/iframe><\/p>\n<h5>Visualizaci\u00f3n de detalles del producto<\/h5>\n<p><img loading=\"lazy\" decoding=\"async\" class=\"alignnone wp-image-2825\" src=\"https:\/\/henerrfm.com\/wp-content\/uploads\/2025\/10\/CZ-purlin-roll-forming-machine.jpgxj_-300x100.jpg\" alt=\"\" width=\"1305\" height=\"435\" srcset=\"https:\/\/www.henerrfm.com\/wp-content\/uploads\/2025\/10\/CZ-purlin-roll-forming-machine.jpgxj_-300x100.jpg 300w, https:\/\/www.henerrfm.com\/wp-content\/uploads\/2025\/10\/CZ-purlin-roll-forming-machine.jpgxj_-1024x340.jpg 1024w, https:\/\/www.henerrfm.com\/wp-content\/uploads\/2025\/10\/CZ-purlin-roll-forming-machine.jpgxj_-768x255.jpg 768w, https:\/\/www.henerrfm.com\/wp-content\/uploads\/2025\/10\/CZ-purlin-roll-forming-machine.jpgxj_-600x199.jpg 600w\" sizes=\"auto, (max-width: 1305px) 100vw, 1305px\" \/><\/p>\n<p><img loading=\"lazy\" decoding=\"async\" class=\"alignnone wp-image-2826\" src=\"https:\/\/henerrfm.com\/wp-content\/uploads\/2025\/10\/CZ-purlin-roll-forming-machine.jpgxj1_-300x100.jpg\" alt=\"\" width=\"1302\" height=\"434\" srcset=\"https:\/\/www.henerrfm.com\/wp-content\/uploads\/2025\/10\/CZ-purlin-roll-forming-machine.jpgxj1_-300x100.jpg 300w, https:\/\/www.henerrfm.com\/wp-content\/uploads\/2025\/10\/CZ-purlin-roll-forming-machine.jpgxj1_-1024x340.jpg 1024w, https:\/\/www.henerrfm.com\/wp-content\/uploads\/2025\/10\/CZ-purlin-roll-forming-machine.jpgxj1_-768x255.jpg 768w, https:\/\/www.henerrfm.com\/wp-content\/uploads\/2025\/10\/CZ-purlin-roll-forming-machine.jpgxj1_-600x199.jpg 600w\" sizes=\"auto, (max-width: 1302px) 100vw, 1302px\" \/><\/p>\n<p><img loading=\"lazy\" decoding=\"async\" class=\"alignnone wp-image-2827\" src=\"https:\/\/henerrfm.com\/wp-content\/uploads\/2025\/10\/CZ-purlin-roll-forming-machine.jpgxj2_-300x100.jpg\" alt=\"\" width=\"1302\" height=\"434\" srcset=\"https:\/\/www.henerrfm.com\/wp-content\/uploads\/2025\/10\/CZ-purlin-roll-forming-machine.jpgxj2_-300x100.jpg 300w, https:\/\/www.henerrfm.com\/wp-content\/uploads\/2025\/10\/CZ-purlin-roll-forming-machine.jpgxj2_-1024x340.jpg 1024w, https:\/\/www.henerrfm.com\/wp-content\/uploads\/2025\/10\/CZ-purlin-roll-forming-machine.jpgxj2_-768x255.jpg 768w, https:\/\/www.henerrfm.com\/wp-content\/uploads\/2025\/10\/CZ-purlin-roll-forming-machine.jpgxj2_-600x199.jpg 600w\" sizes=\"auto, (max-width: 1302px) 100vw, 1302px\" \/><\/p>\n<p><img loading=\"lazy\" decoding=\"async\" class=\"alignnone wp-image-2828\" src=\"https:\/\/henerrfm.com\/wp-content\/uploads\/2025\/10\/CZ-purlin-roll-forming-machine.jpgxj3_-300x100.jpg\" alt=\"\" width=\"1302\" height=\"434\" srcset=\"https:\/\/www.henerrfm.com\/wp-content\/uploads\/2025\/10\/CZ-purlin-roll-forming-machine.jpgxj3_-300x100.jpg 300w, https:\/\/www.henerrfm.com\/wp-content\/uploads\/2025\/10\/CZ-purlin-roll-forming-machine.jpgxj3_-1024x340.jpg 1024w, https:\/\/www.henerrfm.com\/wp-content\/uploads\/2025\/10\/CZ-purlin-roll-forming-machine.jpgxj3_-768x255.jpg 768w, https:\/\/www.henerrfm.com\/wp-content\/uploads\/2025\/10\/CZ-purlin-roll-forming-machine.jpgxj3_-600x199.jpg 600w\" sizes=\"auto, (max-width: 1302px) 100vw, 1302px\" \/><\/p>\n<h5>Solicitud<\/h5>\n<p><img loading=\"lazy\" decoding=\"async\" class=\"alignnone wp-image-2829\" src=\"https:\/\/henerrfm.com\/wp-content\/uploads\/2025\/10\/CZ-purlin-roll-forming-machine.jpgyy_-300x108.jpg\" alt=\"\" width=\"1303\" height=\"469\" srcset=\"https:\/\/www.henerrfm.com\/wp-content\/uploads\/2025\/10\/CZ-purlin-roll-forming-machine.jpgyy_-300x108.jpg 300w, https:\/\/www.henerrfm.com\/wp-content\/uploads\/2025\/10\/CZ-purlin-roll-forming-machine.jpgyy_-1024x370.jpg 1024w, https:\/\/www.henerrfm.com\/wp-content\/uploads\/2025\/10\/CZ-purlin-roll-forming-machine.jpgyy_-600x217.jpg 600w\" sizes=\"auto, (max-width: 1303px) 100vw, 1303px\" \/><\/p>\n<h5>Producto terminado<\/h5>\n<p><img loading=\"lazy\" decoding=\"async\" class=\"alignnone wp-image-2824\" src=\"https:\/\/henerrfm.com\/wp-content\/uploads\/2025\/10\/CZ-purlin-roll-forming-machine.jpgcp_-300x111.jpg\" alt=\"\" width=\"1303\" height=\"482\" srcset=\"https:\/\/www.henerrfm.com\/wp-content\/uploads\/2025\/10\/CZ-purlin-roll-forming-machine.jpgcp_-300x111.jpg 300w, https:\/\/www.henerrfm.com\/wp-content\/uploads\/2025\/10\/CZ-purlin-roll-forming-machine.jpgcp_-1024x378.jpg 1024w, https:\/\/www.henerrfm.com\/wp-content\/uploads\/2025\/10\/CZ-purlin-roll-forming-machine.jpgcp_-768x283.jpg 768w, https:\/\/www.henerrfm.com\/wp-content\/uploads\/2025\/10\/CZ-purlin-roll-forming-machine.jpgcp_-600x221.jpg 600w, https:\/\/www.henerrfm.com\/wp-content\/uploads\/2025\/10\/CZ-purlin-roll-forming-machine.jpgcp_.jpg 1350w\" sizes=\"auto, (max-width: 1303px) 100vw, 1303px\" \/><\/p>","protected":false},"excerpt":{"rendered":"<p>Product Overview The CZ Purlin Roll Forming Machine represents a new generation of intelligent metal forming technology, revolutionizing the way C and Z purlins are manufactured. Designed for high-speed, automated production, this advanced system integrates precision roll forming with a fully intelligent post-shearing control system to ensure seamless profile transitions and superior accuracy. With its [&hellip;]<\/p>\n","protected":false},"featured_media":2823,"comment_status":"open","ping_status":"closed","template":"","meta":{"_gspb_post_css":""},"product_brand":[],"product_cat":[137,135],"product_tag":[],"class_list":{"0":"post-217","1":"product","2":"type-product","3":"status-publish","4":"has-post-thumbnail","6":"product_cat-purlin-roll-forming-machine","7":"product_cat-steel-structure-light-gauge-frame-roll-forming-machine","9":"first","10":"instock","11":"shipping-taxable","12":"product-type-simple"},"_links":{"self":[{"href":"https:\/\/www.henerrfm.com\/es\/wp-json\/wp\/v2\/product\/217","targetHints":{"allow":["GET"]}}],"collection":[{"href":"https:\/\/www.henerrfm.com\/es\/wp-json\/wp\/v2\/product"}],"about":[{"href":"https:\/\/www.henerrfm.com\/es\/wp-json\/wp\/v2\/types\/product"}],"replies":[{"embeddable":true,"href":"https:\/\/www.henerrfm.com\/es\/wp-json\/wp\/v2\/comments?post=217"}],"wp:featuredmedia":[{"embeddable":true,"href":"https:\/\/www.henerrfm.com\/es\/wp-json\/wp\/v2\/media\/2823"}],"wp:attachment":[{"href":"https:\/\/www.henerrfm.com\/es\/wp-json\/wp\/v2\/media?parent=217"}],"wp:term":[{"taxonomy":"product_brand","embeddable":true,"href":"https:\/\/www.henerrfm.com\/es\/wp-json\/wp\/v2\/product_brand?post=217"},{"taxonomy":"product_cat","embeddable":true,"href":"https:\/\/www.henerrfm.com\/es\/wp-json\/wp\/v2\/product_cat?post=217"},{"taxonomy":"product_tag","embeddable":true,"href":"https:\/\/www.henerrfm.com\/es\/wp-json\/wp\/v2\/product_tag?post=217"}],"curies":[{"name":"wp","href":"https:\/\/api.w.org\/{rel}","templated":true}]}}