{"id":224,"date":"2025-10-31T09:15:20","date_gmt":"2025-10-31T09:15:20","guid":{"rendered":"https:\/\/henerrfm.com\/?post_type=product&#038;p=224"},"modified":"2025-12-04T03:49:04","modified_gmt":"2025-12-04T03:49:04","slug":"c89-lgs-framing-machine","status":"publish","type":"product","link":"https:\/\/www.henerrfm.com\/es\/product\/c89-lgs-framing-machine\/","title":{"rendered":"M\u00e1quina de enmarcado C89 LGS"},"content":{"rendered":"<h5>Descripci\u00f3n general del producto<\/h5>\n<p>La m\u00e1quina de enmarcado C89 LGS es un sistema totalmente autom\u00e1tico dise\u00f1ado para producir componentes estructurales de acero de calibre ligero utilizados en la construcci\u00f3n residencial y modular. Tambi\u00e9n conocida como sistema de enmarcado de acero ligero conformado en fr\u00edo C89, est\u00e1 equipada con 11 estaciones de perfilado de precisi\u00f3n que doblan continuamente bobinas de acero galvanizado en perfiles de alta precisi\u00f3n a temperatura ambiente.<\/p>\n<p>Este equipo avanzado integra m\u00faltiples funciones de punzonado y corte, incluyendo estampaci\u00f3n, corte de labio, entallado de alma, orificio de servicio, cercha terminal y punzonado de hoyuelos. Mediante control inteligente y codificaci\u00f3n autom\u00e1tica, los perfiles terminados se conforman con precisi\u00f3n, se cortan a las longitudes requeridas, se imprimen con n\u00fameros de serie y est\u00e1n listos para su montaje in situ seg\u00fan los planos de dise\u00f1o.<\/p>\n<p>La m\u00e1quina de armaz\u00f3n C89 LGS permite la producci\u00f3n en masa de estructuras de acero ligero para viviendas, garantizando una instalaci\u00f3n m\u00e1s r\u00e1pida, una calidad constante y una m\u00ednima necesidad de mano de obra. Es la soluci\u00f3n ideal para la fabricaci\u00f3n de villas y edificios residenciales de acero ligero de hasta 3,5 plantas, ofreciendo eficiencia y fiabilidad en la construcci\u00f3n moderna de estructuras de acero.<\/p>\n<h5>Dibujos de perfil de la m\u00e1quina de enmarcado C89 LGS<\/h5>\n<p><img loading=\"lazy\" decoding=\"async\" class=\"alignnone wp-image-3109\" src=\"https:\/\/henerrfm.com\/wp-content\/uploads\/2025\/10\/C89-Light-Gauge-Steel-Framing-Machinepm1-300x179.jpg\" alt=\"\" width=\"1257\" height=\"750\" srcset=\"https:\/\/www.henerrfm.com\/wp-content\/uploads\/2025\/10\/C89-Light-Gauge-Steel-Framing-Machinepm1-300x179.jpg 300w, https:\/\/www.henerrfm.com\/wp-content\/uploads\/2025\/10\/C89-Light-Gauge-Steel-Framing-Machinepm1-1024x610.jpg 1024w, https:\/\/www.henerrfm.com\/wp-content\/uploads\/2025\/10\/C89-Light-Gauge-Steel-Framing-Machinepm1-768x457.jpg 768w, https:\/\/www.henerrfm.com\/wp-content\/uploads\/2025\/10\/C89-Light-Gauge-Steel-Framing-Machinepm1-600x357.jpg 600w, https:\/\/www.henerrfm.com\/wp-content\/uploads\/2025\/10\/C89-Light-Gauge-Steel-Framing-Machinepm1.jpg 1350w\" sizes=\"auto, (max-width: 1257px) 100vw, 1257px\" \/> <img loading=\"lazy\" decoding=\"async\" class=\"alignnone wp-image-3108\" src=\"https:\/\/henerrfm.com\/wp-content\/uploads\/2025\/10\/C89-Light-Gauge-Steel-Framing-Machinepm-300x183.jpg\" alt=\"\" width=\"1257\" height=\"767\" srcset=\"https:\/\/www.henerrfm.com\/wp-content\/uploads\/2025\/10\/C89-Light-Gauge-Steel-Framing-Machinepm-300x183.jpg 300w, https:\/\/www.henerrfm.com\/wp-content\/uploads\/2025\/10\/C89-Light-Gauge-Steel-Framing-Machinepm-1024x625.jpg 1024w, https:\/\/www.henerrfm.com\/wp-content\/uploads\/2025\/10\/C89-Light-Gauge-Steel-Framing-Machinepm-768x469.jpg 768w, https:\/\/www.henerrfm.com\/wp-content\/uploads\/2025\/10\/C89-Light-Gauge-Steel-Framing-Machinepm-600x366.jpg 600w, https:\/\/www.henerrfm.com\/wp-content\/uploads\/2025\/10\/C89-Light-Gauge-Steel-Framing-Machinepm.jpg 1350w\" sizes=\"auto, (max-width: 1257px) 100vw, 1257px\" \/><\/p>\n<h5>Par\u00e1metros t\u00e9cnicos<\/h5>\n<table>\n<thead>\n<tr>\n<th><span style=\"font-weight: 400;\">Art\u00edculo<\/span><\/th>\n<th><span style=\"font-weight: 400;\">Detalles de la especificaci\u00f3n<\/span><\/th>\n<\/tr>\n<\/thead>\n<tbody>\n<tr>\n<td>Nombre de la m\u00e1quina<\/td>\n<td>M\u00e1quina con estructura de acero ligero<\/td>\n<\/tr>\n<tr>\n<td>Tama\u00f1o de la secci\u00f3n<\/td>\n<td>89*41 mil\u00edmetros<\/td>\n<\/tr>\n<tr>\n<td>Espesor del material<\/td>\n<td>0,8-1,2 mm (G300-G550 galvanizado, <a href=\"https:\/\/en.wikipedia.org\/wiki\/Galvanization\" target=\"_blank\" rel=\"noopener\">placa galvanizada<\/a>)<\/td>\n<\/tr>\n<tr>\n<td>Ancho del material<\/td>\n<td>180 mm-182 mm<\/td>\n<\/tr>\n<tr>\n<td>Velocidad de producci\u00f3n est\u00e1ndar<\/td>\n<td>30 metros por minuto<\/td>\n<\/tr>\n<tr>\n<td>Velocidad m\u00e1xima de producci\u00f3n<\/td>\n<td>50 metros por minuto<\/td>\n<\/tr>\n<tr>\n<td>Potencia del motor<\/td>\n<td>7,5 kW<\/td>\n<\/tr>\n<tr>\n<td>Requisitos de energ\u00eda<\/td>\n<td>Trif\u00e1sica 380 V 50 Hz (se puede configurar seg\u00fan sea necesario)<\/td>\n<\/tr>\n<tr>\n<td>Energ\u00eda hidr\u00e1ulica<\/td>\n<td>5,5 kW<\/td>\n<\/tr>\n<tr>\n<td>Capacidad del tanque hidr\u00e1ulico<\/td>\n<td>100 litros<\/td>\n<\/tr>\n<tr>\n<td>M\u00e9todo de enfriamiento hidr\u00e1ulico<\/td>\n<td>Refrigeraci\u00f3n por aire<\/td>\n<\/tr>\n<tr>\n<td>Ajuste de la presi\u00f3n hidr\u00e1ulica<\/td>\n<td>Configuraci\u00f3n de la computadora<\/td>\n<\/tr>\n<tr>\n<td>Modo de control del host<\/td>\n<td>Control remoto inal\u00e1mbrico (configuraci\u00f3n est\u00e1ndar)<\/td>\n<\/tr>\n<tr>\n<td>Matrices de estampaci\u00f3n de marcos y cerchas<\/td>\n<td>Orificios para tornillos con hoyuelos, chaflanes, orificios pasantes de alma, peque\u00f1os cortes de borde, orificios para tuber\u00edas, contracci\u00f3n de alma, corte, orificios de cimentaci\u00f3n de alma, orificios de lechado<\/td>\n<\/tr>\n<tr>\n<td>Precisi\u00f3n del producto<\/td>\n<td>\u00b10,5 mm<\/td>\n<\/tr>\n<tr>\n<td>Impresora de inyecci\u00f3n de tinta<\/td>\n<td>Boquillas dobles, pulverizaci\u00f3n hasta la cintura en ambos lados (configuraciones de impresi\u00f3n disponibles)<\/td>\n<\/tr>\n<tr>\n<td>Tama\u00f1o de la m\u00e1quina<\/td>\n<td>40008001200 mil\u00edmetros<\/td>\n<\/tr>\n<tr>\n<td>Peso de la m\u00e1quina<\/td>\n<td>3000 kilos<\/td>\n<\/tr>\n<tr>\n<td>Color de la m\u00e1quina<\/td>\n<td>Seg\u00fan los est\u00e1ndares de la empresa<\/td>\n<\/tr>\n<tr>\n<td>Carga y funci\u00f3n del desenrollador<\/td>\n<td>3000 kg, desenrollado autom\u00e1tico<\/td>\n<\/tr>\n<\/tbody>\n<\/table>\n<h5>Diagrama de flujo de producci\u00f3n<\/h5>\n<p><img loading=\"lazy\" decoding=\"async\" class=\"alignnone wp-image-3107\" src=\"https:\/\/henerrfm.com\/wp-content\/uploads\/2025\/10\/C89-Light-Gauge-Steel-Framing-Machinelc-1-300x183.jpg\" alt=\"\" width=\"1302\" height=\"794\" srcset=\"https:\/\/www.henerrfm.com\/wp-content\/uploads\/2025\/10\/C89-Light-Gauge-Steel-Framing-Machinelc-1-300x183.jpg 300w, https:\/\/www.henerrfm.com\/wp-content\/uploads\/2025\/10\/C89-Light-Gauge-Steel-Framing-Machinelc-1-1024x625.jpg 1024w, https:\/\/www.henerrfm.com\/wp-content\/uploads\/2025\/10\/C89-Light-Gauge-Steel-Framing-Machinelc-1-768x469.jpg 768w, https:\/\/www.henerrfm.com\/wp-content\/uploads\/2025\/10\/C89-Light-Gauge-Steel-Framing-Machinelc-1-600x366.jpg 600w, https:\/\/www.henerrfm.com\/wp-content\/uploads\/2025\/10\/C89-Light-Gauge-Steel-Framing-Machinelc-1.jpg 1350w\" sizes=\"auto, (max-width: 1302px) 100vw, 1302px\" \/><\/p>\n<h5 style=\"text-align: left;\">V\u00eddeo del producto<\/h5>\n<p><iframe loading=\"lazy\" title=\"M\u00e1quina de enmarcado de acero de calibre ligero C89\" width=\"1350\" height=\"759\" src=\"https:\/\/www.youtube.com\/embed\/xRIqXoqxP9c?feature=oembed\" frameborder=\"0\" allow=\"accelerometer; autoplay; clipboard-write; encrypted-media; gyroscope; picture-in-picture; web-share\" referrerpolicy=\"strict-origin-when-cross-origin\" allowfullscreen><\/iframe><\/p>\n<h5>Visualizaci\u00f3n de detalles del producto<\/h5>\n<p><img loading=\"lazy\" decoding=\"async\" class=\"alignnone wp-image-3110\" src=\"https:\/\/henerrfm.com\/wp-content\/uploads\/2025\/10\/C89-Light-Gauge-Steel-Framing-Machinexj-300x67.jpg\" alt=\"\" width=\"1303\" height=\"291\" srcset=\"https:\/\/www.henerrfm.com\/wp-content\/uploads\/2025\/10\/C89-Light-Gauge-Steel-Framing-Machinexj-300x67.jpg 300w, https:\/\/www.henerrfm.com\/wp-content\/uploads\/2025\/10\/C89-Light-Gauge-Steel-Framing-Machinexj-1024x230.jpg 1024w, https:\/\/www.henerrfm.com\/wp-content\/uploads\/2025\/10\/C89-Light-Gauge-Steel-Framing-Machinexj-768x172.jpg 768w, https:\/\/www.henerrfm.com\/wp-content\/uploads\/2025\/10\/C89-Light-Gauge-Steel-Framing-Machinexj-600x135.jpg 600w, https:\/\/www.henerrfm.com\/wp-content\/uploads\/2025\/10\/C89-Light-Gauge-Steel-Framing-Machinexj.jpg 1350w\" sizes=\"auto, (max-width: 1303px) 100vw, 1303px\" \/><\/p>\n<h5>Solicitud<\/h5>\n<p><img loading=\"lazy\" decoding=\"async\" class=\"alignnone wp-image-2814\" src=\"https:\/\/henerrfm.com\/wp-content\/uploads\/2025\/10\/C89-Light-Gauge-Steel-Framing-Machine.jpgYY_-300x197.jpg\" alt=\"\" width=\"1305\" height=\"857\" srcset=\"https:\/\/www.henerrfm.com\/wp-content\/uploads\/2025\/10\/C89-Light-Gauge-Steel-Framing-Machine.jpgYY_-300x197.jpg 300w, https:\/\/www.henerrfm.com\/wp-content\/uploads\/2025\/10\/C89-Light-Gauge-Steel-Framing-Machine.jpgYY_-768x503.jpg 768w, https:\/\/www.henerrfm.com\/wp-content\/uploads\/2025\/10\/C89-Light-Gauge-Steel-Framing-Machine.jpgYY_-600x393.jpg 600w, https:\/\/www.henerrfm.com\/wp-content\/uploads\/2025\/10\/C89-Light-Gauge-Steel-Framing-Machine.jpgYY_.jpg 800w\" sizes=\"auto, (max-width: 1305px) 100vw, 1305px\" \/><\/p>\n<h5>Producto terminado<\/h5>\n<p><img loading=\"lazy\" decoding=\"async\" class=\"alignnone wp-image-2819\" src=\"https:\/\/henerrfm.com\/wp-content\/uploads\/2025\/10\/C89-Light-Gauge-Steel-Framing-MachineCP-300x90.jpg\" alt=\"\" width=\"1317\" height=\"395\" srcset=\"https:\/\/www.henerrfm.com\/wp-content\/uploads\/2025\/10\/C89-Light-Gauge-Steel-Framing-MachineCP-300x90.jpg 300w, https:\/\/www.henerrfm.com\/wp-content\/uploads\/2025\/10\/C89-Light-Gauge-Steel-Framing-MachineCP-1024x306.jpg 1024w, https:\/\/www.henerrfm.com\/wp-content\/uploads\/2025\/10\/C89-Light-Gauge-Steel-Framing-MachineCP-768x229.jpg 768w, https:\/\/www.henerrfm.com\/wp-content\/uploads\/2025\/10\/C89-Light-Gauge-Steel-Framing-MachineCP-600x179.jpg 600w\" sizes=\"auto, (max-width: 1317px) 100vw, 1317px\" \/><\/p>","protected":false},"excerpt":{"rendered":"<p>Product Overview The C89 LGS Framing Machine is a fully automatic system designed for producing light gauge steel structural components used in residential and modular construction. Also known as the C89 light steel cold-formed framing system, it is equipped with 11 precision roll forming stations that continuously bend galvanized steel coils into high-accuracy profiles at [&hellip;]<\/p>\n","protected":false},"featured_media":3102,"comment_status":"open","ping_status":"closed","template":"","meta":{"_gspb_post_css":""},"product_brand":[],"product_cat":[136,135],"product_tag":[],"class_list":{"0":"post-224","1":"product","2":"type-product","3":"status-publish","4":"has-post-thumbnail","6":"product_cat-light-gauge-steel-framing-machine","7":"product_cat-steel-structure-light-gauge-frame-roll-forming-machine","9":"first","10":"instock","11":"shipping-taxable","12":"product-type-simple"},"_links":{"self":[{"href":"https:\/\/www.henerrfm.com\/es\/wp-json\/wp\/v2\/product\/224","targetHints":{"allow":["GET"]}}],"collection":[{"href":"https:\/\/www.henerrfm.com\/es\/wp-json\/wp\/v2\/product"}],"about":[{"href":"https:\/\/www.henerrfm.com\/es\/wp-json\/wp\/v2\/types\/product"}],"replies":[{"embeddable":true,"href":"https:\/\/www.henerrfm.com\/es\/wp-json\/wp\/v2\/comments?post=224"}],"wp:featuredmedia":[{"embeddable":true,"href":"https:\/\/www.henerrfm.com\/es\/wp-json\/wp\/v2\/media\/3102"}],"wp:attachment":[{"href":"https:\/\/www.henerrfm.com\/es\/wp-json\/wp\/v2\/media?parent=224"}],"wp:term":[{"taxonomy":"product_brand","embeddable":true,"href":"https:\/\/www.henerrfm.com\/es\/wp-json\/wp\/v2\/product_brand?post=224"},{"taxonomy":"product_cat","embeddable":true,"href":"https:\/\/www.henerrfm.com\/es\/wp-json\/wp\/v2\/product_cat?post=224"},{"taxonomy":"product_tag","embeddable":true,"href":"https:\/\/www.henerrfm.com\/es\/wp-json\/wp\/v2\/product_tag?post=224"}],"curies":[{"name":"wp","href":"https:\/\/api.w.org\/{rel}","templated":true}]}}