{"id":228,"date":"2025-10-31T09:17:45","date_gmt":"2025-10-31T09:17:45","guid":{"rendered":"https:\/\/henerrfm.com\/?post_type=product&#038;p=228"},"modified":"2025-12-04T03:52:42","modified_gmt":"2025-12-04T03:52:42","slug":"door-frame-roll-forming-machine","status":"publish","type":"product","link":"https:\/\/www.henerrfm.com\/es\/product\/door-frame-roll-forming-machine\/","title":{"rendered":"M\u00e1quina formadora de marcos de puertas de alta velocidad"},"content":{"rendered":"<h5>Descripci\u00f3n general del producto<\/h5>\n<p>La m\u00e1quina perfiladora de marcos de puertas de alta velocidad es una soluci\u00f3n de producci\u00f3n avanzada para formar marcos met\u00e1licos de puertas y ventanas de alta precisi\u00f3n a partir de bobinas de acero galvanizado. Dise\u00f1ado para espesores de materiales que oscilan entre 0,65 mm y 1,0 mm, este equipo proporciona una excelente precisi\u00f3n de conformado y una calidad constante del producto para la fabricaci\u00f3n a gran escala.<\/p>\n<p>Equipado con desengrasante, sistema nivelador, unidad perfiladora, secci\u00f3n de corte hidr\u00e1ulico, mesa de descentramiento y <a href=\"https:\/\/en.wikipedia.org\/wiki\/Programmable_logic_controller\" target=\"_blank\" rel=\"noopener\">PLC<\/a> control inteligente, la m\u00e1quina para fabricar marcos de puertas garantiza una producci\u00f3n fluida y automatizada con una m\u00ednima intervenci\u00f3n manual. Su sistema PLC integrado monitorea con precisi\u00f3n cada etapa de operaci\u00f3n, mejorando la estabilidad y reduciendo errores de producci\u00f3n.<\/p>\n<p>Esta l\u00ednea de alto rendimiento se aplica ampliamente en la fabricaci\u00f3n de marcos met\u00e1licos para puertas y ventanas, ofreciendo un funcionamiento confiable, bajo mantenimiento y una larga vida \u00fatil, lo que la convierte en una opci\u00f3n ideal para fabricantes profesionales de marcos de acero.<\/p>\n<h5>Dibujos de perfiles de m\u00e1quinas formadoras de rollos de marcos de puertas de alta velocidad<\/h5>\n<p><img loading=\"lazy\" decoding=\"async\" class=\"alignnone wp-image-2782\" src=\"https:\/\/henerrfm.com\/wp-content\/uploads\/2025\/10\/High-Speed-Door-Frame-Roll-Forming-Machinepm-300x148.jpg\" alt=\"\" width=\"928\" height=\"458\" srcset=\"https:\/\/www.henerrfm.com\/wp-content\/uploads\/2025\/10\/High-Speed-Door-Frame-Roll-Forming-Machinepm-300x148.jpg 300w, https:\/\/www.henerrfm.com\/wp-content\/uploads\/2025\/10\/High-Speed-Door-Frame-Roll-Forming-Machinepm-1024x505.jpg 1024w, https:\/\/www.henerrfm.com\/wp-content\/uploads\/2025\/10\/High-Speed-Door-Frame-Roll-Forming-Machinepm-768x379.jpg 768w, https:\/\/www.henerrfm.com\/wp-content\/uploads\/2025\/10\/High-Speed-Door-Frame-Roll-Forming-Machinepm-600x296.jpg 600w, https:\/\/www.henerrfm.com\/wp-content\/uploads\/2025\/10\/High-Speed-Door-Frame-Roll-Forming-Machinepm.jpg 1350w\" sizes=\"auto, (max-width: 928px) 100vw, 928px\" \/><\/p>\n<h5>Par\u00e1metros t\u00e9cnicos<\/h5>\n<table>\n<tbody>\n<tr>\n<td>Material<\/td>\n<td>Bobina Galvanizada, Acero Galvanizado CS<\/td>\n<\/tr>\n<tr>\n<td>Espesor del material<\/td>\n<td>1,0-1,5 mm<\/td>\n<\/tr>\n<tr>\n<td>Velocidad de formaci\u00f3n<\/td>\n<td>10-12m\/min<\/td>\n<\/tr>\n<tr>\n<td>Alimentaci\u00f3n principal<\/td>\n<td>11 KW<\/td>\n<\/tr>\n<tr>\n<td>Longitud de la m\u00e1quina<\/td>\n<td>Unos 10 m<\/td>\n<\/tr>\n<tr>\n<td>Peso de la l\u00ednea de producci\u00f3n<\/td>\n<td>6,5T<\/td>\n<\/tr>\n<tr>\n<td>N\u00famero de estaciones<\/td>\n<td>18<\/td>\n<\/tr>\n<\/tbody>\n<\/table>\n<h5>Diagrama de flujo de producci\u00f3n<\/h5>\n<p><img loading=\"lazy\" decoding=\"async\" class=\"alignnone wp-image-2781\" src=\"https:\/\/henerrfm.com\/wp-content\/uploads\/2025\/10\/High-Speed-Door-Frame-Roll-Forming-Machinelc-300x84.jpg\" alt=\"\" width=\"1275\" height=\"357\" srcset=\"https:\/\/www.henerrfm.com\/wp-content\/uploads\/2025\/10\/High-Speed-Door-Frame-Roll-Forming-Machinelc-300x84.jpg 300w, https:\/\/www.henerrfm.com\/wp-content\/uploads\/2025\/10\/High-Speed-Door-Frame-Roll-Forming-Machinelc-1024x286.jpg 1024w, https:\/\/www.henerrfm.com\/wp-content\/uploads\/2025\/10\/High-Speed-Door-Frame-Roll-Forming-Machinelc-768x214.jpg 768w, https:\/\/www.henerrfm.com\/wp-content\/uploads\/2025\/10\/High-Speed-Door-Frame-Roll-Forming-Machinelc-600x168.jpg 600w, https:\/\/www.henerrfm.com\/wp-content\/uploads\/2025\/10\/High-Speed-Door-Frame-Roll-Forming-Machinelc.jpg 1350w\" sizes=\"auto, (max-width: 1275px) 100vw, 1275px\" \/><\/p>\n<h5 style=\"text-align: left;\">V\u00eddeo del producto<\/h5>\n<p><iframe loading=\"lazy\" title=\"M\u00e1quina formadora de marcos de puertas de alta velocidad\" width=\"1350\" height=\"759\" src=\"https:\/\/www.youtube.com\/embed\/cPdu3voBGOk?feature=oembed\" frameborder=\"0\" allow=\"accelerometer; autoplay; clipboard-write; encrypted-media; gyroscope; picture-in-picture; web-share\" referrerpolicy=\"strict-origin-when-cross-origin\" allowfullscreen><\/iframe><\/p>\n<h5>Visualizaci\u00f3n de detalles del producto<\/h5>\n<p><img loading=\"lazy\" decoding=\"async\" class=\"alignnone wp-image-2783\" src=\"https:\/\/henerrfm.com\/wp-content\/uploads\/2025\/10\/High-Speed-Door-Frame-Roll-Forming-Machinexj-300x72.jpg\" alt=\"\" width=\"1300\" height=\"312\" srcset=\"https:\/\/www.henerrfm.com\/wp-content\/uploads\/2025\/10\/High-Speed-Door-Frame-Roll-Forming-Machinexj-300x72.jpg 300w, https:\/\/www.henerrfm.com\/wp-content\/uploads\/2025\/10\/High-Speed-Door-Frame-Roll-Forming-Machinexj-1024x245.jpg 1024w, https:\/\/www.henerrfm.com\/wp-content\/uploads\/2025\/10\/High-Speed-Door-Frame-Roll-Forming-Machinexj-768x184.jpg 768w, https:\/\/www.henerrfm.com\/wp-content\/uploads\/2025\/10\/High-Speed-Door-Frame-Roll-Forming-Machinexj-600x144.jpg 600w, https:\/\/www.henerrfm.com\/wp-content\/uploads\/2025\/10\/High-Speed-Door-Frame-Roll-Forming-Machinexj.jpg 1350w\" sizes=\"auto, (max-width: 1300px) 100vw, 1300px\" \/><\/p>\n<h5>Solicitud<\/h5>\n<p><img loading=\"lazy\" decoding=\"async\" class=\"alignnone wp-image-2784\" src=\"https:\/\/henerrfm.com\/wp-content\/uploads\/2025\/10\/High-Speed-Door-Frame-Roll-Forming-Machineyy-300x141.jpg\" alt=\"\" width=\"1277\" height=\"600\" srcset=\"https:\/\/www.henerrfm.com\/wp-content\/uploads\/2025\/10\/High-Speed-Door-Frame-Roll-Forming-Machineyy-300x141.jpg 300w, https:\/\/www.henerrfm.com\/wp-content\/uploads\/2025\/10\/High-Speed-Door-Frame-Roll-Forming-Machineyy-1024x481.jpg 1024w, https:\/\/www.henerrfm.com\/wp-content\/uploads\/2025\/10\/High-Speed-Door-Frame-Roll-Forming-Machineyy-768x361.jpg 768w, https:\/\/www.henerrfm.com\/wp-content\/uploads\/2025\/10\/High-Speed-Door-Frame-Roll-Forming-Machineyy-600x282.jpg 600w, https:\/\/www.henerrfm.com\/wp-content\/uploads\/2025\/10\/High-Speed-Door-Frame-Roll-Forming-Machineyy.jpg 1350w\" sizes=\"auto, (max-width: 1277px) 100vw, 1277px\" \/><\/p>","protected":false},"excerpt":{"rendered":"<p>Product Overview The High-Speed Door Frame Roll Forming Machine is an advanced production solution for forming high-precision metal door and window frames from galvanized steel coils. Designed for material thicknesses ranging from 0.65 mm to 1.0 mm, this equipment provides excellent forming accuracy and consistent product quality for large-scale manufacturing. Equipped with a decoiler, leveling [&hellip;]<\/p>\n","protected":false},"featured_media":229,"comment_status":"open","ping_status":"closed","template":"","meta":{"_gspb_post_css":""},"product_brand":[],"product_cat":[143,144],"product_tag":[],"class_list":{"0":"post-228","1":"product","2":"type-product","3":"status-publish","4":"has-post-thumbnail","6":"product_cat-door-shutter-roll-forming-machine","7":"product_cat-door-frame-roll-forming-machine","9":"first","10":"instock","11":"shipping-taxable","12":"product-type-simple"},"_links":{"self":[{"href":"https:\/\/www.henerrfm.com\/es\/wp-json\/wp\/v2\/product\/228","targetHints":{"allow":["GET"]}}],"collection":[{"href":"https:\/\/www.henerrfm.com\/es\/wp-json\/wp\/v2\/product"}],"about":[{"href":"https:\/\/www.henerrfm.com\/es\/wp-json\/wp\/v2\/types\/product"}],"replies":[{"embeddable":true,"href":"https:\/\/www.henerrfm.com\/es\/wp-json\/wp\/v2\/comments?post=228"}],"wp:featuredmedia":[{"embeddable":true,"href":"https:\/\/www.henerrfm.com\/es\/wp-json\/wp\/v2\/media\/229"}],"wp:attachment":[{"href":"https:\/\/www.henerrfm.com\/es\/wp-json\/wp\/v2\/media?parent=228"}],"wp:term":[{"taxonomy":"product_brand","embeddable":true,"href":"https:\/\/www.henerrfm.com\/es\/wp-json\/wp\/v2\/product_brand?post=228"},{"taxonomy":"product_cat","embeddable":true,"href":"https:\/\/www.henerrfm.com\/es\/wp-json\/wp\/v2\/product_cat?post=228"},{"taxonomy":"product_tag","embeddable":true,"href":"https:\/\/www.henerrfm.com\/es\/wp-json\/wp\/v2\/product_tag?post=228"}],"curies":[{"name":"wp","href":"https:\/\/api.w.org\/{rel}","templated":true}]}}