{"id":231,"date":"2025-10-31T09:19:25","date_gmt":"2025-10-31T09:19:25","guid":{"rendered":"https:\/\/henerrfm.com\/?post_type=product&#038;p=231"},"modified":"2025-12-04T03:56:35","modified_gmt":"2025-12-04T03:56:35","slug":"shutter-door-guide-rail-roll-forming-machine","status":"publish","type":"product","link":"https:\/\/www.henerrfm.com\/es\/product\/shutter-door-guide-rail-roll-forming-machine\/","title":{"rendered":"M\u00e1quina formadora de rollos de rieles gu\u00eda para puertas de persianas"},"content":{"rendered":"<h5>Descripci\u00f3n general del producto<\/h5>\n<p>La m\u00e1quina perfiladora de rieles gu\u00eda de puerta de persiana, tambi\u00e9n conocida como m\u00e1quina perfiladora de rieles gu\u00eda de puerta de persiana enrollable, est\u00e1 dise\u00f1ada mediante una serie de rodillos, que se doblan en fr\u00edo a trav\u00e9s de los rodillos de varias filas para formar el riel gu\u00eda de puerta de persiana enrollable, que se usa en ambos lados de la puerta enrollable como carril deslizante.<br \/>\nEst\u00e1 dise\u00f1ado para productos de rieles gu\u00eda de puertas, se utiliza con productos de puertas con contraventanas enrollables y es un producto de soporte esencial para puertas con contraventanas enrollables. El rango general de espesor de la materia prima es: 0,8-1,2 mm, que es un espesor moderado, resistente y duradero<br \/>\nEl tipo de placa tiene generalmente forma de C o U, que se utiliza para el dise\u00f1o de ambos lados del carril gu\u00eda<br \/>\nExisten diferentes versiones populares en diferentes pa\u00edses.<\/p>\n<h5>Dibujos de perfiles de m\u00e1quinas formadoras de rollos de rieles gu\u00eda de puertas de contraventanas<\/h5>\n<p><img loading=\"lazy\" decoding=\"async\" class=\"alignnone wp-image-2771\" src=\"https:\/\/henerrfm.com\/wp-content\/uploads\/2025\/10\/profile-drawingshutter-door-guide-rail-machine--300x79.jpg\" alt=\"\" width=\"1337\" height=\"352\" srcset=\"https:\/\/www.henerrfm.com\/wp-content\/uploads\/2025\/10\/profile-drawingshutter-door-guide-rail-machine--300x79.jpg 300w, https:\/\/www.henerrfm.com\/wp-content\/uploads\/2025\/10\/profile-drawingshutter-door-guide-rail-machine--1024x269.jpg 1024w, https:\/\/www.henerrfm.com\/wp-content\/uploads\/2025\/10\/profile-drawingshutter-door-guide-rail-machine--768x201.jpg 768w, https:\/\/www.henerrfm.com\/wp-content\/uploads\/2025\/10\/profile-drawingshutter-door-guide-rail-machine--600x157.jpg 600w, https:\/\/www.henerrfm.com\/wp-content\/uploads\/2025\/10\/profile-drawingshutter-door-guide-rail-machine-.jpg 1350w\" sizes=\"auto, (max-width: 1337px) 100vw, 1337px\" \/><\/p>\n<h5>Par\u00e1metros t\u00e9cnicos<\/h5>\n<table>\n<thead>\n<tr>\n<th><span style=\"font-weight: 400;\">Art\u00edculo<\/span><\/th>\n<th><span style=\"font-weight: 400;\">Detalles de la especificaci\u00f3n<\/span><\/th>\n<\/tr>\n<\/thead>\n<tbody>\n<tr>\n<td>Voltaje<\/td>\n<td>380V, 50Hz (personalizable seg\u00fan solicitud del cliente)<\/td>\n<\/tr>\n<tr>\n<td>Espesor del material<\/td>\n<td>1,0 \u0219i 2,0 mm<\/td>\n<\/tr>\n<tr>\n<td>Fuerza de fluencia<\/td>\n<td>\u2264 G345 Mpa<\/td>\n<\/tr>\n<tr>\n<td>Material de procesamiento<\/td>\n<td>Hoja galvanizada Q195-Q235<\/td>\n<\/tr>\n<tr>\n<td>Velocidad de trabajo<\/td>\n<td>0-15 m\/min<\/td>\n<\/tr>\n<tr>\n<td>Potencia del motor principal<\/td>\n<td>7,5 kW<\/td>\n<\/tr>\n<tr>\n<td>Marco de mesa<\/td>\n<td>Haz de 300 H<\/td>\n<\/tr>\n<tr>\n<td>Estaciones de rodillos<\/td>\n<td>10 estaciones<\/td>\n<\/tr>\n<tr>\n<td>Material del rodillo<\/td>\n<td>Acero 45#, <a href=\"https:\/\/en.wikipedia.org\/wiki\/Quenching\" target=\"_blank\" rel=\"noopener\">apagado<\/a>, mecanizado con precisi\u00f3n, cromado duro (HRC55-60)<\/td>\n<\/tr>\n<tr>\n<td>Di\u00e1metro del eje<\/td>\n<td>&lt;80 mm<\/td>\n<\/tr>\n<tr>\n<td>Material del eje<\/td>\n<td>Acero 45# tratado t\u00e9rmicamente (HRC55-60)<\/td>\n<\/tr>\n<tr>\n<td>M\u00e9todo de transmisi\u00f3n<\/td>\n<td>Por cadena<\/td>\n<\/tr>\n<tr>\n<td>Estructura del soporte del rodillo<\/td>\n<td>Placa de pared media, 18 mm de espesor<\/td>\n<\/tr>\n<tr>\n<td>Tipo de corte<\/td>\n<td>Corte hidr\u00e1ulico<\/td>\n<\/tr>\n<tr>\n<td>Poder de corte<\/td>\n<td>5,5 kW<\/td>\n<\/tr>\n<tr>\n<td>M\u00e9todo de medici\u00f3n de longitud<\/td>\n<td>Medici\u00f3n autom\u00e1tica del codificador<a href=\"https:\/\/www.henerrfm.com\/es\/categoria-producto\/door-shutter-roll-forming-machine\/\">\u00a0<\/a><\/td>\n<\/tr>\n<tr>\n<td>Tolerancia de corte<\/td>\n<td>3000 mm \u00b1 1,0 mm<\/td>\n<\/tr>\n<\/tbody>\n<\/table>\n<h5>Diagrama de flujo de producci\u00f3n<\/h5>\n<p><img loading=\"lazy\" decoding=\"async\" class=\"alignnone wp-image-2776\" src=\"https:\/\/henerrfm.com\/wp-content\/uploads\/2025\/10\/shutter-door-guide-rail-machine-lc-300x61.jpg\" alt=\"\" width=\"1313\" height=\"267\" srcset=\"https:\/\/www.henerrfm.com\/wp-content\/uploads\/2025\/10\/shutter-door-guide-rail-machine-lc-300x61.jpg 300w, https:\/\/www.henerrfm.com\/wp-content\/uploads\/2025\/10\/shutter-door-guide-rail-machine-lc-1024x207.jpg 1024w, https:\/\/www.henerrfm.com\/wp-content\/uploads\/2025\/10\/shutter-door-guide-rail-machine-lc-768x155.jpg 768w, https:\/\/www.henerrfm.com\/wp-content\/uploads\/2025\/10\/shutter-door-guide-rail-machine-lc-600x121.jpg 600w, https:\/\/www.henerrfm.com\/wp-content\/uploads\/2025\/10\/shutter-door-guide-rail-machine-lc.jpg 1350w\" sizes=\"auto, (max-width: 1313px) 100vw, 1313px\" \/><\/p>\n<h5 style=\"text-align: left;\">V\u00eddeo del producto<\/h5>\n<p><iframe loading=\"lazy\" title=\"M\u00e1quina formadora de rollos de rieles gu\u00eda para puertas de persianas\" width=\"1350\" height=\"759\" src=\"https:\/\/www.youtube.com\/embed\/SvVl6ev7puQ?feature=oembed\" frameborder=\"0\" allow=\"accelerometer; autoplay; clipboard-write; encrypted-media; gyroscope; picture-in-picture; web-share\" referrerpolicy=\"strict-origin-when-cross-origin\" allowfullscreen><\/iframe><\/p>\n<p>&nbsp;<\/p>\n<h5>Visualizaci\u00f3n de detalles del producto<img loading=\"lazy\" decoding=\"async\" class=\"alignnone wp-image-2777\" src=\"https:\/\/henerrfm.com\/wp-content\/uploads\/2025\/10\/shutter-door-guide-rail-machine-xj-300x103.jpg\" alt=\"\" width=\"1325\" height=\"455\" srcset=\"https:\/\/www.henerrfm.com\/wp-content\/uploads\/2025\/10\/shutter-door-guide-rail-machine-xj-300x103.jpg 300w, https:\/\/www.henerrfm.com\/wp-content\/uploads\/2025\/10\/shutter-door-guide-rail-machine-xj-1024x351.jpg 1024w, https:\/\/www.henerrfm.com\/wp-content\/uploads\/2025\/10\/shutter-door-guide-rail-machine-xj-768x263.jpg 768w, https:\/\/www.henerrfm.com\/wp-content\/uploads\/2025\/10\/shutter-door-guide-rail-machine-xj-600x206.jpg 600w, https:\/\/www.henerrfm.com\/wp-content\/uploads\/2025\/10\/shutter-door-guide-rail-machine-xj.jpg 1350w\" sizes=\"auto, (max-width: 1325px) 100vw, 1325px\" \/><img loading=\"lazy\" decoding=\"async\" class=\"alignnone wp-image-2778\" src=\"https:\/\/henerrfm.com\/wp-content\/uploads\/2025\/10\/shutter-door-guide-rail-machine-xj1-300x103.jpg\" alt=\"\" width=\"1300\" height=\"446\" srcset=\"https:\/\/www.henerrfm.com\/wp-content\/uploads\/2025\/10\/shutter-door-guide-rail-machine-xj1-300x103.jpg 300w, https:\/\/www.henerrfm.com\/wp-content\/uploads\/2025\/10\/shutter-door-guide-rail-machine-xj1-1024x351.jpg 1024w, https:\/\/www.henerrfm.com\/wp-content\/uploads\/2025\/10\/shutter-door-guide-rail-machine-xj1-768x263.jpg 768w, https:\/\/www.henerrfm.com\/wp-content\/uploads\/2025\/10\/shutter-door-guide-rail-machine-xj1-600x206.jpg 600w, https:\/\/www.henerrfm.com\/wp-content\/uploads\/2025\/10\/shutter-door-guide-rail-machine-xj1.jpg 1350w\" sizes=\"auto, (max-width: 1300px) 100vw, 1300px\" \/><\/h5>\n<h5>Solicitud<\/h5>\n<p><img loading=\"lazy\" decoding=\"async\" class=\"alignnone wp-image-2779\" src=\"https:\/\/henerrfm.com\/wp-content\/uploads\/2025\/10\/shutter-door-guide-rail-machine-yy-300x167.jpg\" alt=\"\" width=\"821\" height=\"457\" srcset=\"https:\/\/www.henerrfm.com\/wp-content\/uploads\/2025\/10\/shutter-door-guide-rail-machine-yy-300x167.jpg 300w, https:\/\/www.henerrfm.com\/wp-content\/uploads\/2025\/10\/shutter-door-guide-rail-machine-yy-1024x571.jpg 1024w, https:\/\/www.henerrfm.com\/wp-content\/uploads\/2025\/10\/shutter-door-guide-rail-machine-yy-768x428.jpg 768w, https:\/\/www.henerrfm.com\/wp-content\/uploads\/2025\/10\/shutter-door-guide-rail-machine-yy-600x335.jpg 600w, https:\/\/www.henerrfm.com\/wp-content\/uploads\/2025\/10\/shutter-door-guide-rail-machine-yy.jpg 1350w\" sizes=\"auto, (max-width: 821px) 100vw, 821px\" \/><\/p>\n<h5>Producto terminado<\/h5>\n<p><img loading=\"lazy\" decoding=\"async\" class=\"alignnone wp-image-2775\" src=\"https:\/\/henerrfm.com\/wp-content\/uploads\/2025\/10\/shutter-door-guide-rail-machine-cp-300x103.jpg\" alt=\"\" width=\"1302\" height=\"447\" srcset=\"https:\/\/www.henerrfm.com\/wp-content\/uploads\/2025\/10\/shutter-door-guide-rail-machine-cp-300x103.jpg 300w, https:\/\/www.henerrfm.com\/wp-content\/uploads\/2025\/10\/shutter-door-guide-rail-machine-cp-1024x351.jpg 1024w, https:\/\/www.henerrfm.com\/wp-content\/uploads\/2025\/10\/shutter-door-guide-rail-machine-cp-768x263.jpg 768w, https:\/\/www.henerrfm.com\/wp-content\/uploads\/2025\/10\/shutter-door-guide-rail-machine-cp-600x206.jpg 600w, https:\/\/www.henerrfm.com\/wp-content\/uploads\/2025\/10\/shutter-door-guide-rail-machine-cp.jpg 1350w\" sizes=\"auto, (max-width: 1302px) 100vw, 1302px\" \/><\/p>","protected":false},"excerpt":{"rendered":"<p>Product Overview Shutter Door Guide rail roll forming machine, also known as rolling shutter door guide rail forming machine, is designed by a series of rollers, cold bending through the multi-row rollers to form the rolling shutter door guide rail, used on both sides of the rolling shutter door as a sliding track. It is [&hellip;]<\/p>\n","protected":false},"featured_media":232,"comment_status":"open","ping_status":"closed","template":"","meta":{"_gspb_post_css":""},"product_brand":[],"product_cat":[143,146],"product_tag":[],"class_list":{"0":"post-231","1":"product","2":"type-product","3":"status-publish","4":"has-post-thumbnail","6":"product_cat-door-shutter-roll-forming-machine","7":"product_cat-shutter-door-guide-rail-roll-forming-machine","9":"first","10":"instock","11":"shipping-taxable","12":"product-type-simple"},"_links":{"self":[{"href":"https:\/\/www.henerrfm.com\/es\/wp-json\/wp\/v2\/product\/231","targetHints":{"allow":["GET"]}}],"collection":[{"href":"https:\/\/www.henerrfm.com\/es\/wp-json\/wp\/v2\/product"}],"about":[{"href":"https:\/\/www.henerrfm.com\/es\/wp-json\/wp\/v2\/types\/product"}],"replies":[{"embeddable":true,"href":"https:\/\/www.henerrfm.com\/es\/wp-json\/wp\/v2\/comments?post=231"}],"wp:featuredmedia":[{"embeddable":true,"href":"https:\/\/www.henerrfm.com\/es\/wp-json\/wp\/v2\/media\/232"}],"wp:attachment":[{"href":"https:\/\/www.henerrfm.com\/es\/wp-json\/wp\/v2\/media?parent=231"}],"wp:term":[{"taxonomy":"product_brand","embeddable":true,"href":"https:\/\/www.henerrfm.com\/es\/wp-json\/wp\/v2\/product_brand?post=231"},{"taxonomy":"product_cat","embeddable":true,"href":"https:\/\/www.henerrfm.com\/es\/wp-json\/wp\/v2\/product_cat?post=231"},{"taxonomy":"product_tag","embeddable":true,"href":"https:\/\/www.henerrfm.com\/es\/wp-json\/wp\/v2\/product_tag?post=231"}],"curies":[{"name":"wp","href":"https:\/\/api.w.org\/{rel}","templated":true}]}}