{"id":236,"date":"2025-10-31T09:22:43","date_gmt":"2025-10-31T09:22:43","guid":{"rendered":"https:\/\/henerrfm.com\/?post_type=product&#038;p=236"},"modified":"2025-12-04T03:58:20","modified_gmt":"2025-12-04T03:58:20","slug":"high-speed-metal-cut-to-length-line","status":"publish","type":"product","link":"https:\/\/www.henerrfm.com\/es\/product\/high-speed-metal-cut-to-length-line\/","title":{"rendered":"L\u00ednea de corte longitudinal de metal de alta velocidad"},"content":{"rendered":"<h5>Descripci\u00f3n general del producto<\/h5>\n<p>La l\u00ednea de corte a longitud de metal de alta velocidad est\u00e1 dise\u00f1ada para cortar de manera eficiente una variedad de bobinas de metal, incluidas GI, GL, <a href=\"https:\/\/en.wikipedia.org\/wiki\/PPGI\" target=\"_blank\" rel=\"noopener\">PPGI<\/a>, y PPGL, en longitudes precisas. Capaz de manipular materiales de hasta 1 mm de espesor, es una soluci\u00f3n ideal para operaciones de procesamiento de metales de tama\u00f1o peque\u00f1o a mediano.<\/p>\n<p>Esta l\u00ednea ofrece flexibilidad con decoilers manuales o autom\u00e1ticos, soportando capacidades de carga de 5 a 10 toneladas seg\u00fan los requisitos de producci\u00f3n. Al combinar el corte de alta velocidad con un control preciso de la longitud, la l\u00ednea de corte a longitud de metal de alta velocidad ayuda a los fabricantes a reducir los costos de inversi\u00f3n y al mismo tiempo ofrece productos que cumplen con las especificaciones exactas del cliente.<\/p>\n<h5>Par\u00e1metros t\u00e9cnicos<\/h5>\n<table>\n<thead>\n<tr>\n<th><span style=\"font-weight: 400;\">Art\u00edculo<\/span><\/th>\n<th><span style=\"font-weight: 400;\">Detalles de la especificaci\u00f3n<\/span><\/th>\n<\/tr>\n<\/thead>\n<tbody>\n<tr>\n<td>Espesor de la l\u00e1mina<\/td>\n<td>0,10 mm -0,70 mm<\/td>\n<\/tr>\n<tr>\n<td>Ancho de la hoja<\/td>\n<td>\u22641250 mm<\/td>\n<\/tr>\n<tr>\n<td>Di\u00e1metro interior del rollo de materia prima<\/td>\n<td>^508 mm<\/td>\n<\/tr>\n<tr>\n<td>Di\u00e1metro exterior del rollo de materia prima<\/td>\n<td>\u22641500 mm<\/td>\n<\/tr>\n<tr>\n<td>Velocidad m\u00e1xima<\/td>\n<td>100 mpm<\/td>\n<\/tr>\n<tr>\n<td>Precisi\u00f3n de corte<\/td>\n<td>\u00b11 mm\/1000 mm<\/td>\n<\/tr>\n<tr>\n<td>Tolerancia diagonal<\/td>\n<td>\u00b12 mm\/1000 mm<\/td>\n<\/tr>\n<tr>\n<td>Energ\u00eda utilizada<\/td>\n<td>380V 50HZ (Se puede personalizar)<\/td>\n<\/tr>\n<tr>\n<td>Peso de la bobina<\/td>\n<td>10 toneladas<\/td>\n<\/tr>\n<tr>\n<td>Accionamiento el\u00e9ctrico<\/td>\n<td>DELTA<\/td>\n<\/tr>\n<tr>\n<td>Funci\u00f3n adicional<\/td>\n<td>Incluyendo apilamiento autom\u00e1tico<\/td>\n<\/tr>\n<\/tbody>\n<\/table>\n<h5>Diagrama de flujo de producci\u00f3n<\/h5>\n<p><img loading=\"lazy\" decoding=\"async\" class=\"alignnone wp-image-2810\" src=\"https:\/\/henerrfm.com\/wp-content\/uploads\/2025\/10\/flow-chart\uff1fHigh-Speed-Metal-Cut-To-Length-Line-300x109.jpg\" alt=\"\" width=\"1313\" height=\"477\" srcset=\"https:\/\/www.henerrfm.com\/wp-content\/uploads\/2025\/10\/flow-chart\uff1fHigh-Speed-Metal-Cut-To-Length-Line-300x109.jpg 300w, https:\/\/www.henerrfm.com\/wp-content\/uploads\/2025\/10\/flow-chart\uff1fHigh-Speed-Metal-Cut-To-Length-Line-1024x372.jpg 1024w, https:\/\/www.henerrfm.com\/wp-content\/uploads\/2025\/10\/flow-chart\uff1fHigh-Speed-Metal-Cut-To-Length-Line-768x279.jpg 768w, https:\/\/www.henerrfm.com\/wp-content\/uploads\/2025\/10\/flow-chart\uff1fHigh-Speed-Metal-Cut-To-Length-Line-600x218.jpg 600w, https:\/\/www.henerrfm.com\/wp-content\/uploads\/2025\/10\/flow-chart\uff1fHigh-Speed-Metal-Cut-To-Length-Line.jpg 1350w\" sizes=\"auto, (max-width: 1313px) 100vw, 1313px\" \/><\/p>\n<h5 style=\"text-align: left;\">V\u00eddeo del producto<\/h5>\n<p><iframe loading=\"lazy\" title=\"L\u00ednea de corte longitudinal de metal de alta velocidad\" width=\"1350\" height=\"759\" src=\"https:\/\/www.youtube.com\/embed\/yn5TcRNNdF8?feature=oembed\" frameborder=\"0\" allow=\"accelerometer; autoplay; clipboard-write; encrypted-media; gyroscope; picture-in-picture; web-share\" referrerpolicy=\"strict-origin-when-cross-origin\" allowfullscreen><\/iframe><\/p>","protected":false},"excerpt":{"rendered":"<p>Product Overview The High-Speed Metal Cut To Length Line is engineered to efficiently cut a variety of metal coils, including GI, GL, PPGI, and PPGL, into precise lengths. Capable of handling materials up to 1 mm in thickness, it is an ideal solution for small to medium-sized metal processing operations. This line offers flexibility with [&hellip;]<\/p>\n","protected":false},"featured_media":2807,"comment_status":"open","ping_status":"closed","template":"","meta":{"_gspb_post_css":""},"product_brand":[],"product_cat":[160,158],"product_tag":[],"class_list":{"0":"post-236","1":"product","2":"type-product","3":"status-publish","4":"has-post-thumbnail","6":"product_cat-metal-cut-to-length-line","7":"product_cat-slitting-line-cut-to-length-line","9":"first","10":"instock","11":"shipping-taxable","12":"product-type-simple"},"_links":{"self":[{"href":"https:\/\/www.henerrfm.com\/es\/wp-json\/wp\/v2\/product\/236","targetHints":{"allow":["GET"]}}],"collection":[{"href":"https:\/\/www.henerrfm.com\/es\/wp-json\/wp\/v2\/product"}],"about":[{"href":"https:\/\/www.henerrfm.com\/es\/wp-json\/wp\/v2\/types\/product"}],"replies":[{"embeddable":true,"href":"https:\/\/www.henerrfm.com\/es\/wp-json\/wp\/v2\/comments?post=236"}],"wp:featuredmedia":[{"embeddable":true,"href":"https:\/\/www.henerrfm.com\/es\/wp-json\/wp\/v2\/media\/2807"}],"wp:attachment":[{"href":"https:\/\/www.henerrfm.com\/es\/wp-json\/wp\/v2\/media?parent=236"}],"wp:term":[{"taxonomy":"product_brand","embeddable":true,"href":"https:\/\/www.henerrfm.com\/es\/wp-json\/wp\/v2\/product_brand?post=236"},{"taxonomy":"product_cat","embeddable":true,"href":"https:\/\/www.henerrfm.com\/es\/wp-json\/wp\/v2\/product_cat?post=236"},{"taxonomy":"product_tag","embeddable":true,"href":"https:\/\/www.henerrfm.com\/es\/wp-json\/wp\/v2\/product_tag?post=236"}],"curies":[{"name":"wp","href":"https:\/\/api.w.org\/{rel}","templated":true}]}}