{"id":242,"date":"2025-10-31T09:25:15","date_gmt":"2025-10-31T09:25:15","guid":{"rendered":"https:\/\/henerrfm.com\/?post_type=product&#038;p=242"},"modified":"2025-12-04T04:00:17","modified_gmt":"2025-12-04T04:00:17","slug":"pallet-rack-uprights-roll-forming-machine","status":"publish","type":"product","link":"https:\/\/www.henerrfm.com\/es\/product\/pallet-rack-uprights-roll-forming-machine\/","title":{"rendered":"M\u00e1quina formadora de montantes para estanter\u00edas de pal\u00e9s"},"content":{"rendered":"<h5>Descripci\u00f3n general del producto<\/h5>\n<p>Nuestros montantes para estantes para paletas <a href=\"https:\/\/en.wikipedia.org\/wiki\/Roll_forming\" target=\"_blank\" rel=\"noopener\">M\u00e1quina perfiladora<\/a> est\u00e1 dise\u00f1ado para fabricar montantes de rejilla en forma de l\u00e1grima de alta precisi\u00f3n utilizados en sistemas modernos de almac\u00e9n y log\u00edstica. Con tecnolog\u00eda de conformado avanzada y estructura duradera, este equipo garantiza una calidad y precisi\u00f3n constantes para cada perfil. Los montantes terminados brindan soporte confiable para el almacenamiento de paletas, mejorando la eficiencia del almac\u00e9n, la seguridad y el rendimiento general de la gesti\u00f3n de inventario.<\/p>\n<h5>Dibujos de perfiles de m\u00e1quinas formadoras de rollos con montantes para paletas<\/h5>\n<p><img loading=\"lazy\" decoding=\"async\" class=\"alignnone wp-image-2844\" src=\"https:\/\/henerrfm.com\/wp-content\/uploads\/2025\/10\/pallet-rack-upright-roll-forming-machine-1.jpgpm_-201x300.jpg\" alt=\"\" width=\"481\" height=\"718\" \/><\/p>\n<h5>Par\u00e1metros t\u00e9cnicos<\/h5>\n<table>\n<thead>\n<tr>\n<th><span style=\"font-weight: 400;\">Art\u00edculo<\/span><\/th>\n<th><span style=\"font-weight: 400;\">Detalles de la especificaci\u00f3n<\/span><\/th>\n<\/tr>\n<\/thead>\n<tbody>\n<tr>\n<td>Modelo de producto<\/td>\n<td>Marco vertical en forma de l\u00e1grima Ridg-U-Rak<\/td>\n<\/tr>\n<tr>\n<td>Dimensi\u00f3n general<\/td>\n<td>42\u00ae Profundo \u00d7 240\u00ae Alto<\/td>\n<\/tr>\n<tr>\n<td>Profundidad<\/td>\n<td>42 pulgadas (medidas de adelante hacia atr\u00e1s)<\/td>\n<\/tr>\n<tr>\n<td>Altura total<\/td>\n<td>240 pulgadas (20 pies)<\/td>\n<\/tr>\n<tr>\n<td>Tama\u00f1o de la placa base<\/td>\n<td>5 pulgadas \u00d7 6 pulgadas<\/td>\n<\/tr>\n<tr>\n<td>Capacidad de peso<\/td>\n<td>25,100 libras (con vigas espaciadas 48 pulgadas verticalmente)<\/td>\n<\/tr>\n<\/tbody>\n<\/table>\n<h5>Diagrama de flujo de producci\u00f3n<\/h5>\n<p><img loading=\"lazy\" decoding=\"async\" class=\"alignnone wp-image-2843\" src=\"https:\/\/henerrfm.com\/wp-content\/uploads\/2025\/10\/pallet-rack-upright-roll-forming-machine-1.jpglc_-300x55.jpg\" alt=\"\" width=\"1320\" height=\"242\" srcset=\"https:\/\/www.henerrfm.com\/wp-content\/uploads\/2025\/10\/pallet-rack-upright-roll-forming-machine-1.jpglc_-300x55.jpg 300w, https:\/\/www.henerrfm.com\/wp-content\/uploads\/2025\/10\/pallet-rack-upright-roll-forming-machine-1.jpglc_-1024x187.jpg 1024w, https:\/\/www.henerrfm.com\/wp-content\/uploads\/2025\/10\/pallet-rack-upright-roll-forming-machine-1.jpglc_-768x140.jpg 768w, https:\/\/www.henerrfm.com\/wp-content\/uploads\/2025\/10\/pallet-rack-upright-roll-forming-machine-1.jpglc_-600x109.jpg 600w, https:\/\/www.henerrfm.com\/wp-content\/uploads\/2025\/10\/pallet-rack-upright-roll-forming-machine-1.jpglc_.jpg 1350w\" sizes=\"auto, (max-width: 1320px) 100vw, 1320px\" \/><\/p>\n<h5>Solicitud<\/h5>\n<p><img loading=\"lazy\" decoding=\"async\" class=\"alignnone wp-image-2845\" src=\"https:\/\/henerrfm.com\/wp-content\/uploads\/2025\/10\/pallet-rack-upright-roll-forming-machine-1yy-300x182.jpg\" alt=\"\" width=\"725\" height=\"440\" srcset=\"https:\/\/www.henerrfm.com\/wp-content\/uploads\/2025\/10\/pallet-rack-upright-roll-forming-machine-1yy-300x182.jpg 300w, https:\/\/www.henerrfm.com\/wp-content\/uploads\/2025\/10\/pallet-rack-upright-roll-forming-machine-1yy-1024x621.jpg 1024w, https:\/\/www.henerrfm.com\/wp-content\/uploads\/2025\/10\/pallet-rack-upright-roll-forming-machine-1yy-768x466.jpg 768w, https:\/\/www.henerrfm.com\/wp-content\/uploads\/2025\/10\/pallet-rack-upright-roll-forming-machine-1yy-600x364.jpg 600w, https:\/\/www.henerrfm.com\/wp-content\/uploads\/2025\/10\/pallet-rack-upright-roll-forming-machine-1yy.jpg 1350w\" sizes=\"auto, (max-width: 725px) 100vw, 725px\" \/><\/p>\n<h5>Producto terminado<\/h5>\n<p><img loading=\"lazy\" decoding=\"async\" class=\"alignnone wp-image-2840\" src=\"https:\/\/henerrfm.com\/wp-content\/uploads\/2025\/10\/\uff1fAdvanced-W-Beam-Guardrail-Roll-Forming-Machinecp-1-300x182.jpg\" alt=\"\" width=\"726\" height=\"440\" srcset=\"https:\/\/www.henerrfm.com\/wp-content\/uploads\/2025\/10\/\uff1fAdvanced-W-Beam-Guardrail-Roll-Forming-Machinecp-1-300x182.jpg 300w, https:\/\/www.henerrfm.com\/wp-content\/uploads\/2025\/10\/\uff1fAdvanced-W-Beam-Guardrail-Roll-Forming-Machinecp-1-1024x621.jpg 1024w, https:\/\/www.henerrfm.com\/wp-content\/uploads\/2025\/10\/\uff1fAdvanced-W-Beam-Guardrail-Roll-Forming-Machinecp-1-768x466.jpg 768w, https:\/\/www.henerrfm.com\/wp-content\/uploads\/2025\/10\/\uff1fAdvanced-W-Beam-Guardrail-Roll-Forming-Machinecp-1-600x364.jpg 600w, https:\/\/www.henerrfm.com\/wp-content\/uploads\/2025\/10\/\uff1fAdvanced-W-Beam-Guardrail-Roll-Forming-Machinecp-1.jpg 1350w\" sizes=\"auto, (max-width: 726px) 100vw, 726px\" \/><\/p>","protected":false},"excerpt":{"rendered":"<p>Product Overview Our Pallet Rack Uprights Roll Forming Machine is engineered to manufacture high-precision teardrop rack uprights used in modern warehouse and logistics systems. With advanced forming technology and durable structure, this equipment ensures consistent quality and accuracy for every profile. The finished uprights provide reliable support for pallet storage, improving warehouse efficiency, safety, and [&hellip;]<\/p>\n","protected":false},"featured_media":2846,"comment_status":"open","ping_status":"closed","template":"","meta":{"_gspb_post_css":""},"product_brand":[],"product_cat":[154,155],"product_tag":[],"class_list":{"0":"post-242","1":"product","2":"type-product","3":"status-publish","4":"has-post-thumbnail","6":"product_cat-storage-rack-roll-forming-machine","7":"product_cat-upright-rack-roll-forming-machine","9":"first","10":"instock","11":"shipping-taxable","12":"product-type-simple"},"_links":{"self":[{"href":"https:\/\/www.henerrfm.com\/es\/wp-json\/wp\/v2\/product\/242","targetHints":{"allow":["GET"]}}],"collection":[{"href":"https:\/\/www.henerrfm.com\/es\/wp-json\/wp\/v2\/product"}],"about":[{"href":"https:\/\/www.henerrfm.com\/es\/wp-json\/wp\/v2\/types\/product"}],"replies":[{"embeddable":true,"href":"https:\/\/www.henerrfm.com\/es\/wp-json\/wp\/v2\/comments?post=242"}],"wp:featuredmedia":[{"embeddable":true,"href":"https:\/\/www.henerrfm.com\/es\/wp-json\/wp\/v2\/media\/2846"}],"wp:attachment":[{"href":"https:\/\/www.henerrfm.com\/es\/wp-json\/wp\/v2\/media?parent=242"}],"wp:term":[{"taxonomy":"product_brand","embeddable":true,"href":"https:\/\/www.henerrfm.com\/es\/wp-json\/wp\/v2\/product_brand?post=242"},{"taxonomy":"product_cat","embeddable":true,"href":"https:\/\/www.henerrfm.com\/es\/wp-json\/wp\/v2\/product_cat?post=242"},{"taxonomy":"product_tag","embeddable":true,"href":"https:\/\/www.henerrfm.com\/es\/wp-json\/wp\/v2\/product_tag?post=242"}],"curies":[{"name":"wp","href":"https:\/\/api.w.org\/{rel}","templated":true}]}}