{"id":247,"date":"2025-10-31T09:28:11","date_gmt":"2025-10-31T09:28:11","guid":{"rendered":"https:\/\/henerrfm.com\/?post_type=product&#038;p=247"},"modified":"2025-12-04T05:36:06","modified_gmt":"2025-12-04T05:36:06","slug":"perforated-cable-tray-roll-forming-machine","status":"publish","type":"product","link":"https:\/\/www.henerrfm.com\/es\/product\/perforated-cable-tray-roll-forming-machine\/","title":{"rendered":"M\u00e1quina formadora de bandejas de cables perforadas"},"content":{"rendered":"<h5>Descripci\u00f3n general del producto<\/h5>\n<p>La m\u00e1quina perfiladora de bandejas perforadas para cables est\u00e1 dise\u00f1ada para fabricar bandejas de fondo plano con ranuras de ventilaci\u00f3n que permiten la disipaci\u00f3n del calor y el drenaje de la humedad. Estas bandejas se utilizan ampliamente en sistemas de cableado el\u00e9ctrico, instalaciones de telecomunicaciones y aplicaciones industriales ligeras. La l\u00ednea de producci\u00f3n incluye desbobinado, nivelaci\u00f3n, punzonado servo, perfilado y corte. El sistema de punzonado permite patrones de orificios personalizables para mejorar el flujo de aire del cable y reducir la acumulaci\u00f3n de calor. La m\u00e1quina admite diversos espesores y anchos para cumplir con las normas internacionales. Compacto, automatizado y f\u00e1cil de usar, este sistema aumenta la productividad a la vez que garantiza una calidad constante del producto.<\/p>\n<h5>Dibujos de perfiles de la m\u00e1quina perfiladora de bandejas de cables perforadas<\/h5>\n<h5><img loading=\"lazy\" decoding=\"async\" class=\"alignnone wp-image-2770\" src=\"https:\/\/henerrfm.com\/wp-content\/uploads\/2025\/10\/Perforated-Cable-Tray-Roll-Forming-Machine-15-300x111.jpg\" alt=\"\" width=\"1324\" height=\"490\" srcset=\"https:\/\/www.henerrfm.com\/wp-content\/uploads\/2025\/10\/Perforated-Cable-Tray-Roll-Forming-Machine-15-300x111.jpg 300w, https:\/\/www.henerrfm.com\/wp-content\/uploads\/2025\/10\/Perforated-Cable-Tray-Roll-Forming-Machine-15-1024x379.jpg 1024w, https:\/\/www.henerrfm.com\/wp-content\/uploads\/2025\/10\/Perforated-Cable-Tray-Roll-Forming-Machine-15-768x284.jpg 768w, https:\/\/www.henerrfm.com\/wp-content\/uploads\/2025\/10\/Perforated-Cable-Tray-Roll-Forming-Machine-15-600x222.jpg 600w, https:\/\/www.henerrfm.com\/wp-content\/uploads\/2025\/10\/Perforated-Cable-Tray-Roll-Forming-Machine-15.jpg 1350w\" sizes=\"auto, (max-width: 1324px) 100vw, 1324px\" \/><\/h5>\n<h5>Par\u00e1metros t\u00e9cnicos<\/h5>\n<table>\n<tbody>\n<tr>\n<td>Espesor de la materia prima<\/td>\n<td>0,7-2,0 mm<\/td>\n<\/tr>\n<tr>\n<td>Material<\/td>\n<td>Acero galvanizado, <a href=\"https:\/\/en.wikipedia.org\/wiki\/Carbon_steel\" target=\"_blank\" rel=\"noopener\">Acero carbono<\/a>, Bobinas HR<\/td>\n<\/tr>\n<tr>\n<td>Ancho del material de entrada<\/td>\n<td>Depende del tama\u00f1o de la bandeja de cables.<\/td>\n<\/tr>\n<tr>\n<td>L\u00edmite de rendimiento de la materia prima<\/td>\n<td>245 MPa<\/td>\n<\/tr>\n<tr>\n<td>Velocidad de trabajo de la l\u00ednea de producci\u00f3n<\/td>\n<td>6-8 m\/min<\/td>\n<\/tr>\n<tr>\n<td>\u00c1rea de trabajo<\/td>\n<td>Aproximadamente L40.000\u00d7W4.000mm<\/td>\n<\/tr>\n<\/tbody>\n<\/table>\n<h5>Diagrama de flujo de producci\u00f3n<\/h5>\n<h5><img loading=\"lazy\" decoding=\"async\" class=\"alignnone wp-image-2763\" src=\"https:\/\/henerrfm.com\/wp-content\/uploads\/2025\/10\/flow-chartPerforated-Cable-Tray-Roll-Forming-Machine-1-300x136.jpg\" alt=\"\" width=\"1328\" height=\"602\" srcset=\"https:\/\/www.henerrfm.com\/wp-content\/uploads\/2025\/10\/flow-chartPerforated-Cable-Tray-Roll-Forming-Machine-1-300x136.jpg 300w, https:\/\/www.henerrfm.com\/wp-content\/uploads\/2025\/10\/flow-chartPerforated-Cable-Tray-Roll-Forming-Machine-1-768x349.jpg 768w, https:\/\/www.henerrfm.com\/wp-content\/uploads\/2025\/10\/flow-chartPerforated-Cable-Tray-Roll-Forming-Machine-1-600x273.jpg 600w\" sizes=\"auto, (max-width: 1328px) 100vw, 1328px\" \/><\/h5>\n<h5>Solicitud<\/h5>\n<h5><img loading=\"lazy\" decoding=\"async\" class=\"alignnone wp-image-2765\" src=\"https:\/\/henerrfm.com\/wp-content\/uploads\/2025\/10\/Perforated-Cable-Tray-Roll-Forming-Machine-1yy-300x176.jpg\" alt=\"\" width=\"1326\" height=\"778\" srcset=\"https:\/\/www.henerrfm.com\/wp-content\/uploads\/2025\/10\/Perforated-Cable-Tray-Roll-Forming-Machine-1yy-300x176.jpg 300w, https:\/\/www.henerrfm.com\/wp-content\/uploads\/2025\/10\/Perforated-Cable-Tray-Roll-Forming-Machine-1yy-1024x601.jpg 1024w, https:\/\/www.henerrfm.com\/wp-content\/uploads\/2025\/10\/Perforated-Cable-Tray-Roll-Forming-Machine-1yy-768x451.jpg 768w, https:\/\/www.henerrfm.com\/wp-content\/uploads\/2025\/10\/Perforated-Cable-Tray-Roll-Forming-Machine-1yy-600x352.jpg 600w, https:\/\/www.henerrfm.com\/wp-content\/uploads\/2025\/10\/Perforated-Cable-Tray-Roll-Forming-Machine-1yy.jpg 1350w\" sizes=\"auto, (max-width: 1326px) 100vw, 1326px\" \/><\/h5>","protected":false},"excerpt":{"rendered":"<p>Product Overview The Perforated Cable Tray Roll Forming Machine is designed for manufacturing flat-bottomed trays with ventilation slots that allow for heat dissipation and moisture drainage. These trays are widely used in electrical wiring systems, telecom installations, and light-duty industrial applications. The production line includes decoiling, leveling, servo punching, roll forming, and cutting. The punching [&hellip;]<\/p>\n","protected":false},"featured_media":248,"comment_status":"open","ping_status":"closed","template":"","meta":{"_gspb_post_css":""},"product_brand":[],"product_cat":[150,151],"product_tag":[],"class_list":{"0":"post-247","1":"product","2":"type-product","3":"status-publish","4":"has-post-thumbnail","6":"product_cat-cable-tray-roll-forming-machine","7":"product_cat-perforated-cable-tray-roll-forming-machine","9":"first","10":"instock","11":"shipping-taxable","12":"product-type-simple"},"_links":{"self":[{"href":"https:\/\/www.henerrfm.com\/es\/wp-json\/wp\/v2\/product\/247","targetHints":{"allow":["GET"]}}],"collection":[{"href":"https:\/\/www.henerrfm.com\/es\/wp-json\/wp\/v2\/product"}],"about":[{"href":"https:\/\/www.henerrfm.com\/es\/wp-json\/wp\/v2\/types\/product"}],"replies":[{"embeddable":true,"href":"https:\/\/www.henerrfm.com\/es\/wp-json\/wp\/v2\/comments?post=247"}],"wp:featuredmedia":[{"embeddable":true,"href":"https:\/\/www.henerrfm.com\/es\/wp-json\/wp\/v2\/media\/248"}],"wp:attachment":[{"href":"https:\/\/www.henerrfm.com\/es\/wp-json\/wp\/v2\/media?parent=247"}],"wp:term":[{"taxonomy":"product_brand","embeddable":true,"href":"https:\/\/www.henerrfm.com\/es\/wp-json\/wp\/v2\/product_brand?post=247"},{"taxonomy":"product_cat","embeddable":true,"href":"https:\/\/www.henerrfm.com\/es\/wp-json\/wp\/v2\/product_cat?post=247"},{"taxonomy":"product_tag","embeddable":true,"href":"https:\/\/www.henerrfm.com\/es\/wp-json\/wp\/v2\/product_tag?post=247"}],"curies":[{"name":"wp","href":"https:\/\/api.w.org\/{rel}","templated":true}]}}