{"id":251,"date":"2025-10-31T09:29:54","date_gmt":"2025-10-31T09:29:54","guid":{"rendered":"https:\/\/henerrfm.com\/?post_type=product&#038;p=251"},"modified":"2025-12-04T05:37:35","modified_gmt":"2025-12-04T05:37:35","slug":"advanced-w-beam-guardrail-roll-forming-machine","status":"publish","type":"product","link":"https:\/\/www.henerrfm.com\/es\/product\/advanced-w-beam-guardrail-roll-forming-machine\/","title":{"rendered":"M\u00e1quina perfiladora de barandillas con vigas en W avanzada"},"content":{"rendered":"<h5>Descripci\u00f3n general del producto<\/h5>\n<p>La m\u00e1quina formadora de rodillos avanzada de barandillas de vigas en W est\u00e1 dise\u00f1ada para la producci\u00f3n en masa de barandillas de carreteras en forma de W com\u00fanmente instaladas en autopistas, puentes y zonas de seguridad en carreteras. Esta m\u00e1quina forma bobinas de acero en vigas en W corrugadas con una geometr\u00eda de nervadura precisa, lo que garantiza la absorci\u00f3n de energ\u00eda y la resistencia al impacto durante colisiones de veh\u00edculos. La l\u00ednea generalmente incluye alimentaci\u00f3n, servoperforaci\u00f3n para orificios para pernos, perfilado, corte hidr\u00e1ulico y apilamiento. Dise\u00f1ado para producci\u00f3n continua de alta velocidad, admite m\u00faltiples espesores y grados de acero, incluido el acero galvanizado y resistente a la intemperie. Se utiliza ampliamente en proyectos de infraestructura de transporte y cumple con los est\u00e1ndares internacionales de seguridad vial.<\/p>\n<h5>Dibujos avanzados de perfiles de m\u00e1quinas formadoras de rollos con barandillas de haz en W<\/h5>\n<h5><img loading=\"lazy\" decoding=\"async\" class=\"alignnone wp-image-2799\" src=\"https:\/\/henerrfm.com\/wp-content\/uploads\/2025\/10\/profile-drawings\uff1fAdvanced-W-Beam-Guardrail-Roll-Forming-Machine-300x108.jpg\" alt=\"\" width=\"1269\" height=\"457\" srcset=\"https:\/\/www.henerrfm.com\/wp-content\/uploads\/2025\/10\/profile-drawings\uff1fAdvanced-W-Beam-Guardrail-Roll-Forming-Machine-300x108.jpg 300w, https:\/\/www.henerrfm.com\/wp-content\/uploads\/2025\/10\/profile-drawings\uff1fAdvanced-W-Beam-Guardrail-Roll-Forming-Machine-1024x369.jpg 1024w, https:\/\/www.henerrfm.com\/wp-content\/uploads\/2025\/10\/profile-drawings\uff1fAdvanced-W-Beam-Guardrail-Roll-Forming-Machine-768x276.jpg 768w, https:\/\/www.henerrfm.com\/wp-content\/uploads\/2025\/10\/profile-drawings\uff1fAdvanced-W-Beam-Guardrail-Roll-Forming-Machine-600x216.jpg 600w, https:\/\/www.henerrfm.com\/wp-content\/uploads\/2025\/10\/profile-drawings\uff1fAdvanced-W-Beam-Guardrail-Roll-Forming-Machine.jpg 1350w\" sizes=\"auto, (max-width: 1269px) 100vw, 1269px\" \/><\/h5>\n<h5>Par\u00e1metros t\u00e9cnicos<\/h5>\n<table>\n<thead>\n<tr>\n<th><span style=\"font-weight: 400;\">Art\u00edculo<\/span><\/th>\n<th><span style=\"font-weight: 400;\">Detalles de la especificaci\u00f3n<\/span><\/th>\n<\/tr>\n<\/thead>\n<tbody>\n<tr>\n<td>Capacidad de producci\u00f3n<\/td>\n<td>Velocidad m\u00e1xima: 15 m\/min<\/td>\n<\/tr>\n<tr>\n<td>Rango de espesor del material<\/td>\n<td>1,0-5,0 mm<\/td>\n<\/tr>\n<tr>\n<td>Capacidad de longitud del perfil<\/td>\n<td>360 mm \u2013 7 m<\/td>\n<\/tr>\n<tr>\n<td>Fuerza de fluencia<\/td>\n<td>350-550 MPa<\/td>\n<\/tr>\n<tr>\n<td>Sistema de control<\/td>\n<td>Siemens <a href=\"https:\/\/en.wikipedia.org\/wiki\/Programmable_logic_controller\" target=\"_blank\" rel=\"noopener\">PLC<\/a><\/td>\n<\/tr>\n<\/tbody>\n<\/table>\n<h5>Diagrama de flujo de producci\u00f3n<\/h5>\n<p><img loading=\"lazy\" decoding=\"async\" class=\"alignnone wp-image-2795\" src=\"https:\/\/henerrfm.com\/wp-content\/uploads\/2025\/10\/\uff1fAdvanced-W-Beam-Guardrail-Roll-Forming-Machinelc-300x46.jpg\" alt=\"\" width=\"1317\" height=\"202\" srcset=\"https:\/\/www.henerrfm.com\/wp-content\/uploads\/2025\/10\/\uff1fAdvanced-W-Beam-Guardrail-Roll-Forming-Machinelc-300x46.jpg 300w, https:\/\/www.henerrfm.com\/wp-content\/uploads\/2025\/10\/\uff1fAdvanced-W-Beam-Guardrail-Roll-Forming-Machinelc-1024x156.jpg 1024w, https:\/\/www.henerrfm.com\/wp-content\/uploads\/2025\/10\/\uff1fAdvanced-W-Beam-Guardrail-Roll-Forming-Machinelc-768x117.jpg 768w, https:\/\/www.henerrfm.com\/wp-content\/uploads\/2025\/10\/\uff1fAdvanced-W-Beam-Guardrail-Roll-Forming-Machinelc-600x92.jpg 600w, https:\/\/www.henerrfm.com\/wp-content\/uploads\/2025\/10\/\uff1fAdvanced-W-Beam-Guardrail-Roll-Forming-Machinelc.jpg 1350w\" sizes=\"auto, (max-width: 1317px) 100vw, 1317px\" \/><\/p>\n<h5>Visualizaci\u00f3n de detalles del producto<\/h5>\n<p><img loading=\"lazy\" decoding=\"async\" class=\"alignnone wp-image-2796\" src=\"https:\/\/henerrfm.com\/wp-content\/uploads\/2025\/10\/\uff1fAdvanced-W-Beam-Guardrail-Roll-Forming-Machinexj-300x110.jpg\" alt=\"\" width=\"1255\" height=\"460\" srcset=\"https:\/\/www.henerrfm.com\/wp-content\/uploads\/2025\/10\/\uff1fAdvanced-W-Beam-Guardrail-Roll-Forming-Machinexj-300x110.jpg 300w, https:\/\/www.henerrfm.com\/wp-content\/uploads\/2025\/10\/\uff1fAdvanced-W-Beam-Guardrail-Roll-Forming-Machinexj-1024x374.jpg 1024w, https:\/\/www.henerrfm.com\/wp-content\/uploads\/2025\/10\/\uff1fAdvanced-W-Beam-Guardrail-Roll-Forming-Machinexj-768x280.jpg 768w, https:\/\/www.henerrfm.com\/wp-content\/uploads\/2025\/10\/\uff1fAdvanced-W-Beam-Guardrail-Roll-Forming-Machinexj-600x219.jpg 600w\" sizes=\"auto, (max-width: 1255px) 100vw, 1255px\" \/><img loading=\"lazy\" decoding=\"async\" class=\"alignnone wp-image-2797\" src=\"https:\/\/henerrfm.com\/wp-content\/uploads\/2025\/10\/\uff1fAdvanced-W-Beam-Guardrail-Roll-Forming-Machinexj1-300x110.jpg\" alt=\"\" width=\"1241\" height=\"455\" srcset=\"https:\/\/www.henerrfm.com\/wp-content\/uploads\/2025\/10\/\uff1fAdvanced-W-Beam-Guardrail-Roll-Forming-Machinexj1-300x110.jpg 300w, https:\/\/www.henerrfm.com\/wp-content\/uploads\/2025\/10\/\uff1fAdvanced-W-Beam-Guardrail-Roll-Forming-Machinexj1-1024x374.jpg 1024w, https:\/\/www.henerrfm.com\/wp-content\/uploads\/2025\/10\/\uff1fAdvanced-W-Beam-Guardrail-Roll-Forming-Machinexj1-600x219.jpg 600w\" sizes=\"auto, (max-width: 1241px) 100vw, 1241px\" \/><\/p>\n<h5>Solicitud<\/h5>\n<p><img loading=\"lazy\" decoding=\"async\" class=\"alignnone wp-image-2798\" src=\"https:\/\/henerrfm.com\/wp-content\/uploads\/2025\/10\/\uff1fAdvanced-W-Beam-Guardrail-Roll-Forming-Machineyy-300x226.jpg\" alt=\"\" width=\"637\" height=\"480\" srcset=\"https:\/\/www.henerrfm.com\/wp-content\/uploads\/2025\/10\/\uff1fAdvanced-W-Beam-Guardrail-Roll-Forming-Machineyy-300x226.jpg 300w, https:\/\/www.henerrfm.com\/wp-content\/uploads\/2025\/10\/\uff1fAdvanced-W-Beam-Guardrail-Roll-Forming-Machineyy.jpg 600w\" sizes=\"auto, (max-width: 637px) 100vw, 637px\" \/><\/p>\n<h5>Producto terminado<\/h5>\n<p><img loading=\"lazy\" decoding=\"async\" class=\"alignnone wp-image-2794\" src=\"https:\/\/henerrfm.com\/wp-content\/uploads\/2025\/10\/\uff1fAdvanced-W-Beam-Guardrail-Roll-Forming-Machinecp-300x186.jpg\" alt=\"\" width=\"640\" height=\"397\" srcset=\"https:\/\/www.henerrfm.com\/wp-content\/uploads\/2025\/10\/\uff1fAdvanced-W-Beam-Guardrail-Roll-Forming-Machinecp-300x186.jpg 300w, https:\/\/www.henerrfm.com\/wp-content\/uploads\/2025\/10\/\uff1fAdvanced-W-Beam-Guardrail-Roll-Forming-Machinecp-600x371.jpg 600w, https:\/\/www.henerrfm.com\/wp-content\/uploads\/2025\/10\/\uff1fAdvanced-W-Beam-Guardrail-Roll-Forming-Machinecp.jpg 700w\" sizes=\"auto, (max-width: 640px) 100vw, 640px\" \/><\/p>","protected":false},"excerpt":{"rendered":"<p>Product Overview The Advanced W Beam Guardrail Roll Forming Machine is engineered for the mass production of W-shaped highway guardrails commonly installed on expressways, bridges, and roadside safety zones. This machine forms steel coils into corrugated W beams with precise rib geometry, ensuring energy absorption and impact resistance during vehicle collisions. The line typically includes [&hellip;]<\/p>\n","protected":false},"featured_media":3320,"comment_status":"open","ping_status":"closed","template":"","meta":{"_gspb_post_css":""},"product_brand":[],"product_cat":[152,153],"product_tag":[],"class_list":{"0":"post-251","1":"product","2":"type-product","3":"status-publish","4":"has-post-thumbnail","6":"product_cat-highway-guardrail-roll-forming-machine","7":"product_cat-w-beam-guardrail-roll-forming-machine","9":"first","10":"instock","11":"shipping-taxable","12":"product-type-simple"},"_links":{"self":[{"href":"https:\/\/www.henerrfm.com\/es\/wp-json\/wp\/v2\/product\/251","targetHints":{"allow":["GET"]}}],"collection":[{"href":"https:\/\/www.henerrfm.com\/es\/wp-json\/wp\/v2\/product"}],"about":[{"href":"https:\/\/www.henerrfm.com\/es\/wp-json\/wp\/v2\/types\/product"}],"replies":[{"embeddable":true,"href":"https:\/\/www.henerrfm.com\/es\/wp-json\/wp\/v2\/comments?post=251"}],"wp:featuredmedia":[{"embeddable":true,"href":"https:\/\/www.henerrfm.com\/es\/wp-json\/wp\/v2\/media\/3320"}],"wp:attachment":[{"href":"https:\/\/www.henerrfm.com\/es\/wp-json\/wp\/v2\/media?parent=251"}],"wp:term":[{"taxonomy":"product_brand","embeddable":true,"href":"https:\/\/www.henerrfm.com\/es\/wp-json\/wp\/v2\/product_brand?post=251"},{"taxonomy":"product_cat","embeddable":true,"href":"https:\/\/www.henerrfm.com\/es\/wp-json\/wp\/v2\/product_cat?post=251"},{"taxonomy":"product_tag","embeddable":true,"href":"https:\/\/www.henerrfm.com\/es\/wp-json\/wp\/v2\/product_tag?post=251"}],"curies":[{"name":"wp","href":"https:\/\/api.w.org\/{rel}","templated":true}]}}