{"id":256,"date":"2025-10-31T09:33:02","date_gmt":"2025-10-31T09:33:02","guid":{"rendered":"https:\/\/henerrfm.com\/?post_type=product&#038;p=256"},"modified":"2025-12-04T08:16:12","modified_gmt":"2025-12-04T08:16:12","slug":"solar-pv-mounting-channel-roll-forming-machine","status":"publish","type":"product","link":"https:\/\/www.henerrfm.com\/es\/product\/solar-pv-mounting-channel-roll-forming-machine\/","title":{"rendered":"M\u00e1quina formadora de canales para montaje de paneles solares fotovoltaicos"},"content":{"rendered":"<h5>Descripci\u00f3n general del producto<\/h5>\n<p><a href=\"https:\/\/www.henerrfm.com\/es\/producto\/solar-pv-mounting-channel-roll-forming-machine\/\">M\u00e1quina formadora de canales para montaje de paneles solares fotovoltaicos<\/a> es un sistema dise\u00f1ado con precisi\u00f3n para fabricar canales C, perfiles Unistrut, soportes de montaje solar y marcos de soporte s\u00edsmico. Construido para brindar flexibilidad y eficiencia, permite la producci\u00f3n de m\u00faltiples tama\u00f1os de canales con ajuste de brida manual o autom\u00e1tico, lo que garantiza una adaptabilidad total a las diversas necesidades de los clientes.<\/p>\n<p>Esta m\u00e1quina formadora de rodillos de canal de puntal solar admite varias configuraciones de corte, incluido el corte de sierra y <a href=\"https:\/\/en.wikipedia.org\/wiki\/Hydraulics\" target=\"_blank\" rel=\"noopener\">hidr\u00e1ulico<\/a> corte, dependiendo de los requisitos del proyecto. Tambi\u00e9n integra un sistema de punzonado opcional, disponible en dise\u00f1os de prensa hidr\u00e1ulica o mec\u00e1nica, que permite perforar orificios antes o despu\u00e9s de la formaci\u00f3n para mejorar la velocidad y precisi\u00f3n de la producci\u00f3n.<\/p>\n<p>Dise\u00f1ada para brindar confiabilidad y precisi\u00f3n, la m\u00e1quina se usa ampliamente en sistemas de montaje de energ\u00eda solar, soportes industriales y estructuras de construcci\u00f3n, lo que proporciona una soluci\u00f3n rentable y de alto rendimiento para aplicaciones modernas de perfilado.<\/p>\n<h5>Par\u00e1metros t\u00e9cnicos<\/h5>\n<table>\n<tbody>\n<tr>\n<td>1. Grosor de la materia prima<\/td>\n<td>1,0-4,0mm<\/td>\n<\/tr>\n<tr>\n<td>2. Materia prima<\/td>\n<td>ST37, ST52<\/td>\n<\/tr>\n<tr>\n<td>3. Especificaci\u00f3n de perfil \u00f1onera C \u00f1onera<\/td>\n<td>Web: 50-250mm; Brida: 40-100mm; Labio: 10-20mm<\/td>\n<\/tr>\n<tr>\n<td>3. Especificaci\u00f3n de perfil \u00abcorrea U \u00f1onera<\/td>\n<td>Web: 50-250 mm; Brida: 40-100 mm<\/td>\n<\/tr>\n<tr>\n<td>4. Velocidad de trabajo de la l\u00ednea<\/td>\n<td>30m\/min (con punz\u00f3n)<\/td>\n<\/tr>\n<\/tbody>\n<\/table>\n<h5>Diagrama de flujo de producci\u00f3n<\/h5>\n<p><img loading=\"lazy\" decoding=\"async\" class=\"alignnone wp-image-2853\" src=\"https:\/\/henerrfm.com\/wp-content\/uploads\/2025\/10\/sloar-strut-channel-roll-forming-machinelc-300x84.jpg\" alt=\"\" width=\"1286\" height=\"360\" srcset=\"https:\/\/www.henerrfm.com\/wp-content\/uploads\/2025\/10\/sloar-strut-channel-roll-forming-machinelc-300x84.jpg 300w, https:\/\/www.henerrfm.com\/wp-content\/uploads\/2025\/10\/sloar-strut-channel-roll-forming-machinelc-1024x287.jpg 1024w, https:\/\/www.henerrfm.com\/wp-content\/uploads\/2025\/10\/sloar-strut-channel-roll-forming-machinelc-768x215.jpg 768w, https:\/\/www.henerrfm.com\/wp-content\/uploads\/2025\/10\/sloar-strut-channel-roll-forming-machinelc-600x168.jpg 600w, https:\/\/www.henerrfm.com\/wp-content\/uploads\/2025\/10\/sloar-strut-channel-roll-forming-machinelc.jpg 1350w\" sizes=\"auto, (max-width: 1286px) 100vw, 1286px\" \/><\/p>\n<h5 style=\"text-align: left;\">V\u00eddeo del producto<\/h5>\n<p><iframe loading=\"lazy\" title=\"M\u00e1quina perfiladora de canales de conexi\u00f3n solar fotovoltaica\" width=\"1350\" height=\"759\" src=\"https:\/\/www.youtube.com\/embed\/kPH1cvg1evU?feature=oembed\" frameborder=\"0\" allow=\"accelerometer; autoplay; clipboard-write; encrypted-media; gyroscope; picture-in-picture; web-share\" referrerpolicy=\"strict-origin-when-cross-origin\" allowfullscreen><\/iframe><\/p>\n<h5>Visualizaci\u00f3n de detalles del producto<\/h5>\n<p><img loading=\"lazy\" decoding=\"async\" class=\"alignnone wp-image-2854\" src=\"https:\/\/henerrfm.com\/wp-content\/uploads\/2025\/10\/sloar-strut-channel-roll-forming-machinexj-300x77.jpg\" alt=\"\" width=\"1297\" height=\"333\" srcset=\"https:\/\/www.henerrfm.com\/wp-content\/uploads\/2025\/10\/sloar-strut-channel-roll-forming-machinexj-300x77.jpg 300w, https:\/\/www.henerrfm.com\/wp-content\/uploads\/2025\/10\/sloar-strut-channel-roll-forming-machinexj-1024x262.jpg 1024w, https:\/\/www.henerrfm.com\/wp-content\/uploads\/2025\/10\/sloar-strut-channel-roll-forming-machinexj-768x197.jpg 768w, https:\/\/www.henerrfm.com\/wp-content\/uploads\/2025\/10\/sloar-strut-channel-roll-forming-machinexj-600x154.jpg 600w, https:\/\/www.henerrfm.com\/wp-content\/uploads\/2025\/10\/sloar-strut-channel-roll-forming-machinexj.jpg 1350w\" sizes=\"auto, (max-width: 1297px) 100vw, 1297px\" \/><\/p>\n<h5>Solicitud<\/h5>\n<p><img loading=\"lazy\" decoding=\"async\" class=\"alignnone wp-image-2855\" src=\"https:\/\/henerrfm.com\/wp-content\/uploads\/2025\/10\/sloar-strut-channel-roll-forming-machineyy-300x167.jpg\" alt=\"\" width=\"613\" height=\"341\" srcset=\"https:\/\/www.henerrfm.com\/wp-content\/uploads\/2025\/10\/sloar-strut-channel-roll-forming-machineyy-300x167.jpg 300w, https:\/\/www.henerrfm.com\/wp-content\/uploads\/2025\/10\/sloar-strut-channel-roll-forming-machineyy-768x427.jpg 768w, https:\/\/www.henerrfm.com\/wp-content\/uploads\/2025\/10\/sloar-strut-channel-roll-forming-machineyy-600x333.jpg 600w, https:\/\/www.henerrfm.com\/wp-content\/uploads\/2025\/10\/sloar-strut-channel-roll-forming-machineyy.jpg 950w\" sizes=\"auto, (max-width: 613px) 100vw, 613px\" \/><\/p>\n<h5>Producto terminado<\/h5>\n<p><img loading=\"lazy\" decoding=\"async\" class=\"alignnone wp-image-2852\" src=\"https:\/\/henerrfm.com\/wp-content\/uploads\/2025\/10\/sloar-strut-channel-roll-forming-machinecp-300x226.jpg\" alt=\"\" width=\"613\" height=\"462\" srcset=\"https:\/\/www.henerrfm.com\/wp-content\/uploads\/2025\/10\/sloar-strut-channel-roll-forming-machinecp-300x226.jpg 300w, https:\/\/www.henerrfm.com\/wp-content\/uploads\/2025\/10\/sloar-strut-channel-roll-forming-machinecp.jpg 600w\" sizes=\"auto, (max-width: 613px) 100vw, 613px\" \/><\/p>\n<div style=\"all: initial !important;\"><\/div>","protected":false},"excerpt":{"rendered":"<p>&nbsp;<\/p>\n<div style=\"all: initial !important;\"><\/div>","protected":false},"featured_media":2848,"comment_status":"open","ping_status":"closed","template":"","meta":{"_gspb_post_css":""},"product_brand":[],"product_cat":[149,148],"product_tag":[],"class_list":{"0":"post-256","1":"product","2":"type-product","3":"status-publish","4":"has-post-thumbnail","6":"product_cat-solar-strut-channel-roll-forming-machine","7":"product_cat-strut-channel-roll-forming-machine","9":"first","10":"instock","11":"shipping-taxable","12":"product-type-simple"},"_links":{"self":[{"href":"https:\/\/www.henerrfm.com\/es\/wp-json\/wp\/v2\/product\/256","targetHints":{"allow":["GET"]}}],"collection":[{"href":"https:\/\/www.henerrfm.com\/es\/wp-json\/wp\/v2\/product"}],"about":[{"href":"https:\/\/www.henerrfm.com\/es\/wp-json\/wp\/v2\/types\/product"}],"replies":[{"embeddable":true,"href":"https:\/\/www.henerrfm.com\/es\/wp-json\/wp\/v2\/comments?post=256"}],"wp:featuredmedia":[{"embeddable":true,"href":"https:\/\/www.henerrfm.com\/es\/wp-json\/wp\/v2\/media\/2848"}],"wp:attachment":[{"href":"https:\/\/www.henerrfm.com\/es\/wp-json\/wp\/v2\/media?parent=256"}],"wp:term":[{"taxonomy":"product_brand","embeddable":true,"href":"https:\/\/www.henerrfm.com\/es\/wp-json\/wp\/v2\/product_brand?post=256"},{"taxonomy":"product_cat","embeddable":true,"href":"https:\/\/www.henerrfm.com\/es\/wp-json\/wp\/v2\/product_cat?post=256"},{"taxonomy":"product_tag","embeddable":true,"href":"https:\/\/www.henerrfm.com\/es\/wp-json\/wp\/v2\/product_tag?post=256"}],"curies":[{"name":"wp","href":"https:\/\/api.w.org\/{rel}","templated":true}]}}