{"id":259,"date":"2025-11-03T00:16:02","date_gmt":"2025-11-03T00:16:02","guid":{"rendered":"https:\/\/henerrfm.com\/?post_type=product&#038;p=259"},"modified":"2025-12-04T08:16:47","modified_gmt":"2025-12-04T08:16:47","slug":"glazed-roof-sheet-machine","status":"publish","type":"product","link":"https:\/\/www.henerrfm.com\/es\/product\/glazed-roof-sheet-machine\/","title":{"rendered":"M\u00e1quina para fabricar l\u00e1minas de techo vidriado, popular en Europa"},"content":{"rendered":"<h5>Descripci\u00f3n general del producto<\/h5>\n<p>El <a href=\"https:\/\/www.henerrfm.com\/es\/producto\/glazed-roof-sheet-machine\/\">M\u00e1quina para fabricar l\u00e1minas de techo vidriado, popular en Europa<\/a> es una l\u00ednea avanzada de perfilado dise\u00f1ada para producir tejas vidriadas de acero de colores de alta calidad con una apariencia europea distintiva. Dise\u00f1ado tanto por su eficiencia como por su est\u00e9tica, este equipo alimenta, forma y corta autom\u00e1ticamente bobinas met\u00e1licas en elegantes l\u00e1minas de techo vidriadas que combinan belleza y durabilidad para aplicaciones arquitect\u00f3nicas modernas.<\/p>\n<p>Equipada con transmisi\u00f3n por caja de cambios, tecnolog\u00eda decorativa de corte de moho y un sistema de control PLC inteligente, la m\u00e1quina de l\u00e1minas para techos acristaladas garantiza una r\u00e1pida velocidad de producci\u00f3n, precisi\u00f3n de conformado y calidad constante de los azulejos. Su flujo de trabajo totalmente automatizado reduce significativamente el trabajo manual y al mismo tiempo mantiene un rendimiento confiable y una larga vida \u00fatil.<\/p>\n<p>Esta soluci\u00f3n de techado de alta velocidad es ideal para fabricantes que buscan producir tejas met\u00e1licas vidriadas de estilo cl\u00e1sico que mejoren el dise\u00f1o del edificio y al mismo tiempo optimicen el costo y la eficiencia de la producci\u00f3n.<\/p>\n<h5>Dibujos de perfil de producto<\/h5>\n<p><img loading=\"lazy\" decoding=\"async\" class=\"alignnone wp-image-2722\" src=\"https:\/\/henerrfm.com\/wp-content\/uploads\/2025\/11\/other-profile-drawings-2-300x173.jpg\" alt=\"\" width=\"1295\" height=\"747\" srcset=\"https:\/\/www.henerrfm.com\/wp-content\/uploads\/2025\/11\/other-profile-drawings-2-300x173.jpg 300w, https:\/\/www.henerrfm.com\/wp-content\/uploads\/2025\/11\/other-profile-drawings-2-1024x592.jpg 1024w, https:\/\/www.henerrfm.com\/wp-content\/uploads\/2025\/11\/other-profile-drawings-2-768x444.jpg 768w, https:\/\/www.henerrfm.com\/wp-content\/uploads\/2025\/11\/other-profile-drawings-2-600x347.jpg 600w, https:\/\/www.henerrfm.com\/wp-content\/uploads\/2025\/11\/other-profile-drawings-2.jpg 1350w\" sizes=\"auto, (max-width: 1295px) 100vw, 1295px\" \/> <img loading=\"lazy\" decoding=\"async\" class=\"alignnone wp-image-2721\" src=\"https:\/\/henerrfm.com\/wp-content\/uploads\/2025\/11\/other-profile-drawings-300x117.jpg\" alt=\"\" width=\"1323\" height=\"516\" srcset=\"https:\/\/www.henerrfm.com\/wp-content\/uploads\/2025\/11\/other-profile-drawings-300x117.jpg 300w, https:\/\/www.henerrfm.com\/wp-content\/uploads\/2025\/11\/other-profile-drawings-1024x398.jpg 1024w, https:\/\/www.henerrfm.com\/wp-content\/uploads\/2025\/11\/other-profile-drawings-768x299.jpg 768w, https:\/\/www.henerrfm.com\/wp-content\/uploads\/2025\/11\/other-profile-drawings-600x233.jpg 600w, https:\/\/www.henerrfm.com\/wp-content\/uploads\/2025\/11\/other-profile-drawings.jpg 1350w\" sizes=\"auto, (max-width: 1323px) 100vw, 1323px\" \/><\/p>\n<h5>Par\u00e1metros t\u00e9cnicos<\/h5>\n<p>A continuaci\u00f3n se muestran las especificaciones t\u00e9cnicas t\u00edpicas utilizadas por la mayor\u00eda de clientes internacionales. Los valores se pueden ajustar seg\u00fan el ancho de la bobina, el espesor, la resistencia del material o los requisitos espec\u00edficos del proyecto<\/p>\n<table>\n<thead>\n<tr>\n<th><span style=\"font-weight: 400;\">Art\u00edculo<\/span><\/th>\n<th><span style=\"font-weight: 400;\">Detalles de la especificaci\u00f3n<\/span><\/th>\n<\/tr>\n<\/thead>\n<tbody>\n<tr>\n<td>Material del rodillo<\/td>\n<td>Acero 45# con revestimiento de cromo (0,05 mm) \u00f1esa resistencia a la corrosi\u00f3n<\/td>\n<\/tr>\n<tr>\n<td>Material del eje<\/td>\n<td>Acero 45#, templado<\/td>\n<\/tr>\n<tr>\n<td>Estaciones de formaci\u00f3n<\/td>\n<td>16<\/td>\n<\/tr>\n<tr>\n<td>Di\u00e1metro del eje<\/td>\n<td>&lt;80 mm<\/td>\n<\/tr>\n<tr>\n<td>Estructura<\/td>\n<td>Marco de arco vertical r\u00edgido<\/td>\n<\/tr>\n<\/tbody>\n<\/table>\n<h5>Diagrama de flujo<\/h5>\n<p>Todo el proceso de fabricaci\u00f3n est\u00e1 dise\u00f1ado para mantener una producci\u00f3n continua con alta precisi\u00f3n y un tiempo de inactividad m\u00ednimo.<\/p>\n<p><img loading=\"lazy\" decoding=\"async\" class=\"alignnone wp-image-2719\" src=\"https:\/\/henerrfm.com\/wp-content\/uploads\/2025\/11\/\uff1fGlazed-Roof-Sheet-Machine-Popular-in-Europeanlc-300x66.jpg\" alt=\"\" width=\"1332\" height=\"293\" srcset=\"https:\/\/www.henerrfm.com\/wp-content\/uploads\/2025\/11\/\uff1fGlazed-Roof-Sheet-Machine-Popular-in-Europeanlc-300x66.jpg 300w, https:\/\/www.henerrfm.com\/wp-content\/uploads\/2025\/11\/\uff1fGlazed-Roof-Sheet-Machine-Popular-in-Europeanlc-768x170.jpg 768w, https:\/\/www.henerrfm.com\/wp-content\/uploads\/2025\/11\/\uff1fGlazed-Roof-Sheet-Machine-Popular-in-Europeanlc-600x133.jpg 600w\" sizes=\"auto, (max-width: 1332px) 100vw, 1332px\" \/><\/p>\n<h5 style=\"text-align: left;\">V\u00eddeo del producto<\/h5>\n<p><iframe loading=\"lazy\" title=\"M\u00e1quina para fabricar l\u00e1minas de techo vidriado, popular en Europa\" width=\"1350\" height=\"759\" src=\"https:\/\/www.youtube.com\/embed\/zJ83kAZHf-g?feature=oembed\" frameborder=\"0\" allow=\"accelerometer; autoplay; clipboard-write; encrypted-media; gyroscope; picture-in-picture; web-share\" referrerpolicy=\"strict-origin-when-cross-origin\" allowfullscreen><\/iframe><\/p>\n<h5>Solicitud<\/h5>\n<p data-start=\"4367\" data-end=\"4496\">Las tejas met\u00e1licas producidas por esta m\u00e1quina de l\u00e1minas para tejados acristaladas se utilizan ampliamente en proyectos arquitect\u00f3nicos modernos y tradicionales:<\/p>\n<ul data-start=\"4498\" data-end=\"4829\">\n<li data-start=\"4498\" data-end=\"4535\">\n<p data-start=\"4500\" data-end=\"4535\">Villas residenciales y casas adosadas<\/p>\n<\/li>\n<li data-start=\"4536\" data-end=\"4583\">\n<p data-start=\"4538\" data-end=\"4583\">Edificios comerciales y complejos comerciales<\/p>\n<\/li>\n<li data-start=\"4584\" data-end=\"4640\">\n<p data-start=\"4586\" data-end=\"4640\">Instalaciones tur\u00edsticas, pabellones y estructuras tur\u00edsticas<\/p>\n<\/li>\n<li data-start=\"4641\" data-end=\"4697\">\n<p data-start=\"4643\" data-end=\"4697\">Renovaciones arquitect\u00f3nicas culturales o de estilo europeo<\/p>\n<\/li>\n<li data-start=\"4698\" data-end=\"4757\">\n<p data-start=\"4700\" data-end=\"4757\">Parques industriales que requieren soluciones de techado decorativo<\/p>\n<\/li>\n<li data-start=\"4758\" data-end=\"4829\">\n<p data-start=\"4760\" data-end=\"4829\">Mejoras en los techos que necesitan materiales livianos y resistentes a la corrosi\u00f3n<\/p>\n<\/li>\n<\/ul>\n<p><img loading=\"lazy\" decoding=\"async\" class=\"alignnone wp-image-2720\" src=\"https:\/\/henerrfm.com\/wp-content\/uploads\/2025\/11\/\uff1fGlazed-Roof-Sheet-Machine-Popular-in-Europeanyy-300x133.jpg\" alt=\"\" width=\"1389\" height=\"616\" srcset=\"https:\/\/www.henerrfm.com\/wp-content\/uploads\/2025\/11\/\uff1fGlazed-Roof-Sheet-Machine-Popular-in-Europeanyy-300x133.jpg 300w, https:\/\/www.henerrfm.com\/wp-content\/uploads\/2025\/11\/\uff1fGlazed-Roof-Sheet-Machine-Popular-in-Europeanyy-1024x453.jpg 1024w, https:\/\/www.henerrfm.com\/wp-content\/uploads\/2025\/11\/\uff1fGlazed-Roof-Sheet-Machine-Popular-in-Europeanyy-768x340.jpg 768w, https:\/\/www.henerrfm.com\/wp-content\/uploads\/2025\/11\/\uff1fGlazed-Roof-Sheet-Machine-Popular-in-Europeanyy-600x265.jpg 600w\" sizes=\"auto, (max-width: 1389px) 100vw, 1389px\" \/><\/p>\n<div style=\"all: initial !important;\"><\/div>","protected":false},"excerpt":{"rendered":"<p>&nbsp;<\/p>\n<div style=\"all: initial !important;\"><\/div>","protected":false},"featured_media":2717,"comment_status":"open","ping_status":"closed","template":"","meta":{"_gspb_post_css":""},"product_brand":[],"product_cat":[125,120],"product_tag":[],"class_list":{"0":"post-259","1":"product","2":"type-product","3":"status-publish","4":"has-post-thumbnail","6":"product_cat-glazed-roof-sheet-roll-forming-machine","7":"product_cat-roof-wall-panel-roll-forming-machine","9":"first","10":"instock","11":"shipping-taxable","12":"product-type-simple"},"_links":{"self":[{"href":"https:\/\/www.henerrfm.com\/es\/wp-json\/wp\/v2\/product\/259","targetHints":{"allow":["GET"]}}],"collection":[{"href":"https:\/\/www.henerrfm.com\/es\/wp-json\/wp\/v2\/product"}],"about":[{"href":"https:\/\/www.henerrfm.com\/es\/wp-json\/wp\/v2\/types\/product"}],"replies":[{"embeddable":true,"href":"https:\/\/www.henerrfm.com\/es\/wp-json\/wp\/v2\/comments?post=259"}],"wp:featuredmedia":[{"embeddable":true,"href":"https:\/\/www.henerrfm.com\/es\/wp-json\/wp\/v2\/media\/2717"}],"wp:attachment":[{"href":"https:\/\/www.henerrfm.com\/es\/wp-json\/wp\/v2\/media?parent=259"}],"wp:term":[{"taxonomy":"product_brand","embeddable":true,"href":"https:\/\/www.henerrfm.com\/es\/wp-json\/wp\/v2\/product_brand?post=259"},{"taxonomy":"product_cat","embeddable":true,"href":"https:\/\/www.henerrfm.com\/es\/wp-json\/wp\/v2\/product_cat?post=259"},{"taxonomy":"product_tag","embeddable":true,"href":"https:\/\/www.henerrfm.com\/es\/wp-json\/wp\/v2\/product_tag?post=259"}],"curies":[{"name":"wp","href":"https:\/\/api.w.org\/{rel}","templated":true}]}}