{"id":268,"date":"2025-11-03T00:19:15","date_gmt":"2025-11-03T00:19:15","guid":{"rendered":"https:\/\/henerrfm.com\/?post_type=product&#038;p=268"},"modified":"2025-12-04T08:19:25","modified_gmt":"2025-12-04T08:19:25","slug":"k-style-gutter-roll-forming-machine","status":"publish","type":"product","link":"https:\/\/www.henerrfm.com\/es\/product\/k-style-gutter-roll-forming-machine\/","title":{"rendered":"M\u00e1quina formadora de canaletas estilo K"},"content":{"rendered":"<h5>Descripci\u00f3n general del producto<\/h5>\n<p>El <a href=\"https:\/\/www.henerrfm.com\/es\/producto\/k-style-gutter-roll-forming-machine\/\">M\u00e1quina formadora de canaletas estilo K<\/a> Es una soluci\u00f3n de vanguardia para la producci\u00f3n de canaletas sin costura de alta calidad con una versatilidad excepcional. Dise\u00f1ada para manejar todos los materiales de canaletas est\u00e1ndar y calibres de hasta 24, esta m\u00e1quina ofrece un rendimiento constante para canaletas tipo K de 6 pulgadas con ajustes m\u00ednimos.<\/p>\n<p>Con rodillos de formaci\u00f3n flotantes cromados, la perfiladora de canales estilo K reduce la presi\u00f3n excesiva que suelen presentar los rodillos accionados tradicionales, garantizando un corte suave y preciso y prolongando su vida \u00fatil. Su dise\u00f1o avanzado facilita su operaci\u00f3n, manteniendo alta precisi\u00f3n y fiabilidad en cada tirada de producci\u00f3n.<\/p>\n<p>Ideal tanto para aplicaciones residenciales como comerciales, la m\u00e1quina perfiladora de canaletas estilo K combina durabilidad, eficiencia y precisi\u00f3n, lo que la convierte en la mejor opci\u00f3n para los fabricantes que buscan canaletas sin costura de calidad profesional y consistente.<\/p>\n<h5>Dibujos de perfil de producto<\/h5>\n<p><img loading=\"lazy\" decoding=\"async\" class=\"alignnone wp-image-2705\" src=\"https:\/\/henerrfm.com\/wp-content\/uploads\/2025\/11\/K-style-seamless-gutter-machinepm-300x300.jpg\" alt=\"M\u00e1quina para canaletas sin costura estilo K\" width=\"672\" height=\"672\" srcset=\"https:\/\/www.henerrfm.com\/wp-content\/uploads\/2025\/11\/K-style-seamless-gutter-machinepm-300x300.jpg 300w, https:\/\/www.henerrfm.com\/wp-content\/uploads\/2025\/11\/K-style-seamless-gutter-machinepm-150x150.jpg 150w, https:\/\/www.henerrfm.com\/wp-content\/uploads\/2025\/11\/K-style-seamless-gutter-machinepm-100x100.jpg 100w, https:\/\/www.henerrfm.com\/wp-content\/uploads\/2025\/11\/K-style-seamless-gutter-machinepm.jpg 500w\" sizes=\"auto, (max-width: 672px) 100vw, 672px\" \/><\/p>\n<h5>Par\u00e1metros t\u00e9cnicos<\/h5>\n<p>&nbsp;<\/p>\n<table>\n<thead>\n<tr>\n<th><span style=\"font-weight: 400;\">Art\u00edculo<\/span><\/th>\n<th><span style=\"font-weight: 400;\">Detalles de la especificaci\u00f3n<\/span><\/th>\n<\/tr>\n<\/thead>\n<tbody>\n<tr>\n<td>Estructura del marco base<\/td>\n<td>350 vigas H soldadas<\/td>\n<\/tr>\n<tr>\n<td>Espesor de la pared lateral<\/td>\n<td>Acero al carbono A3 de 16 mm, soldado sin costuras con marco base<\/td>\n<\/tr>\n<tr>\n<td>Estaciones de rodillos<\/td>\n<td>18 unidades formadoras<\/td>\n<\/tr>\n<tr>\n<td>Di\u00e1metro de la barra de conexi\u00f3n<\/td>\n<td>Varilla de acero galvanizado de 25 mm<\/td>\n<\/tr>\n<tr>\n<td>Eje de rodillo (s\u00f3lido)<\/td>\n<td>70 mm (tolerancia: -0,01~-0,03 mm) con chavetero<\/td>\n<\/tr>\n<tr>\n<td>Material del eje (duro)<\/td>\n<td>Acero 45# de alta calidad, torneado y pulido suavemente.<\/td>\n<\/tr>\n<tr>\n<td>Material del rodillo (duro)<\/td>\n<td>Acero 45# de alta calidad, torno CNC y luego cromado de 0,05 mm.<\/td>\n<\/tr>\n<tr>\n<td>Tipo de rodamiento<\/td>\n<td>Est\u00e1ndar 6210 (Wanxiang, Wuxi), unidades individuales dentro de la caja de pared<\/td>\n<\/tr>\n<tr>\n<td>Tornillos y pernos<\/td>\n<td>Est\u00e1ndar com\u00fan 8.8<\/td>\n<\/tr>\n<tr>\n<td>M\u00e9todo de transmisi\u00f3n<\/td>\n<td>0,6 pulgadas<\/td>\n<\/tr>\n<tr>\n<td>Motor impulsor<\/td>\n<td>4,0 kW<\/td>\n<\/tr>\n<tr>\n<td>Reductor de motor<\/td>\n<td>4,0 kW<\/td>\n<\/tr>\n<tr>\n<td>Velocidad de formaci\u00f3n<\/td>\n<td>10-12 m\/min<\/td>\n<\/tr>\n<\/tbody>\n<\/table>\n<h5>Diagrama de flujo<\/h5>\n<h5><img loading=\"lazy\" decoding=\"async\" class=\"alignnone wp-image-2704\" src=\"https:\/\/henerrfm.com\/wp-content\/uploads\/2025\/11\/K-style-seamless-gutter-machinelc-300x74.jpg\" alt=\"\" width=\"1314\" height=\"324\" srcset=\"https:\/\/www.henerrfm.com\/wp-content\/uploads\/2025\/11\/K-style-seamless-gutter-machinelc-300x74.jpg 300w, https:\/\/www.henerrfm.com\/wp-content\/uploads\/2025\/11\/K-style-seamless-gutter-machinelc-1024x251.jpg 1024w, https:\/\/www.henerrfm.com\/wp-content\/uploads\/2025\/11\/K-style-seamless-gutter-machinelc-768x188.jpg 768w, https:\/\/www.henerrfm.com\/wp-content\/uploads\/2025\/11\/K-style-seamless-gutter-machinelc-600x147.jpg 600w\" sizes=\"auto, (max-width: 1314px) 100vw, 1314px\" \/><\/h5>\n<h5 style=\"text-align: left;\">V\u00eddeo del producto<\/h5>\n<p><iframe loading=\"lazy\" title=\"M\u00e1quina para canalones sin costura estilo K\" width=\"1350\" height=\"759\" src=\"https:\/\/www.youtube.com\/embed\/mBmKXFQ3VZQ?feature=oembed\" frameborder=\"0\" allow=\"accelerometer; autoplay; clipboard-write; encrypted-media; gyroscope; picture-in-picture; web-share\" referrerpolicy=\"strict-origin-when-cross-origin\" allowfullscreen><\/iframe><\/p>\n<h5>Solicitud<\/h5>\n<h5><img loading=\"lazy\" decoding=\"async\" class=\"alignnone wp-image-2706\" src=\"https:\/\/henerrfm.com\/wp-content\/uploads\/2025\/11\/K-style-seamless-gutter-machineyy-300x125.jpg\" alt=\"\" width=\"1342\" height=\"559\" srcset=\"https:\/\/www.henerrfm.com\/wp-content\/uploads\/2025\/11\/K-style-seamless-gutter-machineyy-300x125.jpg 300w, https:\/\/www.henerrfm.com\/wp-content\/uploads\/2025\/11\/K-style-seamless-gutter-machineyy-1024x426.jpg 1024w, https:\/\/www.henerrfm.com\/wp-content\/uploads\/2025\/11\/K-style-seamless-gutter-machineyy-768x320.jpg 768w, https:\/\/www.henerrfm.com\/wp-content\/uploads\/2025\/11\/K-style-seamless-gutter-machineyy-600x250.jpg 600w, https:\/\/www.henerrfm.com\/wp-content\/uploads\/2025\/11\/K-style-seamless-gutter-machineyy.jpg 1350w\" sizes=\"auto, (max-width: 1342px) 100vw, 1342px\" \/><\/h5>\n<h5>Producto terminado<\/h5>\n<h5><img loading=\"lazy\" decoding=\"async\" class=\"alignnone wp-image-2703\" src=\"https:\/\/henerrfm.com\/wp-content\/uploads\/2025\/11\/K-style-seamless-gutter-machinecp-300x173.jpg\" alt=\"\" width=\"865\" height=\"499\" srcset=\"https:\/\/www.henerrfm.com\/wp-content\/uploads\/2025\/11\/K-style-seamless-gutter-machinecp-300x173.jpg 300w, https:\/\/www.henerrfm.com\/wp-content\/uploads\/2025\/11\/K-style-seamless-gutter-machinecp-1024x590.jpg 1024w, https:\/\/www.henerrfm.com\/wp-content\/uploads\/2025\/11\/K-style-seamless-gutter-machinecp-768x443.jpg 768w, https:\/\/www.henerrfm.com\/wp-content\/uploads\/2025\/11\/K-style-seamless-gutter-machinecp-600x346.jpg 600w, https:\/\/www.henerrfm.com\/wp-content\/uploads\/2025\/11\/K-style-seamless-gutter-machinecp.jpg 1350w\" sizes=\"auto, (max-width: 865px) 100vw, 865px\" \/><\/h5>\n<div style=\"all: initial !important;\"><\/div>\n<div style=\"all: initial !important;\"><\/div>","protected":false},"excerpt":{"rendered":"<p>&nbsp;<\/p>\n<div style=\"all: initial !important;\"><\/div>\n<div style=\"all: initial !important;\"><\/div>","protected":false},"featured_media":2702,"comment_status":"open","ping_status":"closed","template":"","meta":{"_gspb_post_css":""},"product_brand":[],"product_cat":[126,120],"product_tag":[],"class_list":{"0":"post-268","1":"product","2":"type-product","3":"status-publish","4":"has-post-thumbnail","6":"product_cat-gutter-downspout-roll-forming-machine","7":"product_cat-roof-wall-panel-roll-forming-machine","9":"first","10":"instock","11":"shipping-taxable","12":"product-type-simple"},"_links":{"self":[{"href":"https:\/\/www.henerrfm.com\/es\/wp-json\/wp\/v2\/product\/268","targetHints":{"allow":["GET"]}}],"collection":[{"href":"https:\/\/www.henerrfm.com\/es\/wp-json\/wp\/v2\/product"}],"about":[{"href":"https:\/\/www.henerrfm.com\/es\/wp-json\/wp\/v2\/types\/product"}],"replies":[{"embeddable":true,"href":"https:\/\/www.henerrfm.com\/es\/wp-json\/wp\/v2\/comments?post=268"}],"wp:featuredmedia":[{"embeddable":true,"href":"https:\/\/www.henerrfm.com\/es\/wp-json\/wp\/v2\/media\/2702"}],"wp:attachment":[{"href":"https:\/\/www.henerrfm.com\/es\/wp-json\/wp\/v2\/media?parent=268"}],"wp:term":[{"taxonomy":"product_brand","embeddable":true,"href":"https:\/\/www.henerrfm.com\/es\/wp-json\/wp\/v2\/product_brand?post=268"},{"taxonomy":"product_cat","embeddable":true,"href":"https:\/\/www.henerrfm.com\/es\/wp-json\/wp\/v2\/product_cat?post=268"},{"taxonomy":"product_tag","embeddable":true,"href":"https:\/\/www.henerrfm.com\/es\/wp-json\/wp\/v2\/product_tag?post=268"}],"curies":[{"name":"wp","href":"https:\/\/api.w.org\/{rel}","templated":true}]}}