{"id":274,"date":"2025-11-03T00:21:34","date_gmt":"2025-11-03T00:21:34","guid":{"rendered":"https:\/\/henerrfm.com\/?post_type=product&#038;p=274"},"modified":"2025-12-04T08:19:48","modified_gmt":"2025-12-04T08:19:48","slug":"portable-kr18-standing-seam-machine","status":"publish","type":"product","link":"https:\/\/www.henerrfm.com\/es\/product\/portable-kr18-standing-seam-machine\/","title":{"rendered":"M\u00e1quina port\u00e1til de costura alzada KR18"},"content":{"rendered":"<h5>Descripci\u00f3n general del producto<\/h5>\n<p>El <a href=\"https:\/\/www.henerrfm.com\/es\/producto\/portable-kr18-standing-seam-machine\/\">M\u00e1quina port\u00e1til de costura alzada KR18<\/a> Es un sistema vers\u00e1til de perfilado dise\u00f1ado para la producci\u00f3n in situ de paneles met\u00e1licos con junta alzada para techos, lo que lo hace muy popular en M\u00e9xico. Su dise\u00f1o port\u00e1til permite el laminado de los paneles directamente sobre el techo, simplificando as\u00ed su transporte, manejo e instalaci\u00f3n.<\/p>\n<p>Con un sistema de fijaci\u00f3n de clip oculto, esta m\u00e1quina elimina la necesidad de perforar la superficie, lo que reduce los costos de mantenimiento y mejora la impermeabilidad. Los paneles KR24 tipo SSR est\u00e1n acanalados y se instalan directamente en obra, lo que garantiza un sellado herm\u00e9tico y minimiza el riesgo de fugas.<\/p>\n<p>Fabricada en tramos continuos desde el canal\u00f3n hasta la cumbrera, la m\u00e1quina de junta alzada port\u00e1til KR18 soporta techos de pendiente baja de hasta 2% y permite a\u00f1adir materiales aislantes durante la instalaci\u00f3n. Su eficiente sistema de encofrado in situ ofrece soluciones de techos met\u00e1licos duraderos, precisos y resistentes a la intemperie para aplicaciones residenciales, comerciales e industriales.<\/p>\n<h5>Dibujos de perfil de producto<\/h5>\n<p><img loading=\"lazy\" decoding=\"async\" class=\"alignnone wp-image-2696\" src=\"https:\/\/henerrfm.com\/wp-content\/uploads\/2025\/11\/KR18-standing-seam-machinepm-300x148.jpg\" alt=\"\" width=\"1332\" height=\"657\" srcset=\"https:\/\/www.henerrfm.com\/wp-content\/uploads\/2025\/11\/KR18-standing-seam-machinepm-300x148.jpg 300w, https:\/\/www.henerrfm.com\/wp-content\/uploads\/2025\/11\/KR18-standing-seam-machinepm-1024x506.jpg 1024w, https:\/\/www.henerrfm.com\/wp-content\/uploads\/2025\/11\/KR18-standing-seam-machinepm-768x379.jpg 768w, https:\/\/www.henerrfm.com\/wp-content\/uploads\/2025\/11\/KR18-standing-seam-machinepm-600x296.jpg 600w, https:\/\/www.henerrfm.com\/wp-content\/uploads\/2025\/11\/KR18-standing-seam-machinepm.jpg 1350w\" sizes=\"auto, (max-width: 1332px) 100vw, 1332px\" \/><\/p>\n<h5>Par\u00e1metros t\u00e9cnicos<\/h5>\n<table>\n<thead>\n<tr>\n<th><span style=\"font-weight: 400;\">Art\u00edculo<\/span><\/th>\n<th><span style=\"font-weight: 400;\">Detalles de la especificaci\u00f3n<\/span><\/th>\n<\/tr>\n<\/thead>\n<tbody>\n<tr>\n<td>Material formado<\/td>\n<td>PPGI, GI, AI; Espesor: 0,3-0,6 mm<\/td>\n<\/tr>\n<tr>\n<td>Desenrollador<\/td>\n<td>Desbobinador autom\u00e1tico hidr\u00e1ulico; Desbobinador manual (opci\u00f3n gratuita)<\/td>\n<\/tr>\n<tr>\n<td>Cuerpo principal \u2013 Estaci\u00f3n de rodillos<\/td>\n<td>7 filas (personalizables seg\u00fan requisito)<\/td>\n<\/tr>\n<tr>\n<td>Cuerpo principal \u2013 Di\u00e1metro del eje<\/td>\n<td>Eje s\u00f3lido de 60 mm<\/td>\n<\/tr>\n<tr>\n<td>Cuerpo principal \u2013 Material del rodillo<\/td>\n<td>Acero 45#, cromado duro en la superficie<\/td>\n<\/tr>\n<tr>\n<td>Cuerpo principal \u2013 Bastidor del cuerpo de la m\u00e1quina<\/td>\n<td>Tubo cuadrado soldado con panel de acero<\/td>\n<\/tr>\n<tr>\n<td>Cuerpo principal \u2013 Transmisi\u00f3n<\/td>\n<td>Transmisi\u00f3n de engranajes<\/td>\n<\/tr>\n<\/tbody>\n<\/table>\n<h5>Diagrama de flujo<\/h5>\n<h5><img loading=\"lazy\" decoding=\"async\" class=\"alignnone wp-image-2695\" src=\"https:\/\/henerrfm.com\/wp-content\/uploads\/2025\/11\/KR18-standing-seam-machinelc-300x96.jpg\" alt=\"\" width=\"1334\" height=\"427\" srcset=\"https:\/\/www.henerrfm.com\/wp-content\/uploads\/2025\/11\/KR18-standing-seam-machinelc-300x96.jpg 300w, https:\/\/www.henerrfm.com\/wp-content\/uploads\/2025\/11\/KR18-standing-seam-machinelc-1024x328.jpg 1024w, https:\/\/www.henerrfm.com\/wp-content\/uploads\/2025\/11\/KR18-standing-seam-machinelc-768x246.jpg 768w, https:\/\/www.henerrfm.com\/wp-content\/uploads\/2025\/11\/KR18-standing-seam-machinelc-600x192.jpg 600w, https:\/\/www.henerrfm.com\/wp-content\/uploads\/2025\/11\/KR18-standing-seam-machinelc.jpg 1350w\" sizes=\"auto, (max-width: 1334px) 100vw, 1334px\" \/><\/h5>\n<h5 style=\"text-align: left;\">V\u00eddeo del producto<\/h5>\n<p><iframe loading=\"lazy\" title=\"M\u00e1quina de costura alzada port\u00e1til Kr18\" width=\"1350\" height=\"759\" src=\"https:\/\/www.youtube.com\/embed\/QaR9D-WzBr0?feature=oembed\" frameborder=\"0\" allow=\"accelerometer; autoplay; clipboard-write; encrypted-media; gyroscope; picture-in-picture; web-share\" referrerpolicy=\"strict-origin-when-cross-origin\" allowfullscreen><\/iframe><\/p>\n<h5>Visualizaci\u00f3n de detalles del producto<\/h5>\n<h5><img loading=\"lazy\" decoding=\"async\" class=\"alignnone wp-image-2697\" src=\"https:\/\/henerrfm.com\/wp-content\/uploads\/2025\/11\/KR18-standing-seam-machinexj-300x105.jpg\" alt=\"\" width=\"1317\" height=\"461\" srcset=\"https:\/\/www.henerrfm.com\/wp-content\/uploads\/2025\/11\/KR18-standing-seam-machinexj-300x105.jpg 300w, https:\/\/www.henerrfm.com\/wp-content\/uploads\/2025\/11\/KR18-standing-seam-machinexj-768x270.jpg 768w, https:\/\/www.henerrfm.com\/wp-content\/uploads\/2025\/11\/KR18-standing-seam-machinexj-600x211.jpg 600w, https:\/\/www.henerrfm.com\/wp-content\/uploads\/2025\/11\/KR18-standing-seam-machinexj.jpg 1350w\" sizes=\"auto, (max-width: 1317px) 100vw, 1317px\" \/><\/h5>\n<h5>Solicitud<\/h5>\n<h5><img loading=\"lazy\" decoding=\"async\" class=\"alignnone wp-image-2698\" src=\"https:\/\/henerrfm.com\/wp-content\/uploads\/2025\/11\/KR18-standing-seam-machineyy-300x105.jpg\" alt=\"\" width=\"1323\" height=\"463\" srcset=\"https:\/\/www.henerrfm.com\/wp-content\/uploads\/2025\/11\/KR18-standing-seam-machineyy-300x105.jpg 300w, https:\/\/www.henerrfm.com\/wp-content\/uploads\/2025\/11\/KR18-standing-seam-machineyy-768x270.jpg 768w, https:\/\/www.henerrfm.com\/wp-content\/uploads\/2025\/11\/KR18-standing-seam-machineyy-600x211.jpg 600w\" sizes=\"auto, (max-width: 1323px) 100vw, 1323px\" \/><\/h5>\n<div style=\"all: initial !important;\"><\/div>\n<div style=\"all: initial !important;\"><\/div>","protected":false},"excerpt":{"rendered":"<p>&nbsp;<\/p>\n<div style=\"all: initial !important;\"><\/div>\n<div style=\"all: initial !important;\"><\/div>","protected":false},"featured_media":2693,"comment_status":"open","ping_status":"closed","template":"","meta":{"_gspb_post_css":""},"product_brand":[],"product_cat":[120,127],"product_tag":[],"class_list":{"0":"post-274","1":"product","2":"type-product","3":"status-publish","4":"has-post-thumbnail","6":"product_cat-roof-wall-panel-roll-forming-machine","7":"product_cat-standing-seam-roof-panel-roll-forming-machine","9":"first","10":"instock","11":"shipping-taxable","12":"product-type-simple"},"_links":{"self":[{"href":"https:\/\/www.henerrfm.com\/es\/wp-json\/wp\/v2\/product\/274","targetHints":{"allow":["GET"]}}],"collection":[{"href":"https:\/\/www.henerrfm.com\/es\/wp-json\/wp\/v2\/product"}],"about":[{"href":"https:\/\/www.henerrfm.com\/es\/wp-json\/wp\/v2\/types\/product"}],"replies":[{"embeddable":true,"href":"https:\/\/www.henerrfm.com\/es\/wp-json\/wp\/v2\/comments?post=274"}],"wp:featuredmedia":[{"embeddable":true,"href":"https:\/\/www.henerrfm.com\/es\/wp-json\/wp\/v2\/media\/2693"}],"wp:attachment":[{"href":"https:\/\/www.henerrfm.com\/es\/wp-json\/wp\/v2\/media?parent=274"}],"wp:term":[{"taxonomy":"product_brand","embeddable":true,"href":"https:\/\/www.henerrfm.com\/es\/wp-json\/wp\/v2\/product_brand?post=274"},{"taxonomy":"product_cat","embeddable":true,"href":"https:\/\/www.henerrfm.com\/es\/wp-json\/wp\/v2\/product_cat?post=274"},{"taxonomy":"product_tag","embeddable":true,"href":"https:\/\/www.henerrfm.com\/es\/wp-json\/wp\/v2\/product_tag?post=274"}],"curies":[{"name":"wp","href":"https:\/\/api.w.org\/{rel}","templated":true}]}}