{"id":279,"date":"2025-11-03T00:26:59","date_gmt":"2025-11-03T00:26:59","guid":{"rendered":"https:\/\/henerrfm.com\/?post_type=product&#038;p=279"},"modified":"2025-12-04T08:24:21","modified_gmt":"2025-12-04T08:24:21","slug":"stone-coated-roof-tile-producing-line","status":"publish","type":"product","link":"https:\/\/www.henerrfm.com\/es\/product\/stone-coated-roof-tile-producing-line\/","title":{"rendered":"L\u00ednea de producci\u00f3n de tejas revestidas de piedra"},"content":{"rendered":"<h5>Descripci\u00f3n general del producto<\/h5>\n<p>El <a href=\"https:\/\/www.henerrfm.com\/es\/producto\/stone-coated-roof-tile-producing-line\/\">L\u00ednea de producci\u00f3n de tejas met\u00e1licas revestidas de piedra<\/a> es un sistema avanzado dise\u00f1ado para transformar l\u00e1minas met\u00e1licas planas en tejas recubiertas de piedra de colores de alta calidad mediante una serie de procesos que incluyen conformado, recubrimiento y lijado.<\/p>\n<p>Las tejas producidas por Stone Coated Roof Tile Producting Line no solo son visualmente atractivas sino tambi\u00e9n muy duraderas, resistentes al fuego e impermeables, lo que brinda protecci\u00f3n duradera y mejora est\u00e9tica para edificios residenciales, comerciales e industriales. La l\u00ednea de producci\u00f3n de tejas revestidas de piedra garantiza una calidad constante del producto, una producci\u00f3n eficiente y un rendimiento superior de los techos, lo que la convierte en una soluci\u00f3n ideal para los fabricantes que buscan productos de techos met\u00e1licos recubiertos de piedra de primera calidad.<\/p>\n<h5>Dibujos de perfil de producto<\/h5>\n<p><img loading=\"lazy\" decoding=\"async\" class=\"alignnone wp-image-2684\" src=\"https:\/\/henerrfm.com\/wp-content\/uploads\/2025\/11\/Stone-Coated-Metal-Roof-Tile-Production-Linepm-300x152.jpg\" alt=\"\" width=\"1322\" height=\"670\" srcset=\"https:\/\/www.henerrfm.com\/wp-content\/uploads\/2025\/11\/Stone-Coated-Metal-Roof-Tile-Production-Linepm-300x152.jpg 300w, https:\/\/www.henerrfm.com\/wp-content\/uploads\/2025\/11\/Stone-Coated-Metal-Roof-Tile-Production-Linepm-1024x520.jpg 1024w, https:\/\/www.henerrfm.com\/wp-content\/uploads\/2025\/11\/Stone-Coated-Metal-Roof-Tile-Production-Linepm-768x390.jpg 768w, https:\/\/www.henerrfm.com\/wp-content\/uploads\/2025\/11\/Stone-Coated-Metal-Roof-Tile-Production-Linepm-600x304.jpg 600w, https:\/\/www.henerrfm.com\/wp-content\/uploads\/2025\/11\/Stone-Coated-Metal-Roof-Tile-Production-Linepm.jpg 1350w\" sizes=\"auto, (max-width: 1322px) 100vw, 1322px\" \/><\/p>\n<h5>Par\u00e1metros t\u00e9cnicos<\/h5>\n<table>\n<thead>\n<tr>\n<th><span style=\"font-weight: 400;\">Componente<\/span><\/th>\n<th><span style=\"font-weight: 400;\">Detalles del par\u00e1metro<\/span><\/th>\n<th><span style=\"font-weight: 400;\">Descripci\u00f3n de la caracter\u00edstica<\/span><\/th>\n<\/tr>\n<\/thead>\n<tbody>\n<tr>\n<td>M\u00f3dulo de revestimiento de base<\/td>\n<td>3300\u00d71600\u00d72200 mm; Estructura de acero 120#; Motor de accionamiento de 0,75kW<\/td>\n<td>pulverizaci\u00f3n de HVLP; Pulverizaci\u00f3n alternativa controlada por PLC<\/td>\n<\/tr>\n<tr>\n<td>Aplicaci\u00f3n de gr\u00e1nulos<\/td>\n<td>envolvente de trabajo de 8000\u00d71600\u00d72500 mm; Transmisi\u00f3n por cadena de 1,5 kW<\/td>\n<td>Reciclaje de arena con triple transportador; Sistema de cuchillas de aire de 16 respiraderos<\/td>\n<\/tr>\n<tr>\n<td>M\u00f3dulo de revestimiento superior<\/td>\n<td>Igual que el m\u00f3dulo de recubrimiento base<\/td>\n<td>Sistema de alimentaci\u00f3n por bomba de diafragma<\/td>\n<\/tr>\n<tr>\n<td>C\u00e1maras de secado<\/td>\n<td>Espacio interno de 6,5\u00d73\u00d73 m (L\u00d7W\u00d7H); Paneles aislados de 100 mm<\/td>\n<td>Sopladores centr\u00edfugos de 4\u00d7750W; Control de temperatura de precisi\u00f3n<\/td>\n<\/tr>\n<\/tbody>\n<\/table>\n<h5>Diagrama de flujo<\/h5>\n<p><img loading=\"lazy\" decoding=\"async\" class=\"alignnone wp-image-2683\" src=\"https:\/\/henerrfm.com\/wp-content\/uploads\/2025\/11\/Stone-Coated-Metal-Roof-Tile-Production-Linelc-300x148.jpg\" alt=\"\" width=\"1334\" height=\"658\" srcset=\"https:\/\/www.henerrfm.com\/wp-content\/uploads\/2025\/11\/Stone-Coated-Metal-Roof-Tile-Production-Linelc-300x148.jpg 300w, https:\/\/www.henerrfm.com\/wp-content\/uploads\/2025\/11\/Stone-Coated-Metal-Roof-Tile-Production-Linelc-1024x504.jpg 1024w, https:\/\/www.henerrfm.com\/wp-content\/uploads\/2025\/11\/Stone-Coated-Metal-Roof-Tile-Production-Linelc-768x378.jpg 768w, https:\/\/www.henerrfm.com\/wp-content\/uploads\/2025\/11\/Stone-Coated-Metal-Roof-Tile-Production-Linelc-600x296.jpg 600w, https:\/\/www.henerrfm.com\/wp-content\/uploads\/2025\/11\/Stone-Coated-Metal-Roof-Tile-Production-Linelc.jpg 1350w\" sizes=\"auto, (max-width: 1334px) 100vw, 1334px\" \/><\/p>\n<h5>Visualizaci\u00f3n de detalles del producto<\/h5>\n<p><img loading=\"lazy\" decoding=\"async\" class=\"alignnone wp-image-2685\" src=\"https:\/\/henerrfm.com\/wp-content\/uploads\/2025\/11\/Stone-Coated-Metal-Roof-Tile-Production-Linexj1-300x105.jpg\" alt=\"\" width=\"1326\" height=\"464\" srcset=\"https:\/\/www.henerrfm.com\/wp-content\/uploads\/2025\/11\/Stone-Coated-Metal-Roof-Tile-Production-Linexj1-300x105.jpg 300w, https:\/\/www.henerrfm.com\/wp-content\/uploads\/2025\/11\/Stone-Coated-Metal-Roof-Tile-Production-Linexj1-768x270.jpg 768w, https:\/\/www.henerrfm.com\/wp-content\/uploads\/2025\/11\/Stone-Coated-Metal-Roof-Tile-Production-Linexj1-600x211.jpg 600w\" sizes=\"auto, (max-width: 1326px) 100vw, 1326px\" \/><img loading=\"lazy\" decoding=\"async\" class=\"alignnone wp-image-2686\" src=\"https:\/\/henerrfm.com\/wp-content\/uploads\/2025\/11\/Stone-Coated-Metal-Roof-Tile-Production-Linexj2-300x105.jpg\" alt=\"\" width=\"1329\" height=\"465\" srcset=\"https:\/\/www.henerrfm.com\/wp-content\/uploads\/2025\/11\/Stone-Coated-Metal-Roof-Tile-Production-Linexj2-300x105.jpg 300w, https:\/\/www.henerrfm.com\/wp-content\/uploads\/2025\/11\/Stone-Coated-Metal-Roof-Tile-Production-Linexj2-768x270.jpg 768w, https:\/\/www.henerrfm.com\/wp-content\/uploads\/2025\/11\/Stone-Coated-Metal-Roof-Tile-Production-Linexj2-600x211.jpg 600w\" sizes=\"auto, (max-width: 1329px) 100vw, 1329px\" \/><img loading=\"lazy\" decoding=\"async\" class=\"alignnone wp-image-2687\" src=\"https:\/\/henerrfm.com\/wp-content\/uploads\/2025\/11\/Stone-Coated-Metal-Roof-Tile-Production-Linexk-300x105.jpg\" alt=\"\" width=\"1329\" height=\"465\" srcset=\"https:\/\/www.henerrfm.com\/wp-content\/uploads\/2025\/11\/Stone-Coated-Metal-Roof-Tile-Production-Linexk-300x105.jpg 300w, https:\/\/www.henerrfm.com\/wp-content\/uploads\/2025\/11\/Stone-Coated-Metal-Roof-Tile-Production-Linexk-768x270.jpg 768w, https:\/\/www.henerrfm.com\/wp-content\/uploads\/2025\/11\/Stone-Coated-Metal-Roof-Tile-Production-Linexk-600x211.jpg 600w\" sizes=\"auto, (max-width: 1329px) 100vw, 1329px\" \/><\/p>\n<h5>Solicitud<\/h5>\n<p><img loading=\"lazy\" decoding=\"async\" class=\"alignnone wp-image-2689\" src=\"https:\/\/henerrfm.com\/wp-content\/uploads\/2025\/11\/Stone-Coated-Metal-Roof-Tile-Production-Lineyy1-300x105.jpg\" alt=\"\" width=\"1326\" height=\"464\" srcset=\"https:\/\/www.henerrfm.com\/wp-content\/uploads\/2025\/11\/Stone-Coated-Metal-Roof-Tile-Production-Lineyy1-300x105.jpg 300w, https:\/\/www.henerrfm.com\/wp-content\/uploads\/2025\/11\/Stone-Coated-Metal-Roof-Tile-Production-Lineyy1-768x270.jpg 768w, https:\/\/www.henerrfm.com\/wp-content\/uploads\/2025\/11\/Stone-Coated-Metal-Roof-Tile-Production-Lineyy1-600x211.jpg 600w\" sizes=\"auto, (max-width: 1326px) 100vw, 1326px\" \/><img loading=\"lazy\" decoding=\"async\" class=\"alignnone wp-image-2688\" src=\"https:\/\/henerrfm.com\/wp-content\/uploads\/2025\/11\/Stone-Coated-Metal-Roof-Tile-Production-Lineyy-300x105.jpg\" alt=\"\" width=\"1326\" height=\"464\" srcset=\"https:\/\/www.henerrfm.com\/wp-content\/uploads\/2025\/11\/Stone-Coated-Metal-Roof-Tile-Production-Lineyy-300x105.jpg 300w, https:\/\/www.henerrfm.com\/wp-content\/uploads\/2025\/11\/Stone-Coated-Metal-Roof-Tile-Production-Lineyy-768x270.jpg 768w, https:\/\/www.henerrfm.com\/wp-content\/uploads\/2025\/11\/Stone-Coated-Metal-Roof-Tile-Production-Lineyy-600x211.jpg 600w\" sizes=\"auto, (max-width: 1326px) 100vw, 1326px\" \/><\/p>\n<div style=\"all: initial !important;\"><\/div>\n<div style=\"all: initial !important;\"><\/div>","protected":false},"excerpt":{"rendered":"<p>&nbsp;<\/p>\n<div style=\"all: initial !important;\"><\/div>\n<div style=\"all: initial !important;\"><\/div>","protected":false},"featured_media":280,"comment_status":"open","ping_status":"closed","template":"","meta":{"_gspb_post_css":""},"product_brand":[],"product_cat":[120,131],"product_tag":[],"class_list":{"0":"post-279","1":"product","2":"type-product","3":"status-publish","4":"has-post-thumbnail","6":"product_cat-roof-wall-panel-roll-forming-machine","7":"product_cat-stone-coated-roof-tile-production-line","9":"first","10":"instock","11":"shipping-taxable","12":"product-type-simple"},"_links":{"self":[{"href":"https:\/\/www.henerrfm.com\/es\/wp-json\/wp\/v2\/product\/279","targetHints":{"allow":["GET"]}}],"collection":[{"href":"https:\/\/www.henerrfm.com\/es\/wp-json\/wp\/v2\/product"}],"about":[{"href":"https:\/\/www.henerrfm.com\/es\/wp-json\/wp\/v2\/types\/product"}],"replies":[{"embeddable":true,"href":"https:\/\/www.henerrfm.com\/es\/wp-json\/wp\/v2\/comments?post=279"}],"wp:featuredmedia":[{"embeddable":true,"href":"https:\/\/www.henerrfm.com\/es\/wp-json\/wp\/v2\/media\/280"}],"wp:attachment":[{"href":"https:\/\/www.henerrfm.com\/es\/wp-json\/wp\/v2\/media?parent=279"}],"wp:term":[{"taxonomy":"product_brand","embeddable":true,"href":"https:\/\/www.henerrfm.com\/es\/wp-json\/wp\/v2\/product_brand?post=279"},{"taxonomy":"product_cat","embeddable":true,"href":"https:\/\/www.henerrfm.com\/es\/wp-json\/wp\/v2\/product_cat?post=279"},{"taxonomy":"product_tag","embeddable":true,"href":"https:\/\/www.henerrfm.com\/es\/wp-json\/wp\/v2\/product_tag?post=279"}],"curies":[{"name":"wp","href":"https:\/\/api.w.org\/{rel}","templated":true}]}}