{"id":286,"date":"2025-11-03T00:28:23","date_gmt":"2025-11-03T00:28:23","guid":{"rendered":"https:\/\/henerrfm.com\/?post_type=product&#038;p=286"},"modified":"2025-12-04T08:23:59","modified_gmt":"2025-12-04T08:23:59","slug":"metal-ridge-cap-roof-tile-roll-forming-machine","status":"publish","type":"product","link":"https:\/\/www.henerrfm.com\/es\/product\/metal-ridge-cap-roof-tile-roll-forming-machine\/","title":{"rendered":"M\u00e1quina formadora de tejas de caballete de metal"},"content":{"rendered":"<h5>Descripci\u00f3n general del producto<\/h5>\n<p>El <a href=\"https:\/\/www.henerrfm.com\/es\/producto\/metal-ridge-cap-roof-tile-roll-forming-machine\/\">M\u00e1quina formadora de tejas de caballete de metal<\/a> es un equipo avanzado dise\u00f1ado para fabricar tapas de cumbrera de precisi\u00f3n para sistemas de techos met\u00e1licos. Estas tapas de cumbrera se instalan a lo largo del pico del techo para brindar una protecci\u00f3n superior contra fugas de agua, levantamiento del viento e intrusi\u00f3n de nieve, al tiempo que mejoran la apariencia general y la durabilidad del techo.<\/p>\n<p>Ideal para fabricantes de materiales para techos, la m\u00e1quina perfiladora de tejas de metal Ridge Cap ofrece un funcionamiento silencioso, una configuraci\u00f3n sencilla y un rendimiento constante. Cada modelo est\u00e1 personalizado para producir un perfil de cumbrera espec\u00edfico que se adapta perfectamente <a href=\"https:\/\/en.wikipedia.org\/wiki\/Roof_tiles\" target=\"_blank\" rel=\"noopener\">tejas<\/a>, lo que la convierte en una excelente soluci\u00f3n para empresas centradas en la eficiencia, la precisi\u00f3n y el rendimiento duradero.<\/p>\n<h5>Dibujos de perfil de producto<\/h5>\n<p><img loading=\"lazy\" decoding=\"async\" class=\"alignnone wp-image-2679\" src=\"https:\/\/henerrfm.com\/wp-content\/uploads\/2025\/11\/ridge-cap-roll-forming-machinepm-300x156.jpg\" alt=\"\" width=\"1335\" height=\"694\" srcset=\"https:\/\/www.henerrfm.com\/wp-content\/uploads\/2025\/11\/ridge-cap-roll-forming-machinepm-300x156.jpg 300w, https:\/\/www.henerrfm.com\/wp-content\/uploads\/2025\/11\/ridge-cap-roll-forming-machinepm-1024x532.jpg 1024w, https:\/\/www.henerrfm.com\/wp-content\/uploads\/2025\/11\/ridge-cap-roll-forming-machinepm-768x399.jpg 768w, https:\/\/www.henerrfm.com\/wp-content\/uploads\/2025\/11\/ridge-cap-roll-forming-machinepm-600x312.jpg 600w, https:\/\/www.henerrfm.com\/wp-content\/uploads\/2025\/11\/ridge-cap-roll-forming-machinepm.jpg 1350w\" sizes=\"auto, (max-width: 1335px) 100vw, 1335px\" \/><\/p>\n<h5>Par\u00e1metros t\u00e9cnicos<\/h5>\n<table>\n<thead>\n<tr>\n<th><span style=\"font-weight: 400;\">Art\u00edculo<\/span><\/th>\n<th><span style=\"font-weight: 400;\">Detalles de la especificaci\u00f3n<\/span><\/th>\n<\/tr>\n<\/thead>\n<tbody>\n<tr>\n<td>Pasos de formaci\u00f3n<\/td>\n<td>15 estaciones<\/td>\n<\/tr>\n<tr>\n<td>Di\u00e1metro del eje<\/td>\n<td>80 mm<\/td>\n<\/tr>\n<tr>\n<td>Tipo de dise\u00f1o<\/td>\n<td>Estructura soldada de placa intermedia<\/td>\n<\/tr>\n<tr>\n<td>Bastidor de la m\u00e1quina<\/td>\n<td>Marco soldado con viga en H 350#<\/td>\n<\/tr>\n<tr>\n<td>Material del rodillo<\/td>\n<td>Acero 45# con cromado duro<\/td>\n<\/tr>\n<tr>\n<td>Material del eje<\/td>\n<td>Acero 45#<\/td>\n<\/tr>\n<tr>\n<td>Velocidad de trabajo<\/td>\n<td>7-15 metros por minuto<\/td>\n<\/tr>\n<tr>\n<td>M\u00e9todo de transmisi\u00f3n<\/td>\n<td>Impulsado por cadena<\/td>\n<\/tr>\n<tr>\n<td>Potencia del motor principal<\/td>\n<td>5,5 kW<\/td>\n<\/tr>\n<tr>\n<td>Tipo de corte<\/td>\n<td>Corte hidr\u00e1ulico<\/td>\n<\/tr>\n<tr>\n<td>Dimensiones de la m\u00e1quina<\/td>\n<td>5600 mm \u00d7 600 mm \u00d7 800 mm<\/td>\n<\/tr>\n<\/tbody>\n<\/table>\n<h5>Diagrama de flujo<\/h5>\n<p><img loading=\"lazy\" decoding=\"async\" class=\"alignnone wp-image-2678\" src=\"https:\/\/henerrfm.com\/wp-content\/uploads\/2025\/11\/ridge-cap-roll-forming-machinelc-300x71.jpg\" alt=\"\" width=\"1310\" height=\"310\" srcset=\"https:\/\/www.henerrfm.com\/wp-content\/uploads\/2025\/11\/ridge-cap-roll-forming-machinelc-300x71.jpg 300w, https:\/\/www.henerrfm.com\/wp-content\/uploads\/2025\/11\/ridge-cap-roll-forming-machinelc-1024x241.jpg 1024w, https:\/\/www.henerrfm.com\/wp-content\/uploads\/2025\/11\/ridge-cap-roll-forming-machinelc-768x181.jpg 768w, https:\/\/www.henerrfm.com\/wp-content\/uploads\/2025\/11\/ridge-cap-roll-forming-machinelc-600x141.jpg 600w, https:\/\/www.henerrfm.com\/wp-content\/uploads\/2025\/11\/ridge-cap-roll-forming-machinelc.jpg 1350w\" sizes=\"auto, (max-width: 1310px) 100vw, 1310px\" \/><\/p>\n<h5 style=\"text-align: left;\">V\u00eddeo del producto<\/h5>\n<p><iframe loading=\"lazy\" title=\"M\u00e1quina perfiladora de cumbreras met\u00e1licas\" width=\"1350\" height=\"759\" src=\"https:\/\/www.youtube.com\/embed\/2U9pOprZAHk?feature=oembed\" frameborder=\"0\" allow=\"accelerometer; autoplay; clipboard-write; encrypted-media; gyroscope; picture-in-picture; web-share\" referrerpolicy=\"strict-origin-when-cross-origin\" allowfullscreen><\/iframe><\/p>\n<h5>Visualizaci\u00f3n de detalles del producto<\/h5>\n<p><img loading=\"lazy\" decoding=\"async\" class=\"alignnone wp-image-2676\" src=\"https:\/\/henerrfm.com\/wp-content\/uploads\/2025\/11\/ridge-cap-roll-forming-machine5-300x300.jpg\" alt=\"\" width=\"655\" height=\"655\" srcset=\"https:\/\/www.henerrfm.com\/wp-content\/uploads\/2025\/11\/ridge-cap-roll-forming-machine5-300x300.jpg 300w, https:\/\/www.henerrfm.com\/wp-content\/uploads\/2025\/11\/ridge-cap-roll-forming-machine5-150x150.jpg 150w, https:\/\/www.henerrfm.com\/wp-content\/uploads\/2025\/11\/ridge-cap-roll-forming-machine5-100x100.jpg 100w, https:\/\/www.henerrfm.com\/wp-content\/uploads\/2025\/11\/ridge-cap-roll-forming-machine5.jpg 500w\" sizes=\"auto, (max-width: 655px) 100vw, 655px\" \/> <img loading=\"lazy\" decoding=\"async\" class=\"alignnone wp-image-2677\" src=\"https:\/\/henerrfm.com\/wp-content\/uploads\/2025\/11\/ridge-cap-roll-forming-machine6-300x300.jpg\" alt=\"\" width=\"654\" height=\"654\" srcset=\"https:\/\/www.henerrfm.com\/wp-content\/uploads\/2025\/11\/ridge-cap-roll-forming-machine6-300x300.jpg 300w, https:\/\/www.henerrfm.com\/wp-content\/uploads\/2025\/11\/ridge-cap-roll-forming-machine6-150x150.jpg 150w, https:\/\/www.henerrfm.com\/wp-content\/uploads\/2025\/11\/ridge-cap-roll-forming-machine6-100x100.jpg 100w, https:\/\/www.henerrfm.com\/wp-content\/uploads\/2025\/11\/ridge-cap-roll-forming-machine6.jpg 500w\" sizes=\"auto, (max-width: 654px) 100vw, 654px\" \/><\/p>\n<h5>Solicitud<\/h5>\n<p><img loading=\"lazy\" decoding=\"async\" class=\"alignnone wp-image-2680\" src=\"https:\/\/henerrfm.com\/wp-content\/uploads\/2025\/11\/ridge-cap-roll-forming-machineyy-300x105.jpg\" alt=\"\" width=\"1337\" height=\"468\" srcset=\"https:\/\/www.henerrfm.com\/wp-content\/uploads\/2025\/11\/ridge-cap-roll-forming-machineyy-300x105.jpg 300w, https:\/\/www.henerrfm.com\/wp-content\/uploads\/2025\/11\/ridge-cap-roll-forming-machineyy-768x270.jpg 768w, https:\/\/www.henerrfm.com\/wp-content\/uploads\/2025\/11\/ridge-cap-roll-forming-machineyy-600x211.jpg 600w, https:\/\/www.henerrfm.com\/wp-content\/uploads\/2025\/11\/ridge-cap-roll-forming-machineyy.jpg 1350w\" sizes=\"auto, (max-width: 1337px) 100vw, 1337px\" \/><\/p>\n<div style=\"all: initial !important;\"><\/div>\n<div style=\"all: initial !important;\"><\/div>","protected":false},"excerpt":{"rendered":"<p>&nbsp;<\/p>\n<div style=\"all: initial !important;\"><\/div>\n<div style=\"all: initial !important;\"><\/div>","protected":false},"featured_media":287,"comment_status":"open","ping_status":"closed","template":"","meta":{"_gspb_post_css":""},"product_brand":[],"product_cat":[128,120],"product_tag":[],"class_list":{"0":"post-286","1":"product","2":"type-product","3":"status-publish","4":"has-post-thumbnail","6":"product_cat-ridge-cap-roll-forming-machine","7":"product_cat-roof-wall-panel-roll-forming-machine","9":"first","10":"instock","11":"shipping-taxable","12":"product-type-simple"},"_links":{"self":[{"href":"https:\/\/www.henerrfm.com\/es\/wp-json\/wp\/v2\/product\/286","targetHints":{"allow":["GET"]}}],"collection":[{"href":"https:\/\/www.henerrfm.com\/es\/wp-json\/wp\/v2\/product"}],"about":[{"href":"https:\/\/www.henerrfm.com\/es\/wp-json\/wp\/v2\/types\/product"}],"replies":[{"embeddable":true,"href":"https:\/\/www.henerrfm.com\/es\/wp-json\/wp\/v2\/comments?post=286"}],"wp:featuredmedia":[{"embeddable":true,"href":"https:\/\/www.henerrfm.com\/es\/wp-json\/wp\/v2\/media\/287"}],"wp:attachment":[{"href":"https:\/\/www.henerrfm.com\/es\/wp-json\/wp\/v2\/media?parent=286"}],"wp:term":[{"taxonomy":"product_brand","embeddable":true,"href":"https:\/\/www.henerrfm.com\/es\/wp-json\/wp\/v2\/product_brand?post=286"},{"taxonomy":"product_cat","embeddable":true,"href":"https:\/\/www.henerrfm.com\/es\/wp-json\/wp\/v2\/product_cat?post=286"},{"taxonomy":"product_tag","embeddable":true,"href":"https:\/\/www.henerrfm.com\/es\/wp-json\/wp\/v2\/product_tag?post=286"}],"curies":[{"name":"wp","href":"https:\/\/api.w.org\/{rel}","templated":true}]}}