{"id":2868,"date":"2025-11-24T03:47:43","date_gmt":"2025-11-24T03:47:43","guid":{"rendered":"https:\/\/henerrfm.com\/?post_type=product&#038;p=2868"},"modified":"2025-12-04T08:28:23","modified_gmt":"2025-12-04T08:28:23","slug":"corrugated-garden-bed-roof-roll-forming-machine","status":"publish","type":"product","link":"https:\/\/www.henerrfm.com\/es\/product\/corrugated-garden-bed-roof-roll-forming-machine\/","title":{"rendered":"M\u00e1quina formadora de techos de camas de jard\u00edn corrugadas"},"content":{"rendered":"<h5>Descripci\u00f3n general del producto<\/h5>\n<p>El <a href=\"https:\/\/www.henerrfm.com\/es\/producto\/corrugated-garden-bed-roof-roll-forming-machine\/\">M\u00e1quina formadora de techos de camas de jard\u00edn corrugadas<\/a> est\u00e1 especialmente dise\u00f1ado para producir paneles corrugados de alta calidad utilizados en sistemas de camas de jard\u00edn elevadas de metal. Estas l\u00e1minas formadas se aplican ampliamente en jardines dom\u00e9sticos, balcones, tejados y \u00e1reas de paisajismo al aire libre, brindando soporte estable y una apariencia limpia y atractiva.<\/p>\n<p>Usando galvanizado <a href=\"https:\/\/en.wikipedia.org\/wiki\/Steel\" target=\"_blank\" rel=\"noopener\">acero<\/a> como material base, la m\u00e1quina produce paneles con excelente resistencia al \u00f3xido, la humedad y la exposici\u00f3n a la intemperie a largo plazo. La estructura corrugada aumenta la rigidez del panel, mejora el rendimiento del drenaje y ayuda a mantener las condiciones ideales del suelo para un desarrollo saludable de las ra\u00edces.<\/p>\n<p>Para satisfacer diferentes necesidades de producci\u00f3n, la m\u00e1quina perfiladora de techos de camas de jard\u00edn corrugadas se puede construir en dos estilos de configuraci\u00f3n:<\/p>\n<p>Tipo de ancho fijo, compatible con bobinas tanto estrechas como anchas.<\/p>\n<p>Tipo de ancho ajustable, que ofrece m\u00e1s flexibilidad para dise\u00f1os de camas variados.<\/p>\n<p>Para aplicaciones de camas de jard\u00edn curvas, la m\u00e1quina perfiladora de techos de camas de jard\u00edn corrugadas se puede combinar con una m\u00e1quina dobladora dedicada. La velocidad de producci\u00f3n suele oscilar entre 15 y 25 m\/min, lo que garantiza una producci\u00f3n eficiente para operaciones de fabricaci\u00f3n peque\u00f1as o grandes. Las caracter\u00edsticas opcionales, como el punzonado en l\u00ednea y los decoilers manuales o hidr\u00e1ulicos, ampl\u00edan a\u00fan m\u00e1s su adaptabilidad en la producci\u00f3n moderna de camas de jard\u00edn met\u00e1licas.<\/p>\n<h5>Dibujos de perfil de producto<\/h5>\n<p><img loading=\"lazy\" decoding=\"async\" class=\"alignnone wp-image-2874\" src=\"https:\/\/henerrfm.com\/wp-content\/uploads\/2025\/11\/details-of-garden-beds-roll-forming-machinepm-300x169.jpg\" alt=\"\" width=\"1212\" height=\"683\" srcset=\"https:\/\/www.henerrfm.com\/wp-content\/uploads\/2025\/11\/details-of-garden-beds-roll-forming-machinepm-300x169.jpg 300w, https:\/\/www.henerrfm.com\/wp-content\/uploads\/2025\/11\/details-of-garden-beds-roll-forming-machinepm-1024x578.jpg 1024w, https:\/\/www.henerrfm.com\/wp-content\/uploads\/2025\/11\/details-of-garden-beds-roll-forming-machinepm-768x433.jpg 768w, https:\/\/www.henerrfm.com\/wp-content\/uploads\/2025\/11\/details-of-garden-beds-roll-forming-machinepm-600x339.jpg 600w, https:\/\/www.henerrfm.com\/wp-content\/uploads\/2025\/11\/details-of-garden-beds-roll-forming-machinepm.jpg 1350w\" sizes=\"auto, (max-width: 1212px) 100vw, 1212px\" \/> <img loading=\"lazy\" decoding=\"async\" class=\"alignnone wp-image-2876\" src=\"https:\/\/henerrfm.com\/wp-content\/uploads\/2025\/11\/pmdetails-of-garden-beds-roll-forming-machine-300x108.jpg\" alt=\"\" width=\"1214\" height=\"437\" srcset=\"https:\/\/www.henerrfm.com\/wp-content\/uploads\/2025\/11\/pmdetails-of-garden-beds-roll-forming-machine-300x108.jpg 300w, https:\/\/www.henerrfm.com\/wp-content\/uploads\/2025\/11\/pmdetails-of-garden-beds-roll-forming-machine-1024x369.jpg 1024w, https:\/\/www.henerrfm.com\/wp-content\/uploads\/2025\/11\/pmdetails-of-garden-beds-roll-forming-machine-768x276.jpg 768w, https:\/\/www.henerrfm.com\/wp-content\/uploads\/2025\/11\/pmdetails-of-garden-beds-roll-forming-machine-600x216.jpg 600w, https:\/\/www.henerrfm.com\/wp-content\/uploads\/2025\/11\/pmdetails-of-garden-beds-roll-forming-machine.jpg 1350w\" sizes=\"auto, (max-width: 1214px) 100vw, 1214px\" \/><\/p>\n<h5>Par\u00e1metros t\u00e9cnicos<\/h5>\n<table>\n<tbody>\n<tr>\n<td>Espesor de prensado<\/td>\n<td>0,35 MM, l\u00e1mina galvanizada 235-350 MPa<\/td>\n<\/tr>\n<tr>\n<td>Ancho efectivo<\/td>\n<td>287<\/td>\n<\/tr>\n<tr>\n<td>Motor de estaci\u00f3n hidr\u00e1ulica<\/td>\n<td>5,5 KW<\/td>\n<\/tr>\n<tr>\n<td>Motor de transmisi\u00f3n<\/td>\n<td>7,5 KW<\/td>\n<\/tr>\n<tr>\n<td>Di\u00e1metro del eje del rodillo<\/td>\n<td>70 mm<\/td>\n<\/tr>\n<tr>\n<td>Material del husillo<\/td>\n<td>45 acero<\/td>\n<\/tr>\n<tr>\n<td>Espesor del panel lateral<\/td>\n<td>Panel lateral integrado de 22 mm<\/td>\n<\/tr>\n<tr>\n<td>Especificaciones de la base de la m\u00e1quina<\/td>\n<td>Placa de sellado de acero 400H+14MM, fresado de p\u00f3rtico trasero, superficie plana<\/td>\n<\/tr>\n<tr>\n<td>Pases de formaci\u00f3n<\/td>\n<td>20 juegos<\/td>\n<\/tr>\n<tr>\n<td>Material y procesamiento de rodillos<\/td>\n<td>El material del rodillo es 45 # y, tras un mecanizado de precisi\u00f3n, se cepilla y pule la superficie<\/td>\n<\/tr>\n<\/tbody>\n<\/table>\n<h5>Diagrama de flujo de producci\u00f3n<br \/>\n<img loading=\"lazy\" decoding=\"async\" class=\"alignnone wp-image-2873\" src=\"https:\/\/henerrfm.com\/wp-content\/uploads\/2025\/11\/details-of-garden-beds-roll-forming-machinelc-300x120.jpg\" alt=\"\" width=\"1250\" height=\"500\" srcset=\"https:\/\/www.henerrfm.com\/wp-content\/uploads\/2025\/11\/details-of-garden-beds-roll-forming-machinelc-300x120.jpg 300w, https:\/\/www.henerrfm.com\/wp-content\/uploads\/2025\/11\/details-of-garden-beds-roll-forming-machinelc-1024x410.jpg 1024w, https:\/\/www.henerrfm.com\/wp-content\/uploads\/2025\/11\/details-of-garden-beds-roll-forming-machinelc-768x307.jpg 768w, https:\/\/www.henerrfm.com\/wp-content\/uploads\/2025\/11\/details-of-garden-beds-roll-forming-machinelc-600x240.jpg 600w, https:\/\/www.henerrfm.com\/wp-content\/uploads\/2025\/11\/details-of-garden-beds-roll-forming-machinelc.jpg 1350w\" sizes=\"auto, (max-width: 1250px) 100vw, 1250px\" \/><\/h5>\n<h5>Visualizaci\u00f3n de detalles del producto<\/h5>\n<h5><img loading=\"lazy\" decoding=\"async\" class=\"alignnone wp-image-2875\" src=\"https:\/\/henerrfm.com\/wp-content\/uploads\/2025\/11\/details-of-garden-beds-roll-forming-machinexj-300x164.jpg\" alt=\"\" width=\"1249\" height=\"683\" srcset=\"https:\/\/www.henerrfm.com\/wp-content\/uploads\/2025\/11\/details-of-garden-beds-roll-forming-machinexj-300x164.jpg 300w, https:\/\/www.henerrfm.com\/wp-content\/uploads\/2025\/11\/details-of-garden-beds-roll-forming-machinexj-768x419.jpg 768w, https:\/\/www.henerrfm.com\/wp-content\/uploads\/2025\/11\/details-of-garden-beds-roll-forming-machinexj-600x327.jpg 600w, https:\/\/www.henerrfm.com\/wp-content\/uploads\/2025\/11\/details-of-garden-beds-roll-forming-machinexj.jpg 800w\" sizes=\"auto, (max-width: 1249px) 100vw, 1249px\" \/><\/h5>\n<h5>Solicitud<\/h5>\n<h5><img loading=\"lazy\" decoding=\"async\" class=\"alignnone wp-image-2872\" src=\"https:\/\/henerrfm.com\/wp-content\/uploads\/2025\/11\/Corrugated-Garden-Bed-Roof-Roll-Forming-Machineyy-300x222.jpg\" alt=\"\" width=\"1253\" height=\"927\" srcset=\"https:\/\/www.henerrfm.com\/wp-content\/uploads\/2025\/11\/Corrugated-Garden-Bed-Roof-Roll-Forming-Machineyy-300x222.jpg 300w, https:\/\/www.henerrfm.com\/wp-content\/uploads\/2025\/11\/Corrugated-Garden-Bed-Roof-Roll-Forming-Machineyy-768x569.jpg 768w, https:\/\/www.henerrfm.com\/wp-content\/uploads\/2025\/11\/Corrugated-Garden-Bed-Roof-Roll-Forming-Machineyy-600x445.jpg 600w, https:\/\/www.henerrfm.com\/wp-content\/uploads\/2025\/11\/Corrugated-Garden-Bed-Roof-Roll-Forming-Machineyy.jpg 800w\" sizes=\"auto, (max-width: 1253px) 100vw, 1253px\" \/><\/h5>\n<div style=\"all: initial !important;\"><\/div>\n<div style=\"all: initial !important;\"><\/div>","protected":false},"excerpt":{"rendered":"<p>&nbsp;<\/p>\n<div style=\"all: initial !important;\"><\/div>\n<div style=\"all: initial !important;\"><\/div>","protected":false},"featured_media":2869,"comment_status":"open","ping_status":"closed","template":"","meta":{"_gspb_post_css":""},"product_brand":[],"product_cat":[122,120],"product_tag":[],"class_list":{"0":"post-2868","1":"product","2":"type-product","3":"status-publish","4":"has-post-thumbnail","6":"product_cat-corrugated-roof-sheet-roll-forming-machine","7":"product_cat-roof-wall-panel-roll-forming-machine","9":"first","10":"instock","11":"shipping-taxable","12":"product-type-simple"},"_links":{"self":[{"href":"https:\/\/www.henerrfm.com\/es\/wp-json\/wp\/v2\/product\/2868","targetHints":{"allow":["GET"]}}],"collection":[{"href":"https:\/\/www.henerrfm.com\/es\/wp-json\/wp\/v2\/product"}],"about":[{"href":"https:\/\/www.henerrfm.com\/es\/wp-json\/wp\/v2\/types\/product"}],"replies":[{"embeddable":true,"href":"https:\/\/www.henerrfm.com\/es\/wp-json\/wp\/v2\/comments?post=2868"}],"wp:featuredmedia":[{"embeddable":true,"href":"https:\/\/www.henerrfm.com\/es\/wp-json\/wp\/v2\/media\/2869"}],"wp:attachment":[{"href":"https:\/\/www.henerrfm.com\/es\/wp-json\/wp\/v2\/media?parent=2868"}],"wp:term":[{"taxonomy":"product_brand","embeddable":true,"href":"https:\/\/www.henerrfm.com\/es\/wp-json\/wp\/v2\/product_brand?post=2868"},{"taxonomy":"product_cat","embeddable":true,"href":"https:\/\/www.henerrfm.com\/es\/wp-json\/wp\/v2\/product_cat?post=2868"},{"taxonomy":"product_tag","embeddable":true,"href":"https:\/\/www.henerrfm.com\/es\/wp-json\/wp\/v2\/product_tag?post=2868"}],"curies":[{"name":"wp","href":"https:\/\/api.w.org\/{rel}","templated":true}]}}