{"id":2877,"date":"2025-11-24T03:51:47","date_gmt":"2025-11-24T03:51:47","guid":{"rendered":"https:\/\/henerrfm.com\/?post_type=product&#038;p=2877"},"modified":"2025-12-04T08:27:25","modified_gmt":"2025-12-04T08:27:25","slug":"pv4-trapezoidal-roof-panel-machine","status":"publish","type":"product","link":"https:\/\/www.henerrfm.com\/es\/product\/pv4-trapezoidal-roof-panel-machine\/","title":{"rendered":"M\u00e1quina para fabricar paneles de techo trapezoidales PV4"},"content":{"rendered":"<h5>Descripci\u00f3n general del producto<\/h5>\n<p>El <a href=\"https:\/\/www.henerrfm.com\/es\/producto\/pv4-trapezoidal-roof-panel-machine\/\">M\u00e1quina para fabricar paneles de techo trapezoidales PV4<\/a> est\u00e1 dise\u00f1ada para producir l\u00e1minas de techo met\u00e1licas trapezoidales PV4 y PV5 con alta precisi\u00f3n dimensional y perfiles de superficie limpios y uniformes. Dise\u00f1ada para un conformado continuo eficiente, la m\u00e1quina de paneles de techo trapezoidales PV4 proporciona a los fabricantes una soluci\u00f3n confiable para la producci\u00f3n de paneles de techo de gran volumen.<\/p>\n<p>Construida sobre una estructura de acero reforzado y equipada con rodillos mecanizados con precisi\u00f3n, la m\u00e1quina ofrece un rendimiento de conformado estable incluso en ciclos operativos largos. El sistema de control PLC integrado garantiza una sincronizaci\u00f3n precisa en toda la l\u00ednea, lo que ayuda a mantener una calidad constante del panel y reduce el tiempo de ajuste durante la producci\u00f3n.<\/p>\n<p>Adecuada para proyectos de construcci\u00f3n residencial, comercial e industrial, la m\u00e1quina de paneles de techo trapezoidales PV4 permite a los productores crear paneles de techo resistentes, duraderos y visualmente atractivos que cumplen con los est\u00e1ndares de construcci\u00f3n modernos. Su rendimiento confiable, acabado suave y larga vida \u00fatil la convierten en un activo valioso para los fabricantes de materiales para techos que buscan mayor eficiencia y precisi\u00f3n.<\/p>\n<h5>Dibujos de perfil de producto<\/h5>\n<h5><img loading=\"lazy\" decoding=\"async\" class=\"alignnone wp-image-2883\" src=\"https:\/\/henerrfm.com\/wp-content\/uploads\/2025\/11\/PV4-Roof-Sheet-roll-forming-Machinepm-300x144.jpg\" alt=\"\" width=\"1225\" height=\"588\" srcset=\"https:\/\/www.henerrfm.com\/wp-content\/uploads\/2025\/11\/PV4-Roof-Sheet-roll-forming-Machinepm-300x144.jpg 300w, https:\/\/www.henerrfm.com\/wp-content\/uploads\/2025\/11\/PV4-Roof-Sheet-roll-forming-Machinepm-1024x492.jpg 1024w, https:\/\/www.henerrfm.com\/wp-content\/uploads\/2025\/11\/PV4-Roof-Sheet-roll-forming-Machinepm-768x369.jpg 768w, https:\/\/www.henerrfm.com\/wp-content\/uploads\/2025\/11\/PV4-Roof-Sheet-roll-forming-Machinepm-600x288.jpg 600w, https:\/\/www.henerrfm.com\/wp-content\/uploads\/2025\/11\/PV4-Roof-Sheet-roll-forming-Machinepm.jpg 1350w\" sizes=\"auto, (max-width: 1225px) 100vw, 1225px\" \/><\/h5>\n<h5>Par\u00e1metros t\u00e9cnicos<\/h5>\n<table>\n<tbody>\n<tr>\n<td>N\u00famero de filas<\/td>\n<td>18 filas<\/td>\n<\/tr>\n<tr>\n<td>Velocidad<\/td>\n<td>15 m\/min<\/td>\n<\/tr>\n<tr>\n<td>Material del cuchillo de corte<\/td>\n<td>Cr12Mov<\/td>\n<\/tr>\n<tr>\n<td>Di\u00e1metro del rodillo<\/td>\n<td>\u03a670 mm<\/td>\n<\/tr>\n<tr>\n<td>Dimensiones<\/td>\n<td>Aproximadamente 8,5 * 1,4 * 1,6 m<\/td>\n<\/tr>\n<tr>\n<td>Peso<\/td>\n<td>Aproximativ 6,8 tone<\/td>\n<\/tr>\n<tr>\n<td>Estructura principal de la m\u00e1quina<\/td>\n<td>Vigas 350H\/Vigas 450H (seg\u00fan sus necesidades)<\/td>\n<\/tr>\n<tr>\n<td>Modo de transmisi\u00f3n<\/td>\n<td>Transmisi\u00f3n por cadena<\/td>\n<\/tr>\n<tr>\n<td>Tama\u00f1o de la cadena<\/td>\n<td>1,2 pulgadas<\/td>\n<\/tr>\n<tr>\n<td>Panel lateral<\/td>\n<td>16 mil\u00edmetros<\/td>\n<\/tr>\n<tr>\n<td>Voltaje<\/td>\n<td>380 V 50 Hz trif\u00e1sico o seg\u00fan sus necesidades<\/td>\n<\/tr>\n<tr>\n<td>Sistema de control<\/td>\n<td>Control PLC<\/td>\n<\/tr>\n<tr>\n<td>Precisi\u00f3n de procesamiento<\/td>\n<td>Dentro de 1,0 mm<\/td>\n<\/tr>\n<tr>\n<td>Modo de conducci\u00f3n<\/td>\n<td>Conductor de motor<\/td>\n<\/tr>\n<tr>\n<td>Fuerza<\/td>\n<td>5,5 kW 1 TP 1 1 T 4 kW<\/td>\n<\/tr>\n<tr>\n<td>Lenguaje PLC<\/td>\n<td>Chino + Ingl\u00e9s + Seg\u00fan su idioma local<\/td>\n<\/tr>\n<tr>\n<td>Material rodante<\/td>\n<td>Acero forjado #45 con placa cromada<\/td>\n<\/tr>\n<tr>\n<td>Tolerancia de longitud<\/td>\n<td>\u00b12 mm<\/td>\n<\/tr>\n<tr>\n<td>Espesor<\/td>\n<td>0,3-0,8 mil\u00edmetros<\/td>\n<\/tr>\n<tr>\n<td>Ancho de la bobina<\/td>\n<td>1200\/1220mm<\/td>\n<\/tr>\n<\/tbody>\n<\/table>\n<h5>Diagrama de flujo de producci\u00f3n<\/h5>\n<p><img loading=\"lazy\" decoding=\"async\" class=\"alignnone wp-image-2882\" src=\"https:\/\/henerrfm.com\/wp-content\/uploads\/2025\/11\/PV4-Roof-Sheet-roll-forming-Machinelc-300x60.jpg\" alt=\"\" width=\"1255\" height=\"251\" srcset=\"https:\/\/www.henerrfm.com\/wp-content\/uploads\/2025\/11\/PV4-Roof-Sheet-roll-forming-Machinelc-300x60.jpg 300w, https:\/\/www.henerrfm.com\/wp-content\/uploads\/2025\/11\/PV4-Roof-Sheet-roll-forming-Machinelc-600x119.jpg 600w\" sizes=\"auto, (max-width: 1255px) 100vw, 1255px\" \/><\/p>\n<h5>Producto terminado<\/h5>\n<p><img loading=\"lazy\" decoding=\"async\" class=\"alignnone wp-image-2881\" src=\"https:\/\/henerrfm.com\/wp-content\/uploads\/2025\/11\/PV4-Roof-Sheet-roll-forming-Machinecp-300x159.jpg\" alt=\"\" width=\"775\" height=\"411\" srcset=\"https:\/\/www.henerrfm.com\/wp-content\/uploads\/2025\/11\/PV4-Roof-Sheet-roll-forming-Machinecp-300x159.jpg 300w, https:\/\/www.henerrfm.com\/wp-content\/uploads\/2025\/11\/PV4-Roof-Sheet-roll-forming-Machinecp-1024x543.jpg 1024w, https:\/\/www.henerrfm.com\/wp-content\/uploads\/2025\/11\/PV4-Roof-Sheet-roll-forming-Machinecp-768x407.jpg 768w, https:\/\/www.henerrfm.com\/wp-content\/uploads\/2025\/11\/PV4-Roof-Sheet-roll-forming-Machinecp-600x318.jpg 600w, https:\/\/www.henerrfm.com\/wp-content\/uploads\/2025\/11\/PV4-Roof-Sheet-roll-forming-Machinecp.jpg 1350w\" sizes=\"auto, (max-width: 775px) 100vw, 775px\" \/><\/p>\n<div style=\"all: initial !important;\"><\/div>\n<div style=\"all: initial !important;\"><\/div>","protected":false},"excerpt":{"rendered":"<p>&nbsp;<\/p>\n<div style=\"all: initial !important;\"><\/div>\n<div style=\"all: initial !important;\"><\/div>","protected":false},"featured_media":2878,"comment_status":"open","ping_status":"closed","template":"","meta":{"_gspb_post_css":""},"product_brand":[],"product_cat":[120,123],"product_tag":[],"class_list":{"0":"post-2877","1":"product","2":"type-product","3":"status-publish","4":"has-post-thumbnail","6":"product_cat-roof-wall-panel-roll-forming-machine","7":"product_cat-trapezoidal-roof-panel-roll-forming-machine","9":"first","10":"instock","11":"shipping-taxable","12":"product-type-simple"},"_links":{"self":[{"href":"https:\/\/www.henerrfm.com\/es\/wp-json\/wp\/v2\/product\/2877","targetHints":{"allow":["GET"]}}],"collection":[{"href":"https:\/\/www.henerrfm.com\/es\/wp-json\/wp\/v2\/product"}],"about":[{"href":"https:\/\/www.henerrfm.com\/es\/wp-json\/wp\/v2\/types\/product"}],"replies":[{"embeddable":true,"href":"https:\/\/www.henerrfm.com\/es\/wp-json\/wp\/v2\/comments?post=2877"}],"wp:featuredmedia":[{"embeddable":true,"href":"https:\/\/www.henerrfm.com\/es\/wp-json\/wp\/v2\/media\/2878"}],"wp:attachment":[{"href":"https:\/\/www.henerrfm.com\/es\/wp-json\/wp\/v2\/media?parent=2877"}],"wp:term":[{"taxonomy":"product_brand","embeddable":true,"href":"https:\/\/www.henerrfm.com\/es\/wp-json\/wp\/v2\/product_brand?post=2877"},{"taxonomy":"product_cat","embeddable":true,"href":"https:\/\/www.henerrfm.com\/es\/wp-json\/wp\/v2\/product_cat?post=2877"},{"taxonomy":"product_tag","embeddable":true,"href":"https:\/\/www.henerrfm.com\/es\/wp-json\/wp\/v2\/product_tag?post=2877"}],"curies":[{"name":"wp","href":"https:\/\/api.w.org\/{rel}","templated":true}]}}