{"id":288,"date":"2025-11-03T00:29:59","date_gmt":"2025-11-03T00:29:59","guid":{"rendered":"https:\/\/henerrfm.com\/?post_type=product&#038;p=288"},"modified":"2025-12-03T06:52:56","modified_gmt":"2025-12-03T06:52:56","slug":"drip-edge-roll-forming-machine","status":"publish","type":"product","link":"https:\/\/www.henerrfm.com\/es\/product\/drip-edge-roll-forming-machine\/","title":{"rendered":"M\u00e1quina formadora de bordes de goteo"},"content":{"rendered":"<h5>Descripci\u00f3n general del producto<\/h5>\n<p>El <a href=\"https:\/\/www.henerrfm.com\/es\/producto\/drip-edge-roll-forming-machine\/\">M\u00e1quina formadora de bordes de goteo<\/a> Es un sistema industrial de alto rendimiento dise\u00f1ado para satisfacer las demandas de las empresas de fabricaci\u00f3n de metal en Estados Unidos. Dise\u00f1ada para ofrecer velocidad y precisi\u00f3n, esta m\u00e1quina produce eficientemente perfiles de borde de goteo para fascia a velocidades de hasta 50 metros por minuto, lo que la hace perfecta para proyectos de techado y construcci\u00f3n a gran escala.<\/p>\n<p>Fabricada por HENER, la perfiladora de bordes de goteo ofrece calidad constante, fiabilidad a largo plazo y f\u00e1cil instalaci\u00f3n. Su dise\u00f1o robusto garantiza un funcionamiento continuo con un mantenimiento m\u00ednimo, ofreciendo a las empresas de techado y construcci\u00f3n met\u00e1lica una soluci\u00f3n fiable para sus necesidades de producci\u00f3n de alto volumen.<\/p>\n<h5>Dibujos de perfil de producto<\/h5>\n<p><img loading=\"lazy\" decoding=\"async\" class=\"alignnone wp-image-2667\" src=\"https:\/\/henerrfm.com\/wp-content\/uploads\/2025\/11\/drip-edge-roll-forming-machine.jpgpm_-300x185.jpg\" alt=\"\" width=\"1339\" height=\"826\" srcset=\"https:\/\/www.henerrfm.com\/wp-content\/uploads\/2025\/11\/drip-edge-roll-forming-machine.jpgpm_-300x185.jpg 300w, https:\/\/www.henerrfm.com\/wp-content\/uploads\/2025\/11\/drip-edge-roll-forming-machine.jpgpm_-1024x631.jpg 1024w, https:\/\/www.henerrfm.com\/wp-content\/uploads\/2025\/11\/drip-edge-roll-forming-machine.jpgpm_-768x473.jpg 768w, https:\/\/www.henerrfm.com\/wp-content\/uploads\/2025\/11\/drip-edge-roll-forming-machine.jpgpm_-600x370.jpg 600w, https:\/\/www.henerrfm.com\/wp-content\/uploads\/2025\/11\/drip-edge-roll-forming-machine.jpgpm_.jpg 1350w\" sizes=\"auto, (max-width: 1339px) 100vw, 1339px\" \/><\/p>\n<h5>Par\u00e1metros t\u00e9cnicos<\/h5>\n<table>\n<tbody>\n<tr>\n<td>Velocidad de trabajo<\/td>\n<td>10 \u2013 20 m\/min<\/td>\n<\/tr>\n<tr>\n<td>Potencia total<\/td>\n<td>5,5 \u2013 7,5 kW<\/td>\n<\/tr>\n<tr>\n<td>Dimensi\u00f3n m\u00e1xima (L\u00d7An\u00d7Al)<\/td>\n<td>10\u00d71,3\u00d71,8 m<\/td>\n<\/tr>\n<tr>\n<td>Peso de la m\u00e1quina<\/td>\n<td>3 \u2013 5 toneladas<\/td>\n<\/tr>\n<tr>\n<td>Espesor del material<\/td>\n<td>0,3 \u2013 1,2 mm (G550\u2503G400\u2502G350\u2503G345\u2503G300)<\/td>\n<\/tr>\n<tr>\n<td>Ancho del material<\/td>\n<td>240-750 mm<\/td>\n<\/tr>\n<tr>\n<td>Material adecuado<\/td>\n<td>Acero coloreado, acero inoxidable, acero galvanizado, chapa de aluminio, cobre<\/td>\n<\/tr>\n<tr>\n<td>Estaci\u00f3n de rodillos<\/td>\n<td>10 \u2013 16<\/td>\n<\/tr>\n<\/tbody>\n<\/table>\n<h5>Visualizaci\u00f3n de detalles del producto<\/h5>\n<h5><img loading=\"lazy\" decoding=\"async\" class=\"alignnone wp-image-2668\" src=\"https:\/\/henerrfm.com\/wp-content\/uploads\/2025\/11\/drip-edge-roll-forming-machine.jpgxj_-300x68.jpg\" alt=\"\" width=\"1346\" height=\"305\" srcset=\"https:\/\/www.henerrfm.com\/wp-content\/uploads\/2025\/11\/drip-edge-roll-forming-machine.jpgxj_-300x68.jpg 300w, https:\/\/www.henerrfm.com\/wp-content\/uploads\/2025\/11\/drip-edge-roll-forming-machine.jpgxj_-1024x231.jpg 1024w, https:\/\/www.henerrfm.com\/wp-content\/uploads\/2025\/11\/drip-edge-roll-forming-machine.jpgxj_-768x173.jpg 768w, https:\/\/www.henerrfm.com\/wp-content\/uploads\/2025\/11\/drip-edge-roll-forming-machine.jpgxj_-600x135.jpg 600w\" sizes=\"auto, (max-width: 1346px) 100vw, 1346px\" \/><\/h5>\n<h5>Solicitud<\/h5>\n<h5><img loading=\"lazy\" decoding=\"async\" class=\"alignnone wp-image-2669\" src=\"https:\/\/henerrfm.com\/wp-content\/uploads\/2025\/11\/drip-edge-roll-forming-machine.jpgyy_-300x68.jpg\" alt=\"\" width=\"1337\" height=\"303\" srcset=\"https:\/\/www.henerrfm.com\/wp-content\/uploads\/2025\/11\/drip-edge-roll-forming-machine.jpgyy_-300x68.jpg 300w, https:\/\/www.henerrfm.com\/wp-content\/uploads\/2025\/11\/drip-edge-roll-forming-machine.jpgyy_-1024x231.jpg 1024w, https:\/\/www.henerrfm.com\/wp-content\/uploads\/2025\/11\/drip-edge-roll-forming-machine.jpgyy_-768x173.jpg 768w, https:\/\/www.henerrfm.com\/wp-content\/uploads\/2025\/11\/drip-edge-roll-forming-machine.jpgyy_-600x135.jpg 600w\" sizes=\"auto, (max-width: 1337px) 100vw, 1337px\" \/><\/h5>\n<div style=\"all: initial !important;\"><\/div>","protected":false},"excerpt":{"rendered":"<p>&nbsp;<\/p>\n<div style=\"all: initial !important;\"><\/div>","protected":false},"featured_media":289,"comment_status":"open","ping_status":"closed","template":"","meta":{"_gspb_post_css":""},"product_brand":[],"product_cat":[129,120],"product_tag":[],"class_list":{"0":"post-288","1":"product","2":"type-product","3":"status-publish","4":"has-post-thumbnail","6":"product_cat-drip-edge-roll-foming-machine","7":"product_cat-roof-wall-panel-roll-forming-machine","9":"first","10":"instock","11":"shipping-taxable","12":"product-type-simple"},"_links":{"self":[{"href":"https:\/\/www.henerrfm.com\/es\/wp-json\/wp\/v2\/product\/288","targetHints":{"allow":["GET"]}}],"collection":[{"href":"https:\/\/www.henerrfm.com\/es\/wp-json\/wp\/v2\/product"}],"about":[{"href":"https:\/\/www.henerrfm.com\/es\/wp-json\/wp\/v2\/types\/product"}],"replies":[{"embeddable":true,"href":"https:\/\/www.henerrfm.com\/es\/wp-json\/wp\/v2\/comments?post=288"}],"wp:featuredmedia":[{"embeddable":true,"href":"https:\/\/www.henerrfm.com\/es\/wp-json\/wp\/v2\/media\/289"}],"wp:attachment":[{"href":"https:\/\/www.henerrfm.com\/es\/wp-json\/wp\/v2\/media?parent=288"}],"wp:term":[{"taxonomy":"product_brand","embeddable":true,"href":"https:\/\/www.henerrfm.com\/es\/wp-json\/wp\/v2\/product_brand?post=288"},{"taxonomy":"product_cat","embeddable":true,"href":"https:\/\/www.henerrfm.com\/es\/wp-json\/wp\/v2\/product_cat?post=288"},{"taxonomy":"product_tag","embeddable":true,"href":"https:\/\/www.henerrfm.com\/es\/wp-json\/wp\/v2\/product_tag?post=288"}],"curies":[{"name":"wp","href":"https:\/\/api.w.org\/{rel}","templated":true}]}}