{"id":2884,"date":"2025-11-24T03:57:41","date_gmt":"2025-11-24T03:57:41","guid":{"rendered":"https:\/\/henerrfm.com\/?post_type=product&#038;p=2884"},"modified":"2025-12-04T08:22:52","modified_gmt":"2025-12-04T08:22:52","slug":"r101-roof-sheet-roll-forming-machine","status":"publish","type":"product","link":"https:\/\/www.henerrfm.com\/es\/product\/r101-roof-sheet-roll-forming-machine\/","title":{"rendered":"M\u00e1quina formadora de l\u00e1minas para techos R101"},"content":{"rendered":"<h5>Descripci\u00f3n general del producto<\/h5>\n<p>El <a href=\"https:\/\/www.henerrfm.com\/es\/producto\/r101-roof-sheet-roll-forming-machine\/\">M\u00e1quina formadora de l\u00e1minas para techos R101<\/a> est\u00e1 dise\u00f1ada para producir paneles de techo trapezoidales R101 de 1250 mm con un alto nivel de precisi\u00f3n dimensional y consistencia estable del producto. Desarrollada para un conformado continuo y de alta eficiencia, esta m\u00e1quina perfiladora de l\u00e1minas para techos R101 satisface las demandas de los fabricantes modernos de materiales para techos.<\/p>\n<p>Su estructura est\u00e1 construida sobre una base de viga en H reforzada, equipada con ejes endurecidos de 70 mm y 18 estaciones de formaci\u00f3n alineadas con precisi\u00f3n. Esta configuraci\u00f3n robusta permite que el equipo procese bobinas PPGI, acero galvanizado o Aluzinc de 0,3-0,8 mm a velocidades de producci\u00f3n que alcanzan los 15 m\/min, asegurando un rendimiento suave durante ciclos de producci\u00f3n largos.<\/p>\n<p>El sistema se puede combinar con un decodificador manual o hidr\u00e1ulico e incluye una unidad de control PLC, un mecanismo de corte hidr\u00e1ulico y un apilador autom\u00e1tico opcional. Estas caracter\u00edsticas admiten ajustes r\u00e1pidos y permiten a los operadores completar cambios de producto en menos de 20 minutos, lo que mejora significativamente la eficiencia del flujo de trabajo.<\/p>\n<p>Debido a su durabilidad, precisi\u00f3n y compatibilidad con los est\u00e1ndares locales de techado, la m\u00e1quina perfiladora de l\u00e1minas para techos R101 es muy favorecida en el mercado de M\u00e9xico, donde los paneles de perfil R101 y R72 se usan com\u00fanmente en la construcci\u00f3n residencial, comercial e industrial. Su rendimiento confiable y su larga vida \u00fatil la convierten en una excelente opci\u00f3n para los fabricantes que producen soluciones para techos de alta demanda.<\/p>\n<h5>Dibujos de perfil de producto<\/h5>\n<h5><img loading=\"lazy\" decoding=\"async\" class=\"alignnone wp-image-2887\" src=\"https:\/\/henerrfm.com\/wp-content\/uploads\/2025\/11\/R101-roof-sheet-roll-forming-machinepm-300x116.jpg\" alt=\"\" width=\"1309\" height=\"506\" srcset=\"https:\/\/www.henerrfm.com\/wp-content\/uploads\/2025\/11\/R101-roof-sheet-roll-forming-machinepm-300x116.jpg 300w, https:\/\/www.henerrfm.com\/wp-content\/uploads\/2025\/11\/R101-roof-sheet-roll-forming-machinepm-1024x397.jpg 1024w, https:\/\/www.henerrfm.com\/wp-content\/uploads\/2025\/11\/R101-roof-sheet-roll-forming-machinepm-768x298.jpg 768w, https:\/\/www.henerrfm.com\/wp-content\/uploads\/2025\/11\/R101-roof-sheet-roll-forming-machinepm-600x233.jpg 600w\" sizes=\"auto, (max-width: 1309px) 100vw, 1309px\" \/><\/h5>\n<h5>Par\u00e1metros t\u00e9cnicos<\/h5>\n<table>\n<tbody>\n<tr>\n<td>Perfiles<\/td>\n<td>R101 (1 250 mm) y R72 (914 mm)<\/td>\n<\/tr>\n<tr>\n<td>Espesor del material<\/td>\n<td>0,3-0,8 mm<\/td>\n<\/tr>\n<tr>\n<td>Estaciones de formaci\u00f3n<\/td>\n<td>18<\/td>\n<\/tr>\n<tr>\n<td>Di\u00e1metro del eje<\/td>\n<td>70 mm<\/td>\n<\/tr>\n<tr>\n<td>Motor principal<\/td>\n<td>5,5kW<\/td>\n<\/tr>\n<tr>\n<td>Unidad hidr\u00e1ulica<\/td>\n<td>4kw<\/td>\n<\/tr>\n<tr>\n<td>Velocidad de l\u00ednea<\/td>\n<td>Hasta 15 m\/min<\/td>\n<\/tr>\n<tr>\n<td>Desenrollador<\/td>\n<td>5 T manuales o motorizados<\/td>\n<\/tr>\n<tr>\n<td>Control<\/td>\n<td>Pantalla t\u00e1ctil Delta PLC + 5.7\u00ae<\/td>\n<\/tr>\n<tr>\n<td>Precisi\u00f3n de corte<\/td>\n<td>Corte hidr\u00e1ulico, \u00b12 mm<\/td>\n<\/tr>\n<tr>\n<td>Marco<\/td>\n<td>Placa de pared Hq de 16 mm<\/td>\n<\/tr>\n<tr>\n<td>Dimensiones<\/td>\n<td>\u00a6 6 200\u00d7850\u00d71 500 mm<\/td>\n<\/tr>\n<tr>\n<td>Peso<\/td>\n<td>\u00a6 3,5 T<\/td>\n<\/tr>\n<tr>\n<td>Fuente de alimentaci\u00f3n<\/td>\n<td>380 V\/50 Hz\/trif\u00e1sico<\/td>\n<\/tr>\n<tr>\n<td>Garant\u00eda<\/td>\n<td>12 meses<\/td>\n<\/tr>\n<tr>\n<td>Certificaciones<\/td>\n<td>CE, ISO<\/td>\n<\/tr>\n<\/tbody>\n<\/table>\n<h5>Visualizaci\u00f3n de detalles del producto<\/h5>\n<h5><img loading=\"lazy\" decoding=\"async\" class=\"alignnone wp-image-2888\" src=\"https:\/\/henerrfm.com\/wp-content\/uploads\/2025\/11\/R101-roof-sheet-roll-forming-machinexj-300x100.jpg\" alt=\"\" width=\"1353\" height=\"451\" srcset=\"https:\/\/www.henerrfm.com\/wp-content\/uploads\/2025\/11\/R101-roof-sheet-roll-forming-machinexj-300x100.jpg 300w, https:\/\/www.henerrfm.com\/wp-content\/uploads\/2025\/11\/R101-roof-sheet-roll-forming-machinexj-1024x342.jpg 1024w, https:\/\/www.henerrfm.com\/wp-content\/uploads\/2025\/11\/R101-roof-sheet-roll-forming-machinexj-768x257.jpg 768w, https:\/\/www.henerrfm.com\/wp-content\/uploads\/2025\/11\/R101-roof-sheet-roll-forming-machinexj-600x200.jpg 600w, https:\/\/www.henerrfm.com\/wp-content\/uploads\/2025\/11\/R101-roof-sheet-roll-forming-machinexj.jpg 1350w\" sizes=\"auto, (max-width: 1353px) 100vw, 1353px\" \/><\/h5>\n<h5>Solicitud<\/h5>\n<h5><img loading=\"lazy\" decoding=\"async\" class=\"alignnone wp-image-2889\" src=\"https:\/\/henerrfm.com\/wp-content\/uploads\/2025\/11\/R101-roof-sheet-roll-forming-machineyy-300x228.jpg\" alt=\"\" width=\"749\" height=\"569\" srcset=\"https:\/\/www.henerrfm.com\/wp-content\/uploads\/2025\/11\/R101-roof-sheet-roll-forming-machineyy-300x228.jpg 300w, https:\/\/www.henerrfm.com\/wp-content\/uploads\/2025\/11\/R101-roof-sheet-roll-forming-machineyy-600x457.jpg 600w, https:\/\/www.henerrfm.com\/wp-content\/uploads\/2025\/11\/R101-roof-sheet-roll-forming-machineyy.jpg 800w\" sizes=\"auto, (max-width: 749px) 100vw, 749px\" \/><\/h5>\n<div style=\"all: initial !important;\"><\/div>\n<div style=\"all: initial !important;\"><\/div>","protected":false},"excerpt":{"rendered":"<p>&nbsp;<\/p>\n<div style=\"all: initial !important;\"><\/div>\n<div style=\"all: initial !important;\"><\/div>","protected":false},"featured_media":2886,"comment_status":"open","ping_status":"closed","template":"","meta":{"_gspb_post_css":""},"product_brand":[],"product_cat":[120,123],"product_tag":[],"class_list":{"0":"post-2884","1":"product","2":"type-product","3":"status-publish","4":"has-post-thumbnail","6":"product_cat-roof-wall-panel-roll-forming-machine","7":"product_cat-trapezoidal-roof-panel-roll-forming-machine","9":"first","10":"instock","11":"shipping-taxable","12":"product-type-simple"},"_links":{"self":[{"href":"https:\/\/www.henerrfm.com\/es\/wp-json\/wp\/v2\/product\/2884","targetHints":{"allow":["GET"]}}],"collection":[{"href":"https:\/\/www.henerrfm.com\/es\/wp-json\/wp\/v2\/product"}],"about":[{"href":"https:\/\/www.henerrfm.com\/es\/wp-json\/wp\/v2\/types\/product"}],"replies":[{"embeddable":true,"href":"https:\/\/www.henerrfm.com\/es\/wp-json\/wp\/v2\/comments?post=2884"}],"wp:featuredmedia":[{"embeddable":true,"href":"https:\/\/www.henerrfm.com\/es\/wp-json\/wp\/v2\/media\/2886"}],"wp:attachment":[{"href":"https:\/\/www.henerrfm.com\/es\/wp-json\/wp\/v2\/media?parent=2884"}],"wp:term":[{"taxonomy":"product_brand","embeddable":true,"href":"https:\/\/www.henerrfm.com\/es\/wp-json\/wp\/v2\/product_brand?post=2884"},{"taxonomy":"product_cat","embeddable":true,"href":"https:\/\/www.henerrfm.com\/es\/wp-json\/wp\/v2\/product_cat?post=2884"},{"taxonomy":"product_tag","embeddable":true,"href":"https:\/\/www.henerrfm.com\/es\/wp-json\/wp\/v2\/product_tag?post=2884"}],"curies":[{"name":"wp","href":"https:\/\/api.w.org\/{rel}","templated":true}]}}