{"id":2899,"date":"2025-11-24T05:42:10","date_gmt":"2025-11-24T05:42:10","guid":{"rendered":"https:\/\/henerrfm.com\/?post_type=product&#038;p=2899"},"modified":"2025-12-04T08:22:10","modified_gmt":"2025-12-04T08:22:10","slug":"tr4-and-tr5-double-layer-roll-forming-machine","status":"publish","type":"product","link":"https:\/\/www.henerrfm.com\/es\/product\/tr4-and-tr5-double-layer-roll-forming-machine\/","title":{"rendered":"M\u00e1quina formadora de rollos de doble capa TR4 y TR5"},"content":{"rendered":"<h5>Descripci\u00f3n general del producto<\/h5>\n<p>El <a href=\"https:\/\/www.henerrfm.com\/es\/producto\/tr4-and-tr5-double-layer-roll-forming-machine\/\">M\u00e1quina formadora de rollos de doble capa TR4 y TR5<\/a>\u00a0es una l\u00ednea de producci\u00f3n de doble perfil dise\u00f1ada para satisfacer la creciente demanda de paneles para techos en todo el mundo.<a href=\"https:\/\/en.wikipedia.org\/wiki\/South_America\" target=\"_blank\" rel=\"noopener\"> sudamericano<\/a> Este equipo integra dos perfiles ampliamente utilizados: el resistente panel trapezoidal TR4 y la chapa entrelazada TR5, visualmente refinada, lo que permite a los fabricantes producir ambas opciones en una sola plataforma de perfilado.<\/p>\n<p>Su estructura compacta y su precisa tecnolog\u00eda de conformado permiten transiciones de perfil suaves sin comprometer la velocidad ni la consistencia de la l\u00e1mina. El sistema funciona con un rendimiento estable, garantizando bordes limpios, formas uniformes y una resistencia confiable del panel en cada lote.<\/p>\n<p>Al combinar dos perfiles de techo en una l\u00ednea automatizada, las m\u00e1quinas perfiladoras de doble capa TR4 y TR5 reducen eficazmente la intensidad de la mano de obra y optimizan la distribuci\u00f3n de la planta, a la vez que mejoran significativamente la eficiencia de la producci\u00f3n. Para los fabricantes que se centran en soluciones modernas de techos y revestimientos de paredes en Sudam\u00e9rica, las m\u00e1quinas perfiladoras de doble capa TR4 y TR5 ofrecen una opci\u00f3n de fabricaci\u00f3n pr\u00e1ctica, rentable y altamente productiva.<\/p>\n<h5>Dibujos de perfil de producto<\/h5>\n<p><img loading=\"lazy\" decoding=\"async\" class=\"alignnone wp-image-2914\" src=\"https:\/\/henerrfm.com\/wp-content\/uploads\/2025\/11\/TR4-And-TR5-Double-Layer-Roll-Forming-Machinepm-300x148.jpg\" alt=\"\" width=\"1316\" height=\"649\" srcset=\"https:\/\/www.henerrfm.com\/wp-content\/uploads\/2025\/11\/TR4-And-TR5-Double-Layer-Roll-Forming-Machinepm-300x148.jpg 300w, https:\/\/www.henerrfm.com\/wp-content\/uploads\/2025\/11\/TR4-And-TR5-Double-Layer-Roll-Forming-Machinepm-768x380.jpg 768w, https:\/\/www.henerrfm.com\/wp-content\/uploads\/2025\/11\/TR4-And-TR5-Double-Layer-Roll-Forming-Machinepm-600x297.jpg 600w\" sizes=\"auto, (max-width: 1316px) 100vw, 1316px\" \/><\/p>\n<h5>Par\u00e1metros t\u00e9cnicos<\/h5>\n<table>\n<tbody>\n<tr>\n<td>Material formado<\/td>\n<td>PPGI, GI, IA, GL<\/p>\n<div class=\"container-Uxvbjy md-box-line-break wrapper-GYqxgQ undefined\"><\/div>\n<p>Espesor: 0,3-0,8 mm<\/p>\n<div class=\"container-Uxvbjy md-box-line-break wrapper-GYqxgQ undefined\"><\/div>\n<p>Ancho: 1000 mm\/1250 mm (seg\u00fan el dibujo del perfil)<\/td>\n<\/tr>\n<tr>\n<td>Desenrollador<\/td>\n<td>Desbobinador autom\u00e1tico hidr\u00e1ulico<\/p>\n<div class=\"container-Uxvbjy md-box-line-break wrapper-GYqxgQ undefined\"><\/div>\n<p>Desenrollador manual (te lo daremos gratis)<\/td>\n<\/tr>\n<tr>\n<td>Cuerpo principal \u2013 Estaci\u00f3n de rodillos<\/td>\n<td>16+18 filas (seg\u00fan sus necesidades)<\/td>\n<\/tr>\n<tr>\n<td>Cuerpo principal \u2013 Di\u00e1metro del eje<\/td>\n<td>Eje s\u00f3lido de 80 mm<\/td>\n<\/tr>\n<tr>\n<td>Cuerpo principal \u2013 Material de los rodillos<\/td>\n<td>Acero 45#, cromado duro en la superficie<\/td>\n<\/tr>\n<tr>\n<td>Cuerpo principal \u2013 Bastidor del cuerpo de la m\u00e1quina<\/td>\n<td>Acero 350 H<\/td>\n<\/tr>\n<tr>\n<td>Cuerpo principal \u2013 Accionamiento<\/td>\n<td>Transmisi\u00f3n por cadena<\/td>\n<\/tr>\n<\/tbody>\n<\/table>\n<h5>Diagrama de flujo de producci\u00f3n<\/h5>\n<p><img loading=\"lazy\" decoding=\"async\" class=\"alignnone wp-image-2913\" src=\"https:\/\/henerrfm.com\/wp-content\/uploads\/2025\/11\/TR4-And-TR5-Double-Layer-Roll-Forming-Machinelc-300x163.jpg\" alt=\"\" width=\"1250\" height=\"679\" srcset=\"https:\/\/www.henerrfm.com\/wp-content\/uploads\/2025\/11\/TR4-And-TR5-Double-Layer-Roll-Forming-Machinelc-300x163.jpg 300w, https:\/\/www.henerrfm.com\/wp-content\/uploads\/2025\/11\/TR4-And-TR5-Double-Layer-Roll-Forming-Machinelc-768x418.jpg 768w, https:\/\/www.henerrfm.com\/wp-content\/uploads\/2025\/11\/TR4-And-TR5-Double-Layer-Roll-Forming-Machinelc-600x327.jpg 600w\" sizes=\"auto, (max-width: 1250px) 100vw, 1250px\" \/><\/p>\n<h5>Solicitud<\/h5>\n<p><img loading=\"lazy\" decoding=\"async\" class=\"alignnone wp-image-2915\" src=\"https:\/\/henerrfm.com\/wp-content\/uploads\/2025\/11\/TR4-And-TR5-Double-Layer-Roll-Forming-Machineyy-300x207.jpg\" alt=\"\" width=\"718\" height=\"495\" srcset=\"https:\/\/www.henerrfm.com\/wp-content\/uploads\/2025\/11\/TR4-And-TR5-Double-Layer-Roll-Forming-Machineyy-300x207.jpg 300w, https:\/\/www.henerrfm.com\/wp-content\/uploads\/2025\/11\/TR4-And-TR5-Double-Layer-Roll-Forming-Machineyy-768x530.jpg 768w, https:\/\/www.henerrfm.com\/wp-content\/uploads\/2025\/11\/TR4-And-TR5-Double-Layer-Roll-Forming-Machineyy-600x414.jpg 600w, https:\/\/www.henerrfm.com\/wp-content\/uploads\/2025\/11\/TR4-And-TR5-Double-Layer-Roll-Forming-Machineyy.jpg 800w\" sizes=\"auto, (max-width: 718px) 100vw, 718px\" \/><\/p>\n<div style=\"all: initial !important;\"><\/div>\n<div style=\"all: initial !important;\"><\/div>","protected":false},"excerpt":{"rendered":"<p>&nbsp;<\/p>\n<div style=\"all: initial !important;\"><\/div>\n<div style=\"all: initial !important;\"><\/div>","protected":false},"featured_media":2908,"comment_status":"open","ping_status":"closed","template":"","meta":{"_gspb_post_css":""},"product_brand":[],"product_cat":[124,120],"product_tag":[],"class_list":{"0":"post-2899","1":"product","2":"type-product","3":"status-publish","4":"has-post-thumbnail","6":"product_cat-double-layer-roof-sheet-roll-forming-machine","7":"product_cat-roof-wall-panel-roll-forming-machine","9":"first","10":"instock","11":"shipping-taxable","12":"product-type-simple"},"_links":{"self":[{"href":"https:\/\/www.henerrfm.com\/es\/wp-json\/wp\/v2\/product\/2899","targetHints":{"allow":["GET"]}}],"collection":[{"href":"https:\/\/www.henerrfm.com\/es\/wp-json\/wp\/v2\/product"}],"about":[{"href":"https:\/\/www.henerrfm.com\/es\/wp-json\/wp\/v2\/types\/product"}],"replies":[{"embeddable":true,"href":"https:\/\/www.henerrfm.com\/es\/wp-json\/wp\/v2\/comments?post=2899"}],"wp:featuredmedia":[{"embeddable":true,"href":"https:\/\/www.henerrfm.com\/es\/wp-json\/wp\/v2\/media\/2908"}],"wp:attachment":[{"href":"https:\/\/www.henerrfm.com\/es\/wp-json\/wp\/v2\/media?parent=2899"}],"wp:term":[{"taxonomy":"product_brand","embeddable":true,"href":"https:\/\/www.henerrfm.com\/es\/wp-json\/wp\/v2\/product_brand?post=2899"},{"taxonomy":"product_cat","embeddable":true,"href":"https:\/\/www.henerrfm.com\/es\/wp-json\/wp\/v2\/product_cat?post=2899"},{"taxonomy":"product_tag","embeddable":true,"href":"https:\/\/www.henerrfm.com\/es\/wp-json\/wp\/v2\/product_tag?post=2899"}],"curies":[{"name":"wp","href":"https:\/\/api.w.org\/{rel}","templated":true}]}}