{"id":2916,"date":"2025-11-24T05:52:21","date_gmt":"2025-11-24T05:52:21","guid":{"rendered":"https:\/\/henerrfm.com\/?post_type=product&#038;p=2916"},"modified":"2025-12-04T08:20:45","modified_gmt":"2025-12-04T08:20:45","slug":"half-round-gutter-roll-forming-machine","status":"publish","type":"product","link":"https:\/\/www.henerrfm.com\/es\/product\/half-round-gutter-roll-forming-machine\/","title":{"rendered":"M\u00e1quina formadora de canales semicirculares"},"content":{"rendered":"<h5>Descripci\u00f3n general del producto<\/h5>\n<p>El <a href=\"https:\/\/www.henerrfm.com\/es\/producto\/half-round-gutter-roll-forming-machine\/\">M\u00e1quina formadora de canales semicirculares<\/a> Est\u00e1 dise\u00f1ada para producir canaletas semicirculares lisas y precisas con una calidad constante en una amplia gama de materiales met\u00e1licos. Con un sistema de presi\u00f3n accionado por poliuretano y rodillos de conformado cromados resistentes a la corrosi\u00f3n, la l\u00ednea mantiene un funcionamiento estable con un m\u00ednimo ajuste manual, lo que garantiza un conformado uniforme durante todo el ciclo de producci\u00f3n.<\/p>\n<p>Construido con <a href=\"https:\/\/en.wikipedia.org\/wiki\/Durability\" target=\"_blank\" rel=\"noopener\">durabilidad<\/a> Con la simplicidad del operador en mente, esta soluci\u00f3n de perfilado funciona bien tanto en talleres de trabajo ligero como en entornos de fabricaci\u00f3n de alta capacidad. Su robusto bastidor y su refinado proceso de conformado ayudan a mantener la precisi\u00f3n a largo plazo, incluso en producci\u00f3n continua.<\/p>\n<p>Para mayor confiabilidad, la perfiladora de canaletas semicirculares incluye una garant\u00eda extendida que incluye tres a\u00f1os de cobertura para piezas mec\u00e1nicas y mano de obra, y un a\u00f1o para todos los componentes el\u00e9ctricos. Este soporte integral garantiza un rendimiento confiable y reduce el tiempo de inactividad, lo que la convierte en una inversi\u00f3n pr\u00e1ctica para empresas que buscan una producci\u00f3n constante y eficiencia de fabricaci\u00f3n a largo plazo.<\/p>\n<h5>Dibujos de perfil de producto<\/h5>\n<p><img loading=\"lazy\" decoding=\"async\" class=\"alignnone wp-image-2924\" src=\"https:\/\/henerrfm.com\/wp-content\/uploads\/2025\/11\/half-round-gutter-machinepm-300x200.jpg\" alt=\"\" width=\"1277\" height=\"851\" srcset=\"https:\/\/www.henerrfm.com\/wp-content\/uploads\/2025\/11\/half-round-gutter-machinepm-300x200.jpg 300w, https:\/\/www.henerrfm.com\/wp-content\/uploads\/2025\/11\/half-round-gutter-machinepm-1024x681.jpg 1024w, https:\/\/www.henerrfm.com\/wp-content\/uploads\/2025\/11\/half-round-gutter-machinepm-768x511.jpg 768w, https:\/\/www.henerrfm.com\/wp-content\/uploads\/2025\/11\/half-round-gutter-machinepm-600x399.jpg 600w\" sizes=\"auto, (max-width: 1277px) 100vw, 1277px\" \/><\/p>\n<h5>Par\u00e1metros t\u00e9cnicos<\/h5>\n<table>\n<tbody>\n<tr>\n<td>Especificaci\u00f3n y material de la placa<\/td>\n<td>Bobina de acero de color; Resistencia: 235 Mpa; Espesor: 0,3-0,7 mm; Ancho: mm<\/td>\n<\/tr>\n<tr>\n<td>Velocidad de formaci\u00f3n<\/td>\n<td>0-25 m\/min ajustable<\/td>\n<\/tr>\n<tr>\n<td>Requisito de potencia: potencia del motor principal<\/td>\n<td>7,5 KW (reductor de engranajes)<\/td>\n<\/tr>\n<tr>\n<td>Requisito de potencia: potencia del motor hidr\u00e1ulico<\/td>\n<td>4KW (con refrigeraci\u00f3n por aire)<\/td>\n<\/tr>\n<tr>\n<td>Estructura del host<\/td>\n<td>Panel de pared (tratamiento de superficie ennegrecido, conexi\u00f3n de marco atornillada); Estructura de cadena (cadena de una sola fila de 1 pulgada); Marco de base de acero H350, con altura de pie de 200 mm<\/td>\n<\/tr>\n<tr>\n<td>Pases de formaci\u00f3n<\/td>\n<td>18 a 20<\/td>\n<\/tr>\n<tr>\n<td>Sistema de control<\/td>\n<td>Convertidor de frecuencia Yaskawa, PLC Siemens, pantalla t\u00e1ctil Siemens (cantilever) (el gabinete de control es un tipo separado de m\u00e1quina herramienta que solo muestra ingl\u00e9s y chino)<\/td>\n<\/tr>\n<tr>\n<td>M\u00e9todo de corte<\/td>\n<td>Detener el corte; corte de longitud fija despu\u00e9s del conformado<\/td>\n<\/tr>\n<tr>\n<td>Requisito de suministro de energ\u00eda<\/td>\n<td>380 V\/50 Hz\/trif\u00e1sico<\/td>\n<\/tr>\n<\/tbody>\n<\/table>\n<h5>Diagrama de flujo de producci\u00f3n<\/h5>\n<p><img loading=\"lazy\" decoding=\"async\" class=\"alignnone wp-image-2923\" src=\"https:\/\/henerrfm.com\/wp-content\/uploads\/2025\/11\/half-round-gutter-machinelc-300x73.jpg\" alt=\"\" width=\"1352\" height=\"329\" srcset=\"https:\/\/www.henerrfm.com\/wp-content\/uploads\/2025\/11\/half-round-gutter-machinelc-300x73.jpg 300w, https:\/\/www.henerrfm.com\/wp-content\/uploads\/2025\/11\/half-round-gutter-machinelc-1024x250.jpg 1024w, https:\/\/www.henerrfm.com\/wp-content\/uploads\/2025\/11\/half-round-gutter-machinelc-768x188.jpg 768w, https:\/\/www.henerrfm.com\/wp-content\/uploads\/2025\/11\/half-round-gutter-machinelc-600x147.jpg 600w, https:\/\/www.henerrfm.com\/wp-content\/uploads\/2025\/11\/half-round-gutter-machinelc.jpg 1350w\" sizes=\"auto, (max-width: 1352px) 100vw, 1352px\" \/><\/p>\n<h5>Visualizaci\u00f3n de detalles del producto<\/h5>\n<p><img loading=\"lazy\" decoding=\"async\" class=\"alignnone wp-image-2925\" src=\"https:\/\/henerrfm.com\/wp-content\/uploads\/2025\/11\/half-round-gutter-machinexj-300x67.jpg\" alt=\"\" width=\"1352\" height=\"302\" srcset=\"https:\/\/www.henerrfm.com\/wp-content\/uploads\/2025\/11\/half-round-gutter-machinexj-300x67.jpg 300w, https:\/\/www.henerrfm.com\/wp-content\/uploads\/2025\/11\/half-round-gutter-machinexj-1024x228.jpg 1024w, https:\/\/www.henerrfm.com\/wp-content\/uploads\/2025\/11\/half-round-gutter-machinexj-768x171.jpg 768w, https:\/\/www.henerrfm.com\/wp-content\/uploads\/2025\/11\/half-round-gutter-machinexj-600x134.jpg 600w, https:\/\/www.henerrfm.com\/wp-content\/uploads\/2025\/11\/half-round-gutter-machinexj.jpg 1350w\" sizes=\"auto, (max-width: 1352px) 100vw, 1352px\" \/><\/p>\n<h5>Solicitud<\/h5>\n<p><img loading=\"lazy\" decoding=\"async\" class=\"alignnone wp-image-2926\" src=\"https:\/\/henerrfm.com\/wp-content\/uploads\/2025\/11\/half-round-gutter-machineyy-300x122.jpg\" alt=\"\" width=\"1348\" height=\"548\" srcset=\"https:\/\/www.henerrfm.com\/wp-content\/uploads\/2025\/11\/half-round-gutter-machineyy-300x122.jpg 300w, https:\/\/www.henerrfm.com\/wp-content\/uploads\/2025\/11\/half-round-gutter-machineyy-1024x417.jpg 1024w, https:\/\/www.henerrfm.com\/wp-content\/uploads\/2025\/11\/half-round-gutter-machineyy-768x313.jpg 768w, https:\/\/www.henerrfm.com\/wp-content\/uploads\/2025\/11\/half-round-gutter-machineyy-600x244.jpg 600w, https:\/\/www.henerrfm.com\/wp-content\/uploads\/2025\/11\/half-round-gutter-machineyy.jpg 1350w\" sizes=\"auto, (max-width: 1348px) 100vw, 1348px\" \/><\/p>\n<div style=\"all: initial !important;\"><\/div>\n<div style=\"all: initial !important;\"><\/div>","protected":false},"excerpt":{"rendered":"<p>&nbsp;<\/p>\n<div style=\"all: initial !important;\"><\/div>\n<div style=\"all: initial !important;\"><\/div>","protected":false},"featured_media":2917,"comment_status":"open","ping_status":"closed","template":"","meta":{"_gspb_post_css":""},"product_brand":[],"product_cat":[126,120],"product_tag":[],"class_list":{"0":"post-2916","1":"product","2":"type-product","3":"status-publish","4":"has-post-thumbnail","6":"product_cat-gutter-downspout-roll-forming-machine","7":"product_cat-roof-wall-panel-roll-forming-machine","9":"first","10":"instock","11":"shipping-taxable","12":"product-type-simple"},"_links":{"self":[{"href":"https:\/\/www.henerrfm.com\/es\/wp-json\/wp\/v2\/product\/2916","targetHints":{"allow":["GET"]}}],"collection":[{"href":"https:\/\/www.henerrfm.com\/es\/wp-json\/wp\/v2\/product"}],"about":[{"href":"https:\/\/www.henerrfm.com\/es\/wp-json\/wp\/v2\/types\/product"}],"replies":[{"embeddable":true,"href":"https:\/\/www.henerrfm.com\/es\/wp-json\/wp\/v2\/comments?post=2916"}],"wp:featuredmedia":[{"embeddable":true,"href":"https:\/\/www.henerrfm.com\/es\/wp-json\/wp\/v2\/media\/2917"}],"wp:attachment":[{"href":"https:\/\/www.henerrfm.com\/es\/wp-json\/wp\/v2\/media?parent=2916"}],"wp:term":[{"taxonomy":"product_brand","embeddable":true,"href":"https:\/\/www.henerrfm.com\/es\/wp-json\/wp\/v2\/product_brand?post=2916"},{"taxonomy":"product_cat","embeddable":true,"href":"https:\/\/www.henerrfm.com\/es\/wp-json\/wp\/v2\/product_cat?post=2916"},{"taxonomy":"product_tag","embeddable":true,"href":"https:\/\/www.henerrfm.com\/es\/wp-json\/wp\/v2\/product_tag?post=2916"}],"curies":[{"name":"wp","href":"https:\/\/api.w.org\/{rel}","templated":true}]}}