{"id":292,"date":"2025-11-03T00:31:44","date_gmt":"2025-11-03T00:31:44","guid":{"rendered":"https:\/\/henerrfm.com\/?post_type=product&#038;p=292"},"modified":"2025-12-03T06:49:48","modified_gmt":"2025-12-03T06:49:48","slug":"hydraulic-roof-sheet-curving-machine","status":"publish","type":"product","link":"https:\/\/www.henerrfm.com\/es\/product\/hydraulic-roof-sheet-curving-machine\/","title":{"rendered":"M\u00e1quina hidr\u00e1ulica para curvar l\u00e1minas de techo"},"content":{"rendered":"<h5>Descripci\u00f3n general del producto<\/h5>\n<p>El <a href=\"https:\/\/www.henerrfm.com\/es\/producto\/hydraulic-roof-sheet-curving-machine\/\">M\u00e1quina hidr\u00e1ulica para curvar l\u00e1minas de techo<\/a> es un sistema hidr\u00e1ulico especializado dise\u00f1ado para doblar paneles de techo con precisi\u00f3n, creando curvas suaves y sutiles adaptadas a aplicaciones arquitect\u00f3nicas modernas. Al formar l\u00e1minas de metal curvas en el sitio, esta m\u00e1quina reduce la necesidad de correas de techo y soportes de acero adicionales, optimizando tanto el uso de materiales como la eficiencia estructural.<\/p>\n<p>Los paneles producidos con la m\u00e1quina curvadora hidr\u00e1ulica de l\u00e1minas para techos no solo son duraderos y resistentes, sino tambi\u00e9n visualmente llamativos, lo que permite a arquitectos y constructores lograr dise\u00f1os de techos arqueados contempor\u00e1neos sin comprometer la funcionalidad. Su avanzado sistema hidr\u00e1ulico garantiza una precisi\u00f3n de curvas constante, alta productividad y confiabilidad a largo plazo para proyectos de techos residenciales, comerciales e industriales.<\/p>\n<h5>Par\u00e1metros t\u00e9cnicos<\/h5>\n<table>\n<tbody>\n<tr>\n<td>Espesor<\/td>\n<td>0,18-0,8 mm (0,18-0,3 mm de material duro HRB65; 0,3-0,7 mm de material blando)<\/td>\n<\/tr>\n<tr>\n<td>Potencia del motor<\/td>\n<td>3KW<\/td>\n<\/tr>\n<tr>\n<td>Radio curvo (Min)<\/td>\n<td>2000mm<\/td>\n<\/tr>\n<tr>\n<td>Velocidad<\/td>\n<td>8-10m\/min<\/td>\n<\/tr>\n<tr>\n<td>Voltaje<\/td>\n<td>70 mil\u00edmetros<\/td>\n<\/tr>\n<tr>\n<td>Material del eje<\/td>\n<td>Acero 45# templado<\/td>\n<\/tr>\n<tr>\n<td>Materia prima<\/td>\n<td>PPGI, GI<\/td>\n<\/tr>\n<tr>\n<td>Material del rodillo<\/td>\n<td>Acero 45# Cromado<\/td>\n<\/tr>\n<tr>\n<td>Bastidor b\u00e1sico de la m\u00e1quina<\/td>\n<td>Acero 350# H soldado con arriostramiento diagonal en su interior<\/td>\n<\/tr>\n<\/tbody>\n<\/table>\n<h5 style=\"text-align: left;\">V\u00eddeo del producto<\/h5>\n<p><iframe loading=\"lazy\" title=\"M\u00e1quina hidr\u00e1ulica para curvar l\u00e1minas de techo\" width=\"1350\" height=\"759\" src=\"https:\/\/www.youtube.com\/embed\/W8dfkQ2SUr4?feature=oembed\" frameborder=\"0\" allow=\"accelerometer; autoplay; clipboard-write; encrypted-media; gyroscope; picture-in-picture; web-share\" referrerpolicy=\"strict-origin-when-cross-origin\" allowfullscreen><\/iframe><\/p>\n<h5>Visualizaci\u00f3n de detalles del producto<\/h5>\n<p><img loading=\"lazy\" decoding=\"async\" class=\"alignnone wp-image-2661\" src=\"https:\/\/henerrfm.com\/wp-content\/uploads\/2025\/11\/Hydraulic-Roof-Sheet-Curving-Machinexj-300x125.jpg\" alt=\"\" width=\"1344\" height=\"560\" srcset=\"https:\/\/www.henerrfm.com\/wp-content\/uploads\/2025\/11\/Hydraulic-Roof-Sheet-Curving-Machinexj-300x125.jpg 300w, https:\/\/www.henerrfm.com\/wp-content\/uploads\/2025\/11\/Hydraulic-Roof-Sheet-Curving-Machinexj-1024x428.jpg 1024w, https:\/\/www.henerrfm.com\/wp-content\/uploads\/2025\/11\/Hydraulic-Roof-Sheet-Curving-Machinexj-768x321.jpg 768w, https:\/\/www.henerrfm.com\/wp-content\/uploads\/2025\/11\/Hydraulic-Roof-Sheet-Curving-Machinexj-600x251.jpg 600w, https:\/\/www.henerrfm.com\/wp-content\/uploads\/2025\/11\/Hydraulic-Roof-Sheet-Curving-Machinexj.jpg 1350w\" sizes=\"auto, (max-width: 1344px) 100vw, 1344px\" \/><\/p>\n<h5>Solicitud<\/h5>\n<h5><img loading=\"lazy\" decoding=\"async\" class=\"alignnone wp-image-2662\" src=\"https:\/\/henerrfm.com\/wp-content\/uploads\/2025\/11\/Hydraulic-Roof-Sheet-Curving-Machineyy-300x125.jpg\" alt=\"\" width=\"1342\" height=\"559\" srcset=\"https:\/\/www.henerrfm.com\/wp-content\/uploads\/2025\/11\/Hydraulic-Roof-Sheet-Curving-Machineyy-300x125.jpg 300w, https:\/\/www.henerrfm.com\/wp-content\/uploads\/2025\/11\/Hydraulic-Roof-Sheet-Curving-Machineyy-1024x428.jpg 1024w, https:\/\/www.henerrfm.com\/wp-content\/uploads\/2025\/11\/Hydraulic-Roof-Sheet-Curving-Machineyy-768x321.jpg 768w, https:\/\/www.henerrfm.com\/wp-content\/uploads\/2025\/11\/Hydraulic-Roof-Sheet-Curving-Machineyy-600x251.jpg 600w\" sizes=\"auto, (max-width: 1342px) 100vw, 1342px\" \/><\/h5>\n<h5>Producto terminado<\/h5>\n<p><img loading=\"lazy\" decoding=\"async\" class=\"alignnone wp-image-2660\" src=\"https:\/\/henerrfm.com\/wp-content\/uploads\/2025\/11\/Hydraulic-Roof-Sheet-Curving-Machinecp-300x125.jpg\" alt=\"\" width=\"1339\" height=\"558\" srcset=\"https:\/\/www.henerrfm.com\/wp-content\/uploads\/2025\/11\/Hydraulic-Roof-Sheet-Curving-Machinecp-300x125.jpg 300w, https:\/\/www.henerrfm.com\/wp-content\/uploads\/2025\/11\/Hydraulic-Roof-Sheet-Curving-Machinecp-1024x428.jpg 1024w, https:\/\/www.henerrfm.com\/wp-content\/uploads\/2025\/11\/Hydraulic-Roof-Sheet-Curving-Machinecp-768x321.jpg 768w, https:\/\/www.henerrfm.com\/wp-content\/uploads\/2025\/11\/Hydraulic-Roof-Sheet-Curving-Machinecp-600x251.jpg 600w, https:\/\/www.henerrfm.com\/wp-content\/uploads\/2025\/11\/Hydraulic-Roof-Sheet-Curving-Machinecp.jpg 1350w\" sizes=\"auto, (max-width: 1339px) 100vw, 1339px\" \/><\/p>\n<div style=\"all: initial !important;\"><\/div>","protected":false},"excerpt":{"rendered":"<p>&nbsp;<\/p>\n<div style=\"all: initial !important;\"><\/div>","protected":false},"featured_media":293,"comment_status":"open","ping_status":"closed","template":"","meta":{"_gspb_post_css":""},"product_brand":[],"product_cat":[120,130],"product_tag":[],"class_list":{"0":"post-292","1":"product","2":"type-product","3":"status-publish","4":"has-post-thumbnail","6":"product_cat-roof-wall-panel-roll-forming-machine","7":"product_cat-roof-curving-machine","9":"first","10":"instock","11":"shipping-taxable","12":"product-type-simple"},"_links":{"self":[{"href":"https:\/\/www.henerrfm.com\/es\/wp-json\/wp\/v2\/product\/292","targetHints":{"allow":["GET"]}}],"collection":[{"href":"https:\/\/www.henerrfm.com\/es\/wp-json\/wp\/v2\/product"}],"about":[{"href":"https:\/\/www.henerrfm.com\/es\/wp-json\/wp\/v2\/types\/product"}],"replies":[{"embeddable":true,"href":"https:\/\/www.henerrfm.com\/es\/wp-json\/wp\/v2\/comments?post=292"}],"wp:featuredmedia":[{"embeddable":true,"href":"https:\/\/www.henerrfm.com\/es\/wp-json\/wp\/v2\/media\/293"}],"wp:attachment":[{"href":"https:\/\/www.henerrfm.com\/es\/wp-json\/wp\/v2\/media?parent=292"}],"wp:term":[{"taxonomy":"product_brand","embeddable":true,"href":"https:\/\/www.henerrfm.com\/es\/wp-json\/wp\/v2\/product_brand?post=292"},{"taxonomy":"product_cat","embeddable":true,"href":"https:\/\/www.henerrfm.com\/es\/wp-json\/wp\/v2\/product_cat?post=292"},{"taxonomy":"product_tag","embeddable":true,"href":"https:\/\/www.henerrfm.com\/es\/wp-json\/wp\/v2\/product_tag?post=292"}],"curies":[{"name":"wp","href":"https:\/\/api.w.org\/{rel}","templated":true}]}}