{"id":2936,"date":"2025-11-24T05:57:39","date_gmt":"2025-11-24T05:57:39","guid":{"rendered":"https:\/\/henerrfm.com\/?post_type=product&#038;p=2936"},"modified":"2025-12-03T07:05:31","modified_gmt":"2025-12-03T07:05:31","slug":"square-downspout-roll-forming-machine","status":"publish","type":"product","link":"https:\/\/www.henerrfm.com\/es\/product\/square-downspout-roll-forming-machine\/","title":{"rendered":"M\u00e1quina formadora de rollos para bajantes cuadrados"},"content":{"rendered":"<h5>Descripci\u00f3n general del producto<\/h5>\n<p>La m\u00e1quina formadora de rollos para bajantes cuadrados est\u00e1 dise\u00f1ada para producir <a href=\"https:\/\/en.wikipedia.org\/wiki\/Square\" target=\"_blank\" rel=\"noopener\">cuadrado<\/a> Bajantes rectangulares de alta eficiencia y precisi\u00f3n. Com\u00fanmente conocidos como bajantes de agua de lluvia, estos componentes desempe\u00f1an un papel fundamental en la conducci\u00f3n segura de la escorrent\u00eda del techo hacia los sistemas de drenaje a nivel del suelo.<\/p>\n<p>Mediante un proceso controlado de perfilado, la m\u00e1quina transforma bobinas planas de aluminio, acero galvanizado, cobre y otros metales en perfiles de bajantes bien definidos. Sus estaciones de conformado de precisi\u00f3n garantizan bordes limpios, dimensiones uniformes y una excelente resistencia estructural, lo que resulta en componentes duraderos, ideales para uso prolongado en exteriores.<\/p>\n<p>Dise\u00f1ada para un rendimiento estable y una producci\u00f3n continua, la perfiladora de bajantes cuadrados ofrece a los fabricantes una soluci\u00f3n fiable para el suministro de piezas de drenaje de aguas pluviales de alta calidad para proyectos de construcci\u00f3n residencial y comercial. Su combinaci\u00f3n de precisi\u00f3n, velocidad y versatilidad la convierte en una valiosa incorporaci\u00f3n a las l\u00edneas de fabricaci\u00f3n de sistemas de canaletas modernas.<\/p>\n<h5>Dibujos de perfil de producto<\/h5>\n<p><img loading=\"lazy\" decoding=\"async\" class=\"alignnone wp-image-2944\" src=\"https:\/\/henerrfm.com\/wp-content\/uploads\/2025\/11\/square-downspout-roll-forming-machinepm-300x113.jpg\" alt=\"\" width=\"1338\" height=\"504\" srcset=\"https:\/\/www.henerrfm.com\/wp-content\/uploads\/2025\/11\/square-downspout-roll-forming-machinepm-300x113.jpg 300w, https:\/\/www.henerrfm.com\/wp-content\/uploads\/2025\/11\/square-downspout-roll-forming-machinepm-1024x386.jpg 1024w, https:\/\/www.henerrfm.com\/wp-content\/uploads\/2025\/11\/square-downspout-roll-forming-machinepm-768x290.jpg 768w, https:\/\/www.henerrfm.com\/wp-content\/uploads\/2025\/11\/square-downspout-roll-forming-machinepm-600x226.jpg 600w, https:\/\/www.henerrfm.com\/wp-content\/uploads\/2025\/11\/square-downspout-roll-forming-machinepm.jpg 1350w\" sizes=\"auto, (max-width: 1338px) 100vw, 1338px\" \/><\/p>\n<h5>Par\u00e1metros t\u00e9cnicos<\/h5>\n<table>\n<tbody>\n<tr>\n<td>Tipo de material<\/td>\n<td>GI, PPGI, PPGL<\/td>\n<\/tr>\n<tr>\n<td>Espesor<\/td>\n<td>0,3 \u2013 0,7 mm<\/td>\n<\/tr>\n<tr>\n<td>Fuerza de fluencia<\/td>\n<td>300 MPa<\/td>\n<\/tr>\n<tr>\n<td>Ancho<\/td>\n<td>Seg\u00fan requerimiento del cliente<\/td>\n<\/tr>\n<\/tbody>\n<\/table>\n<h5>Diagrama de flujo de producci\u00f3n<\/h5>\n<p><img loading=\"lazy\" decoding=\"async\" class=\"alignnone wp-image-2943\" src=\"https:\/\/henerrfm.com\/wp-content\/uploads\/2025\/11\/square-downspout-roll-forming-machinelc-300x71.jpg\" alt=\"\" width=\"1306\" height=\"309\" srcset=\"https:\/\/www.henerrfm.com\/wp-content\/uploads\/2025\/11\/square-downspout-roll-forming-machinelc-300x71.jpg 300w, https:\/\/www.henerrfm.com\/wp-content\/uploads\/2025\/11\/square-downspout-roll-forming-machinelc-1024x241.jpg 1024w, https:\/\/www.henerrfm.com\/wp-content\/uploads\/2025\/11\/square-downspout-roll-forming-machinelc-768x181.jpg 768w, https:\/\/www.henerrfm.com\/wp-content\/uploads\/2025\/11\/square-downspout-roll-forming-machinelc-600x141.jpg 600w, https:\/\/www.henerrfm.com\/wp-content\/uploads\/2025\/11\/square-downspout-roll-forming-machinelc.jpg 1350w\" sizes=\"auto, (max-width: 1306px) 100vw, 1306px\" \/><\/p>\n<h5>Visualizaci\u00f3n de detalles del producto<\/h5>\n<p><img loading=\"lazy\" decoding=\"async\" class=\"alignnone wp-image-2945\" src=\"https:\/\/henerrfm.com\/wp-content\/uploads\/2025\/11\/square-downspout-roll-forming-machinexj-300x100.jpg\" alt=\"\" width=\"1311\" height=\"437\" srcset=\"https:\/\/www.henerrfm.com\/wp-content\/uploads\/2025\/11\/square-downspout-roll-forming-machinexj-300x100.jpg 300w, https:\/\/www.henerrfm.com\/wp-content\/uploads\/2025\/11\/square-downspout-roll-forming-machinexj-1024x342.jpg 1024w, https:\/\/www.henerrfm.com\/wp-content\/uploads\/2025\/11\/square-downspout-roll-forming-machinexj-768x257.jpg 768w, https:\/\/www.henerrfm.com\/wp-content\/uploads\/2025\/11\/square-downspout-roll-forming-machinexj-600x200.jpg 600w, https:\/\/www.henerrfm.com\/wp-content\/uploads\/2025\/11\/square-downspout-roll-forming-machinexj.jpg 1350w\" sizes=\"auto, (max-width: 1311px) 100vw, 1311px\" \/><\/p>\n<h5>Solicitud<\/h5>\n<p><img loading=\"lazy\" decoding=\"async\" class=\"alignnone wp-image-2946\" src=\"https:\/\/henerrfm.com\/wp-content\/uploads\/2025\/11\/square-downspout-roll-forming-machineyy-300x100.jpg\" alt=\"\" width=\"1311\" height=\"437\" srcset=\"https:\/\/www.henerrfm.com\/wp-content\/uploads\/2025\/11\/square-downspout-roll-forming-machineyy-300x100.jpg 300w, https:\/\/www.henerrfm.com\/wp-content\/uploads\/2025\/11\/square-downspout-roll-forming-machineyy-1024x342.jpg 1024w, https:\/\/www.henerrfm.com\/wp-content\/uploads\/2025\/11\/square-downspout-roll-forming-machineyy-768x257.jpg 768w, https:\/\/www.henerrfm.com\/wp-content\/uploads\/2025\/11\/square-downspout-roll-forming-machineyy-600x200.jpg 600w, https:\/\/www.henerrfm.com\/wp-content\/uploads\/2025\/11\/square-downspout-roll-forming-machineyy.jpg 1350w\" sizes=\"auto, (max-width: 1311px) 100vw, 1311px\" \/><\/p>","protected":false},"excerpt":{"rendered":"<p>Product Overview The Square Downspout Roll Forming Machine is engineered to produce square and rectangular downspouts with high efficiency and accuracy. Commonly known as rainwater leaders or drainpipes, these components play a vital role in directing roof runoff safely into ground-level drainage systems. Using a controlled roll forming process, the machine transforms aluminum, galvanized steel, [&hellip;]<\/p>\n","protected":false},"featured_media":2938,"comment_status":"open","ping_status":"closed","template":"","meta":{"_gspb_post_css":""},"product_brand":[],"product_cat":[126,120],"product_tag":[],"class_list":{"0":"post-2936","1":"product","2":"type-product","3":"status-publish","4":"has-post-thumbnail","6":"product_cat-gutter-downspout-roll-forming-machine","7":"product_cat-roof-wall-panel-roll-forming-machine","9":"first","10":"instock","11":"shipping-taxable","12":"product-type-simple"},"_links":{"self":[{"href":"https:\/\/www.henerrfm.com\/es\/wp-json\/wp\/v2\/product\/2936","targetHints":{"allow":["GET"]}}],"collection":[{"href":"https:\/\/www.henerrfm.com\/es\/wp-json\/wp\/v2\/product"}],"about":[{"href":"https:\/\/www.henerrfm.com\/es\/wp-json\/wp\/v2\/types\/product"}],"replies":[{"embeddable":true,"href":"https:\/\/www.henerrfm.com\/es\/wp-json\/wp\/v2\/comments?post=2936"}],"wp:featuredmedia":[{"embeddable":true,"href":"https:\/\/www.henerrfm.com\/es\/wp-json\/wp\/v2\/media\/2938"}],"wp:attachment":[{"href":"https:\/\/www.henerrfm.com\/es\/wp-json\/wp\/v2\/media?parent=2936"}],"wp:term":[{"taxonomy":"product_brand","embeddable":true,"href":"https:\/\/www.henerrfm.com\/es\/wp-json\/wp\/v2\/product_brand?post=2936"},{"taxonomy":"product_cat","embeddable":true,"href":"https:\/\/www.henerrfm.com\/es\/wp-json\/wp\/v2\/product_cat?post=2936"},{"taxonomy":"product_tag","embeddable":true,"href":"https:\/\/www.henerrfm.com\/es\/wp-json\/wp\/v2\/product_tag?post=2936"}],"curies":[{"name":"wp","href":"https:\/\/api.w.org\/{rel}","templated":true}]}}