{"id":2956,"date":"2025-11-24T06:12:23","date_gmt":"2025-11-24T06:12:23","guid":{"rendered":"https:\/\/henerrfm.com\/?post_type=product&#038;p=2956"},"modified":"2025-12-03T06:58:22","modified_gmt":"2025-12-03T06:58:22","slug":"c150-light-gauge-steel-framing-machine","status":"publish","type":"product","link":"https:\/\/www.henerrfm.com\/es\/product\/c150-light-gauge-steel-framing-machine\/","title":{"rendered":"M\u00e1quina de enmarcado de acero de calibre ligero C150"},"content":{"rendered":"<h5>Descripci\u00f3n general del producto<\/h5>\n<p>La m\u00e1quina enmarcadora de acero de calibre ligero C150 es un sistema de \u00faltima generaci\u00f3n dise\u00f1ado para producir alta calidad <a href=\"https:\/\/en.wikipedia.org\/wiki\/Steel\" target=\"_blank\" rel=\"noopener\">acero<\/a> componentes para proyectos de construcci\u00f3n modernos. Este equipo fabrica eficientemente perfiles utilizados en edificios residenciales, complejos comerciales, f\u00e1bricas e infraestructura municipal, brindando soluciones vers\u00e1tiles para diversas aplicaciones estructurales.<\/p>\n<p>Construido para brindar confiabilidad y rendimiento duradero, el C150 ofrece estructuras que resisten la humedad, los fuertes vientos y las fluctuaciones de temperatura, al tiempo que ofrece un excelente aislamiento t\u00e9rmico y ac\u00fastico. Su ingenier\u00eda de precisi\u00f3n garantiza uniformidad y estabilidad, cumpliendo con los rigurosos est\u00e1ndares requeridos en la construcci\u00f3n de acero contempor\u00e1nea.<\/p>\n<p>Ideal para estructuras de paredes, estructuras de techos y estructuras arquitect\u00f3nicas, la m\u00e1quina para marcos de acero de calibre ligero C150 combina eficiencia y calidad superior, lo que la hace adecuada tanto para construcciones a peque\u00f1a escala como para grandes proyectos industriales.<\/p>\n<h5>Dibujos de perfil de producto<\/h5>\n<p><img loading=\"lazy\" decoding=\"async\" class=\"alignnone wp-image-2965\" src=\"https:\/\/henerrfm.com\/wp-content\/uploads\/2025\/11\/C150-light-gauge-steel-framing-machinepn-300x122.jpg\" alt=\"\" width=\"1289\" height=\"524\" srcset=\"https:\/\/www.henerrfm.com\/wp-content\/uploads\/2025\/11\/C150-light-gauge-steel-framing-machinepn-300x122.jpg 300w, https:\/\/www.henerrfm.com\/wp-content\/uploads\/2025\/11\/C150-light-gauge-steel-framing-machinepn-768x313.jpg 768w, https:\/\/www.henerrfm.com\/wp-content\/uploads\/2025\/11\/C150-light-gauge-steel-framing-machinepn-600x245.jpg 600w\" sizes=\"auto, (max-width: 1289px) 100vw, 1289px\" \/><\/p>\n<h5>Par\u00e1metros t\u00e9cnicos<\/h5>\n<table>\n<tbody>\n<tr>\n<td>Tama\u00f1o de la secci\u00f3n<\/td>\n<td>150*41mm<\/td>\n<\/tr>\n<tr>\n<td>Espesor del material<\/td>\n<td>0,75-1,2 mm (G300-G550 galvanizado, placa galvanizada)<\/td>\n<\/tr>\n<tr>\n<td>Ancho del material<\/td>\n<td>240 mm<\/td>\n<\/tr>\n<tr>\n<td>Velocidad de producci\u00f3n est\u00e1ndar<\/td>\n<td>30m\/min<\/td>\n<\/tr>\n<tr>\n<td>M\u00e1xima velocidad de producci\u00f3n<\/td>\n<td>50m\/min<\/td>\n<\/tr>\n<tr>\n<td>Potencia del motor<\/td>\n<td>7,5kw<\/td>\n<\/tr>\n<tr>\n<td>Requisitos de energ\u00eda<\/td>\n<td>Trif\u00e1sica 380 V 50 Hz (se puede configurar seg\u00fan sea necesario)<\/td>\n<\/tr>\n<tr>\n<td>Energ\u00eda hidr\u00e1ulica<\/td>\n<td>5,5kw<\/td>\n<\/tr>\n<tr>\n<td>Capacidad del tanque hidr\u00e1ulico<\/td>\n<td>100L<\/td>\n<\/tr>\n<tr>\n<td>Refrigeraci\u00f3n hidr\u00e1ulica<\/td>\n<td>Refrigeraci\u00f3n por aire<\/td>\n<\/tr>\n<tr>\n<td>Ajuste de presi\u00f3n hidr\u00e1ulica<\/td>\n<td>Configuraci\u00f3n de la computadora<\/td>\n<\/tr>\n<tr>\n<td>Control de host<\/td>\n<td>Mando a distancia inal\u00e1mbrico (Configuraci\u00f3n est\u00e1ndar)<\/td>\n<\/tr>\n<tr>\n<td>Matrices de estampaci\u00f3n de marcos y cerchas<\/td>\n<td>Orificios para tornillos con hoyuelos, chaflanes, orificios pasantes de alma, peque\u00f1os cortes de borde, orificios para tuber\u00edas, contracci\u00f3n de alma, corte, orificios de cimentaci\u00f3n de alma, orificios de lechado<\/td>\n<\/tr>\n<tr>\n<td>Precisi\u00f3n del producto<\/td>\n<td>\u00b10,5 mm<\/td>\n<\/tr>\n<tr>\n<td>Impresora de inyecci\u00f3n de tinta<\/td>\n<td>Al imprimir se pueden configurar boquillas dobles, con pulverizaci\u00f3n hasta la cintura en ambos lados<\/td>\n<\/tr>\n<tr>\n<td>Tama\u00f1o de la m\u00e1quina<\/td>\n<td>5000<em>1000<\/em>1600mm<\/td>\n<\/tr>\n<tr>\n<td>Peso de la m\u00e1quina<\/td>\n<td>3000kg<\/td>\n<\/tr>\n<\/tbody>\n<\/table>\n<h5>Solicitud<\/h5>\n<p><img loading=\"lazy\" decoding=\"async\" class=\"alignnone wp-image-2966\" src=\"https:\/\/henerrfm.com\/wp-content\/uploads\/2025\/11\/C150-light-gauge-steel-framing-machineyy-300x173.jpg\" alt=\"\" width=\"961\" height=\"554\" srcset=\"https:\/\/www.henerrfm.com\/wp-content\/uploads\/2025\/11\/C150-light-gauge-steel-framing-machineyy-300x173.jpg 300w, https:\/\/www.henerrfm.com\/wp-content\/uploads\/2025\/11\/C150-light-gauge-steel-framing-machineyy-768x442.jpg 768w, https:\/\/www.henerrfm.com\/wp-content\/uploads\/2025\/11\/C150-light-gauge-steel-framing-machineyy-600x345.jpg 600w, https:\/\/www.henerrfm.com\/wp-content\/uploads\/2025\/11\/C150-light-gauge-steel-framing-machineyy.jpg 800w\" sizes=\"auto, (max-width: 961px) 100vw, 961px\" \/><\/p>\n<h5>Producto terminado<\/h5>\n<p><img loading=\"lazy\" decoding=\"async\" class=\"alignnone wp-image-2964\" src=\"https:\/\/henerrfm.com\/wp-content\/uploads\/2025\/11\/C150-light-gauge-steel-framing-machinecp-300x89.jpg\" alt=\"\" width=\"971\" height=\"288\" srcset=\"https:\/\/www.henerrfm.com\/wp-content\/uploads\/2025\/11\/C150-light-gauge-steel-framing-machinecp-300x89.jpg 300w, https:\/\/www.henerrfm.com\/wp-content\/uploads\/2025\/11\/C150-light-gauge-steel-framing-machinecp-1024x305.jpg 1024w, https:\/\/www.henerrfm.com\/wp-content\/uploads\/2025\/11\/C150-light-gauge-steel-framing-machinecp-768x229.jpg 768w, https:\/\/www.henerrfm.com\/wp-content\/uploads\/2025\/11\/C150-light-gauge-steel-framing-machinecp-600x179.jpg 600w, https:\/\/www.henerrfm.com\/wp-content\/uploads\/2025\/11\/C150-light-gauge-steel-framing-machinecp.jpg 1350w\" sizes=\"auto, (max-width: 971px) 100vw, 971px\" \/><\/p>","protected":false},"excerpt":{"rendered":"<p>Product Overview The C150 Light Gauge Steel Framing Machine is a state-of-the-art system designed to produce high-quality steel components for modern construction projects. This equipment efficiently manufactures profiles used in residential buildings, commercial complexes, factories, and municipal infrastructure, providing versatile solutions for various structural applications. Built for reliability and long-lasting performance, the C150 delivers framing [&hellip;]<\/p>\n","protected":false},"featured_media":2958,"comment_status":"open","ping_status":"closed","template":"","meta":{"_gspb_post_css":""},"product_brand":[],"product_cat":[136,135],"product_tag":[],"class_list":{"0":"post-2956","1":"product","2":"type-product","3":"status-publish","4":"has-post-thumbnail","6":"product_cat-light-gauge-steel-framing-machine","7":"product_cat-steel-structure-light-gauge-frame-roll-forming-machine","9":"first","10":"instock","11":"shipping-taxable","12":"product-type-simple"},"_links":{"self":[{"href":"https:\/\/www.henerrfm.com\/es\/wp-json\/wp\/v2\/product\/2956","targetHints":{"allow":["GET"]}}],"collection":[{"href":"https:\/\/www.henerrfm.com\/es\/wp-json\/wp\/v2\/product"}],"about":[{"href":"https:\/\/www.henerrfm.com\/es\/wp-json\/wp\/v2\/types\/product"}],"replies":[{"embeddable":true,"href":"https:\/\/www.henerrfm.com\/es\/wp-json\/wp\/v2\/comments?post=2956"}],"wp:featuredmedia":[{"embeddable":true,"href":"https:\/\/www.henerrfm.com\/es\/wp-json\/wp\/v2\/media\/2958"}],"wp:attachment":[{"href":"https:\/\/www.henerrfm.com\/es\/wp-json\/wp\/v2\/media?parent=2956"}],"wp:term":[{"taxonomy":"product_brand","embeddable":true,"href":"https:\/\/www.henerrfm.com\/es\/wp-json\/wp\/v2\/product_brand?post=2956"},{"taxonomy":"product_cat","embeddable":true,"href":"https:\/\/www.henerrfm.com\/es\/wp-json\/wp\/v2\/product_cat?post=2956"},{"taxonomy":"product_tag","embeddable":true,"href":"https:\/\/www.henerrfm.com\/es\/wp-json\/wp\/v2\/product_tag?post=2956"}],"curies":[{"name":"wp","href":"https:\/\/api.w.org\/{rel}","templated":true}]}}