{"id":2967,"date":"2025-11-24T06:48:34","date_gmt":"2025-11-24T06:48:34","guid":{"rendered":"https:\/\/henerrfm.com\/?post_type=product&#038;p=2967"},"modified":"2025-12-03T06:55:05","modified_gmt":"2025-12-03T06:55:05","slug":"3-in-1-light-gauge-steel-framing-machine","status":"publish","type":"product","link":"https:\/\/www.henerrfm.com\/es\/product\/3-in-1-light-gauge-steel-framing-machine\/","title":{"rendered":"M\u00e1quina para enmarcar acero de calibre ligero 3 en 1"},"content":{"rendered":"<h5>Descripci\u00f3n general del producto<\/h5>\n<p>La m\u00e1quina para enmarcar acero de calibre liviano 3 en 1 es un sistema de producci\u00f3n todo en uno altamente vers\u00e1til, dise\u00f1ado para fabricar tres tipos diferentes de estructuras de acero. <a href=\"https:\/\/en.wikipedia.org\/wiki\/Steel\" target=\"_blank\" rel=\"noopener\">acero<\/a> tipos de perfiles con una sola m\u00e1quina. Esta multifuncionalidad la convierte en la opci\u00f3n ideal para promotores y constructores que buscan flexibilidad, eficiencia y calidad constante en construcciones ligeras de acero. Ya sea para villas, oficinas comerciales o grandes instalaciones p\u00fablicas como estaciones de tren, la m\u00e1quina proporciona componentes de estructura estables, precisos y fiables para una amplia gama de aplicaciones arquitect\u00f3nicas.<\/p>\n<p>Dise\u00f1ado con tecnolog\u00eda de control inteligente, el sistema puede leer y procesar directamente archivos de dise\u00f1o CSV, lo que garantiza una integraci\u00f3n perfecta con el software de dise\u00f1o de edificios moderno. Su sistema de impresi\u00f3n de doble boquilla mejora la precisi\u00f3n del marcado y acelera la producci\u00f3n, permitiendo a los trabajadores identificar r\u00e1pidamente los componentes durante el montaje en obra. Con el conformado, corte e impresi\u00f3n totalmente automatizados, la m\u00e1quina reduce significativamente la mano de obra, minimiza los errores y mejora la eficiencia general del proyecto.<\/p>\n<p>Al combinar tres l\u00edneas de perfilado en una soluci\u00f3n compacta, la m\u00e1quina 3 en 1 para estructuras de acero de calibre ligero ayuda a los contratistas a reducir la inversi\u00f3n en equipos, ahorrar espacio y optimizar el flujo de trabajo, a la vez que ofrece estructuras de acero de alta precisi\u00f3n que cumplen con los est\u00e1ndares de la construcci\u00f3n modular contempor\u00e1nea y de acero de calibre ligero. Esta potente y eficiente m\u00e1quina est\u00e1 dise\u00f1ada para aumentar la productividad y la calidad de la construcci\u00f3n en diversos proyectos de edificaci\u00f3n.<\/p>\n<h5>Dibujos de perfil de producto<\/h5>\n<p><img loading=\"lazy\" decoding=\"async\" class=\"alignnone wp-image-2977\" src=\"https:\/\/henerrfm.com\/wp-content\/uploads\/2025\/11\/3-in-1-Light-Gauge-Steel-Framing-Machinepm-300x67.jpg\" alt=\"\" width=\"1290\" height=\"288\" srcset=\"https:\/\/www.henerrfm.com\/wp-content\/uploads\/2025\/11\/3-in-1-Light-Gauge-Steel-Framing-Machinepm-300x67.jpg 300w, https:\/\/www.henerrfm.com\/wp-content\/uploads\/2025\/11\/3-in-1-Light-Gauge-Steel-Framing-Machinepm-1024x230.jpg 1024w, https:\/\/www.henerrfm.com\/wp-content\/uploads\/2025\/11\/3-in-1-Light-Gauge-Steel-Framing-Machinepm-768x172.jpg 768w, https:\/\/www.henerrfm.com\/wp-content\/uploads\/2025\/11\/3-in-1-Light-Gauge-Steel-Framing-Machinepm-600x135.jpg 600w\" sizes=\"auto, (max-width: 1290px) 100vw, 1290px\" \/><\/p>\n<h5>Par\u00e1metros t\u00e9cnicos<\/h5>\n<table>\n<tbody>\n<tr>\n<td>Forma del perfil<\/td>\n<td>Forma de C<\/td>\n<\/tr>\n<tr>\n<td>Tama\u00f1o del perfil<\/td>\n<td>63 mm\/75 mm\/89 mm\/92 mm\/100 mm\/140 mm y etc.<\/td>\n<\/tr>\n<tr>\n<td>Espesor del material<\/td>\n<td>Bobina de acero zinc-alumbre de 0,75-1,2 mm, G300-G550<\/td>\n<\/tr>\n<tr>\n<td>Sistema operativo<\/td>\n<td>Pantalla t\u00e1ctil de 21 pulgadas<\/td>\n<\/tr>\n<tr>\n<td>Sistema de control de producci\u00f3n<\/td>\n<td>Software de control de desarrollo propio<\/td>\n<\/tr>\n<tr>\n<td>Software de dise\u00f1o<\/td>\n<td>Vertex BD\/Framebuilder MRD\/Strucsoft y etc.<\/td>\n<\/tr>\n<tr>\n<td>Velocidad integral de la m\u00e1quina<\/td>\n<td>Vigas de piso: 300 m\/h, Paredes: 700 m\/h, total alrededor de 4 toneladas por turno<\/td>\n<\/tr>\n<tr>\n<td>Molde de punzonado y corte<\/td>\n<td>Orificio de hoyuelo, corte en chafl\u00e1n, muesca de alma, corte de labio, orificio de servicio, orificio de perno y corte<\/td>\n<\/tr>\n<tr>\n<td>Exactitud<\/td>\n<td>\u00b1 0,5 mm<\/td>\n<\/tr>\n<\/tbody>\n<\/table>\n<h5>Diagrama de flujo de producci\u00f3n<\/h5>\n<p><img loading=\"lazy\" decoding=\"async\" class=\"alignnone wp-image-2976\" src=\"https:\/\/henerrfm.com\/wp-content\/uploads\/2025\/11\/3-in-1-Light-Gauge-Steel-Framing-Machinelc-300x99.jpg\" alt=\"\" width=\"1288\" height=\"425\" srcset=\"https:\/\/www.henerrfm.com\/wp-content\/uploads\/2025\/11\/3-in-1-Light-Gauge-Steel-Framing-Machinelc-300x99.jpg 300w, https:\/\/www.henerrfm.com\/wp-content\/uploads\/2025\/11\/3-in-1-Light-Gauge-Steel-Framing-Machinelc-1024x339.jpg 1024w, https:\/\/www.henerrfm.com\/wp-content\/uploads\/2025\/11\/3-in-1-Light-Gauge-Steel-Framing-Machinelc-768x254.jpg 768w, https:\/\/www.henerrfm.com\/wp-content\/uploads\/2025\/11\/3-in-1-Light-Gauge-Steel-Framing-Machinelc-600x199.jpg 600w, https:\/\/www.henerrfm.com\/wp-content\/uploads\/2025\/11\/3-in-1-Light-Gauge-Steel-Framing-Machinelc.jpg 1350w\" sizes=\"auto, (max-width: 1288px) 100vw, 1288px\" \/><\/p>\n<h5>Solicitud<\/h5>\n<p><img loading=\"lazy\" decoding=\"async\" class=\"alignnone wp-image-2978\" src=\"https:\/\/henerrfm.com\/wp-content\/uploads\/2025\/11\/3-in-1-Light-Gauge-Steel-Framing-Machineyy-300x102.jpg\" alt=\"\" width=\"838\" height=\"285\" srcset=\"https:\/\/www.henerrfm.com\/wp-content\/uploads\/2025\/11\/3-in-1-Light-Gauge-Steel-Framing-Machineyy-300x102.jpg 300w, https:\/\/www.henerrfm.com\/wp-content\/uploads\/2025\/11\/3-in-1-Light-Gauge-Steel-Framing-Machineyy-1024x347.jpg 1024w, https:\/\/www.henerrfm.com\/wp-content\/uploads\/2025\/11\/3-in-1-Light-Gauge-Steel-Framing-Machineyy-768x261.jpg 768w, https:\/\/www.henerrfm.com\/wp-content\/uploads\/2025\/11\/3-in-1-Light-Gauge-Steel-Framing-Machineyy-600x204.jpg 600w, https:\/\/www.henerrfm.com\/wp-content\/uploads\/2025\/11\/3-in-1-Light-Gauge-Steel-Framing-Machineyy.jpg 1350w\" sizes=\"auto, (max-width: 838px) 100vw, 838px\" \/><\/p>\n<h5>Producto terminado<\/h5>\n<p><img loading=\"lazy\" decoding=\"async\" class=\"alignnone wp-image-2975\" src=\"https:\/\/henerrfm.com\/wp-content\/uploads\/2025\/11\/3-in-1-Light-Gauge-Steel-Framing-Machinecp-300x88.jpg\" alt=\"\" width=\"1336\" height=\"392\" srcset=\"https:\/\/www.henerrfm.com\/wp-content\/uploads\/2025\/11\/3-in-1-Light-Gauge-Steel-Framing-Machinecp-300x88.jpg 300w, https:\/\/www.henerrfm.com\/wp-content\/uploads\/2025\/11\/3-in-1-Light-Gauge-Steel-Framing-Machinecp-1024x300.jpg 1024w, https:\/\/www.henerrfm.com\/wp-content\/uploads\/2025\/11\/3-in-1-Light-Gauge-Steel-Framing-Machinecp-768x225.jpg 768w, https:\/\/www.henerrfm.com\/wp-content\/uploads\/2025\/11\/3-in-1-Light-Gauge-Steel-Framing-Machinecp-600x176.jpg 600w, https:\/\/www.henerrfm.com\/wp-content\/uploads\/2025\/11\/3-in-1-Light-Gauge-Steel-Framing-Machinecp.jpg 1350w\" sizes=\"auto, (max-width: 1336px) 100vw, 1336px\" \/><\/p>","protected":false},"excerpt":{"rendered":"<p>Product Overview The 3 in 1 Light Gauge Steel Framing Machine is a highly versatile, all-in-one production system designed to manufacture three different steel profile types using a single machine. This multi-function capability makes it an ideal choice for developers and builders who need flexibility, efficiency, and consistent quality in light steel construction. Whether used [&hellip;]<\/p>\n","protected":false},"featured_media":2968,"comment_status":"open","ping_status":"closed","template":"","meta":{"_gspb_post_css":""},"product_brand":[],"product_cat":[136,135],"product_tag":[],"class_list":{"0":"post-2967","1":"product","2":"type-product","3":"status-publish","4":"has-post-thumbnail","6":"product_cat-light-gauge-steel-framing-machine","7":"product_cat-steel-structure-light-gauge-frame-roll-forming-machine","9":"first","10":"instock","11":"shipping-taxable","12":"product-type-simple"},"_links":{"self":[{"href":"https:\/\/www.henerrfm.com\/es\/wp-json\/wp\/v2\/product\/2967","targetHints":{"allow":["GET"]}}],"collection":[{"href":"https:\/\/www.henerrfm.com\/es\/wp-json\/wp\/v2\/product"}],"about":[{"href":"https:\/\/www.henerrfm.com\/es\/wp-json\/wp\/v2\/types\/product"}],"replies":[{"embeddable":true,"href":"https:\/\/www.henerrfm.com\/es\/wp-json\/wp\/v2\/comments?post=2967"}],"wp:featuredmedia":[{"embeddable":true,"href":"https:\/\/www.henerrfm.com\/es\/wp-json\/wp\/v2\/media\/2968"}],"wp:attachment":[{"href":"https:\/\/www.henerrfm.com\/es\/wp-json\/wp\/v2\/media?parent=2967"}],"wp:term":[{"taxonomy":"product_brand","embeddable":true,"href":"https:\/\/www.henerrfm.com\/es\/wp-json\/wp\/v2\/product_brand?post=2967"},{"taxonomy":"product_cat","embeddable":true,"href":"https:\/\/www.henerrfm.com\/es\/wp-json\/wp\/v2\/product_cat?post=2967"},{"taxonomy":"product_tag","embeddable":true,"href":"https:\/\/www.henerrfm.com\/es\/wp-json\/wp\/v2\/product_tag?post=2967"}],"curies":[{"name":"wp","href":"https:\/\/api.w.org\/{rel}","templated":true}]}}