{"id":297,"date":"2025-11-03T00:33:34","date_gmt":"2025-11-03T00:33:34","guid":{"rendered":"https:\/\/henerrfm.com\/?post_type=product&#038;p=297"},"modified":"2025-12-04T08:27:00","modified_gmt":"2025-12-04T08:27:00","slug":"automatic-eps-sandwich-panel-production-line","status":"publish","type":"product","link":"https:\/\/www.henerrfm.com\/es\/product\/automatic-eps-sandwich-panel-production-line\/","title":{"rendered":"L\u00ednea de producci\u00f3n autom\u00e1tica de paneles s\u00e1ndwich de EPS"},"content":{"rendered":"<h5>Descripci\u00f3n general del producto<\/h5>\n<p>El <a href=\"https:\/\/www.henerrfm.com\/es\/producto\/automatic-eps-sandwich-panel-production-line\/\"><strong>L\u00ednea de producci\u00f3n autom\u00e1tica de paneles s\u00e1ndwich de EPS<\/strong><\/a>\u00a0es un sistema avanzado y totalmente integrado para la fabricaci\u00f3n de paneles continuos y de alta calidad.<br \/>\nProduce paneles s\u00e1ndwich duraderos hechos de dos l\u00e1minas frontales de metal unidas a un peso ligero <a href=\"https:\/\/en.wikipedia.org\/wiki\/Eco_pickled_surface\" target=\"_blank\" rel=\"noopener\">EPS<\/a> n\u00facleo aislante, que ofrece resistencia, rigidez y excelente rendimiento t\u00e9rmico.<\/p>\n<p>La l\u00ednea de producci\u00f3n autom\u00e1tica de paneles s\u00e1ndwich de EPS integra todos los procesos clave en un flujo de trabajo optimizado:<br \/>\ndesenrollado y recubrimiento de pel\u00edculas, perfilado de precisi\u00f3n, corte automatizado, precalentamiento, aplicaci\u00f3n de espuma a alta presi\u00f3n, transporte por doble correa, calentamiento controlado y corte final de paneles.<\/p>\n<p>Dise\u00f1ado para un funcionamiento estable y alta productividad, el <strong>L\u00ednea de producci\u00f3n autom\u00e1tica de paneles s\u00e1ndwich de EPS<\/strong>\u00a0garantiza una calidad uniforme del panel con un manejo manual m\u00ednimo.<br \/>\nEs ideal para construcciones industriales a gran escala, c\u00e1maras frigor\u00edficas, edificios modulares y proyectos arquitect\u00f3nicos energ\u00e9ticamente eficientes.<\/p>\n<h5>Dibujos de perfil de producto<\/h5>\n<p><img loading=\"lazy\" decoding=\"async\" class=\"alignnone wp-image-2650\" src=\"https:\/\/henerrfm.com\/wp-content\/uploads\/2025\/11\/EPS-pm-300x189.jpg\" alt=\"\" width=\"1346\" height=\"848\" srcset=\"https:\/\/www.henerrfm.com\/wp-content\/uploads\/2025\/11\/EPS-pm-300x189.jpg 300w, https:\/\/www.henerrfm.com\/wp-content\/uploads\/2025\/11\/EPS-pm-1024x645.jpg 1024w, https:\/\/www.henerrfm.com\/wp-content\/uploads\/2025\/11\/EPS-pm-768x484.jpg 768w, https:\/\/www.henerrfm.com\/wp-content\/uploads\/2025\/11\/EPS-pm-600x378.jpg 600w, https:\/\/www.henerrfm.com\/wp-content\/uploads\/2025\/11\/EPS-pm.jpg 1350w\" sizes=\"auto, (max-width: 1346px) 100vw, 1346px\" \/><\/p>\n<h5>Par\u00e1metros t\u00e9cnicos<\/h5>\n<table>\n<thead>\n<tr>\n<th><span style=\"font-weight: 400;\">Serie<\/span><\/th>\n<th><span style=\"font-weight: 400;\">Detalles<\/span><\/th>\n<th><span style=\"font-weight: 400;\">Par\u00e1metro<\/span><\/th>\n<\/tr>\n<\/thead>\n<tbody>\n<tr>\n<td>Hoja de producto<\/td>\n<td>Materia prima<\/td>\n<td>IG\/IGP<\/td>\n<\/tr>\n<tr>\n<td><\/td>\n<td>Espesor del material<\/td>\n<td>0,18-0,8 mm (0,18-0,3 mm: material duro HRB65; 0,3-0,7 mm: material blando)<\/td>\n<\/tr>\n<tr>\n<td>M\u00e1quina perfiladora<\/td>\n<td>Dispositivo de alimentaci\u00f3n<\/td>\n<td>Ancho de plataforma regulable mediante volante; rodamiento incorporado para proteger los bordes de las l\u00e1minas de acero<\/td>\n<\/tr>\n<tr>\n<td><\/td>\n<td>Material del eje rodante<\/td>\n<td>45# ACERO<\/td>\n<\/tr>\n<tr>\n<td><\/td>\n<td>Eje rodante de di\u00e1metro \u00f1an<\/td>\n<td>70 mil\u00edmetros<\/td>\n<\/tr>\n<tr>\n<td><\/td>\n<td>Tratamiento de eje rodante<\/td>\n<td>Tratamiento de templado (previene deformaciones y mejora la dureza)<\/td>\n<\/tr>\n<tr>\n<td><\/td>\n<td>Rodillo \u2013 Material<\/td>\n<td>Acero 45#<\/td>\n<\/tr>\n<tr>\n<td><\/td>\n<td>Rodillo \u2013 Tratamiento<\/td>\n<td>Tratamiento cromado (Espesor de Cr: 0,05 mm; anticorrosi\u00f3n, mejora de la dureza, garant\u00eda de precisi\u00f3n, buen rendimiento de abrasi\u00f3n)<\/td>\n<\/tr>\n<tr>\n<td><\/td>\n<td>Estaci\u00f3n rodante<\/td>\n<td>3 estaciones (alimenta chapa de acero al sistema de prensado)<\/td>\n<\/tr>\n<tr>\n<td><\/td>\n<td>Estructura de la m\u00e1quina<\/td>\n<td>Estructura soldada de placa intermedia<\/td>\n<\/tr>\n<tr>\n<td><\/td>\n<td>Marco b\u00e1sico de la m\u00e1quina<\/td>\n<td>Acero 350# H soldado con refuerzo diagonal interno<\/td>\n<\/tr>\n<tr>\n<td><\/td>\n<td>Cojinete<\/td>\n<td>La famosa marca china Harbin<\/td>\n<\/tr>\n<tr>\n<td><\/td>\n<td>Poder de trabajo<\/td>\n<td>3kw<\/td>\n<\/tr>\n<tr>\n<td><\/td>\n<td>Espaciador de rodillos y varilla de tracci\u00f3n<\/td>\n<td>Tratamiento antioxidante<\/td>\n<\/tr>\n<\/tbody>\n<\/table>\n<h5>Diagrama de flujo<\/h5>\n<p><img loading=\"lazy\" decoding=\"async\" class=\"alignnone wp-image-2648\" src=\"https:\/\/henerrfm.com\/wp-content\/uploads\/2025\/11\/EPS-lc-300x98.jpg\" alt=\"\" width=\"1319\" height=\"431\" srcset=\"https:\/\/www.henerrfm.com\/wp-content\/uploads\/2025\/11\/EPS-lc-300x98.jpg 300w, https:\/\/www.henerrfm.com\/wp-content\/uploads\/2025\/11\/EPS-lc-1024x334.jpg 1024w, https:\/\/www.henerrfm.com\/wp-content\/uploads\/2025\/11\/EPS-lc-768x250.jpg 768w, https:\/\/www.henerrfm.com\/wp-content\/uploads\/2025\/11\/EPS-lc-600x196.jpg 600w, https:\/\/www.henerrfm.com\/wp-content\/uploads\/2025\/11\/EPS-lc.jpg 1350w\" sizes=\"auto, (max-width: 1319px) 100vw, 1319px\" \/> <img loading=\"lazy\" decoding=\"async\" class=\"alignnone wp-image-2649\" src=\"https:\/\/henerrfm.com\/wp-content\/uploads\/2025\/11\/EPS-lc1-300x189.jpg\" alt=\"\" width=\"1316\" height=\"829\" srcset=\"https:\/\/www.henerrfm.com\/wp-content\/uploads\/2025\/11\/EPS-lc1-300x189.jpg 300w, https:\/\/www.henerrfm.com\/wp-content\/uploads\/2025\/11\/EPS-lc1-1024x645.jpg 1024w, https:\/\/www.henerrfm.com\/wp-content\/uploads\/2025\/11\/EPS-lc1-768x484.jpg 768w, https:\/\/www.henerrfm.com\/wp-content\/uploads\/2025\/11\/EPS-lc1-600x378.jpg 600w, https:\/\/www.henerrfm.com\/wp-content\/uploads\/2025\/11\/EPS-lc1.jpg 1350w\" sizes=\"auto, (max-width: 1316px) 100vw, 1316px\" \/><\/p>\n<h5>Visualizaci\u00f3n de detalles del producto<\/h5>\n<p><img loading=\"lazy\" decoding=\"async\" class=\"alignnone wp-image-2645\" src=\"https:\/\/henerrfm.com\/wp-content\/uploads\/2025\/11\/EPS-300x136.jpg\" alt=\"\" width=\"1330\" height=\"603\" srcset=\"https:\/\/www.henerrfm.com\/wp-content\/uploads\/2025\/11\/EPS-300x136.jpg 300w, https:\/\/www.henerrfm.com\/wp-content\/uploads\/2025\/11\/EPS-1024x463.jpg 1024w, https:\/\/www.henerrfm.com\/wp-content\/uploads\/2025\/11\/EPS-768x347.jpg 768w, https:\/\/www.henerrfm.com\/wp-content\/uploads\/2025\/11\/EPS-600x271.jpg 600w\" sizes=\"auto, (max-width: 1330px) 100vw, 1330px\" \/> <img loading=\"lazy\" decoding=\"async\" class=\"alignnone wp-image-2651\" src=\"https:\/\/henerrfm.com\/wp-content\/uploads\/2025\/11\/EPS-xj-300x136.jpg\" alt=\"\" width=\"1341\" height=\"608\" srcset=\"https:\/\/www.henerrfm.com\/wp-content\/uploads\/2025\/11\/EPS-xj-300x136.jpg 300w, https:\/\/www.henerrfm.com\/wp-content\/uploads\/2025\/11\/EPS-xj-1024x463.jpg 1024w, https:\/\/www.henerrfm.com\/wp-content\/uploads\/2025\/11\/EPS-xj-768x347.jpg 768w, https:\/\/www.henerrfm.com\/wp-content\/uploads\/2025\/11\/EPS-xj-600x271.jpg 600w\" sizes=\"auto, (max-width: 1341px) 100vw, 1341px\" \/><\/p>\n<h5>Solicitud<\/h5>\n<p><img loading=\"lazy\" decoding=\"async\" class=\"alignnone wp-image-2653\" src=\"https:\/\/henerrfm.com\/wp-content\/uploads\/2025\/11\/11-2-300x300.jpg\" alt=\"\" width=\"624\" height=\"624\" srcset=\"https:\/\/www.henerrfm.com\/wp-content\/uploads\/2025\/11\/11-2-300x300.jpg 300w, https:\/\/www.henerrfm.com\/wp-content\/uploads\/2025\/11\/11-2-150x150.jpg 150w, https:\/\/www.henerrfm.com\/wp-content\/uploads\/2025\/11\/11-2-100x100.jpg 100w, https:\/\/www.henerrfm.com\/wp-content\/uploads\/2025\/11\/11-2.jpg 500w\" sizes=\"auto, (max-width: 624px) 100vw, 624px\" \/><\/p>\n<h5>Producto terminado<\/h5>\n<p><img loading=\"lazy\" decoding=\"async\" class=\"alignnone wp-image-2647\" src=\"https:\/\/henerrfm.com\/wp-content\/uploads\/2025\/11\/EPS-cp-300x136.jpg\" alt=\"\" width=\"1337\" height=\"606\" srcset=\"https:\/\/www.henerrfm.com\/wp-content\/uploads\/2025\/11\/EPS-cp-300x136.jpg 300w, https:\/\/www.henerrfm.com\/wp-content\/uploads\/2025\/11\/EPS-cp-1024x463.jpg 1024w, https:\/\/www.henerrfm.com\/wp-content\/uploads\/2025\/11\/EPS-cp-768x347.jpg 768w, https:\/\/www.henerrfm.com\/wp-content\/uploads\/2025\/11\/EPS-cp-600x271.jpg 600w\" sizes=\"auto, (max-width: 1337px) 100vw, 1337px\" \/><\/p>\n<div style=\"all: initial !important;\"><\/div>\n<p>&nbsp;<\/p>\n<div style=\"all: initial !important;\"><\/div>\n<p>&nbsp;<\/p>","protected":false},"excerpt":{"rendered":"<p>&nbsp;<\/p>\n<div style=\"all: initial !important;\"><\/div>\n<div style=\"all: initial !important;\"><\/div>","protected":false},"featured_media":2646,"comment_status":"open","ping_status":"closed","template":"","meta":{"_gspb_post_css":""},"product_brand":[],"product_cat":[120,132],"product_tag":[],"class_list":{"0":"post-297","1":"product","2":"type-product","3":"status-publish","4":"has-post-thumbnail","6":"product_cat-roof-wall-panel-roll-forming-machine","7":"product_cat-sandwich-composite-panel-producing-line","9":"first","10":"instock","11":"shipping-taxable","12":"product-type-simple"},"_links":{"self":[{"href":"https:\/\/www.henerrfm.com\/es\/wp-json\/wp\/v2\/product\/297","targetHints":{"allow":["GET"]}}],"collection":[{"href":"https:\/\/www.henerrfm.com\/es\/wp-json\/wp\/v2\/product"}],"about":[{"href":"https:\/\/www.henerrfm.com\/es\/wp-json\/wp\/v2\/types\/product"}],"replies":[{"embeddable":true,"href":"https:\/\/www.henerrfm.com\/es\/wp-json\/wp\/v2\/comments?post=297"}],"wp:featuredmedia":[{"embeddable":true,"href":"https:\/\/www.henerrfm.com\/es\/wp-json\/wp\/v2\/media\/2646"}],"wp:attachment":[{"href":"https:\/\/www.henerrfm.com\/es\/wp-json\/wp\/v2\/media?parent=297"}],"wp:term":[{"taxonomy":"product_brand","embeddable":true,"href":"https:\/\/www.henerrfm.com\/es\/wp-json\/wp\/v2\/product_brand?post=297"},{"taxonomy":"product_cat","embeddable":true,"href":"https:\/\/www.henerrfm.com\/es\/wp-json\/wp\/v2\/product_cat?post=297"},{"taxonomy":"product_tag","embeddable":true,"href":"https:\/\/www.henerrfm.com\/es\/wp-json\/wp\/v2\/product_tag?post=297"}],"curies":[{"name":"wp","href":"https:\/\/api.w.org\/{rel}","templated":true}]}}