{"id":2979,"date":"2025-11-24T06:55:50","date_gmt":"2025-11-24T06:55:50","guid":{"rendered":"https:\/\/henerrfm.com\/?post_type=product&#038;p=2979"},"modified":"2025-12-03T06:49:21","modified_gmt":"2025-12-03T06:49:21","slug":"c-purlin-roll-forming-machine","status":"publish","type":"product","link":"https:\/\/www.henerrfm.com\/es\/product\/c-purlin-roll-forming-machine\/","title":{"rendered":"M\u00e1quina formadora de correas C"},"content":{"rendered":"<h5>Descripci\u00f3n general del producto<\/h5>\n<p>La m\u00e1quina perfiladora de correas C es un sistema de producci\u00f3n altamente eficiente y dise\u00f1ado con precisi\u00f3n para fabricar acero duradero en forma de C <a href=\"https:\/\/en.wikipedia.org\/wiki\/Purlin\" target=\"_blank\" rel=\"noopener\">correas<\/a> utilizado en una amplia gama de aplicaciones de estructuras estructurales. Con 15 estaciones de formaci\u00f3n combinadas con una transmisi\u00f3n estable impulsada por cadena, la m\u00e1quina garantiza una configuraci\u00f3n precisa del perfil, un funcionamiento suave y una producci\u00f3n consistentemente alta.<\/p>\n<p>Desarrollada teniendo en cuenta tanto el rendimiento como la comodidad, esta l\u00ednea de perfilado admite un procesamiento continuo con un manejo manual m\u00ednimo. Su interfaz operativa intuitiva y su estructura de f\u00e1cil mantenimiento ayudan a reducir el tiempo de inactividad y mejorar la eficiencia general del flujo de trabajo. Ya sea para edificios industriales de acero, estructuras de almacenes o estructuras de soporte para techos, la m\u00e1quina perfiladora de correas C ofrece una calidad de perfil uniforme y una confiabilidad duradera para satisfacer las demandas de los proyectos de construcci\u00f3n modernos.<\/p>\n<h5>Dibujos de perfil de producto<\/h5>\n<p><img loading=\"lazy\" decoding=\"async\" class=\"alignnone wp-image-2985\" src=\"https:\/\/henerrfm.com\/wp-content\/uploads\/2025\/11\/C-purlin-roll-forming-machinepm-300x242.jpg\" alt=\"\" width=\"492\" height=\"397\" srcset=\"https:\/\/www.henerrfm.com\/wp-content\/uploads\/2025\/11\/C-purlin-roll-forming-machinepm-300x242.jpg 300w, https:\/\/www.henerrfm.com\/wp-content\/uploads\/2025\/11\/C-purlin-roll-forming-machinepm-768x620.jpg 768w, https:\/\/www.henerrfm.com\/wp-content\/uploads\/2025\/11\/C-purlin-roll-forming-machinepm-600x484.jpg 600w, https:\/\/www.henerrfm.com\/wp-content\/uploads\/2025\/11\/C-purlin-roll-forming-machinepm.jpg 809w\" sizes=\"auto, (max-width: 492px) 100vw, 492px\" \/><\/p>\n<h5>Par\u00e1metros t\u00e9cnicos<\/h5>\n<table>\n<tbody>\n<tr>\n<td>Espesor del material<\/td>\n<td>1-3,5 mm<\/td>\n<\/tr>\n<tr>\n<td>Material del eje<\/td>\n<td>45#acero<\/td>\n<\/tr>\n<tr>\n<td>N\u00fameros de pasos de formaci\u00f3n<\/td>\n<td>12-16 estaciones<\/td>\n<\/tr>\n<tr>\n<td>Transmisi\u00f3n<\/td>\n<td>Transmisi\u00f3n por cadena<\/td>\n<\/tr>\n<tr>\n<td>Marco<\/td>\n<td>Acero 400H<\/td>\n<\/tr>\n<tr>\n<td>Velocidad de formaci\u00f3n<\/td>\n<td>8-15m\/min<\/td>\n<\/tr>\n<tr>\n<td>Potencia del motor principal<\/td>\n<td>11-15kw<\/td>\n<\/tr>\n<tr>\n<td>Voltaje<\/td>\n<td>380V50HZ Trif\u00e1sico o lo necesitas<\/td>\n<\/tr>\n<tr>\n<td>Corte<\/td>\n<td>Corte hidr\u00e1ulico<\/td>\n<\/tr>\n<tr>\n<td>Poder de corte<\/td>\n<td>5,5-7,5kw<\/td>\n<\/tr>\n<tr>\n<td>Material de la hoja<\/td>\n<td>Acero CR12 con tratamiento templado 60-62\u00b0c<\/td>\n<\/tr>\n<\/tbody>\n<\/table>\n<h5>Diagrama de flujo de producci\u00f3n<\/h5>\n<p><img loading=\"lazy\" decoding=\"async\" class=\"alignnone wp-image-2984\" src=\"https:\/\/henerrfm.com\/wp-content\/uploads\/2025\/11\/C-purlin-roll-forming-machinelc-300x62.jpg\" alt=\"\" width=\"1331\" height=\"275\" srcset=\"https:\/\/www.henerrfm.com\/wp-content\/uploads\/2025\/11\/C-purlin-roll-forming-machinelc-300x62.jpg 300w, https:\/\/www.henerrfm.com\/wp-content\/uploads\/2025\/11\/C-purlin-roll-forming-machinelc-1024x213.jpg 1024w, https:\/\/www.henerrfm.com\/wp-content\/uploads\/2025\/11\/C-purlin-roll-forming-machinelc-768x160.jpg 768w, https:\/\/www.henerrfm.com\/wp-content\/uploads\/2025\/11\/C-purlin-roll-forming-machinelc-600x125.jpg 600w\" sizes=\"auto, (max-width: 1331px) 100vw, 1331px\" \/><\/p>\n<h5>Visualizaci\u00f3n de detalles del producto<\/h5>\n<p><img loading=\"lazy\" decoding=\"async\" class=\"alignnone wp-image-2986\" src=\"https:\/\/henerrfm.com\/wp-content\/uploads\/2025\/11\/C-purlin-roll-forming-machinexj-300x67.jpg\" alt=\"\" width=\"1312\" height=\"293\" srcset=\"https:\/\/www.henerrfm.com\/wp-content\/uploads\/2025\/11\/C-purlin-roll-forming-machinexj-300x67.jpg 300w, https:\/\/www.henerrfm.com\/wp-content\/uploads\/2025\/11\/C-purlin-roll-forming-machinexj-1024x230.jpg 1024w, https:\/\/www.henerrfm.com\/wp-content\/uploads\/2025\/11\/C-purlin-roll-forming-machinexj-768x172.jpg 768w, https:\/\/www.henerrfm.com\/wp-content\/uploads\/2025\/11\/C-purlin-roll-forming-machinexj-600x135.jpg 600w, https:\/\/www.henerrfm.com\/wp-content\/uploads\/2025\/11\/C-purlin-roll-forming-machinexj.jpg 1350w\" sizes=\"auto, (max-width: 1312px) 100vw, 1312px\" \/><\/p>\n<h5>Solicitud<\/h5>\n<p><img loading=\"lazy\" decoding=\"async\" class=\"alignnone wp-image-2987\" src=\"https:\/\/henerrfm.com\/wp-content\/uploads\/2025\/11\/C-purlin-roll-forming-machineyy-300x166.jpg\" alt=\"\" width=\"820\" height=\"454\" srcset=\"https:\/\/www.henerrfm.com\/wp-content\/uploads\/2025\/11\/C-purlin-roll-forming-machineyy-300x166.jpg 300w, https:\/\/www.henerrfm.com\/wp-content\/uploads\/2025\/11\/C-purlin-roll-forming-machineyy-1024x567.jpg 1024w, https:\/\/www.henerrfm.com\/wp-content\/uploads\/2025\/11\/C-purlin-roll-forming-machineyy-768x426.jpg 768w, https:\/\/www.henerrfm.com\/wp-content\/uploads\/2025\/11\/C-purlin-roll-forming-machineyy-600x332.jpg 600w, https:\/\/www.henerrfm.com\/wp-content\/uploads\/2025\/11\/C-purlin-roll-forming-machineyy.jpg 1350w\" sizes=\"auto, (max-width: 820px) 100vw, 820px\" \/><\/p>\n<h5>Producto terminado<\/h5>\n<p><img loading=\"lazy\" decoding=\"async\" class=\"alignnone wp-image-2983\" src=\"https:\/\/henerrfm.com\/wp-content\/uploads\/2025\/11\/C-purlin-roll-forming-machinecp-300x150.jpg\" alt=\"\" width=\"820\" height=\"410\" srcset=\"https:\/\/www.henerrfm.com\/wp-content\/uploads\/2025\/11\/C-purlin-roll-forming-machinecp-300x150.jpg 300w, https:\/\/www.henerrfm.com\/wp-content\/uploads\/2025\/11\/C-purlin-roll-forming-machinecp-768x383.jpg 768w, https:\/\/www.henerrfm.com\/wp-content\/uploads\/2025\/11\/C-purlin-roll-forming-machinecp-600x299.jpg 600w, https:\/\/www.henerrfm.com\/wp-content\/uploads\/2025\/11\/C-purlin-roll-forming-machinecp.jpg 1350w\" sizes=\"auto, (max-width: 820px) 100vw, 820px\" \/><\/p>","protected":false},"excerpt":{"rendered":"<p>Product Overview The C purlin roll forming machine is a highly efficient and precisely engineered production system designed for manufacturing durable C-shaped steel purlins used in a wide range of structural framing applications. Featuring 15 forming stations combined with a stable chain-driven transmission, the machine ensures accurate profile shaping, smooth operation, and consistently high production [&hellip;]<\/p>\n","protected":false},"featured_media":2980,"comment_status":"open","ping_status":"closed","template":"","meta":{"_gspb_post_css":""},"product_brand":[],"product_cat":[137,135],"product_tag":[],"class_list":{"0":"post-2979","1":"product","2":"type-product","3":"status-publish","4":"has-post-thumbnail","6":"product_cat-purlin-roll-forming-machine","7":"product_cat-steel-structure-light-gauge-frame-roll-forming-machine","9":"first","10":"instock","11":"shipping-taxable","12":"product-type-simple"},"_links":{"self":[{"href":"https:\/\/www.henerrfm.com\/es\/wp-json\/wp\/v2\/product\/2979","targetHints":{"allow":["GET"]}}],"collection":[{"href":"https:\/\/www.henerrfm.com\/es\/wp-json\/wp\/v2\/product"}],"about":[{"href":"https:\/\/www.henerrfm.com\/es\/wp-json\/wp\/v2\/types\/product"}],"replies":[{"embeddable":true,"href":"https:\/\/www.henerrfm.com\/es\/wp-json\/wp\/v2\/comments?post=2979"}],"wp:featuredmedia":[{"embeddable":true,"href":"https:\/\/www.henerrfm.com\/es\/wp-json\/wp\/v2\/media\/2980"}],"wp:attachment":[{"href":"https:\/\/www.henerrfm.com\/es\/wp-json\/wp\/v2\/media?parent=2979"}],"wp:term":[{"taxonomy":"product_brand","embeddable":true,"href":"https:\/\/www.henerrfm.com\/es\/wp-json\/wp\/v2\/product_brand?post=2979"},{"taxonomy":"product_cat","embeddable":true,"href":"https:\/\/www.henerrfm.com\/es\/wp-json\/wp\/v2\/product_cat?post=2979"},{"taxonomy":"product_tag","embeddable":true,"href":"https:\/\/www.henerrfm.com\/es\/wp-json\/wp\/v2\/product_tag?post=2979"}],"curies":[{"name":"wp","href":"https:\/\/api.w.org\/{rel}","templated":true}]}}