{"id":2988,"date":"2025-11-24T07:02:52","date_gmt":"2025-11-24T07:02:52","guid":{"rendered":"https:\/\/henerrfm.com\/?post_type=product&#038;p=2988"},"modified":"2025-12-03T06:46:32","modified_gmt":"2025-12-03T06:46:32","slug":"sigma-purlin-roll-forming-machine","status":"publish","type":"product","link":"https:\/\/www.henerrfm.com\/es\/product\/sigma-purlin-roll-forming-machine\/","title":{"rendered":"M\u00e1quina formadora de correas Sigma"},"content":{"rendered":"<h5>Descripci\u00f3n general del producto<\/h5>\n<p>La m\u00e1quina formadora de rollos Sigma Purlin es un sistema automatizado de alto rendimiento dise\u00f1ado para producir acero con forma Sigma <a href=\"https:\/\/en.wikipedia.org\/wiki\/Purlin\" target=\"_blank\" rel=\"noopener\">correas<\/a> con excelente precisi\u00f3n y eficiencia. Construida para brindar flexibilidad, esta m\u00e1quina admite la fabricaci\u00f3n continua de perfiles estructurales ampliamente utilizados como miembros de soporte secundarios en sistemas de techos y paredes para edificios de acero modernos.<\/p>\n<p>Los perfiles Sigma est\u00e1n formados a partir de acero galvanizado en caliente laminado en fr\u00edo (grado S450), lo que garantiza un l\u00edmite el\u00e1stico m\u00ednimo de 450 N\/mm\u00b2 para una rigidez superior y durabilidad a largo plazo. La m\u00e1quina formadora de rodillos Sigma Purlin integra punzonado, conformado y corte en una l\u00ednea de producci\u00f3n optimizada, lo que permite a los fabricantes lograr resultados precisos y consistentes con una m\u00ednima intervenci\u00f3n manual.<\/p>\n<p>Con su rendimiento estable, capacidad multiprop\u00f3sito y calidad de salida confiable, esta m\u00e1quina es una soluci\u00f3n ideal para fabricantes que buscan expandir o mejorar su producci\u00f3n de correas estructurales manteniendo altos est\u00e1ndares de resistencia y eficiencia en proyectos de construcci\u00f3n de acero.<\/p>\n<h5>Dibujos de perfil de producto<\/h5>\n<p><img loading=\"lazy\" decoding=\"async\" class=\"alignnone wp-image-2994\" src=\"https:\/\/henerrfm.com\/wp-content\/uploads\/2025\/11\/Sigma-Purlin-Roll-Forming-Machinepm-300x116.jpg\" alt=\"\" width=\"1278\" height=\"494\" srcset=\"https:\/\/www.henerrfm.com\/wp-content\/uploads\/2025\/11\/Sigma-Purlin-Roll-Forming-Machinepm-300x116.jpg 300w, https:\/\/www.henerrfm.com\/wp-content\/uploads\/2025\/11\/Sigma-Purlin-Roll-Forming-Machinepm-1024x397.jpg 1024w, https:\/\/www.henerrfm.com\/wp-content\/uploads\/2025\/11\/Sigma-Purlin-Roll-Forming-Machinepm-768x298.jpg 768w, https:\/\/www.henerrfm.com\/wp-content\/uploads\/2025\/11\/Sigma-Purlin-Roll-Forming-Machinepm-600x233.jpg 600w\" sizes=\"auto, (max-width: 1278px) 100vw, 1278px\" \/><\/p>\n<h5>Par\u00e1metros t\u00e9cnicos<\/h5>\n<table>\n<tbody>\n<tr>\n<td>Di\u00e1metro de los ejes<\/td>\n<td>&lt;90 mm solid<\/td>\n<\/tr>\n<tr>\n<td>Transmisi\u00f3n (1)<\/td>\n<td>Cadena de doble fila para transmisi\u00f3n + soporte extremo eje<\/td>\n<\/tr>\n<tr>\n<td>Material de los ejes<\/td>\n<td>40 Cr, procesamiento CNC (HRC28-32), torneado de acabado y electroplaca<\/td>\n<\/tr>\n<tr>\n<td>Velocidad de formaci\u00f3n<\/td>\n<td>M\u00e1ximo 15 m\/min<\/td>\n<\/tr>\n<tr>\n<td>Voltaje<\/td>\n<td>380V\/60HZ\/3P (seg\u00fan lo solicitado)<\/td>\n<\/tr>\n<tr>\n<td>V\u00eda de transmisi\u00f3n (2)<\/td>\n<td>Soporte extremo eje de cadenas dobles +<\/td>\n<\/tr>\n<\/tbody>\n<\/table>\n<h5>Diagrama de flujo de producci\u00f3n<\/h5>\n<p><img loading=\"lazy\" decoding=\"async\" class=\"alignnone wp-image-2993\" src=\"https:\/\/henerrfm.com\/wp-content\/uploads\/2025\/11\/Sigma-Purlin-Roll-Forming-Machinelc-300x163.jpg\" alt=\"\" width=\"1274\" height=\"692\" srcset=\"https:\/\/www.henerrfm.com\/wp-content\/uploads\/2025\/11\/Sigma-Purlin-Roll-Forming-Machinelc-300x163.jpg 300w, https:\/\/www.henerrfm.com\/wp-content\/uploads\/2025\/11\/Sigma-Purlin-Roll-Forming-Machinelc-768x418.jpg 768w, https:\/\/www.henerrfm.com\/wp-content\/uploads\/2025\/11\/Sigma-Purlin-Roll-Forming-Machinelc-600x327.jpg 600w\" sizes=\"auto, (max-width: 1274px) 100vw, 1274px\" \/><\/p>\n<h5>Visualizaci\u00f3n de detalles del producto<\/h5>\n<p><img loading=\"lazy\" decoding=\"async\" class=\"alignnone wp-image-2995\" src=\"https:\/\/henerrfm.com\/wp-content\/uploads\/2025\/11\/Sigma-Purlin-Roll-Forming-Machinexj-300x100.jpg\" alt=\"\" width=\"1308\" height=\"436\" srcset=\"https:\/\/www.henerrfm.com\/wp-content\/uploads\/2025\/11\/Sigma-Purlin-Roll-Forming-Machinexj-300x100.jpg 300w, https:\/\/www.henerrfm.com\/wp-content\/uploads\/2025\/11\/Sigma-Purlin-Roll-Forming-Machinexj-1024x342.jpg 1024w, https:\/\/www.henerrfm.com\/wp-content\/uploads\/2025\/11\/Sigma-Purlin-Roll-Forming-Machinexj-768x257.jpg 768w, https:\/\/www.henerrfm.com\/wp-content\/uploads\/2025\/11\/Sigma-Purlin-Roll-Forming-Machinexj-600x200.jpg 600w, https:\/\/www.henerrfm.com\/wp-content\/uploads\/2025\/11\/Sigma-Purlin-Roll-Forming-Machinexj.jpg 1350w\" sizes=\"auto, (max-width: 1308px) 100vw, 1308px\" \/><img loading=\"lazy\" decoding=\"async\" class=\"alignnone wp-image-2996\" src=\"https:\/\/henerrfm.com\/wp-content\/uploads\/2025\/11\/Sigma-Purlin-Roll-Forming-Machinexj1-300x100.jpg\" alt=\"\" width=\"1308\" height=\"436\" srcset=\"https:\/\/www.henerrfm.com\/wp-content\/uploads\/2025\/11\/Sigma-Purlin-Roll-Forming-Machinexj1-300x100.jpg 300w, https:\/\/www.henerrfm.com\/wp-content\/uploads\/2025\/11\/Sigma-Purlin-Roll-Forming-Machinexj1-1024x342.jpg 1024w, https:\/\/www.henerrfm.com\/wp-content\/uploads\/2025\/11\/Sigma-Purlin-Roll-Forming-Machinexj1-768x257.jpg 768w, https:\/\/www.henerrfm.com\/wp-content\/uploads\/2025\/11\/Sigma-Purlin-Roll-Forming-Machinexj1-600x200.jpg 600w, https:\/\/www.henerrfm.com\/wp-content\/uploads\/2025\/11\/Sigma-Purlin-Roll-Forming-Machinexj1.jpg 1350w\" sizes=\"auto, (max-width: 1308px) 100vw, 1308px\" \/><img loading=\"lazy\" decoding=\"async\" class=\"alignnone wp-image-2997\" src=\"https:\/\/henerrfm.com\/wp-content\/uploads\/2025\/11\/Sigma-Purlin-Roll-Forming-Machinexj2-300x100.jpg\" alt=\"\" width=\"1305\" height=\"435\" srcset=\"https:\/\/www.henerrfm.com\/wp-content\/uploads\/2025\/11\/Sigma-Purlin-Roll-Forming-Machinexj2-300x100.jpg 300w, https:\/\/www.henerrfm.com\/wp-content\/uploads\/2025\/11\/Sigma-Purlin-Roll-Forming-Machinexj2-1024x342.jpg 1024w, https:\/\/www.henerrfm.com\/wp-content\/uploads\/2025\/11\/Sigma-Purlin-Roll-Forming-Machinexj2-768x257.jpg 768w, https:\/\/www.henerrfm.com\/wp-content\/uploads\/2025\/11\/Sigma-Purlin-Roll-Forming-Machinexj2-600x200.jpg 600w, https:\/\/www.henerrfm.com\/wp-content\/uploads\/2025\/11\/Sigma-Purlin-Roll-Forming-Machinexj2.jpg 1350w\" sizes=\"auto, (max-width: 1305px) 100vw, 1305px\" \/><\/p>\n<h5>Solicitud<\/h5>\n<p><img loading=\"lazy\" decoding=\"async\" class=\"alignnone wp-image-2998\" src=\"https:\/\/henerrfm.com\/wp-content\/uploads\/2025\/11\/Sigma-Purlin-Roll-Forming-Machineyy-300x100.jpg\" alt=\"\" width=\"864\" height=\"288\" srcset=\"https:\/\/www.henerrfm.com\/wp-content\/uploads\/2025\/11\/Sigma-Purlin-Roll-Forming-Machineyy-300x100.jpg 300w, https:\/\/www.henerrfm.com\/wp-content\/uploads\/2025\/11\/Sigma-Purlin-Roll-Forming-Machineyy-1024x342.jpg 1024w, https:\/\/www.henerrfm.com\/wp-content\/uploads\/2025\/11\/Sigma-Purlin-Roll-Forming-Machineyy-768x257.jpg 768w, https:\/\/www.henerrfm.com\/wp-content\/uploads\/2025\/11\/Sigma-Purlin-Roll-Forming-Machineyy-600x200.jpg 600w, https:\/\/www.henerrfm.com\/wp-content\/uploads\/2025\/11\/Sigma-Purlin-Roll-Forming-Machineyy.jpg 1350w\" sizes=\"auto, (max-width: 864px) 100vw, 864px\" \/><\/p>\n<h5>Producto terminado<\/h5>\n<p><img loading=\"lazy\" decoding=\"async\" class=\"alignnone wp-image-2992\" src=\"https:\/\/henerrfm.com\/wp-content\/uploads\/2025\/11\/Sigma-Purlin-Roll-Forming-Machinecp-300x100.jpg\" alt=\"\" width=\"861\" height=\"287\" srcset=\"https:\/\/www.henerrfm.com\/wp-content\/uploads\/2025\/11\/Sigma-Purlin-Roll-Forming-Machinecp-300x100.jpg 300w, https:\/\/www.henerrfm.com\/wp-content\/uploads\/2025\/11\/Sigma-Purlin-Roll-Forming-Machinecp-1024x342.jpg 1024w, https:\/\/www.henerrfm.com\/wp-content\/uploads\/2025\/11\/Sigma-Purlin-Roll-Forming-Machinecp-768x257.jpg 768w, https:\/\/www.henerrfm.com\/wp-content\/uploads\/2025\/11\/Sigma-Purlin-Roll-Forming-Machinecp-600x200.jpg 600w, https:\/\/www.henerrfm.com\/wp-content\/uploads\/2025\/11\/Sigma-Purlin-Roll-Forming-Machinecp.jpg 1350w\" sizes=\"auto, (max-width: 861px) 100vw, 861px\" \/><\/p>","protected":false},"excerpt":{"rendered":"<p>Product Overview The Sigma Purlin Roll Forming Machine is a high-performance automated system designed for producing Sigma shaped steel purlins with excellent precision and efficiency. Built for flexibility, this machine supports continuous manufacturing of structural profiles widely used as secondary support members in roofing and wall systems for modern steel buildings. Sigma profiles are formed [&hellip;]<\/p>\n","protected":false},"featured_media":2989,"comment_status":"open","ping_status":"closed","template":"","meta":{"_gspb_post_css":""},"product_brand":[],"product_cat":[137,135],"product_tag":[],"class_list":{"0":"post-2988","1":"product","2":"type-product","3":"status-publish","4":"has-post-thumbnail","6":"product_cat-purlin-roll-forming-machine","7":"product_cat-steel-structure-light-gauge-frame-roll-forming-machine","9":"first","10":"instock","11":"shipping-taxable","12":"product-type-simple"},"_links":{"self":[{"href":"https:\/\/www.henerrfm.com\/es\/wp-json\/wp\/v2\/product\/2988","targetHints":{"allow":["GET"]}}],"collection":[{"href":"https:\/\/www.henerrfm.com\/es\/wp-json\/wp\/v2\/product"}],"about":[{"href":"https:\/\/www.henerrfm.com\/es\/wp-json\/wp\/v2\/types\/product"}],"replies":[{"embeddable":true,"href":"https:\/\/www.henerrfm.com\/es\/wp-json\/wp\/v2\/comments?post=2988"}],"wp:featuredmedia":[{"embeddable":true,"href":"https:\/\/www.henerrfm.com\/es\/wp-json\/wp\/v2\/media\/2989"}],"wp:attachment":[{"href":"https:\/\/www.henerrfm.com\/es\/wp-json\/wp\/v2\/media?parent=2988"}],"wp:term":[{"taxonomy":"product_brand","embeddable":true,"href":"https:\/\/www.henerrfm.com\/es\/wp-json\/wp\/v2\/product_brand?post=2988"},{"taxonomy":"product_cat","embeddable":true,"href":"https:\/\/www.henerrfm.com\/es\/wp-json\/wp\/v2\/product_cat?post=2988"},{"taxonomy":"product_tag","embeddable":true,"href":"https:\/\/www.henerrfm.com\/es\/wp-json\/wp\/v2\/product_tag?post=2988"}],"curies":[{"name":"wp","href":"https:\/\/api.w.org\/{rel}","templated":true}]}}