{"id":2999,"date":"2025-11-24T07:07:20","date_gmt":"2025-11-24T07:07:20","guid":{"rendered":"https:\/\/henerrfm.com\/?post_type=product&#038;p=2999"},"modified":"2025-12-03T06:42:17","modified_gmt":"2025-12-03T06:42:17","slug":"hat-purlin-roll-forming-machine","status":"publish","type":"product","link":"https:\/\/www.henerrfm.com\/es\/product\/hat-purlin-roll-forming-machine\/","title":{"rendered":"M\u00e1quina formadora de rollos de correas para sombreros"},"content":{"rendered":"<h5>Descripci\u00f3n general del producto<\/h5>\n<p>La m\u00e1quina perfiladora de correas para sombreros es una l\u00ednea de producci\u00f3n totalmente automatizada dise\u00f1ada para la fabricaci\u00f3n a alta velocidad de sombreros precisos en forma de sombrero <a href=\"https:\/\/en.wikipedia.org\/wiki\/Steel\" target=\"_blank\" rel=\"noopener\">acero<\/a> correas. Estos perfiles vers\u00e1tiles se utilizan com\u00fanmente en techos y estructuras de paredes para cocheras, almacenes, sistemas de cercas, edificios agr\u00edcolas y estructuras comerciales ligeras.<\/p>\n<p>Al ofrecer un dise\u00f1o liviano combinado con una gran capacidad de carga, los correas para sombreros y t\u00f3picos brindan una alternativa econ\u00f3mica a las vigas de madera tradicionales o a los perfiles de secci\u00f3n en C est\u00e1ndar. Dise\u00f1ada para luces de entre 3 y 7 metros, la m\u00e1quina perfiladora de correas para sombreros garantiza una precisi\u00f3n de conformaci\u00f3n constante, un funcionamiento estable y un desperdicio m\u00ednimo de material, lo que la convierte en una opci\u00f3n confiable para proyectos de construcci\u00f3n de acero eficientes y confiables.<\/p>\n<h5>Dibujos de perfil de producto<\/h5>\n<p><img loading=\"lazy\" decoding=\"async\" class=\"alignnone wp-image-3006\" src=\"https:\/\/henerrfm.com\/wp-content\/uploads\/2025\/11\/Hat-Purlin-Roll-Forming-machinepm-270x300.jpg\" alt=\"\" width=\"671\" height=\"746\" srcset=\"https:\/\/www.henerrfm.com\/wp-content\/uploads\/2025\/11\/Hat-Purlin-Roll-Forming-machinepm-270x300.jpg 270w, https:\/\/www.henerrfm.com\/wp-content\/uploads\/2025\/11\/Hat-Purlin-Roll-Forming-machinepm-921x1024.jpg 921w, https:\/\/www.henerrfm.com\/wp-content\/uploads\/2025\/11\/Hat-Purlin-Roll-Forming-machinepm-768x854.jpg 768w, https:\/\/www.henerrfm.com\/wp-content\/uploads\/2025\/11\/Hat-Purlin-Roll-Forming-machinepm-600x667.jpg 600w, https:\/\/www.henerrfm.com\/wp-content\/uploads\/2025\/11\/Hat-Purlin-Roll-Forming-machinepm.jpg 1350w\" sizes=\"auto, (max-width: 671px) 100vw, 671px\" \/><\/p>\n<h5>Par\u00e1metros t\u00e9cnicos<\/h5>\n<table>\n<tbody>\n<tr>\n<td>Material formado \u00f1an Rendimiento del material<\/td>\n<td>Acero est\u00e1ndar G350 o similar<\/td>\n<\/tr>\n<tr>\n<td>Material formado \u00f1eje<\/td>\n<td>0,8 a 2,0 mm (est\u00e1ndar)<\/td>\n<\/tr>\n<tr>\n<td>Perfil \u00f1ona Tama\u00f1o<\/td>\n<td>100-300 mm (se puede ajustar autom\u00e1ticamente)<\/td>\n<\/tr>\n<tr>\n<td>Perfil \u00f1ame de gorra \u00ab\u00f1onera<\/td>\n<td>Cambiado manualmente o Autom\u00e1ticamente<\/td>\n<\/tr>\n<tr>\n<td>Voltaje<\/td>\n<td>380V 50Hz 3Fase; Seg\u00fan sus requisitos<\/td>\n<\/tr>\n<tr>\n<td>Sistema de control -caja el\u00e9ctrica<\/td>\n<td>Personalizado (marca famosa)<\/td>\n<\/tr>\n<tr>\n<td>Sistema de control -lenguaje<\/td>\n<td>Ingl\u00e9s (Admite varios idiomas)<\/td>\n<\/tr>\n<tr>\n<td>Sistema de control PLC \u00f1anero<\/td>\n<td>Producci\u00f3n autom\u00e1tica de toda la m\u00e1quina. Puede establecer lotes, longitudes, cantidades, etc. Entrada de dibujo CAD<\/td>\n<\/tr>\n<tr>\n<td>Velocidad de formaci\u00f3n<\/td>\n<td>15-20m\/min; La velocidad depende de la forma de la loseta y del espesor del material.<\/td>\n<\/tr>\n<\/tbody>\n<\/table>\n<h5>Diagrama de flujo de producci\u00f3n<\/h5>\n<p><img loading=\"lazy\" decoding=\"async\" class=\"alignnone wp-image-3005\" src=\"https:\/\/henerrfm.com\/wp-content\/uploads\/2025\/11\/Hat-Purlin-Roll-Forming-machinelc-300x62.jpg\" alt=\"\" width=\"1268\" height=\"262\" srcset=\"https:\/\/www.henerrfm.com\/wp-content\/uploads\/2025\/11\/Hat-Purlin-Roll-Forming-machinelc-300x62.jpg 300w, https:\/\/www.henerrfm.com\/wp-content\/uploads\/2025\/11\/Hat-Purlin-Roll-Forming-machinelc-1024x213.jpg 1024w, https:\/\/www.henerrfm.com\/wp-content\/uploads\/2025\/11\/Hat-Purlin-Roll-Forming-machinelc-768x160.jpg 768w, https:\/\/www.henerrfm.com\/wp-content\/uploads\/2025\/11\/Hat-Purlin-Roll-Forming-machinelc-600x125.jpg 600w\" sizes=\"auto, (max-width: 1268px) 100vw, 1268px\" \/><\/p>\n<h5>Visualizaci\u00f3n de detalles del producto<\/h5>\n<p><img loading=\"lazy\" decoding=\"async\" class=\"alignnone wp-image-3007\" src=\"https:\/\/henerrfm.com\/wp-content\/uploads\/2025\/11\/Hat-Purlin-Roll-Forming-machinexj-300x100.jpg\" alt=\"\" width=\"1203\" height=\"401\" srcset=\"https:\/\/www.henerrfm.com\/wp-content\/uploads\/2025\/11\/Hat-Purlin-Roll-Forming-machinexj-300x100.jpg 300w, https:\/\/www.henerrfm.com\/wp-content\/uploads\/2025\/11\/Hat-Purlin-Roll-Forming-machinexj-1024x342.jpg 1024w, https:\/\/www.henerrfm.com\/wp-content\/uploads\/2025\/11\/Hat-Purlin-Roll-Forming-machinexj-768x257.jpg 768w, https:\/\/www.henerrfm.com\/wp-content\/uploads\/2025\/11\/Hat-Purlin-Roll-Forming-machinexj-600x200.jpg 600w, https:\/\/www.henerrfm.com\/wp-content\/uploads\/2025\/11\/Hat-Purlin-Roll-Forming-machinexj.jpg 1350w\" sizes=\"auto, (max-width: 1203px) 100vw, 1203px\" \/><img loading=\"lazy\" decoding=\"async\" class=\"alignnone wp-image-3008\" src=\"https:\/\/henerrfm.com\/wp-content\/uploads\/2025\/11\/xj1-300x100.jpg\" alt=\"\" width=\"1197\" height=\"399\" srcset=\"https:\/\/www.henerrfm.com\/wp-content\/uploads\/2025\/11\/xj1-300x100.jpg 300w, https:\/\/www.henerrfm.com\/wp-content\/uploads\/2025\/11\/xj1-1024x342.jpg 1024w, https:\/\/www.henerrfm.com\/wp-content\/uploads\/2025\/11\/xj1-768x257.jpg 768w, https:\/\/www.henerrfm.com\/wp-content\/uploads\/2025\/11\/xj1-600x200.jpg 600w, https:\/\/www.henerrfm.com\/wp-content\/uploads\/2025\/11\/xj1.jpg 1350w\" sizes=\"auto, (max-width: 1197px) 100vw, 1197px\" \/><img loading=\"lazy\" decoding=\"async\" class=\"alignnone wp-image-3009\" src=\"https:\/\/henerrfm.com\/wp-content\/uploads\/2025\/11\/xj2-300x100.jpg\" alt=\"\" width=\"1200\" height=\"400\" srcset=\"https:\/\/www.henerrfm.com\/wp-content\/uploads\/2025\/11\/xj2-300x100.jpg 300w, https:\/\/www.henerrfm.com\/wp-content\/uploads\/2025\/11\/xj2-1024x342.jpg 1024w, https:\/\/www.henerrfm.com\/wp-content\/uploads\/2025\/11\/xj2-768x257.jpg 768w, https:\/\/www.henerrfm.com\/wp-content\/uploads\/2025\/11\/xj2-600x200.jpg 600w, https:\/\/www.henerrfm.com\/wp-content\/uploads\/2025\/11\/xj2.jpg 1350w\" sizes=\"auto, (max-width: 1200px) 100vw, 1200px\" \/><\/p>\n<h5>Producto terminado<\/h5>\n<p><img loading=\"lazy\" decoding=\"async\" class=\"alignnone wp-image-3004\" src=\"https:\/\/henerrfm.com\/wp-content\/uploads\/2025\/11\/Hat-Purlin-Roll-Forming-machinecp-300x200.jpg\" alt=\"\" width=\"780\" height=\"520\" srcset=\"https:\/\/www.henerrfm.com\/wp-content\/uploads\/2025\/11\/Hat-Purlin-Roll-Forming-machinecp-300x200.jpg 300w, https:\/\/www.henerrfm.com\/wp-content\/uploads\/2025\/11\/Hat-Purlin-Roll-Forming-machinecp-768x512.jpg 768w, https:\/\/www.henerrfm.com\/wp-content\/uploads\/2025\/11\/Hat-Purlin-Roll-Forming-machinecp-600x400.jpg 600w, https:\/\/www.henerrfm.com\/wp-content\/uploads\/2025\/11\/Hat-Purlin-Roll-Forming-machinecp.jpg 1000w\" sizes=\"auto, (max-width: 780px) 100vw, 780px\" \/><\/p>","protected":false},"excerpt":{"rendered":"<p>Product Overview The hat purlin roll forming machine is a fully automated production line designed for high-speed manufacturing of precise hat-shaped steel purlins. These versatile profiles are commonly used in roofing and wall framing for carports, warehouses, fencing systems, agricultural buildings, and light commercial structures. Offering a lightweight design combined with strong load-bearing capacity, hat [&hellip;]<\/p>\n","protected":false},"featured_media":3000,"comment_status":"open","ping_status":"closed","template":"","meta":{"_gspb_post_css":""},"product_brand":[],"product_cat":[137,135],"product_tag":[],"class_list":{"0":"post-2999","1":"product","2":"type-product","3":"status-publish","4":"has-post-thumbnail","6":"product_cat-purlin-roll-forming-machine","7":"product_cat-steel-structure-light-gauge-frame-roll-forming-machine","9":"first","10":"instock","11":"shipping-taxable","12":"product-type-simple"},"_links":{"self":[{"href":"https:\/\/www.henerrfm.com\/es\/wp-json\/wp\/v2\/product\/2999","targetHints":{"allow":["GET"]}}],"collection":[{"href":"https:\/\/www.henerrfm.com\/es\/wp-json\/wp\/v2\/product"}],"about":[{"href":"https:\/\/www.henerrfm.com\/es\/wp-json\/wp\/v2\/types\/product"}],"replies":[{"embeddable":true,"href":"https:\/\/www.henerrfm.com\/es\/wp-json\/wp\/v2\/comments?post=2999"}],"wp:featuredmedia":[{"embeddable":true,"href":"https:\/\/www.henerrfm.com\/es\/wp-json\/wp\/v2\/media\/3000"}],"wp:attachment":[{"href":"https:\/\/www.henerrfm.com\/es\/wp-json\/wp\/v2\/media?parent=2999"}],"wp:term":[{"taxonomy":"product_brand","embeddable":true,"href":"https:\/\/www.henerrfm.com\/es\/wp-json\/wp\/v2\/product_brand?post=2999"},{"taxonomy":"product_cat","embeddable":true,"href":"https:\/\/www.henerrfm.com\/es\/wp-json\/wp\/v2\/product_cat?post=2999"},{"taxonomy":"product_tag","embeddable":true,"href":"https:\/\/www.henerrfm.com\/es\/wp-json\/wp\/v2\/product_tag?post=2999"}],"curies":[{"name":"wp","href":"https:\/\/api.w.org\/{rel}","templated":true}]}}