{"id":3010,"date":"2025-11-24T07:14:04","date_gmt":"2025-11-24T07:14:04","guid":{"rendered":"https:\/\/henerrfm.com\/?post_type=product&#038;p=3010"},"modified":"2025-12-03T06:36:43","modified_gmt":"2025-12-03T06:36:43","slug":"furring-channel-roll-forming-machine","status":"publish","type":"product","link":"https:\/\/www.henerrfm.com\/es\/product\/furring-channel-roll-forming-machine\/","title":{"rendered":"M\u00e1quina formadora de canales de enrasado"},"content":{"rendered":"<h5>Descripci\u00f3n general del producto<\/h5>\n<p>La m\u00e1quina formadora de rodillos de canal de enrasado de pernos es un sistema de producci\u00f3n dise\u00f1ado con precisi\u00f3n para fabricar en forma de sombrero <a href=\"https:\/\/en.wikipedia.org\/wiki\/Galvanization\" target=\"_blank\" rel=\"noopener\">galvanizado<\/a> canales de acero, un componente clave en los marcos modernos de paredes y techos. Estos canales resistentes a la corrosi\u00f3n brindan un soporte confiable para paneles de yeso y generalmente se instalan perpendiculares a las superficies de mamposter\u00eda mediante sujetadores especializados, adecuados tanto para aplicaciones verticales como a\u00e9reas.<\/p>\n<p>Construida para una alta eficiencia y un rendimiento constante, la m\u00e1quina formadora de rodillos de canales con enrasado de pernos utiliza tecnolog\u00eda avanzada de conformado por rodillos para producir canales uniformes y duraderos a altas velocidades. Ideal para contratistas y fabricantes, esta m\u00e1quina mejora la productividad manteniendo al mismo tiempo la integridad estructural y el rendimiento a largo plazo de los sistemas de paredes y techos en proyectos de construcci\u00f3n contempor\u00e1neos.<\/p>\n<h5>Dibujos de perfil de producto<\/h5>\n<p><img loading=\"lazy\" decoding=\"async\" class=\"alignnone wp-image-3020\" src=\"https:\/\/henerrfm.com\/wp-content\/uploads\/2025\/11\/Furring-Channel-Roll-Forming-Machine-pm-300x169.jpg\" alt=\"\" width=\"712\" height=\"401\" srcset=\"https:\/\/www.henerrfm.com\/wp-content\/uploads\/2025\/11\/Furring-Channel-Roll-Forming-Machine-pm-300x169.jpg 300w, https:\/\/www.henerrfm.com\/wp-content\/uploads\/2025\/11\/Furring-Channel-Roll-Forming-Machine-pm-1024x577.jpg 1024w, https:\/\/www.henerrfm.com\/wp-content\/uploads\/2025\/11\/Furring-Channel-Roll-Forming-Machine-pm-768x433.jpg 768w, https:\/\/www.henerrfm.com\/wp-content\/uploads\/2025\/11\/Furring-Channel-Roll-Forming-Machine-pm-600x338.jpg 600w, https:\/\/www.henerrfm.com\/wp-content\/uploads\/2025\/11\/Furring-Channel-Roll-Forming-Machine-pm.jpg 1350w\" sizes=\"auto, (max-width: 712px) 100vw, 712px\" \/><\/p>\n<h5>Par\u00e1metros t\u00e9cnicos<\/h5>\n<table>\n<thead>\n<tr>\n<th>Art\u00edculo<\/th>\n<th>Especificaci\u00f3n<\/th>\n<\/tr>\n<\/thead>\n<tbody>\n<tr>\n<td>Desenrollador<\/td>\n<td>Desenrollador manual<\/td>\n<\/tr>\n<tr>\n<td>Di\u00e1metro interior (ID)<\/td>\n<td>508-610 mm<\/td>\n<\/tr>\n<tr>\n<td>Di\u00e1metro exterior (OD)<\/td>\n<td>1000-1200 mm<\/td>\n<\/tr>\n<tr>\n<td>Capacidad del desenrollador<\/td>\n<td>3 toneladas<\/td>\n<\/tr>\n<tr>\n<td>Di\u00e1metro del rollo<\/td>\n<td>70 mil\u00edmetros<\/td>\n<\/tr>\n<tr>\n<td>Formaci\u00f3n de estaciones de rodillos<\/td>\n<td>14 estaciones<\/td>\n<\/tr>\n<tr>\n<td>Material del rodillo<\/td>\n<td>Acero 45# recubierto de cromo duro<\/td>\n<\/tr>\n<tr>\n<td>Velocidad de formaci\u00f3n<\/td>\n<td>0-12 m\/min (excepto punzonado o corte)<\/td>\n<\/tr>\n<tr>\n<td>Soporte para marco de m\u00e1quina<\/td>\n<td>Acero estructural soldado<\/td>\n<\/tr>\n<tr>\n<td>Espesor de las placas de soporte<\/td>\n<td>18 mm<\/td>\n<\/tr>\n<tr>\n<td>Poder principal<\/td>\n<td>5,5 kW<\/td>\n<\/tr>\n<tr>\n<td>Tipo de corte<\/td>\n<td>Tope hidr\u00e1ulico a corte<\/td>\n<\/tr>\n<tr>\n<td>Energ\u00eda hidr\u00e1ulica<\/td>\n<td>3kw<\/td>\n<\/tr>\n<tr>\n<td>Material de la cuchilla de corte<\/td>\n<td>Acero Cr12 con tratamiento de enfriamiento<\/td>\n<\/tr>\n<tr>\n<td>Sistema de control<\/td>\n<td>Plc Panasonic japon\u00e9s con inversor y codificador Omron<\/td>\n<\/tr>\n<tr>\n<td>Voltaje<\/td>\n<td>380 V, trif\u00e1sico, 50 Hz<\/td>\n<\/tr>\n<\/tbody>\n<\/table>\n<h5>Diagrama de flujo de producci\u00f3n<\/h5>\n<h5><img loading=\"lazy\" decoding=\"async\" class=\"alignnone wp-image-3019\" src=\"https:\/\/henerrfm.com\/wp-content\/uploads\/2025\/11\/Furring-Channel-Roll-Forming-Machine-lc-300x85.jpg\" alt=\"\" width=\"1295\" height=\"367\" srcset=\"https:\/\/www.henerrfm.com\/wp-content\/uploads\/2025\/11\/Furring-Channel-Roll-Forming-Machine-lc-300x85.jpg 300w, https:\/\/www.henerrfm.com\/wp-content\/uploads\/2025\/11\/Furring-Channel-Roll-Forming-Machine-lc-1024x291.jpg 1024w, https:\/\/www.henerrfm.com\/wp-content\/uploads\/2025\/11\/Furring-Channel-Roll-Forming-Machine-lc-768x218.jpg 768w, https:\/\/www.henerrfm.com\/wp-content\/uploads\/2025\/11\/Furring-Channel-Roll-Forming-Machine-lc-600x170.jpg 600w, https:\/\/www.henerrfm.com\/wp-content\/uploads\/2025\/11\/Furring-Channel-Roll-Forming-Machine-lc.jpg 1350w\" sizes=\"auto, (max-width: 1295px) 100vw, 1295px\" \/>\u00a0Solicitud<\/h5>\n<p><img loading=\"lazy\" decoding=\"async\" class=\"alignnone wp-image-3021\" src=\"https:\/\/henerrfm.com\/wp-content\/uploads\/2025\/11\/Furring-Channel-Roll-Forming-Machine-yy-300x116.jpg\" alt=\"\" width=\"1291\" height=\"499\" srcset=\"https:\/\/www.henerrfm.com\/wp-content\/uploads\/2025\/11\/Furring-Channel-Roll-Forming-Machine-yy-300x116.jpg 300w, https:\/\/www.henerrfm.com\/wp-content\/uploads\/2025\/11\/Furring-Channel-Roll-Forming-Machine-yy-1024x396.jpg 1024w, https:\/\/www.henerrfm.com\/wp-content\/uploads\/2025\/11\/Furring-Channel-Roll-Forming-Machine-yy-768x297.jpg 768w, https:\/\/www.henerrfm.com\/wp-content\/uploads\/2025\/11\/Furring-Channel-Roll-Forming-Machine-yy-600x232.jpg 600w, https:\/\/www.henerrfm.com\/wp-content\/uploads\/2025\/11\/Furring-Channel-Roll-Forming-Machine-yy.jpg 1350w\" sizes=\"auto, (max-width: 1291px) 100vw, 1291px\" \/><\/p>","protected":false},"excerpt":{"rendered":"<p>Product Overview The Stud Furring Channel Roll Forming Machine is a precision-engineered production system designed for manufacturing hat-shaped galvanized steel channels, a key component in modern wall and ceiling framing. These corrosion-resistant channels provide reliable support for gypsum panels and are typically installed perpendicular to masonry surfaces using specialized fasteners, suitable for both vertical and [&hellip;]<\/p>\n","protected":false},"featured_media":3017,"comment_status":"open","ping_status":"closed","template":"","meta":{"_gspb_post_css":""},"product_brand":[],"product_cat":[138,135],"product_tag":[],"class_list":{"0":"post-3010","1":"product","2":"type-product","3":"status-publish","4":"has-post-thumbnail","6":"product_cat-light-steel-keel-forming-machine","7":"product_cat-steel-structure-light-gauge-frame-roll-forming-machine","9":"first","10":"instock","11":"shipping-taxable","12":"product-type-simple"},"_links":{"self":[{"href":"https:\/\/www.henerrfm.com\/es\/wp-json\/wp\/v2\/product\/3010","targetHints":{"allow":["GET"]}}],"collection":[{"href":"https:\/\/www.henerrfm.com\/es\/wp-json\/wp\/v2\/product"}],"about":[{"href":"https:\/\/www.henerrfm.com\/es\/wp-json\/wp\/v2\/types\/product"}],"replies":[{"embeddable":true,"href":"https:\/\/www.henerrfm.com\/es\/wp-json\/wp\/v2\/comments?post=3010"}],"wp:featuredmedia":[{"embeddable":true,"href":"https:\/\/www.henerrfm.com\/es\/wp-json\/wp\/v2\/media\/3017"}],"wp:attachment":[{"href":"https:\/\/www.henerrfm.com\/es\/wp-json\/wp\/v2\/media?parent=3010"}],"wp:term":[{"taxonomy":"product_brand","embeddable":true,"href":"https:\/\/www.henerrfm.com\/es\/wp-json\/wp\/v2\/product_brand?post=3010"},{"taxonomy":"product_cat","embeddable":true,"href":"https:\/\/www.henerrfm.com\/es\/wp-json\/wp\/v2\/product_cat?post=3010"},{"taxonomy":"product_tag","embeddable":true,"href":"https:\/\/www.henerrfm.com\/es\/wp-json\/wp\/v2\/product_tag?post=3010"}],"curies":[{"name":"wp","href":"https:\/\/api.w.org\/{rel}","templated":true}]}}