{"id":302,"date":"2025-11-03T00:35:16","date_gmt":"2025-11-03T00:35:16","guid":{"rendered":"https:\/\/henerrfm.com\/?post_type=product&#038;p=302"},"modified":"2025-12-04T08:25:51","modified_gmt":"2025-12-04T08:25:51","slug":"metal-wall-cladding-sheet-panel-making-machine","status":"publish","type":"product","link":"https:\/\/www.henerrfm.com\/es\/product\/metal-wall-cladding-sheet-panel-making-machine\/","title":{"rendered":"M\u00e1quina para fabricar paneles de l\u00e1minas de revestimiento de paredes de metal"},"content":{"rendered":"<h5>Descripci\u00f3n general del producto<\/h5>\n<p>El <a href=\"https:\/\/www.henerrfm.com\/es\/producto\/metal-wall-cladding-sheet-panel-making-machine\/\">M\u00e1quina para fabricar paneles de l\u00e1minas de revestimiento de paredes de metal<\/a> es un sistema industrial de alto rendimiento dise\u00f1ado para producir paneles de revestimiento de paredes de primera calidad a partir de aluminio o acero. Capaz de fabricar paneles de hasta 4 pies (1,2 m) de ancho, esta m\u00e1quina para fabricar paneles de l\u00e1minas para revestimiento de paredes met\u00e1licas es adecuada para una amplia gama de aplicaciones, incluidas fachadas exteriores e instalaciones de paredes interiores.<\/p>\n<p>Dise\u00f1ada para brindar precisi\u00f3n y eficiencia, la m\u00e1quina para fabricar paneles de l\u00e1minas revestidas de paredes met\u00e1licas garantiza una calidad constante de los paneles, acabados suaves y un alto rendimiento de producci\u00f3n. Su construcci\u00f3n robusta y su avanzada tecnolog\u00eda de conformado lo hacen ideal para los fabricantes que lo buscan <a href=\"https:\/\/en.wikipedia.org\/wiki\/Durability\" target=\"_blank\" rel=\"noopener\">duradero<\/a>, soluciones de revestimiento de paredes met\u00e1licas atractivas y rentables.<\/p>\n<h5>Dibujos de perfil de producto<\/h5>\n<h5><img loading=\"lazy\" decoding=\"async\" class=\"alignnone wp-image-2641\" src=\"https:\/\/henerrfm.com\/wp-content\/uploads\/2025\/11\/Metal-Wall-Cladding-Sheet-Panel-Making-Machinepm-300x105.jpg\" alt=\"\" width=\"1329\" height=\"465\" srcset=\"https:\/\/www.henerrfm.com\/wp-content\/uploads\/2025\/11\/Metal-Wall-Cladding-Sheet-Panel-Making-Machinepm-300x105.jpg 300w, https:\/\/www.henerrfm.com\/wp-content\/uploads\/2025\/11\/Metal-Wall-Cladding-Sheet-Panel-Making-Machinepm-768x270.jpg 768w, https:\/\/www.henerrfm.com\/wp-content\/uploads\/2025\/11\/Metal-Wall-Cladding-Sheet-Panel-Making-Machinepm-600x211.jpg 600w\" sizes=\"auto, (max-width: 1329px) 100vw, 1329px\" \/><\/h5>\n<h5>Par\u00e1metros t\u00e9cnicos<\/h5>\n<table>\n<thead>\n<tr>\n<th><span style=\"font-weight: 400;\">Art\u00edculo<\/span><\/th>\n<th><span style=\"font-weight: 400;\">Detalles de la especificaci\u00f3n<\/span><\/th>\n<\/tr>\n<\/thead>\n<tbody>\n<tr>\n<td>Material formado<\/td>\n<td>PPGI, PPGL; Espesor del material: 0,3-0,6 mm<\/td>\n<\/tr>\n<tr>\n<td>Desenrollador<\/td>\n<td>Desenrollador hidr\u00e1ulico (opcional); Desenrollador manual (gratis)<\/td>\n<\/tr>\n<tr>\n<td>Cuerpo principal \u2013 Estaci\u00f3n de rodillos<\/td>\n<td>18 filas (personalizables seg\u00fan requerimiento)<\/td>\n<\/tr>\n<tr>\n<td>Cuerpo principal \u2013 Di\u00e1metro del eje<\/td>\n<td>Eje s\u00f3lido de 80 mm<\/td>\n<\/tr>\n<tr>\n<td>Cuerpo principal \u2013 Material del rodillo<\/td>\n<td>Acero forjado de alta calidad 45#, superficie cromada dura (Espesor del cromo: 0,05 mm)<\/td>\n<\/tr>\n<tr>\n<td>Cuerpo principal \u2013 Bastidor del cuerpo de la m\u00e1quina<\/td>\n<td>Estructura de viga de 350 mm H, con placa de soporte media de acero soldado de 18 mm<\/td>\n<\/tr>\n<tr>\n<td>Cuerpo principal \u2013 Transmisi\u00f3n<\/td>\n<td>Transmisi\u00f3n por engranajes y doble cadena<\/td>\n<\/tr>\n<\/tbody>\n<\/table>\n<h5 style=\"text-align: left;\">V\u00eddeo del producto<\/h5>\n<p><iframe loading=\"lazy\" title=\"M\u00e1quina para fabricar paneles de l\u00e1minas de revestimiento de paredes de metal\" width=\"1350\" height=\"759\" src=\"https:\/\/www.youtube.com\/embed\/AQRu9H8xQbA?feature=oembed\" frameborder=\"0\" allow=\"accelerometer; autoplay; clipboard-write; encrypted-media; gyroscope; picture-in-picture; web-share\" referrerpolicy=\"strict-origin-when-cross-origin\" allowfullscreen><\/iframe><\/p>\n<h5>Visualizaci\u00f3n de detalles del producto<\/h5>\n<p><img loading=\"lazy\" decoding=\"async\" class=\"alignnone wp-image-2642\" src=\"https:\/\/henerrfm.com\/wp-content\/uploads\/2025\/11\/Metal-Wall-Cladding-Sheet-Panel-Making-Machinexj-300x105.jpg\" alt=\"\" width=\"1329\" height=\"465\" srcset=\"https:\/\/www.henerrfm.com\/wp-content\/uploads\/2025\/11\/Metal-Wall-Cladding-Sheet-Panel-Making-Machinexj-300x105.jpg 300w, https:\/\/www.henerrfm.com\/wp-content\/uploads\/2025\/11\/Metal-Wall-Cladding-Sheet-Panel-Making-Machinexj-768x270.jpg 768w, https:\/\/www.henerrfm.com\/wp-content\/uploads\/2025\/11\/Metal-Wall-Cladding-Sheet-Panel-Making-Machinexj-600x211.jpg 600w\" sizes=\"auto, (max-width: 1329px) 100vw, 1329px\" \/><\/p>\n<h5>Solicitud<\/h5>\n<p><img loading=\"lazy\" decoding=\"async\" class=\"alignnone wp-image-2643\" src=\"https:\/\/henerrfm.com\/wp-content\/uploads\/2025\/11\/Metal-Wall-Cladding-Sheet-Panel-Making-Machineyy-300x105.jpg\" alt=\"\" width=\"1346\" height=\"471\" srcset=\"https:\/\/www.henerrfm.com\/wp-content\/uploads\/2025\/11\/Metal-Wall-Cladding-Sheet-Panel-Making-Machineyy-300x105.jpg 300w, https:\/\/www.henerrfm.com\/wp-content\/uploads\/2025\/11\/Metal-Wall-Cladding-Sheet-Panel-Making-Machineyy-768x270.jpg 768w, https:\/\/www.henerrfm.com\/wp-content\/uploads\/2025\/11\/Metal-Wall-Cladding-Sheet-Panel-Making-Machineyy-600x211.jpg 600w\" sizes=\"auto, (max-width: 1346px) 100vw, 1346px\" \/><\/p>\n<h5>Producto terminado<\/h5>\n<p><img loading=\"lazy\" decoding=\"async\" class=\"alignnone wp-image-2655\" src=\"https:\/\/henerrfm.com\/wp-content\/uploads\/2025\/11\/Metal-Wall-Cladding-Sheet-Panel-Making-Machincp-1-300x105.jpg\" alt=\"\" width=\"1340\" height=\"469\" srcset=\"https:\/\/www.henerrfm.com\/wp-content\/uploads\/2025\/11\/Metal-Wall-Cladding-Sheet-Panel-Making-Machincp-1-300x105.jpg 300w, https:\/\/www.henerrfm.com\/wp-content\/uploads\/2025\/11\/Metal-Wall-Cladding-Sheet-Panel-Making-Machincp-1-768x270.jpg 768w, https:\/\/www.henerrfm.com\/wp-content\/uploads\/2025\/11\/Metal-Wall-Cladding-Sheet-Panel-Making-Machincp-1-600x211.jpg 600w, https:\/\/www.henerrfm.com\/wp-content\/uploads\/2025\/11\/Metal-Wall-Cladding-Sheet-Panel-Making-Machincp-1.jpg 1350w\" sizes=\"auto, (max-width: 1340px) 100vw, 1340px\" \/><\/p>\n<div style=\"all: initial !important;\"><\/div>\n<div style=\"all: initial !important;\"><\/div>","protected":false},"excerpt":{"rendered":"<p>&nbsp;<\/p>\n<div style=\"all: initial !important;\"><\/div>\n<div style=\"all: initial !important;\"><\/div>","protected":false},"featured_media":303,"comment_status":"open","ping_status":"closed","template":"","meta":{"_gspb_post_css":""},"product_brand":[],"product_cat":[120,133],"product_tag":[],"class_list":{"0":"post-302","1":"product","2":"type-product","3":"status-publish","4":"has-post-thumbnail","6":"product_cat-roof-wall-panel-roll-forming-machine","7":"product_cat-wall-cladding-panel-roll-forming-machine","9":"first","10":"instock","11":"shipping-taxable","12":"product-type-simple"},"_links":{"self":[{"href":"https:\/\/www.henerrfm.com\/es\/wp-json\/wp\/v2\/product\/302","targetHints":{"allow":["GET"]}}],"collection":[{"href":"https:\/\/www.henerrfm.com\/es\/wp-json\/wp\/v2\/product"}],"about":[{"href":"https:\/\/www.henerrfm.com\/es\/wp-json\/wp\/v2\/types\/product"}],"replies":[{"embeddable":true,"href":"https:\/\/www.henerrfm.com\/es\/wp-json\/wp\/v2\/comments?post=302"}],"wp:featuredmedia":[{"embeddable":true,"href":"https:\/\/www.henerrfm.com\/es\/wp-json\/wp\/v2\/media\/303"}],"wp:attachment":[{"href":"https:\/\/www.henerrfm.com\/es\/wp-json\/wp\/v2\/media?parent=302"}],"wp:term":[{"taxonomy":"product_brand","embeddable":true,"href":"https:\/\/www.henerrfm.com\/es\/wp-json\/wp\/v2\/product_brand?post=302"},{"taxonomy":"product_cat","embeddable":true,"href":"https:\/\/www.henerrfm.com\/es\/wp-json\/wp\/v2\/product_cat?post=302"},{"taxonomy":"product_tag","embeddable":true,"href":"https:\/\/www.henerrfm.com\/es\/wp-json\/wp\/v2\/product_tag?post=302"}],"curies":[{"name":"wp","href":"https:\/\/api.w.org\/{rel}","templated":true}]}}