{"id":3022,"date":"2025-11-24T07:16:40","date_gmt":"2025-11-24T07:16:40","guid":{"rendered":"https:\/\/henerrfm.com\/?post_type=product&#038;p=3022"},"modified":"2025-12-03T06:31:56","modified_gmt":"2025-12-03T06:31:56","slug":"steel-wall-angle-roll-forming-machine","status":"publish","type":"product","link":"https:\/\/www.henerrfm.com\/es\/product\/steel-wall-angle-roll-forming-machine\/","title":{"rendered":"M\u00e1quina perfiladora de \u00e1ngulos de pared de acero"},"content":{"rendered":"<h5>Descripci\u00f3n general del producto<\/h5>\n<p>La m\u00e1quina formadora de rollos angulares de pared de acero es un sistema de producci\u00f3n de alta eficiencia dise\u00f1ado para crear una variedad de <a href=\"https:\/\/en.wikipedia.org\/wiki\/Steel\" target=\"_blank\" rel=\"noopener\">acero<\/a> canales com\u00fanmente utilizados en marcos de paredes y techos, as\u00ed como en construcciones interiores. Transforma bobinas de l\u00e1minas en perfiles precisos en forma de L, U y sombrero a trav\u00e9s de una secuencia totalmente automatizada de operaciones de conformado, corte y estampado.<\/p>\n<p>Esta m\u00e1quina optimiza todo el proceso de producci\u00f3n, ofreciendo una calidad constante, un alto rendimiento y una reducci\u00f3n de la mano de obra. Con solo cambiar los moldes de corte, la perfiladora de \u00e1ngulos de pared de acero puede producir m\u00faltiples perfiles de canal con una sola configuraci\u00f3n, ofreciendo una flexibilidad excepcional para diversos proyectos de enmarcado.<\/p>\n<p>Como fabricante confiable de m\u00e1quinas perfiladoras chinas, HENER proporciona equipos duraderos y confiables que permiten a los contratistas y fabricantes lograr una producci\u00f3n eficiente, un perfilado preciso y un rendimiento estructural superior para aplicaciones de construcci\u00f3n modernas.<\/p>\n<h5>Dibujos de perfil de producto<\/h5>\n<p><img loading=\"lazy\" decoding=\"async\" class=\"alignnone wp-image-3029\" src=\"https:\/\/henerrfm.com\/wp-content\/uploads\/2025\/11\/Steel-Wall-Angle-Roll-Forming-Machinepm-300x236.jpg\" alt=\"\" width=\"586\" height=\"461\" srcset=\"https:\/\/www.henerrfm.com\/wp-content\/uploads\/2025\/11\/Steel-Wall-Angle-Roll-Forming-Machinepm-300x236.jpg 300w, https:\/\/www.henerrfm.com\/wp-content\/uploads\/2025\/11\/Steel-Wall-Angle-Roll-Forming-Machinepm-1024x806.jpg 1024w, https:\/\/www.henerrfm.com\/wp-content\/uploads\/2025\/11\/Steel-Wall-Angle-Roll-Forming-Machinepm-768x605.jpg 768w, https:\/\/www.henerrfm.com\/wp-content\/uploads\/2025\/11\/Steel-Wall-Angle-Roll-Forming-Machinepm-600x472.jpg 600w, https:\/\/www.henerrfm.com\/wp-content\/uploads\/2025\/11\/Steel-Wall-Angle-Roll-Forming-Machinepm.jpg 1350w\" sizes=\"auto, (max-width: 586px) 100vw, 586px\" \/><\/p>\n<h5>Par\u00e1metros t\u00e9cnicos<\/h5>\n<table>\n<tbody>\n<tr>\n<td>Material formado<\/td>\n<td>soldado americano<\/p>\n<div class=\"container-Uxvbjy md-box-line-break wrapper-GYqxgQ undefined\"><\/div>\n<p>Espesor: 0,2-0,4 mm (personalizado)<\/td>\n<\/tr>\n<tr>\n<td>Desenrollador<\/td>\n<td>Desbobinador autom\u00e1tico hidr\u00e1ulico<\/p>\n<div class=\"container-Uxvbjy md-box-line-break wrapper-GYqxgQ undefined\"><\/div>\n<p>Desenrollador manual (te lo daremos gratis)<\/td>\n<\/tr>\n<tr>\n<td>Cuerpo principal \u2013 Estaci\u00f3n de rodillos<\/td>\n<td>12 filas (seg\u00fan sus necesidades)<\/td>\n<\/tr>\n<tr>\n<td>Cuerpo principal \u2013 Di\u00e1metro del eje<\/td>\n<td>Eje s\u00f3lido de 50 mm<\/td>\n<\/tr>\n<tr>\n<td>Cuerpo principal \u2013 Material de los rodillos<\/td>\n<td>Acero 45#, cromado duro en la superficie<\/td>\n<\/tr>\n<tr>\n<td>Cuerpo principal \u2013 Bastidor del cuerpo de la m\u00e1quina<\/td>\n<td>Acero met\u00e1lico soldado<\/td>\n<\/tr>\n<tr>\n<td>Cuerpo principal \u2013 Accionamiento<\/td>\n<td>Transmisi\u00f3n de caja de cambios<\/td>\n<\/tr>\n<\/tbody>\n<\/table>\n<h5>Diagrama de flujo de producci\u00f3n<\/h5>\n<p><img loading=\"lazy\" decoding=\"async\" class=\"alignnone wp-image-3028\" src=\"https:\/\/henerrfm.com\/wp-content\/uploads\/2025\/11\/Steel-Wall-Angle-Roll-Forming-Machinelc-300x96.jpg\" alt=\"\" width=\"1316\" height=\"421\" srcset=\"https:\/\/www.henerrfm.com\/wp-content\/uploads\/2025\/11\/Steel-Wall-Angle-Roll-Forming-Machinelc-300x96.jpg 300w, https:\/\/www.henerrfm.com\/wp-content\/uploads\/2025\/11\/Steel-Wall-Angle-Roll-Forming-Machinelc-1024x327.jpg 1024w, https:\/\/www.henerrfm.com\/wp-content\/uploads\/2025\/11\/Steel-Wall-Angle-Roll-Forming-Machinelc-768x245.jpg 768w, https:\/\/www.henerrfm.com\/wp-content\/uploads\/2025\/11\/Steel-Wall-Angle-Roll-Forming-Machinelc-600x192.jpg 600w, https:\/\/www.henerrfm.com\/wp-content\/uploads\/2025\/11\/Steel-Wall-Angle-Roll-Forming-Machinelc.jpg 1350w\" sizes=\"auto, (max-width: 1316px) 100vw, 1316px\" \/><\/p>\n<h5>Producto terminado<\/h5>\n<p><img loading=\"lazy\" decoding=\"async\" class=\"alignnone wp-image-3027\" src=\"https:\/\/henerrfm.com\/wp-content\/uploads\/2025\/11\/Steel-Wall-Angle-Roll-Forming-Machinecp-300x263.jpg\" alt=\"\" width=\"649\" height=\"569\" srcset=\"https:\/\/www.henerrfm.com\/wp-content\/uploads\/2025\/11\/Steel-Wall-Angle-Roll-Forming-Machinecp-300x263.jpg 300w, https:\/\/www.henerrfm.com\/wp-content\/uploads\/2025\/11\/Steel-Wall-Angle-Roll-Forming-Machinecp-768x673.jpg 768w, https:\/\/www.henerrfm.com\/wp-content\/uploads\/2025\/11\/Steel-Wall-Angle-Roll-Forming-Machinecp-600x526.jpg 600w, https:\/\/www.henerrfm.com\/wp-content\/uploads\/2025\/11\/Steel-Wall-Angle-Roll-Forming-Machinecp.jpg 800w\" sizes=\"auto, (max-width: 649px) 100vw, 649px\" \/><\/p>","protected":false},"excerpt":{"rendered":"<p>Product Overview The Steel Wall Angle Roll Forming Machine is a high-efficiency production system designed for creating a variety of steel channels commonly used in wall and ceiling framing, as well as interior construction. It transforms sheet coils into precise L-shaped, U-shaped, and hat-shaped profiles through a fully automated sequence of forming, cutting, and stamping [&hellip;]<\/p>\n","protected":false},"featured_media":3024,"comment_status":"open","ping_status":"closed","template":"","meta":{"_gspb_post_css":""},"product_brand":[],"product_cat":[138,135],"product_tag":[],"class_list":{"0":"post-3022","1":"product","2":"type-product","3":"status-publish","4":"has-post-thumbnail","6":"product_cat-light-steel-keel-forming-machine","7":"product_cat-steel-structure-light-gauge-frame-roll-forming-machine","9":"first","10":"instock","11":"shipping-taxable","12":"product-type-simple"},"_links":{"self":[{"href":"https:\/\/www.henerrfm.com\/es\/wp-json\/wp\/v2\/product\/3022","targetHints":{"allow":["GET"]}}],"collection":[{"href":"https:\/\/www.henerrfm.com\/es\/wp-json\/wp\/v2\/product"}],"about":[{"href":"https:\/\/www.henerrfm.com\/es\/wp-json\/wp\/v2\/types\/product"}],"replies":[{"embeddable":true,"href":"https:\/\/www.henerrfm.com\/es\/wp-json\/wp\/v2\/comments?post=3022"}],"wp:featuredmedia":[{"embeddable":true,"href":"https:\/\/www.henerrfm.com\/es\/wp-json\/wp\/v2\/media\/3024"}],"wp:attachment":[{"href":"https:\/\/www.henerrfm.com\/es\/wp-json\/wp\/v2\/media?parent=3022"}],"wp:term":[{"taxonomy":"product_brand","embeddable":true,"href":"https:\/\/www.henerrfm.com\/es\/wp-json\/wp\/v2\/product_brand?post=3022"},{"taxonomy":"product_cat","embeddable":true,"href":"https:\/\/www.henerrfm.com\/es\/wp-json\/wp\/v2\/product_cat?post=3022"},{"taxonomy":"product_tag","embeddable":true,"href":"https:\/\/www.henerrfm.com\/es\/wp-json\/wp\/v2\/product_tag?post=3022"}],"curies":[{"name":"wp","href":"https:\/\/api.w.org\/{rel}","templated":true}]}}