{"id":3042,"date":"2025-11-24T07:23:17","date_gmt":"2025-11-24T07:23:17","guid":{"rendered":"https:\/\/henerrfm.com\/?post_type=product&#038;p=3042"},"modified":"2025-12-03T06:21:57","modified_gmt":"2025-12-03T06:21:57","slug":"1-5%e2%80%b3-b-wide-rib-roof-deck-machine","status":"publish","type":"product","link":"https:\/\/www.henerrfm.com\/es\/product\/1-5%e2%80%b3-b-wide-rib-roof-deck-machine\/","title":{"rendered":"M\u00e1quina para techos con nervaduras de 1,5\u2033 de ancho tipo B"},"content":{"rendered":"<h5>Descripci\u00f3n general del producto<\/h5>\n<p>La m\u00e1quina para techos con nervaduras de 1,5\u2033 de ancho B es un sistema de producci\u00f3n especializado dise\u00f1ado para fabricar techos con nervaduras de 1,5\u2033 de ancho B. <a href=\"https:\/\/en.wikipedia.org\/wiki\/Panel\" target=\"_blank\" rel=\"noopener\">paneles<\/a> Se utilizan en proyectos de techado comerciales e industriales. Con una altura de nervadura de 3,8 cm (1,5 pulgadas), estos paneles ofrecen una excelente relaci\u00f3n resistencia-peso y brindan un soporte confiable para diversos tipos de techado.<\/p>\n<p>Dise\u00f1ada para un funcionamiento continuo y de alta precisi\u00f3n, la m\u00e1quina convierte bobinas de acero en l\u00e1minas de cubierta uniformes con perfil B, l\u00edneas limpias y una profundidad de nervadura constante. Su avanzado sistema de conformado garantiza un rendimiento estable, una geometr\u00eda de nervadura precisa y una integridad duradera del panel durante largos ciclos de producci\u00f3n.<\/p>\n<p>Con una construcci\u00f3n robusta y un proceso de conformado eficiente, la m\u00e1quina para cubiertas de techo con nervaduras de 1,5\u2033 de ancho B permite a los fabricantes producir paneles de cubierta de metal de alta calidad para techos, pisos y aplicaciones estructurales, combinando confiabilidad, precisi\u00f3n y productividad en una soluci\u00f3n automatizada.<\/p>\n<h5>Dibujos de perfil de producto<\/h5>\n<p><img loading=\"lazy\" decoding=\"async\" class=\"alignnone wp-image-3118\" src=\"https:\/\/henerrfm.com\/wp-content\/uploads\/2025\/11\/1.5\u2018-B-roof-deck-roll-forming-machinepm-300x91.jpg\" alt=\"\" width=\"1338\" height=\"406\" srcset=\"https:\/\/www.henerrfm.com\/wp-content\/uploads\/2025\/11\/1.5\u2018-B-roof-deck-roll-forming-machinepm-300x91.jpg 300w, https:\/\/www.henerrfm.com\/wp-content\/uploads\/2025\/11\/1.5\u2018-B-roof-deck-roll-forming-machinepm-768x232.jpg 768w, https:\/\/www.henerrfm.com\/wp-content\/uploads\/2025\/11\/1.5\u2018-B-roof-deck-roll-forming-machinepm-600x181.jpg 600w\" sizes=\"auto, (max-width: 1338px) 100vw, 1338px\" \/><\/p>\n<h5>Par\u00e1metros t\u00e9cnicos<\/h5>\n<table>\n<tbody>\n<tr>\n<td>Perfil<\/td>\n<td>Cubierta B de 1 1\/2\u2033<\/td>\n<\/tr>\n<tr>\n<td>Ancho de la bobina<\/td>\n<td>48\u00ab<\/td>\n<\/tr>\n<tr>\n<td>Velocidad de formaci\u00f3n<\/td>\n<td>M\u00e1s de 60 pies<\/td>\n<\/tr>\n<tr>\n<td>Espesor del material<\/td>\n<td>18 g \u2013 24 g<\/td>\n<\/tr>\n<tr>\n<td>Peso de la m\u00e1quina<\/td>\n<td>20 toneladas<\/td>\n<\/tr>\n<tr>\n<td>Huella de la m\u00e1quina<\/td>\n<td>85 pies<\/td>\n<\/tr>\n<tr>\n<td>Alimentaci\u00f3n principal<\/td>\n<td>480 V \u2013 Trif\u00e1sico \u2013 60 Hz<\/td>\n<\/tr>\n<tr>\n<td>Motor<\/td>\n<td>32 caballos de fuerza<\/td>\n<\/tr>\n<tr>\n<td>Caja de cambios<\/td>\n<td>Transmisi\u00f3n por cadena<\/td>\n<\/tr>\n<tr>\n<td>Estaciones<\/td>\n<td>28<\/td>\n<\/tr>\n<tr>\n<td>Tipo de corte<\/td>\n<td>Cizalla hidr\u00e1ulica<\/td>\n<\/tr>\n<\/tbody>\n<\/table>\n<h5>Diagrama de flujo de producci\u00f3n<\/h5>\n<p><img loading=\"lazy\" decoding=\"async\" class=\"alignnone wp-image-3117\" src=\"https:\/\/henerrfm.com\/wp-content\/uploads\/2025\/11\/1.5\u2018-B-roof-deck-roll-forming-machinelc-300x60.jpg\" alt=\"\" width=\"1290\" height=\"258\" srcset=\"https:\/\/www.henerrfm.com\/wp-content\/uploads\/2025\/11\/1.5\u2018-B-roof-deck-roll-forming-machinelc-300x60.jpg 300w, https:\/\/www.henerrfm.com\/wp-content\/uploads\/2025\/11\/1.5\u2018-B-roof-deck-roll-forming-machinelc-600x119.jpg 600w\" sizes=\"auto, (max-width: 1290px) 100vw, 1290px\" \/><\/p>\n<h5>Solicitud<\/h5>\n<p><img loading=\"lazy\" decoding=\"async\" class=\"alignnone wp-image-3119\" src=\"https:\/\/henerrfm.com\/wp-content\/uploads\/2025\/11\/1.5\u2018-B-roof-deck-roll-forming-machineyy-300x117.jpg\" alt=\"\" width=\"749\" height=\"292\" srcset=\"https:\/\/www.henerrfm.com\/wp-content\/uploads\/2025\/11\/1.5\u2018-B-roof-deck-roll-forming-machineyy-300x117.jpg 300w, https:\/\/www.henerrfm.com\/wp-content\/uploads\/2025\/11\/1.5\u2018-B-roof-deck-roll-forming-machineyy-1024x400.jpg 1024w, https:\/\/www.henerrfm.com\/wp-content\/uploads\/2025\/11\/1.5\u2018-B-roof-deck-roll-forming-machineyy-768x300.jpg 768w, https:\/\/www.henerrfm.com\/wp-content\/uploads\/2025\/11\/1.5\u2018-B-roof-deck-roll-forming-machineyy-600x234.jpg 600w, https:\/\/www.henerrfm.com\/wp-content\/uploads\/2025\/11\/1.5\u2018-B-roof-deck-roll-forming-machineyy.jpg 1350w\" sizes=\"auto, (max-width: 749px) 100vw, 749px\" \/><\/p>\n<h5>Producto terminado<\/h5>\n<p><img loading=\"lazy\" decoding=\"async\" class=\"alignnone wp-image-3115\" src=\"https:\/\/henerrfm.com\/wp-content\/uploads\/2025\/11\/1.5\u2018-B-roof-deck-roll-forming-machinecp-300x132.jpg\" alt=\"\" width=\"552\" height=\"243\" srcset=\"https:\/\/www.henerrfm.com\/wp-content\/uploads\/2025\/11\/1.5\u2018-B-roof-deck-roll-forming-machinecp-300x132.jpg 300w, https:\/\/www.henerrfm.com\/wp-content\/uploads\/2025\/11\/1.5\u2018-B-roof-deck-roll-forming-machinecp-1024x451.jpg 1024w, https:\/\/www.henerrfm.com\/wp-content\/uploads\/2025\/11\/1.5\u2018-B-roof-deck-roll-forming-machinecp-768x338.jpg 768w, https:\/\/www.henerrfm.com\/wp-content\/uploads\/2025\/11\/1.5\u2018-B-roof-deck-roll-forming-machinecp-600x264.jpg 600w, https:\/\/www.henerrfm.com\/wp-content\/uploads\/2025\/11\/1.5\u2018-B-roof-deck-roll-forming-machinecp.jpg 1350w\" sizes=\"auto, (max-width: 552px) 100vw, 552px\" \/><img loading=\"lazy\" decoding=\"async\" class=\"alignnone wp-image-3116\" src=\"https:\/\/henerrfm.com\/wp-content\/uploads\/2025\/11\/1.5\u2018-B-roof-deck-roll-forming-machinecp1-300x100.jpg\" alt=\"\" width=\"720\" height=\"240\" srcset=\"https:\/\/www.henerrfm.com\/wp-content\/uploads\/2025\/11\/1.5\u2018-B-roof-deck-roll-forming-machinecp1-300x100.jpg 300w, https:\/\/www.henerrfm.com\/wp-content\/uploads\/2025\/11\/1.5\u2018-B-roof-deck-roll-forming-machinecp1-1024x342.jpg 1024w, https:\/\/www.henerrfm.com\/wp-content\/uploads\/2025\/11\/1.5\u2018-B-roof-deck-roll-forming-machinecp1-768x257.jpg 768w, https:\/\/www.henerrfm.com\/wp-content\/uploads\/2025\/11\/1.5\u2018-B-roof-deck-roll-forming-machinecp1-600x200.jpg 600w, https:\/\/www.henerrfm.com\/wp-content\/uploads\/2025\/11\/1.5\u2018-B-roof-deck-roll-forming-machinecp1.jpg 1350w\" sizes=\"auto, (max-width: 720px) 100vw, 720px\" \/><\/p>","protected":false},"excerpt":{"rendered":"<p>La m\u00e1quina para techos con nervaduras B de 1,5&quot; de ancho es un sistema de producci\u00f3n especializado, dise\u00f1ado para la fabricaci\u00f3n de paneles estructurales B-Deck utilizados en proyectos de techado comerciales e industriales. Con nervaduras de 1,5&quot; de ancho, estos paneles ofrecen una excelente relaci\u00f3n resistencia-peso y brindan un soporte confiable para diversos tipos de techos.<\/p>","protected":false},"featured_media":3139,"comment_status":"open","ping_status":"closed","template":"","meta":{"_gspb_post_css":""},"product_brand":[],"product_cat":[139,140],"product_tag":[],"class_list":{"0":"post-3042","1":"product","2":"type-product","3":"status-publish","4":"has-post-thumbnail","6":"product_cat-metal-deck-roll-forming-machine","7":"product_cat-roof-deck-machine","9":"first","10":"instock","11":"shipping-taxable","12":"product-type-simple"},"_links":{"self":[{"href":"https:\/\/www.henerrfm.com\/es\/wp-json\/wp\/v2\/product\/3042","targetHints":{"allow":["GET"]}}],"collection":[{"href":"https:\/\/www.henerrfm.com\/es\/wp-json\/wp\/v2\/product"}],"about":[{"href":"https:\/\/www.henerrfm.com\/es\/wp-json\/wp\/v2\/types\/product"}],"replies":[{"embeddable":true,"href":"https:\/\/www.henerrfm.com\/es\/wp-json\/wp\/v2\/comments?post=3042"}],"wp:featuredmedia":[{"embeddable":true,"href":"https:\/\/www.henerrfm.com\/es\/wp-json\/wp\/v2\/media\/3139"}],"wp:attachment":[{"href":"https:\/\/www.henerrfm.com\/es\/wp-json\/wp\/v2\/media?parent=3042"}],"wp:term":[{"taxonomy":"product_brand","embeddable":true,"href":"https:\/\/www.henerrfm.com\/es\/wp-json\/wp\/v2\/product_brand?post=3042"},{"taxonomy":"product_cat","embeddable":true,"href":"https:\/\/www.henerrfm.com\/es\/wp-json\/wp\/v2\/product_cat?post=3042"},{"taxonomy":"product_tag","embeddable":true,"href":"https:\/\/www.henerrfm.com\/es\/wp-json\/wp\/v2\/product_tag?post=3042"}],"curies":[{"name":"wp","href":"https:\/\/api.w.org\/{rel}","templated":true}]}}