{"id":3052,"date":"2025-11-24T07:29:15","date_gmt":"2025-11-24T07:29:15","guid":{"rendered":"https:\/\/henerrfm.com\/?post_type=product&#038;p=3052"},"modified":"2025-12-03T06:14:17","modified_gmt":"2025-12-03T06:14:17","slug":"rolling-shutter-slat-roll-forming-machine","status":"publish","type":"product","link":"https:\/\/www.henerrfm.com\/es\/product\/rolling-shutter-slat-roll-forming-machine\/","title":{"rendered":"M\u00e1quina formadora de l\u00e1minas para persianas enrollables"},"content":{"rendered":"<h5>Descripci\u00f3n general del producto<\/h5>\n<p>La m\u00e1quina formadora de rodillos de listones con obturador rodante es un sistema dise\u00f1ado con precisi\u00f3n para fabricar <a href=\"https:\/\/en.wikipedia.org\/wiki\/Interlocking\" target=\"_blank\" rel=\"noopener\">entrelazado<\/a> listones para puertas con persianas enrollables. Estos listones se deslizan suavemente a lo largo de v\u00edas fijas, creando barreras horizontales retr\u00e1ctiles que brindan seguridad y separaci\u00f3n flexible donde las paredes permanentes no son pr\u00e1cticas.<\/p>\n<p>Esta m\u00e1quina produce listones de alta precisi\u00f3n que se integran perfectamente en conjuntos completos de persianas enrollables, incluidas placas base, rieles gu\u00eda, ejes, soportes, carcasas y mecanismos de control. La tecnolog\u00eda de conformado avanzada garantiza dimensiones uniformes, calidad superficial constante y rendimiento confiable en tiradas de producci\u00f3n prolongadas.<\/p>\n<p>Dise\u00f1ada tanto para brindar eficiencia como durabilidad, la m\u00e1quina formadora de rodillos de listones para obturadores rodantes permite a los fabricantes producir componentes de obturadores de alta calidad para aplicaciones comerciales, industriales y residenciales, brindando una instalaci\u00f3n sencilla, una integridad estructural duradera y un rendimiento constante en cada proyecto.<\/p>\n<h5>Par\u00e1metros t\u00e9cnicos<\/h5>\n<table>\n<thead>\n<tr>\n<th>Especificaci\u00f3n<\/th>\n<th>Detalle<\/th>\n<\/tr>\n<\/thead>\n<tbody>\n<tr>\n<td>Material<\/td>\n<td>Acero Galvanizado (0,6-1,2 mm de espesor)<\/td>\n<\/tr>\n<tr>\n<td>Desenrollador<\/td>\n<td>Hidr\u00e1ulico autom\u00e1tico\/Manual (gratuito)<\/td>\n<\/tr>\n<tr>\n<td>Estaciones de formaci\u00f3n<\/td>\n<td>12 soportes (personalizable)<\/td>\n<\/tr>\n<tr>\n<td>Eje de rodillos<\/td>\n<td>Acero macizo de 50 mm<\/td>\n<\/tr>\n<tr>\n<td>Composici\u00f3n de los rodillos<\/td>\n<td>Acero cromado 45#<\/td>\n<\/tr>\n<tr>\n<td>Sistema de accionamiento<\/td>\n<td>Transmisi\u00f3n por engranajes\/cadena o caja de cambios<\/td>\n<\/tr>\n<tr>\n<td>Dimensiones<\/td>\n<td>5500\u00d7800\u00d71200mm (personalizable)<\/td>\n<\/tr>\n<tr>\n<td>Mecanismo de corte<\/td>\n<td>Cuchillas de acero CR12MOV (resistentes a rayones)<\/td>\n<\/tr>\n<tr>\n<td>Requisitos de energ\u00eda<\/td>\n<td>Motor principal de 7,5 KW Sistema hidr\u00e1ulico + de 5,5 KW<\/td>\n<\/tr>\n<tr>\n<td>Voltaje<\/td>\n<td>380V\/50Hz\/trif\u00e1sico (configurable)<\/td>\n<\/tr>\n<tr>\n<td>Velocidad de producci\u00f3n<\/td>\n<td>15-45 m\/min (ajustable)<\/td>\n<\/tr>\n<\/tbody>\n<\/table>\n<p>&nbsp;<\/p>\n<h5>Visualizaci\u00f3n de detalles del producto<\/h5>\n<p><img loading=\"lazy\" decoding=\"async\" class=\"alignnone wp-image-3059\" src=\"https:\/\/henerrfm.com\/wp-content\/uploads\/2025\/11\/Rolling-Shutter-Slat-Roll-Forming-Machinexj-300x100.jpg\" alt=\"\" width=\"1335\" height=\"445\" srcset=\"https:\/\/www.henerrfm.com\/wp-content\/uploads\/2025\/11\/Rolling-Shutter-Slat-Roll-Forming-Machinexj-300x100.jpg 300w, https:\/\/www.henerrfm.com\/wp-content\/uploads\/2025\/11\/Rolling-Shutter-Slat-Roll-Forming-Machinexj-1024x342.jpg 1024w, https:\/\/www.henerrfm.com\/wp-content\/uploads\/2025\/11\/Rolling-Shutter-Slat-Roll-Forming-Machinexj-768x257.jpg 768w, https:\/\/www.henerrfm.com\/wp-content\/uploads\/2025\/11\/Rolling-Shutter-Slat-Roll-Forming-Machinexj-600x200.jpg 600w, https:\/\/www.henerrfm.com\/wp-content\/uploads\/2025\/11\/Rolling-Shutter-Slat-Roll-Forming-Machinexj.jpg 1350w\" sizes=\"auto, (max-width: 1335px) 100vw, 1335px\" \/><\/p>\n<h5>Solicitud<\/h5>\n<p><img loading=\"lazy\" decoding=\"async\" class=\"alignnone wp-image-3060\" src=\"https:\/\/henerrfm.com\/wp-content\/uploads\/2025\/11\/Rolling-Shutter-Slat-Roll-Forming-Machineyy-300x100.jpg\" alt=\"\" width=\"768\" height=\"256\" srcset=\"https:\/\/www.henerrfm.com\/wp-content\/uploads\/2025\/11\/Rolling-Shutter-Slat-Roll-Forming-Machineyy-300x100.jpg 300w, https:\/\/www.henerrfm.com\/wp-content\/uploads\/2025\/11\/Rolling-Shutter-Slat-Roll-Forming-Machineyy-1024x342.jpg 1024w, https:\/\/www.henerrfm.com\/wp-content\/uploads\/2025\/11\/Rolling-Shutter-Slat-Roll-Forming-Machineyy-768x257.jpg 768w, https:\/\/www.henerrfm.com\/wp-content\/uploads\/2025\/11\/Rolling-Shutter-Slat-Roll-Forming-Machineyy-600x200.jpg 600w, https:\/\/www.henerrfm.com\/wp-content\/uploads\/2025\/11\/Rolling-Shutter-Slat-Roll-Forming-Machineyy.jpg 1350w\" sizes=\"auto, (max-width: 768px) 100vw, 768px\" \/><\/p>\n<h5>Producto terminado<\/h5>\n<p><img loading=\"lazy\" decoding=\"async\" class=\"alignnone wp-image-3058\" src=\"https:\/\/henerrfm.com\/wp-content\/uploads\/2025\/11\/Rolling-Shutter-Slat-Roll-Forming-Machinecp-300x100.jpg\" alt=\"\" width=\"768\" height=\"256\" srcset=\"https:\/\/www.henerrfm.com\/wp-content\/uploads\/2025\/11\/Rolling-Shutter-Slat-Roll-Forming-Machinecp-300x100.jpg 300w, https:\/\/www.henerrfm.com\/wp-content\/uploads\/2025\/11\/Rolling-Shutter-Slat-Roll-Forming-Machinecp-1024x342.jpg 1024w, https:\/\/www.henerrfm.com\/wp-content\/uploads\/2025\/11\/Rolling-Shutter-Slat-Roll-Forming-Machinecp-768x257.jpg 768w, https:\/\/www.henerrfm.com\/wp-content\/uploads\/2025\/11\/Rolling-Shutter-Slat-Roll-Forming-Machinecp-600x200.jpg 600w, https:\/\/www.henerrfm.com\/wp-content\/uploads\/2025\/11\/Rolling-Shutter-Slat-Roll-Forming-Machinecp.jpg 1350w\" sizes=\"auto, (max-width: 768px) 100vw, 768px\" \/><\/p>","protected":false},"excerpt":{"rendered":"<p>Product Overview The Rolling Shutter Slat Roll Forming Machine is a precision-engineered system designed to manufacture interlocking slats for roller shutter doors. These slats glide smoothly along fixed tracks, creating retractable horizontal barriers that provide security and flexible separation where permanent walls are impractical. This machine produces high-accuracy slats that integrate seamlessly into complete roller [&hellip;]<\/p>\n","protected":false},"featured_media":3054,"comment_status":"open","ping_status":"closed","template":"","meta":{"_gspb_post_css":""},"product_brand":[],"product_cat":[143,145],"product_tag":[],"class_list":{"0":"post-3052","1":"product","2":"type-product","3":"status-publish","4":"has-post-thumbnail","6":"product_cat-door-shutter-roll-forming-machine","7":"product_cat-rolling-shutter-slat-roll-forming-machine","9":"first","10":"instock","11":"shipping-taxable","12":"product-type-simple"},"_links":{"self":[{"href":"https:\/\/www.henerrfm.com\/es\/wp-json\/wp\/v2\/product\/3052","targetHints":{"allow":["GET"]}}],"collection":[{"href":"https:\/\/www.henerrfm.com\/es\/wp-json\/wp\/v2\/product"}],"about":[{"href":"https:\/\/www.henerrfm.com\/es\/wp-json\/wp\/v2\/types\/product"}],"replies":[{"embeddable":true,"href":"https:\/\/www.henerrfm.com\/es\/wp-json\/wp\/v2\/comments?post=3052"}],"wp:featuredmedia":[{"embeddable":true,"href":"https:\/\/www.henerrfm.com\/es\/wp-json\/wp\/v2\/media\/3054"}],"wp:attachment":[{"href":"https:\/\/www.henerrfm.com\/es\/wp-json\/wp\/v2\/media?parent=3052"}],"wp:term":[{"taxonomy":"product_brand","embeddable":true,"href":"https:\/\/www.henerrfm.com\/es\/wp-json\/wp\/v2\/product_brand?post=3052"},{"taxonomy":"product_cat","embeddable":true,"href":"https:\/\/www.henerrfm.com\/es\/wp-json\/wp\/v2\/product_cat?post=3052"},{"taxonomy":"product_tag","embeddable":true,"href":"https:\/\/www.henerrfm.com\/es\/wp-json\/wp\/v2\/product_tag?post=3052"}],"curies":[{"name":"wp","href":"https:\/\/api.w.org\/{rel}","templated":true}]}}