{"id":306,"date":"2025-11-03T00:37:16","date_gmt":"2025-11-03T00:37:16","guid":{"rendered":"https:\/\/henerrfm.com\/?post_type=product&#038;p=306"},"modified":"2025-12-03T06:34:35","modified_gmt":"2025-12-03T06:34:35","slug":"metal-embossing-machine","status":"publish","type":"product","link":"https:\/\/www.henerrfm.com\/es\/product\/metal-embossing-machine\/","title":{"rendered":"M\u00e1quina de estampado de metal"},"content":{"rendered":"<h5><strong>Descripci\u00f3n general del producto<\/strong><\/h5>\n<p>El <a href=\"https:\/\/www.henerrfm.com\/es\/producto\/metal-embossing-machine\/\">m\u00e1quina de estampado de metal<\/a> es un sistema especializado dise\u00f1ado para producir aluminio en relieve, acero inoxidable y l\u00e1minas met\u00e1licas decorativas con patrones tridimensionales transparentes. Ideal para una amplia gama de materiales, incluidos paneles met\u00e1licos, tableros de madera y superficies decorativas. Este equipo ofrece una profundidad de textura y precisi\u00f3n visual constantes.<\/p>\n<p>Dise\u00f1ada para una integraci\u00f3n perfecta en l\u00edneas de producci\u00f3n de estampado automatizadas, la m\u00e1quina de estampado de metal garantiza un procesamiento de superficies eficiente y de alta calidad para aplicaciones industriales, arquitect\u00f3nicas y decorativas. Su avanzada tecnolog\u00eda de conformado mejora tanto la est\u00e9tica como la durabilidad del producto, lo que la convierte en la opci\u00f3n preferida para entornos de fabricaci\u00f3n modernos.<\/p>\n<h5><strong>Dibujos de perfil de producto<\/strong><\/h5>\n<p><img loading=\"lazy\" decoding=\"async\" class=\"alignnone wp-image-2632\" src=\"https:\/\/henerrfm.com\/wp-content\/uploads\/2025\/11\/Metal-Embossing-Machinepm-300x153.jpg\" alt=\"\" width=\"1335\" height=\"681\" srcset=\"https:\/\/www.henerrfm.com\/wp-content\/uploads\/2025\/11\/Metal-Embossing-Machinepm-300x153.jpg 300w, https:\/\/www.henerrfm.com\/wp-content\/uploads\/2025\/11\/Metal-Embossing-Machinepm-1024x521.jpg 1024w, https:\/\/www.henerrfm.com\/wp-content\/uploads\/2025\/11\/Metal-Embossing-Machinepm-768x391.jpg 768w, https:\/\/www.henerrfm.com\/wp-content\/uploads\/2025\/11\/Metal-Embossing-Machinepm-600x305.jpg 600w\" sizes=\"auto, (max-width: 1335px) 100vw, 1335px\" \/><\/p>\n<h5><strong>Par\u00e1metros t\u00e9cnicos<\/strong><\/h5>\n<table>\n<thead>\n<tr>\n<th><span style=\"font-weight: 400;\">Art\u00edculo<\/span><\/th>\n<th><span style=\"font-weight: 400;\">Detalles de la especificaci\u00f3n<\/span><\/th>\n<\/tr>\n<\/thead>\n<tbody>\n<tr>\n<td>Gama de materiales<\/td>\n<td>Aluminio, Acero prepintado, Acero inoxidable, Cobre, Acero galvanizado<\/td>\n<\/tr>\n<tr>\n<td>Capacidad de espesor<\/td>\n<td>Est\u00e1ndar: 0,2-3,0 mm; Personalizado: Hasta 5,0 mm<\/td>\n<\/tr>\n<tr>\n<td>Tipos de patrones<\/td>\n<td>Antideslizante, Arquitect\u00f3nico, Branding, Refuerzo estructural<\/td>\n<\/tr>\n<tr>\n<td>Velocidad de producci\u00f3n<\/td>\n<td>M\u00e9todo de laminaci\u00f3n: 20-45 m\/min; M\u00e9todo de estampado: 8-12 m\/min<\/td>\n<\/tr>\n<\/tbody>\n<\/table>\n<h5 style=\"text-align: left;\">V\u00eddeo del producto<\/h5>\n<p><iframe loading=\"lazy\" title=\"M\u00e1quina de estampado de metales\" width=\"1350\" height=\"759\" src=\"https:\/\/www.youtube.com\/embed\/aKfBCsUGdiU?feature=oembed\" frameborder=\"0\" allow=\"accelerometer; autoplay; clipboard-write; encrypted-media; gyroscope; picture-in-picture; web-share\" referrerpolicy=\"strict-origin-when-cross-origin\" allowfullscreen><\/iframe><\/p>\n<h5><strong>Visualizaci\u00f3n de detalles del producto<\/strong><\/h5>\n<p><img loading=\"lazy\" decoding=\"async\" class=\"alignnone wp-image-2633\" src=\"https:\/\/henerrfm.com\/wp-content\/uploads\/2025\/11\/Metal-Embossing-Machinexj-300x105.jpg\" alt=\"\" width=\"1311\" height=\"459\" srcset=\"https:\/\/www.henerrfm.com\/wp-content\/uploads\/2025\/11\/Metal-Embossing-Machinexj-300x105.jpg 300w, https:\/\/www.henerrfm.com\/wp-content\/uploads\/2025\/11\/Metal-Embossing-Machinexj-1024x360.jpg 1024w, https:\/\/www.henerrfm.com\/wp-content\/uploads\/2025\/11\/Metal-Embossing-Machinexj-768x270.jpg 768w, https:\/\/www.henerrfm.com\/wp-content\/uploads\/2025\/11\/Metal-Embossing-Machinexj-600x211.jpg 600w, https:\/\/www.henerrfm.com\/wp-content\/uploads\/2025\/11\/Metal-Embossing-Machinexj.jpg 1350w\" sizes=\"auto, (max-width: 1311px) 100vw, 1311px\" \/> <img loading=\"lazy\" decoding=\"async\" class=\"alignnone wp-image-2634\" src=\"https:\/\/henerrfm.com\/wp-content\/uploads\/2025\/11\/Metal-Embossing-Machinexj1-300x105.jpg\" alt=\"\" width=\"1311\" height=\"459\" srcset=\"https:\/\/www.henerrfm.com\/wp-content\/uploads\/2025\/11\/Metal-Embossing-Machinexj1-300x105.jpg 300w, https:\/\/www.henerrfm.com\/wp-content\/uploads\/2025\/11\/Metal-Embossing-Machinexj1-1024x360.jpg 1024w, https:\/\/www.henerrfm.com\/wp-content\/uploads\/2025\/11\/Metal-Embossing-Machinexj1-768x270.jpg 768w, https:\/\/www.henerrfm.com\/wp-content\/uploads\/2025\/11\/Metal-Embossing-Machinexj1-600x211.jpg 600w, https:\/\/www.henerrfm.com\/wp-content\/uploads\/2025\/11\/Metal-Embossing-Machinexj1.jpg 1350w\" sizes=\"auto, (max-width: 1311px) 100vw, 1311px\" \/><\/p>\n<h5>Diagrama de flujo<\/h5>\n<p><img loading=\"lazy\" decoding=\"async\" class=\"alignnone wp-image-2635\" src=\"https:\/\/henerrfm.com\/wp-content\/uploads\/2025\/11\/Metal-Embossing-Machinelc-300x137.jpg\" alt=\"\" width=\"1323\" height=\"604\" srcset=\"https:\/\/www.henerrfm.com\/wp-content\/uploads\/2025\/11\/Metal-Embossing-Machinelc-300x137.jpg 300w, https:\/\/www.henerrfm.com\/wp-content\/uploads\/2025\/11\/Metal-Embossing-Machinelc-1024x468.jpg 1024w, https:\/\/www.henerrfm.com\/wp-content\/uploads\/2025\/11\/Metal-Embossing-Machinelc-768x351.jpg 768w, https:\/\/www.henerrfm.com\/wp-content\/uploads\/2025\/11\/Metal-Embossing-Machinelc-600x274.jpg 600w, https:\/\/www.henerrfm.com\/wp-content\/uploads\/2025\/11\/Metal-Embossing-Machinelc.jpg 1350w\" sizes=\"auto, (max-width: 1323px) 100vw, 1323px\" \/><\/p>\n<h5><strong>Solicitud<\/strong><\/h5>\n<h5><img loading=\"lazy\" decoding=\"async\" class=\"alignnone wp-image-2636\" src=\"https:\/\/henerrfm.com\/wp-content\/uploads\/2025\/11\/Metal-Embossing-Machineyy-300x115.jpg\" alt=\"\" width=\"1239\" height=\"475\" srcset=\"https:\/\/www.henerrfm.com\/wp-content\/uploads\/2025\/11\/Metal-Embossing-Machineyy-300x115.jpg 300w, https:\/\/www.henerrfm.com\/wp-content\/uploads\/2025\/11\/Metal-Embossing-Machineyy-1024x393.jpg 1024w, https:\/\/www.henerrfm.com\/wp-content\/uploads\/2025\/11\/Metal-Embossing-Machineyy-768x295.jpg 768w, https:\/\/www.henerrfm.com\/wp-content\/uploads\/2025\/11\/Metal-Embossing-Machineyy-600x230.jpg 600w, https:\/\/www.henerrfm.com\/wp-content\/uploads\/2025\/11\/Metal-Embossing-Machineyy.jpg 1350w\" sizes=\"auto, (max-width: 1239px) 100vw, 1239px\" \/><\/h5>\n<div style=\"all: initial !important;\"><\/div>","protected":false},"excerpt":{"rendered":"<p>&nbsp;<\/p>\n<div style=\"all: initial !important;\"><\/div>","protected":false},"featured_media":2629,"comment_status":"open","ping_status":"closed","template":"","meta":{"_gspb_post_css":""},"product_brand":[],"product_cat":[134,120],"product_tag":[],"class_list":{"0":"post-306","1":"product","2":"type-product","3":"status-publish","4":"has-post-thumbnail","6":"product_cat-metal-embossing-machine","7":"product_cat-roof-wall-panel-roll-forming-machine","9":"first","10":"instock","11":"shipping-taxable","12":"product-type-simple"},"_links":{"self":[{"href":"https:\/\/www.henerrfm.com\/es\/wp-json\/wp\/v2\/product\/306","targetHints":{"allow":["GET"]}}],"collection":[{"href":"https:\/\/www.henerrfm.com\/es\/wp-json\/wp\/v2\/product"}],"about":[{"href":"https:\/\/www.henerrfm.com\/es\/wp-json\/wp\/v2\/types\/product"}],"replies":[{"embeddable":true,"href":"https:\/\/www.henerrfm.com\/es\/wp-json\/wp\/v2\/comments?post=306"}],"wp:featuredmedia":[{"embeddable":true,"href":"https:\/\/www.henerrfm.com\/es\/wp-json\/wp\/v2\/media\/2629"}],"wp:attachment":[{"href":"https:\/\/www.henerrfm.com\/es\/wp-json\/wp\/v2\/media?parent=306"}],"wp:term":[{"taxonomy":"product_brand","embeddable":true,"href":"https:\/\/www.henerrfm.com\/es\/wp-json\/wp\/v2\/product_brand?post=306"},{"taxonomy":"product_cat","embeddable":true,"href":"https:\/\/www.henerrfm.com\/es\/wp-json\/wp\/v2\/product_cat?post=306"},{"taxonomy":"product_tag","embeddable":true,"href":"https:\/\/www.henerrfm.com\/es\/wp-json\/wp\/v2\/product_tag?post=306"}],"curies":[{"name":"wp","href":"https:\/\/api.w.org\/{rel}","templated":true}]}}