{"id":3061,"date":"2025-11-24T07:32:17","date_gmt":"2025-11-24T07:32:17","guid":{"rendered":"https:\/\/henerrfm.com\/?post_type=product&#038;p=3061"},"modified":"2025-12-03T06:10:40","modified_gmt":"2025-12-03T06:10:40","slug":"shutter-bottom-panel-roll-forming-machine","status":"publish","type":"product","link":"https:\/\/www.henerrfm.com\/es\/product\/shutter-bottom-panel-roll-forming-machine\/","title":{"rendered":"M\u00e1quina formadora de rollos para paneles inferiores de persianas"},"content":{"rendered":"<h5>Descripci\u00f3n general del producto<\/h5>\n<p>La m\u00e1quina perfiladora de paneles inferiores Shutter es un sistema de producci\u00f3n dise\u00f1ado con precisi\u00f3n para fabricar los paneles de sellado inferiores <a href=\"https:\/\/en.wikipedia.org\/wiki\/Rolling_shutter\" target=\"_blank\" rel=\"noopener\">persiana enrollable<\/a> puertas. Procesa tiras de acero galvanizado o inoxidable a trav\u00e9s de etapas continuas de conformado, corte y conformaci\u00f3n para producir paneles con dimensiones precisas y precisi\u00f3n funcional.<\/p>\n<p>Ampliamente utilizada en la industria de puertas enrollables, esta m\u00e1quina mejora la durabilidad y el rendimiento de sellado de las puertas. Al ofrecer formas uniformes y bordes lisos, la m\u00e1quina perfiladora de paneles inferiores de contraventanas mejora la calidad general del producto, extiende la vida \u00fatil y reduce los requisitos de mantenimiento.<\/p>\n<p>Equipada con un sistema de control totalmente automatizado, la m\u00e1quina garantiza un funcionamiento estable, alta productividad y ajustes sencillos. Es una soluci\u00f3n ideal para fabricantes de puertas de contraventanas a gran escala que buscan una producci\u00f3n eficiente, confiable y precisa de paneles inferiores.<\/p>\n<h5>Dibujos de perfil de producto<\/h5>\n<p><img loading=\"lazy\" decoding=\"async\" class=\"alignnone wp-image-3069\" src=\"https:\/\/henerrfm.com\/wp-content\/uploads\/2025\/11\/Shutter-Bottom-Panel-Roll-Forming-Machinepm-300x167.jpg\" alt=\"\" width=\"623\" height=\"347\" srcset=\"https:\/\/www.henerrfm.com\/wp-content\/uploads\/2025\/11\/Shutter-Bottom-Panel-Roll-Forming-Machinepm-300x167.jpg 300w, https:\/\/www.henerrfm.com\/wp-content\/uploads\/2025\/11\/Shutter-Bottom-Panel-Roll-Forming-Machinepm-1024x570.jpg 1024w, https:\/\/www.henerrfm.com\/wp-content\/uploads\/2025\/11\/Shutter-Bottom-Panel-Roll-Forming-Machinepm-768x428.jpg 768w, https:\/\/www.henerrfm.com\/wp-content\/uploads\/2025\/11\/Shutter-Bottom-Panel-Roll-Forming-Machinepm-600x334.jpg 600w, https:\/\/www.henerrfm.com\/wp-content\/uploads\/2025\/11\/Shutter-Bottom-Panel-Roll-Forming-Machinepm.jpg 1350w\" sizes=\"auto, (max-width: 623px) 100vw, 623px\" \/><\/p>\n<h5>Par\u00e1metros t\u00e9cnicos<\/h5>\n<table>\n<tbody>\n<tr>\n<td>Material adecuado<\/td>\n<td>Placa de acero de colores, tablero galvanizado, placa de aluminio<\/td>\n<\/tr>\n<tr>\n<td>Espesor<\/td>\n<td>0,3-0,8 mm<\/td>\n<\/tr>\n<tr>\n<td>Color<\/td>\n<td>Como quieras<\/td>\n<\/tr>\n<tr>\n<td>Tama\u00f1o de apariencia<\/td>\n<td>Aproximadamente 5.0<em>0.8<\/em>1,3 m<\/td>\n<\/tr>\n<tr>\n<td>Filas de rodillos<\/td>\n<td>12 filas<\/td>\n<\/tr>\n<tr>\n<td>Material rodante<\/td>\n<td>Acero 45#, pulido de superficies de rodillos, revestimiento duro<\/td>\n<\/tr>\n<tr>\n<td>Di\u00e1metro del eje<\/td>\n<td>38mm<\/td>\n<\/tr>\n<tr>\n<td>Potencia total<\/td>\n<td>4 kW<\/td>\n<\/tr>\n<tr>\n<td>Productividad<\/td>\n<td>15-20m\/min<\/td>\n<\/tr>\n<tr>\n<td>Material cortador<\/td>\n<td>Tratamiento t\u00e9rmico CR12<\/td>\n<\/tr>\n<tr>\n<td>Sistema de control electr\u00f3nico<\/td>\n<td>PLC, Pantalla T\u00e1ctil, Contador de codificaci\u00f3n<\/td>\n<\/tr>\n<\/tbody>\n<\/table>\n<h5>Diagrama de flujo de producci\u00f3n<\/h5>\n<p><img loading=\"lazy\" decoding=\"async\" class=\"alignnone wp-image-3068\" src=\"https:\/\/henerrfm.com\/wp-content\/uploads\/2025\/11\/Shutter-Bottom-Panel-Roll-Forming-Machinelc-300x60.jpg\" alt=\"\" width=\"1320\" height=\"264\" srcset=\"https:\/\/www.henerrfm.com\/wp-content\/uploads\/2025\/11\/Shutter-Bottom-Panel-Roll-Forming-Machinelc-300x60.jpg 300w, https:\/\/www.henerrfm.com\/wp-content\/uploads\/2025\/11\/Shutter-Bottom-Panel-Roll-Forming-Machinelc-600x119.jpg 600w\" sizes=\"auto, (max-width: 1320px) 100vw, 1320px\" \/><\/p>\n<h5>Visualizaci\u00f3n de detalles del producto<\/h5>\n<p><img loading=\"lazy\" decoding=\"async\" class=\"alignnone wp-image-3070\" src=\"https:\/\/henerrfm.com\/wp-content\/uploads\/2025\/11\/Shutter-Bottom-Panel-Roll-Forming-Machinexj-300x100.jpg\" alt=\"\" width=\"1275\" height=\"425\" srcset=\"https:\/\/www.henerrfm.com\/wp-content\/uploads\/2025\/11\/Shutter-Bottom-Panel-Roll-Forming-Machinexj-300x100.jpg 300w, https:\/\/www.henerrfm.com\/wp-content\/uploads\/2025\/11\/Shutter-Bottom-Panel-Roll-Forming-Machinexj-1024x342.jpg 1024w, https:\/\/www.henerrfm.com\/wp-content\/uploads\/2025\/11\/Shutter-Bottom-Panel-Roll-Forming-Machinexj-768x257.jpg 768w, https:\/\/www.henerrfm.com\/wp-content\/uploads\/2025\/11\/Shutter-Bottom-Panel-Roll-Forming-Machinexj-600x200.jpg 600w, https:\/\/www.henerrfm.com\/wp-content\/uploads\/2025\/11\/Shutter-Bottom-Panel-Roll-Forming-Machinexj.jpg 1350w\" sizes=\"auto, (max-width: 1275px) 100vw, 1275px\" \/><img loading=\"lazy\" decoding=\"async\" class=\"alignnone wp-image-3071\" src=\"https:\/\/henerrfm.com\/wp-content\/uploads\/2025\/11\/Shutter-Bottom-Panel-Roll-Forming-Machinexj2-300x100.jpg\" alt=\"\" width=\"1275\" height=\"425\" srcset=\"https:\/\/www.henerrfm.com\/wp-content\/uploads\/2025\/11\/Shutter-Bottom-Panel-Roll-Forming-Machinexj2-300x100.jpg 300w, https:\/\/www.henerrfm.com\/wp-content\/uploads\/2025\/11\/Shutter-Bottom-Panel-Roll-Forming-Machinexj2-1024x342.jpg 1024w, https:\/\/www.henerrfm.com\/wp-content\/uploads\/2025\/11\/Shutter-Bottom-Panel-Roll-Forming-Machinexj2-768x257.jpg 768w, https:\/\/www.henerrfm.com\/wp-content\/uploads\/2025\/11\/Shutter-Bottom-Panel-Roll-Forming-Machinexj2-600x200.jpg 600w, https:\/\/www.henerrfm.com\/wp-content\/uploads\/2025\/11\/Shutter-Bottom-Panel-Roll-Forming-Machinexj2.jpg 1350w\" sizes=\"auto, (max-width: 1275px) 100vw, 1275px\" \/><\/p>\n<h5>Solicitud<\/h5>\n<p><img loading=\"lazy\" decoding=\"async\" class=\"alignnone wp-image-3072\" src=\"https:\/\/henerrfm.com\/wp-content\/uploads\/2025\/11\/Shutter-Bottom-Panel-Roll-Forming-Machineyy-300x197.jpg\" alt=\"\" width=\"745\" height=\"489\" srcset=\"https:\/\/www.henerrfm.com\/wp-content\/uploads\/2025\/11\/Shutter-Bottom-Panel-Roll-Forming-Machineyy-300x197.jpg 300w, https:\/\/www.henerrfm.com\/wp-content\/uploads\/2025\/11\/Shutter-Bottom-Panel-Roll-Forming-Machineyy-768x504.jpg 768w, https:\/\/www.henerrfm.com\/wp-content\/uploads\/2025\/11\/Shutter-Bottom-Panel-Roll-Forming-Machineyy-600x394.jpg 600w, https:\/\/www.henerrfm.com\/wp-content\/uploads\/2025\/11\/Shutter-Bottom-Panel-Roll-Forming-Machineyy.jpg 800w\" sizes=\"auto, (max-width: 745px) 100vw, 745px\" \/><\/p>\n<h5>Producto terminado<\/h5>\n<p><img loading=\"lazy\" decoding=\"async\" class=\"alignnone wp-image-3067\" src=\"https:\/\/henerrfm.com\/wp-content\/uploads\/2025\/11\/Shutter-Bottom-Panel-Roll-Forming-Machinecp-300x200.jpg\" alt=\"\" width=\"744\" height=\"496\" srcset=\"https:\/\/www.henerrfm.com\/wp-content\/uploads\/2025\/11\/Shutter-Bottom-Panel-Roll-Forming-Machinecp-300x200.jpg 300w, https:\/\/www.henerrfm.com\/wp-content\/uploads\/2025\/11\/Shutter-Bottom-Panel-Roll-Forming-Machinecp-768x512.jpg 768w, https:\/\/www.henerrfm.com\/wp-content\/uploads\/2025\/11\/Shutter-Bottom-Panel-Roll-Forming-Machinecp-600x400.jpg 600w, https:\/\/www.henerrfm.com\/wp-content\/uploads\/2025\/11\/Shutter-Bottom-Panel-Roll-Forming-Machinecp.jpg 800w\" sizes=\"auto, (max-width: 744px) 100vw, 744px\" \/><\/p>","protected":false},"excerpt":{"rendered":"<p>La perfiladora de paneles inferiores de persianas es un sistema de producci\u00f3n de ingenier\u00eda de precisi\u00f3n dise\u00f1ado para fabricar los paneles de sellado inferiores de puertas enrollables. Procesa tiras de acero galvanizado o inoxidable mediante etapas continuas de conformado, corte y conformado para producir paneles con dimensiones precisas y precisi\u00f3n funcional.<\/p>","protected":false},"featured_media":3062,"comment_status":"open","ping_status":"closed","template":"","meta":{"_gspb_post_css":""},"product_brand":[],"product_cat":[147,143],"product_tag":[],"class_list":{"0":"post-3061","1":"product","2":"type-product","3":"status-publish","4":"has-post-thumbnail","6":"product_cat-bottom-shutter-slat-roll-forming-machine","7":"product_cat-door-shutter-roll-forming-machine","9":"first","10":"instock","11":"shipping-taxable","12":"product-type-simple"},"_links":{"self":[{"href":"https:\/\/www.henerrfm.com\/es\/wp-json\/wp\/v2\/product\/3061","targetHints":{"allow":["GET"]}}],"collection":[{"href":"https:\/\/www.henerrfm.com\/es\/wp-json\/wp\/v2\/product"}],"about":[{"href":"https:\/\/www.henerrfm.com\/es\/wp-json\/wp\/v2\/types\/product"}],"replies":[{"embeddable":true,"href":"https:\/\/www.henerrfm.com\/es\/wp-json\/wp\/v2\/comments?post=3061"}],"wp:featuredmedia":[{"embeddable":true,"href":"https:\/\/www.henerrfm.com\/es\/wp-json\/wp\/v2\/media\/3062"}],"wp:attachment":[{"href":"https:\/\/www.henerrfm.com\/es\/wp-json\/wp\/v2\/media?parent=3061"}],"wp:term":[{"taxonomy":"product_brand","embeddable":true,"href":"https:\/\/www.henerrfm.com\/es\/wp-json\/wp\/v2\/product_brand?post=3061"},{"taxonomy":"product_cat","embeddable":true,"href":"https:\/\/www.henerrfm.com\/es\/wp-json\/wp\/v2\/product_cat?post=3061"},{"taxonomy":"product_tag","embeddable":true,"href":"https:\/\/www.henerrfm.com\/es\/wp-json\/wp\/v2\/product_tag?post=3061"}],"curies":[{"name":"wp","href":"https:\/\/api.w.org\/{rel}","templated":true}]}}