{"id":3073,"date":"2025-11-24T07:34:57","date_gmt":"2025-11-24T07:34:57","guid":{"rendered":"https:\/\/henerrfm.com\/?post_type=product&#038;p=3073"},"modified":"2025-12-17T05:50:00","modified_gmt":"2025-12-17T05:50:00","slug":"rack-p-beam-roll-forming-machine","status":"publish","type":"product","link":"https:\/\/www.henerrfm.com\/es\/product\/rack-p-beam-roll-forming-machine\/","title":{"rendered":"M\u00e1quina formadora de vigas P para estanter\u00edas de almac\u00e9n de servicio pesado"},"content":{"rendered":"<h5>Descripci\u00f3n general del producto<\/h5>\n<p>La perfiladora de vigas P para estanter\u00edas de almac\u00e9n de alta resistencia es una innovadora l\u00ednea de producci\u00f3n dise\u00f1ada para crear vigas P de alta resistencia que se utilizan en estanter\u00edas y soluciones de almacenamiento. Dise\u00f1ada para brindar precisi\u00f3n y eficiencia, este sistema forma <a href=\"https:\/\/en.wikipedia.org\/wiki\/Galvanization\" target=\"_blank\" rel=\"noopener\">galvanizado<\/a> chapas de acero de espesor desde 0,6 mm a 1,2 mm, alcanzando velocidades de producci\u00f3n estables de 10-15 metros por minuto.<\/p>\n<p>Ideal para <a href=\"https:\/\/www.henerrfm.com\/es\/producto\/shutter-bottom-panel-roll-forming-machine\/\">estanter\u00edas industriales<\/a>, En centros log\u00edsticos y estructuras de exhibici\u00f3n para tiendas minoristas, la perfiladora de vigas P para rack garantiza una consistencia superior de las vigas, una excelente capacidad de carga y una larga durabilidad. Gracias a su automatizaci\u00f3n avanzada y su construcci\u00f3n robusta, ofrece a los fabricantes un rendimiento confiable y costos de producci\u00f3n reducidos en proyectos de almacenamiento a gran escala.<\/p>\n<p>Para el dise\u00f1o de vigas P o vigas escalonadas, podemos fabricar seg\u00fan sus requisitos, como a\u00f1adir nervaduras, soldadura por puntos o soldadura de l\u00ednea completa. Puede optar por soldadura TIG, l\u00e1ser o de alta frecuencia. La herramienta de soldadura determinar\u00e1 el efecto y la velocidad de la soldadura de vigas escalonadas.<\/p>\n<h5>Dibujos de perfil de producto<\/h5>\n<p><img loading=\"lazy\" decoding=\"async\" class=\"alignnone wp-image-3147\" src=\"https:\/\/henerrfm.com\/wp-content\/uploads\/2025\/11\/heavy-duty-warehouse-rack-P-beam-roll-forming-machinpm-211x300.jpg\" alt=\"\" width=\"698\" height=\"992\" srcset=\"https:\/\/www.henerrfm.com\/wp-content\/uploads\/2025\/11\/heavy-duty-warehouse-rack-P-beam-roll-forming-machinpm-211x300.jpg 211w, https:\/\/www.henerrfm.com\/wp-content\/uploads\/2025\/11\/heavy-duty-warehouse-rack-P-beam-roll-forming-machinpm-768x1093.jpg 768w, https:\/\/www.henerrfm.com\/wp-content\/uploads\/2025\/11\/heavy-duty-warehouse-rack-P-beam-roll-forming-machinpm-600x854.jpg 600w\" sizes=\"auto, (max-width: 698px) 100vw, 698px\" \/><\/p>\n<h5>Par\u00e1metros t\u00e9cnicos<\/h5>\n<table>\n<tbody>\n<tr>\n<td>Material Metal Base<\/td>\n<td>Acero galvanizado (aprobado por el cliente)<\/td>\n<\/tr>\n<tr>\n<td>Rango de espesor<\/td>\n<td>0,6-1,2 mm<\/td>\n<\/tr>\n<tr>\n<td>Configuraci\u00f3n del rodillo desenrollador<\/td>\n<td>Sistema de 7 rodillos (3 superiores, +, 4 inferiores) (aplanamiento de material est\u00e1ndar)<\/td>\n<\/tr>\n<tr>\n<td>Capacidad m\u00e1xima<\/td>\n<td>3 toneladas<\/td>\n<\/tr>\n<tr>\n<td>Di\u00e1metro del n\u00facleo de la bobina<\/td>\n<td>450-550 mil\u00edmetros<\/td>\n<\/tr>\n<tr>\n<td>Sistema de gu\u00eda de la unidad de conformado<\/td>\n<td>Dise\u00f1o integrado (instalado por el proveedor)<\/td>\n<\/tr>\n<tr>\n<td>Material del eje<\/td>\n<td>Acero templado 45#<\/td>\n<\/tr>\n<tr>\n<td>Di\u00e1metro del eje<\/td>\n<td>\u00d860 mm<\/td>\n<\/tr>\n<tr>\n<td>Dureza del rodillo<\/td>\n<td>Aleaci\u00f3n Cr12 (HRC 56-58)<\/td>\n<\/tr>\n<tr>\n<td>Estaciones de formaci\u00f3n<\/td>\n<td>18 etapas<\/td>\n<\/tr>\n<tr>\n<td>Velocidad operativa<\/td>\n<td>10-15 m\/min (ajustable)<\/td>\n<\/tr>\n<tr>\n<td>Bastidor de la m\u00e1quina<\/td>\n<td>Estructura de arco vertical (construcci\u00f3n de acero soldado)<\/td>\n<\/tr>\n<tr>\n<td>Mecanismo de accionamiento<\/td>\n<td>Motores duales de 7,5 kW (accionados por cadena)<\/td>\n<\/tr>\n<tr>\n<td>Caracter\u00edsticas de seguridad<\/td>\n<td>Cubiertas protectoras completas<\/td>\n<\/tr>\n<\/tbody>\n<\/table>\n<h5>Diagrama de flujo de producci\u00f3n<\/h5>\n<p><img loading=\"lazy\" decoding=\"async\" class=\"alignnone wp-image-3143\" src=\"https:\/\/henerrfm.com\/wp-content\/uploads\/2025\/11\/heavy-duty-warehouse-rack-P-beam-roll-forming-machinelc-1-300x104.jpg\" alt=\"\" width=\"1318\" height=\"457\" srcset=\"https:\/\/www.henerrfm.com\/wp-content\/uploads\/2025\/11\/heavy-duty-warehouse-rack-P-beam-roll-forming-machinelc-1-300x104.jpg 300w, https:\/\/www.henerrfm.com\/wp-content\/uploads\/2025\/11\/heavy-duty-warehouse-rack-P-beam-roll-forming-machinelc-1-768x265.jpg 768w, https:\/\/www.henerrfm.com\/wp-content\/uploads\/2025\/11\/heavy-duty-warehouse-rack-P-beam-roll-forming-machinelc-1-600x207.jpg 600w\" sizes=\"auto, (max-width: 1318px) 100vw, 1318px\" \/><\/p>\n<h5>Visualizaci\u00f3n de detalles del producto<\/h5>\n<h5><img loading=\"lazy\" decoding=\"async\" class=\"alignnone wp-image-3144\" src=\"https:\/\/henerrfm.com\/wp-content\/uploads\/2025\/11\/heavy-duty-warehouse-rack-P-beam-roll-forming-machinexj-1-300x94.jpg\" alt=\"\" width=\"1347\" height=\"422\" srcset=\"https:\/\/www.henerrfm.com\/wp-content\/uploads\/2025\/11\/heavy-duty-warehouse-rack-P-beam-roll-forming-machinexj-1-300x94.jpg 300w, https:\/\/www.henerrfm.com\/wp-content\/uploads\/2025\/11\/heavy-duty-warehouse-rack-P-beam-roll-forming-machinexj-1-1024x321.jpg 1024w, https:\/\/www.henerrfm.com\/wp-content\/uploads\/2025\/11\/heavy-duty-warehouse-rack-P-beam-roll-forming-machinexj-1-768x241.jpg 768w, https:\/\/www.henerrfm.com\/wp-content\/uploads\/2025\/11\/heavy-duty-warehouse-rack-P-beam-roll-forming-machinexj-1-600x188.jpg 600w, https:\/\/www.henerrfm.com\/wp-content\/uploads\/2025\/11\/heavy-duty-warehouse-rack-P-beam-roll-forming-machinexj-1.jpg 1350w\" sizes=\"auto, (max-width: 1347px) 100vw, 1347px\" \/> <img loading=\"lazy\" decoding=\"async\" class=\"alignnone wp-image-3145\" src=\"https:\/\/henerrfm.com\/wp-content\/uploads\/2025\/11\/heavy-duty-warehouse-rack-P-beam-roll-forming-machinexj1-300x82.jpg\" alt=\"\" width=\"1346\" height=\"368\" srcset=\"https:\/\/www.henerrfm.com\/wp-content\/uploads\/2025\/11\/heavy-duty-warehouse-rack-P-beam-roll-forming-machinexj1-300x82.jpg 300w, https:\/\/www.henerrfm.com\/wp-content\/uploads\/2025\/11\/heavy-duty-warehouse-rack-P-beam-roll-forming-machinexj1-1024x281.jpg 1024w, https:\/\/www.henerrfm.com\/wp-content\/uploads\/2025\/11\/heavy-duty-warehouse-rack-P-beam-roll-forming-machinexj1-768x211.jpg 768w, https:\/\/www.henerrfm.com\/wp-content\/uploads\/2025\/11\/heavy-duty-warehouse-rack-P-beam-roll-forming-machinexj1-600x165.jpg 600w\" sizes=\"auto, (max-width: 1346px) 100vw, 1346px\" \/> <img loading=\"lazy\" decoding=\"async\" class=\"alignnone wp-image-3146\" src=\"https:\/\/henerrfm.com\/wp-content\/uploads\/2025\/11\/heavy-duty-warehouse-rack-P-beam-roll-forming-machinexj3-300x82.jpg\" alt=\"\" width=\"1343\" height=\"367\" srcset=\"https:\/\/www.henerrfm.com\/wp-content\/uploads\/2025\/11\/heavy-duty-warehouse-rack-P-beam-roll-forming-machinexj3-300x82.jpg 300w, https:\/\/www.henerrfm.com\/wp-content\/uploads\/2025\/11\/heavy-duty-warehouse-rack-P-beam-roll-forming-machinexj3-1024x281.jpg 1024w, https:\/\/www.henerrfm.com\/wp-content\/uploads\/2025\/11\/heavy-duty-warehouse-rack-P-beam-roll-forming-machinexj3-768x211.jpg 768w, https:\/\/www.henerrfm.com\/wp-content\/uploads\/2025\/11\/heavy-duty-warehouse-rack-P-beam-roll-forming-machinexj3-600x165.jpg 600w\" sizes=\"auto, (max-width: 1343px) 100vw, 1343px\" \/><\/h5>\n<p>&nbsp;<\/p>\n<h5>Producto terminado<\/h5>\n<p><img loading=\"lazy\" decoding=\"async\" class=\"alignnone wp-image-3075\" src=\"https:\/\/henerrfm.com\/wp-content\/uploads\/2025\/11\/Heavy-Duty-Warehouse-Rack-P-Beam-Roll-Forming-Machinecp-300x219.jpg\" alt=\"\" width=\"774\" height=\"565\" srcset=\"https:\/\/www.henerrfm.com\/wp-content\/uploads\/2025\/11\/Heavy-Duty-Warehouse-Rack-P-Beam-Roll-Forming-Machinecp-300x219.jpg 300w, https:\/\/www.henerrfm.com\/wp-content\/uploads\/2025\/11\/Heavy-Duty-Warehouse-Rack-P-Beam-Roll-Forming-Machinecp-1024x747.jpg 1024w, https:\/\/www.henerrfm.com\/wp-content\/uploads\/2025\/11\/Heavy-Duty-Warehouse-Rack-P-Beam-Roll-Forming-Machinecp-768x560.jpg 768w, https:\/\/www.henerrfm.com\/wp-content\/uploads\/2025\/11\/Heavy-Duty-Warehouse-Rack-P-Beam-Roll-Forming-Machinecp-600x438.jpg 600w, https:\/\/www.henerrfm.com\/wp-content\/uploads\/2025\/11\/Heavy-Duty-Warehouse-Rack-P-Beam-Roll-Forming-Machinecp.jpg 1350w\" sizes=\"auto, (max-width: 774px) 100vw, 774px\" \/><\/p>","protected":false},"excerpt":{"rendered":"<p>La perfiladora de vigas P para estanter\u00edas de almac\u00e9n de alta resistencia es una innovadora l\u00ednea de producci\u00f3n dise\u00f1ada para crear vigas P de alta resistencia que se utilizan en estanter\u00edas y soluciones de almacenamiento. Dise\u00f1ada para ofrecer precisi\u00f3n y eficiencia, este sistema forma l\u00e1minas de acero galvanizado con espesores de entre 0,6 mm y 1,2 mm, alcanzando velocidades de producci\u00f3n estables de 10 a 15 metros por minuto.<\/p>","protected":false},"featured_media":3140,"comment_status":"open","ping_status":"closed","template":"","meta":{"_gspb_post_css":""},"product_brand":[],"product_cat":[156,154],"product_tag":[],"class_list":{"0":"post-3073","1":"product","2":"type-product","3":"status-publish","4":"has-post-thumbnail","6":"product_cat-shelf-beam-roll-forming-machine","7":"product_cat-storage-rack-roll-forming-machine","9":"first","10":"instock","11":"shipping-taxable","12":"product-type-simple"},"_links":{"self":[{"href":"https:\/\/www.henerrfm.com\/es\/wp-json\/wp\/v2\/product\/3073","targetHints":{"allow":["GET"]}}],"collection":[{"href":"https:\/\/www.henerrfm.com\/es\/wp-json\/wp\/v2\/product"}],"about":[{"href":"https:\/\/www.henerrfm.com\/es\/wp-json\/wp\/v2\/types\/product"}],"replies":[{"embeddable":true,"href":"https:\/\/www.henerrfm.com\/es\/wp-json\/wp\/v2\/comments?post=3073"}],"wp:featuredmedia":[{"embeddable":true,"href":"https:\/\/www.henerrfm.com\/es\/wp-json\/wp\/v2\/media\/3140"}],"wp:attachment":[{"href":"https:\/\/www.henerrfm.com\/es\/wp-json\/wp\/v2\/media?parent=3073"}],"wp:term":[{"taxonomy":"product_brand","embeddable":true,"href":"https:\/\/www.henerrfm.com\/es\/wp-json\/wp\/v2\/product_brand?post=3073"},{"taxonomy":"product_cat","embeddable":true,"href":"https:\/\/www.henerrfm.com\/es\/wp-json\/wp\/v2\/product_cat?post=3073"},{"taxonomy":"product_tag","embeddable":true,"href":"https:\/\/www.henerrfm.com\/es\/wp-json\/wp\/v2\/product_tag?post=3073"}],"curies":[{"name":"wp","href":"https:\/\/api.w.org\/{rel}","templated":true}]}}