{"id":3079,"date":"2025-11-24T07:37:56","date_gmt":"2025-11-24T07:37:56","guid":{"rendered":"https:\/\/henerrfm.com\/?post_type=product&#038;p=3079"},"modified":"2025-12-03T05:58:21","modified_gmt":"2025-12-03T05:58:21","slug":"shelf-panel-roll-forming-machine","status":"publish","type":"product","link":"https:\/\/www.henerrfm.com\/es\/product\/shelf-panel-roll-forming-machine\/","title":{"rendered":"M\u00e1quina formadora de paneles para estantes de supermercado"},"content":{"rendered":"<h5>Descripci\u00f3n general del producto<\/h5>\n<p>La m\u00e1quina formadora de rollos de paneles de estantes de supermercado de HENER es una l\u00ednea de producci\u00f3n totalmente automatizada dise\u00f1ada para la fabricaci\u00f3n en masa de estantes de supermercados <a href=\"https:\/\/en.wikipedia.org\/wiki\/Panel\" target=\"_blank\" rel=\"noopener\">paneles<\/a>. Este avanzado sistema combina a la perfecci\u00f3n procesos de nivelaci\u00f3n, punzonado, conformado y corte, brindando una precisi\u00f3n excepcional, salida de alta velocidad y rendimiento estable.<\/p>\n<p>Ideal para la producci\u00f3n de estanter\u00edas y estantes de exhibici\u00f3n a gran escala, la m\u00e1quina formadora de rollos de paneles de estantes de supermercado ofrece opciones de configuraci\u00f3n flexibles, costos de mano de obra reducidos y una calidad de producto constante, lo que la convierte en una soluci\u00f3n perfecta para los fabricantes de sistemas de estantes modernos que buscan eficiencia y confiabilidad.<\/p>\n<h5>Dibujos de perfil de producto<\/h5>\n<p><img loading=\"lazy\" decoding=\"async\" class=\"alignnone wp-image-3086\" src=\"https:\/\/henerrfm.com\/wp-content\/uploads\/2025\/11\/Supermarket-Shelf-Panel-Roll-Forming-Machinepm-300x131.jpg\" alt=\"\" width=\"1301\" height=\"568\" srcset=\"https:\/\/www.henerrfm.com\/wp-content\/uploads\/2025\/11\/Supermarket-Shelf-Panel-Roll-Forming-Machinepm-300x131.jpg 300w, https:\/\/www.henerrfm.com\/wp-content\/uploads\/2025\/11\/Supermarket-Shelf-Panel-Roll-Forming-Machinepm-1024x446.jpg 1024w, https:\/\/www.henerrfm.com\/wp-content\/uploads\/2025\/11\/Supermarket-Shelf-Panel-Roll-Forming-Machinepm-768x335.jpg 768w, https:\/\/www.henerrfm.com\/wp-content\/uploads\/2025\/11\/Supermarket-Shelf-Panel-Roll-Forming-Machinepm-600x261.jpg 600w, https:\/\/www.henerrfm.com\/wp-content\/uploads\/2025\/11\/Supermarket-Shelf-Panel-Roll-Forming-Machinepm.jpg 1350w\" sizes=\"auto, (max-width: 1301px) 100vw, 1301px\" \/><\/p>\n<h5>Par\u00e1metros t\u00e9cnicos<\/h5>\n<table>\n<thead>\n<tr>\n<th>Art\u00edculo<\/th>\n<th>Especificaci\u00f3n<\/th>\n<\/tr>\n<\/thead>\n<tbody>\n<tr>\n<td>Material<\/td>\n<td>Bobina laminada en fr\u00edo (0,4-0,7 mm)<\/td>\n<\/tr>\n<tr>\n<td>Anchos de panel<\/td>\n<td>410 \/ 510 \/ 610 \/ 710 mm<\/td>\n<\/tr>\n<tr>\n<td>Desenrollador<\/td>\n<td>Capacidad 5T, ID \u00ab450-550mm, OD 1300mm<\/td>\n<\/tr>\n<tr>\n<td>Estaciones de rodillos<\/td>\n<td>20 filas (personalizables)<\/td>\n<\/tr>\n<tr>\n<td>Material del rodillo<\/td>\n<td>Cr12MoV, tratado t\u00e9rmicamente, HRC55-58<\/td>\n<\/tr>\n<tr>\n<td>Di\u00e1metro del eje<\/td>\n<td>Eje macizo de 050 mm<\/td>\n<\/tr>\n<tr>\n<td>Cortador<\/td>\n<td>Cr12MoV, autom\u00e1tico, sin deformaci\u00f3n<\/td>\n<\/tr>\n<tr>\n<td>Poder principal<\/td>\n<td>\u226430 KW<\/td>\n<\/tr>\n<tr>\n<td>Voltaje<\/td>\n<td>380V, 50Hz, 3Fase (personalizable)<\/td>\n<\/tr>\n<tr>\n<td>Sistema de control<\/td>\n<td>Automatizaci\u00f3n PLC, transmisi\u00f3n de engranajes<\/td>\n<\/tr>\n<tr>\n<td>Velocidad de formaci\u00f3n<\/td>\n<td>10m\/min (personalizable)<\/td>\n<\/tr>\n<\/tbody>\n<\/table>\n<h5>Visualizaci\u00f3n de detalles del producto<\/h5>\n<p><img loading=\"lazy\" decoding=\"async\" class=\"alignnone wp-image-3087\" src=\"https:\/\/henerrfm.com\/wp-content\/uploads\/2025\/11\/Supermarket-Shelf-Panel-Roll-Forming-Machinexj-300x100.jpg\" alt=\"\" width=\"1326\" height=\"442\" srcset=\"https:\/\/www.henerrfm.com\/wp-content\/uploads\/2025\/11\/Supermarket-Shelf-Panel-Roll-Forming-Machinexj-300x100.jpg 300w, https:\/\/www.henerrfm.com\/wp-content\/uploads\/2025\/11\/Supermarket-Shelf-Panel-Roll-Forming-Machinexj-1024x342.jpg 1024w, https:\/\/www.henerrfm.com\/wp-content\/uploads\/2025\/11\/Supermarket-Shelf-Panel-Roll-Forming-Machinexj-768x257.jpg 768w, https:\/\/www.henerrfm.com\/wp-content\/uploads\/2025\/11\/Supermarket-Shelf-Panel-Roll-Forming-Machinexj-600x200.jpg 600w, https:\/\/www.henerrfm.com\/wp-content\/uploads\/2025\/11\/Supermarket-Shelf-Panel-Roll-Forming-Machinexj.jpg 1350w\" sizes=\"auto, (max-width: 1326px) 100vw, 1326px\" \/><\/p>\n<h5>Solicitud<\/h5>\n<p><img loading=\"lazy\" decoding=\"async\" class=\"alignnone wp-image-3088\" src=\"https:\/\/henerrfm.com\/wp-content\/uploads\/2025\/11\/Supermarket-Shelf-Panel-Roll-Forming-Machineyy-217x300.jpg\" alt=\"\" width=\"637\" height=\"881\" srcset=\"https:\/\/www.henerrfm.com\/wp-content\/uploads\/2025\/11\/Supermarket-Shelf-Panel-Roll-Forming-Machineyy-217x300.jpg 217w, https:\/\/www.henerrfm.com\/wp-content\/uploads\/2025\/11\/Supermarket-Shelf-Panel-Roll-Forming-Machineyy-741x1024.jpg 741w, https:\/\/www.henerrfm.com\/wp-content\/uploads\/2025\/11\/Supermarket-Shelf-Panel-Roll-Forming-Machineyy-768x1061.jpg 768w, https:\/\/www.henerrfm.com\/wp-content\/uploads\/2025\/11\/Supermarket-Shelf-Panel-Roll-Forming-Machineyy-600x829.jpg 600w, https:\/\/www.henerrfm.com\/wp-content\/uploads\/2025\/11\/Supermarket-Shelf-Panel-Roll-Forming-Machineyy.jpg 800w\" sizes=\"auto, (max-width: 637px) 100vw, 637px\" \/><\/p>\n<h5><\/h5>","protected":false},"excerpt":{"rendered":"<p>La m\u00e1quina perfiladora de paneles para estantes de supermercado de HENER es una l\u00ednea de producci\u00f3n totalmente automatizada dise\u00f1ada para la fabricaci\u00f3n en masa de paneles traseros para estantes de supermercado. Este avanzado sistema combina a la perfecci\u00f3n los procesos de nivelaci\u00f3n, punzonado, conformado y corte, ofreciendo una precisi\u00f3n excepcional, alta velocidad de producci\u00f3n y un rendimiento estable.<\/p>","protected":false},"featured_media":3080,"comment_status":"open","ping_status":"closed","template":"","meta":{"_gspb_post_css":""},"product_brand":[],"product_cat":[157,154],"product_tag":[],"class_list":{"0":"post-3079","1":"product","2":"type-product","3":"status-publish","4":"has-post-thumbnail","6":"product_cat-metal-shelf-panel-roll-forming-machine","7":"product_cat-storage-rack-roll-forming-machine","9":"first","10":"instock","11":"shipping-taxable","12":"product-type-simple"},"_links":{"self":[{"href":"https:\/\/www.henerrfm.com\/es\/wp-json\/wp\/v2\/product\/3079","targetHints":{"allow":["GET"]}}],"collection":[{"href":"https:\/\/www.henerrfm.com\/es\/wp-json\/wp\/v2\/product"}],"about":[{"href":"https:\/\/www.henerrfm.com\/es\/wp-json\/wp\/v2\/types\/product"}],"replies":[{"embeddable":true,"href":"https:\/\/www.henerrfm.com\/es\/wp-json\/wp\/v2\/comments?post=3079"}],"wp:featuredmedia":[{"embeddable":true,"href":"https:\/\/www.henerrfm.com\/es\/wp-json\/wp\/v2\/media\/3080"}],"wp:attachment":[{"href":"https:\/\/www.henerrfm.com\/es\/wp-json\/wp\/v2\/media?parent=3079"}],"wp:term":[{"taxonomy":"product_brand","embeddable":true,"href":"https:\/\/www.henerrfm.com\/es\/wp-json\/wp\/v2\/product_brand?post=3079"},{"taxonomy":"product_cat","embeddable":true,"href":"https:\/\/www.henerrfm.com\/es\/wp-json\/wp\/v2\/product_cat?post=3079"},{"taxonomy":"product_tag","embeddable":true,"href":"https:\/\/www.henerrfm.com\/es\/wp-json\/wp\/v2\/product_tag?post=3079"}],"curies":[{"name":"wp","href":"https:\/\/api.w.org\/{rel}","templated":true}]}}