{"id":3089,"date":"2025-11-24T07:40:32","date_gmt":"2025-11-24T07:40:32","guid":{"rendered":"https:\/\/henerrfm.com\/?post_type=product&#038;p=3089"},"modified":"2025-12-04T05:50:38","modified_gmt":"2025-12-04T05:50:38","slug":"automatic-metal-coil-slitting-line","status":"publish","type":"product","link":"https:\/\/www.henerrfm.com\/es\/product\/automatic-metal-coil-slitting-line\/","title":{"rendered":"L\u00ednea autom\u00e1tica de corte longitudinal de bobinas de metal"},"content":{"rendered":"<h5>Descripci\u00f3n general del producto<\/h5>\n<p>El <a href=\"https:\/\/www.henerrfm.com\/es\/producto\/tr4-roof-sheet-making-machine\/\">autom\u00e1tico<\/a> la l\u00ednea de corte de bobinas met\u00e1licas es una soluci\u00f3n totalmente automatizada y de alta precisi\u00f3n dise\u00f1ada para el corte longitudinal de metal<a href=\"https:\/\/en.wikipedia.org\/wiki\/Coil\" target=\"_blank\" rel=\"noopener\"> bobinas<\/a>, incluido acero laminado en caliente, acero galvanizado y materiales similares. Equipado con un sistema de control PLC inteligente, integra cizallamiento hidr\u00e1ulico, regulaci\u00f3n de tensi\u00f3n y retroceso autom\u00e1tico para garantizar un rendimiento consistente y preciso durante toda la producci\u00f3n.<\/p>\n<p>Capaz de manipular bobinas de hasta 1600 mm de ancho y 0,4-4,0 mm de espesor, esta l\u00ednea ofrece cortes suaves y sin rebabas con un m\u00ednimo desperdicio de material. Su tama\u00f1o compacto (aproximadamente 30\u00d712 m) y su potencia instalada total de 300 kW lo convierten en una opci\u00f3n potente pero eficiente en espacio para aplicaciones industriales.<\/p>\n<p>Ampliamente aplicada en instalaciones de fabricaci\u00f3n de metales y producci\u00f3n de tuber\u00edas soldadas, la l\u00ednea de corte de bobinas met\u00e1licas ofrece un funcionamiento estable, alta productividad y excelente rentabilidad, lo que la convierte en una soluci\u00f3n ideal para operaciones de procesamiento de bobinas a gran escala y corte de precisi\u00f3n.<\/p>\n<h5>Par\u00e1metros t\u00e9cnicos<\/h5>\n<table>\n<thead>\n<tr>\n<th>Par\u00e1metro t\u00e9cnico<\/th>\n<th>Valor<\/th>\n<th>Observaciones<\/th>\n<\/tr>\n<\/thead>\n<tbody>\n<tr>\n<td>Velocidad de corte<\/td>\n<td>0-60 m\/min<\/td>\n<td>La velocidad m\u00e1xima no se aplica al espesor m\u00e1ximo<\/td>\n<\/tr>\n<tr>\n<td>N\u00famero de tiras<\/td>\n<td>4-15 tiras<\/td>\n<td>--<\/td>\n<\/tr>\n<tr>\n<td>Di\u00e1metro interior de la bobina terminada<\/td>\n<td>&lt;610 mm<\/td>\n<td>--<\/td>\n<\/tr>\n<tr>\n<td>Ancho del borde de desecho<\/td>\n<td>10-20 mm<\/td>\n<td>--<\/td>\n<\/tr>\n<tr>\n<td>Altura de elevaci\u00f3n de la l\u00ednea<\/td>\n<td>+900 mm<\/td>\n<td>--<\/td>\n<\/tr>\n<tr>\n<td>Direcci\u00f3n de alimentaci\u00f3n<\/td>\n<td>Izquierda o derecha (personalizable)<\/td>\n<td>--<\/td>\n<\/tr>\n<tr>\n<td>Tolerancia de ancho<\/td>\n<td>0-0,3 mm<\/td>\n<td>--<\/td>\n<\/tr>\n<tr>\n<td>Camber (m\u00e1x.)<\/td>\n<td>\u226415 mm \/ 5m<\/td>\n<td>--<\/td>\n<\/tr>\n<tr>\n<td>Forma de torre de bobina<\/td>\n<td>\u226410 mm<\/td>\n<td>--<\/td>\n<\/tr>\n<tr>\n<td>Rebabas en los bordes de las tiras<\/td>\n<td>\u22642,5% de grosor, \u22640,3 mm<\/td>\n<td>--<\/td>\n<\/tr>\n<tr>\n<td>Calidad de la superficie de la tira<\/td>\n<td>Sin rayones<\/td>\n<td>--<\/td>\n<\/tr>\n<tr>\n<td>Potencia total instalada<\/td>\n<td>300 KW<\/td>\n<td>--<\/td>\n<\/tr>\n<tr>\n<td>Longitud total de la l\u00ednea<\/td>\n<td>26 m<\/td>\n<td>--<\/td>\n<\/tr>\n<tr>\n<td>Se requiere espacio en el piso<\/td>\n<td>~30m \u00d712m<\/td>\n<td>--<\/td>\n<\/tr>\n<\/tbody>\n<\/table>\n<h5>Diagrama de flujo de producci\u00f3n<\/h5>\n<p><img loading=\"lazy\" decoding=\"async\" class=\"alignnone wp-image-3126\" src=\"https:\/\/henerrfm.com\/wp-content\/uploads\/2025\/11\/slitting-machinelc-300x180.jpg\" alt=\"\" width=\"1265\" height=\"759\" srcset=\"https:\/\/www.henerrfm.com\/wp-content\/uploads\/2025\/11\/slitting-machinelc-300x180.jpg 300w, https:\/\/www.henerrfm.com\/wp-content\/uploads\/2025\/11\/slitting-machinelc-1024x613.jpg 1024w, https:\/\/www.henerrfm.com\/wp-content\/uploads\/2025\/11\/slitting-machinelc-768x460.jpg 768w, https:\/\/www.henerrfm.com\/wp-content\/uploads\/2025\/11\/slitting-machinelc-600x359.jpg 600w\" sizes=\"auto, (max-width: 1265px) 100vw, 1265px\" \/><\/p>\n<h5 style=\"text-align: left;\">V\u00eddeo del producto<\/h5>\n<p><iframe loading=\"lazy\" title=\"L\u00ednea de corte de bobina met\u00e1lica\" width=\"1350\" height=\"759\" src=\"https:\/\/www.youtube.com\/embed\/yfWUZfrSvsA?feature=oembed\" frameborder=\"0\" allow=\"accelerometer; autoplay; clipboard-write; encrypted-media; gyroscope; picture-in-picture; web-share\" referrerpolicy=\"strict-origin-when-cross-origin\" allowfullscreen><\/iframe><\/p>\n<h5>Visualizaci\u00f3n de detalles del producto<\/h5>\n<p><img loading=\"lazy\" decoding=\"async\" class=\"alignnone wp-image-3127\" src=\"https:\/\/henerrfm.com\/wp-content\/uploads\/2025\/11\/slitting-machinexj-300x100.jpg\" alt=\"\" width=\"1236\" height=\"412\" srcset=\"https:\/\/www.henerrfm.com\/wp-content\/uploads\/2025\/11\/slitting-machinexj-300x100.jpg 300w, https:\/\/www.henerrfm.com\/wp-content\/uploads\/2025\/11\/slitting-machinexj-1024x342.jpg 1024w, https:\/\/www.henerrfm.com\/wp-content\/uploads\/2025\/11\/slitting-machinexj-768x257.jpg 768w, https:\/\/www.henerrfm.com\/wp-content\/uploads\/2025\/11\/slitting-machinexj-600x200.jpg 600w, https:\/\/www.henerrfm.com\/wp-content\/uploads\/2025\/11\/slitting-machinexj.jpg 1350w\" sizes=\"auto, (max-width: 1236px) 100vw, 1236px\" \/><img loading=\"lazy\" decoding=\"async\" class=\"alignnone wp-image-3128\" src=\"https:\/\/henerrfm.com\/wp-content\/uploads\/2025\/11\/slitting-machinexj1-300x100.jpg\" alt=\"\" width=\"1233\" height=\"411\" srcset=\"https:\/\/www.henerrfm.com\/wp-content\/uploads\/2025\/11\/slitting-machinexj1-300x100.jpg 300w, https:\/\/www.henerrfm.com\/wp-content\/uploads\/2025\/11\/slitting-machinexj1-1024x342.jpg 1024w, https:\/\/www.henerrfm.com\/wp-content\/uploads\/2025\/11\/slitting-machinexj1-768x257.jpg 768w, https:\/\/www.henerrfm.com\/wp-content\/uploads\/2025\/11\/slitting-machinexj1-600x200.jpg 600w, https:\/\/www.henerrfm.com\/wp-content\/uploads\/2025\/11\/slitting-machinexj1.jpg 1350w\" sizes=\"auto, (max-width: 1233px) 100vw, 1233px\" \/><\/p>","protected":false},"excerpt":{"rendered":"<p>La l\u00ednea autom\u00e1tica de corte longitudinal de bobinas met\u00e1licas es una soluci\u00f3n totalmente automatizada y de alta precisi\u00f3n, dise\u00f1ada para el corte longitudinal de bobinas met\u00e1licas, incluyendo acero laminado en caliente, acero galvanizado y materiales similares. Equipada con un sistema de control PLC inteligente, integra corte hidr\u00e1ulico, regulaci\u00f3n de tensi\u00f3n y rebobinado autom\u00e1tico para garantizar un rendimiento constante y preciso durante toda la producci\u00f3n.<\/p>","protected":false},"featured_media":3122,"comment_status":"open","ping_status":"closed","template":"","meta":{"_gspb_post_css":""},"product_brand":[],"product_cat":[159,158],"product_tag":[],"class_list":{"0":"post-3089","1":"product","2":"type-product","3":"status-publish","4":"has-post-thumbnail","6":"product_cat-metal-coil-slitting-line","7":"product_cat-slitting-line-cut-to-length-line","9":"first","10":"instock","11":"shipping-taxable","12":"product-type-simple"},"_links":{"self":[{"href":"https:\/\/www.henerrfm.com\/es\/wp-json\/wp\/v2\/product\/3089","targetHints":{"allow":["GET"]}}],"collection":[{"href":"https:\/\/www.henerrfm.com\/es\/wp-json\/wp\/v2\/product"}],"about":[{"href":"https:\/\/www.henerrfm.com\/es\/wp-json\/wp\/v2\/types\/product"}],"replies":[{"embeddable":true,"href":"https:\/\/www.henerrfm.com\/es\/wp-json\/wp\/v2\/comments?post=3089"}],"wp:featuredmedia":[{"embeddable":true,"href":"https:\/\/www.henerrfm.com\/es\/wp-json\/wp\/v2\/media\/3122"}],"wp:attachment":[{"href":"https:\/\/www.henerrfm.com\/es\/wp-json\/wp\/v2\/media?parent=3089"}],"wp:term":[{"taxonomy":"product_brand","embeddable":true,"href":"https:\/\/www.henerrfm.com\/es\/wp-json\/wp\/v2\/product_brand?post=3089"},{"taxonomy":"product_cat","embeddable":true,"href":"https:\/\/www.henerrfm.com\/es\/wp-json\/wp\/v2\/product_cat?post=3089"},{"taxonomy":"product_tag","embeddable":true,"href":"https:\/\/www.henerrfm.com\/es\/wp-json\/wp\/v2\/product_tag?post=3089"}],"curies":[{"name":"wp","href":"https:\/\/api.w.org\/{rel}","templated":true}]}}