{"id":3090,"date":"2025-11-24T07:42:07","date_gmt":"2025-11-24T07:42:07","guid":{"rendered":"https:\/\/henerrfm.com\/?post_type=product&#038;p=3090"},"modified":"2025-12-04T05:44:44","modified_gmt":"2025-12-04T05:44:44","slug":"hydraulic-cnc-bending-machine","status":"publish","type":"product","link":"https:\/\/www.henerrfm.com\/es\/product\/hydraulic-cnc-bending-machine\/","title":{"rendered":"M\u00e1quina dobladora CNC hidr\u00e1ulica"},"content":{"rendered":"<h5>Descripci\u00f3n general del producto<\/h5>\n<p>El <a href=\"https:\/\/www.henerrfm.com\/es\/producto\/hydraulic-shearing-machine\/\">Hidr\u00e1ulico<\/a> La m\u00e1quina dobladora CNC es una herramienta de precisi\u00f3n dise\u00f1ada para doblar, formar y dar forma <a href=\"https:\/\/en.wikipedia.org\/wiki\/Sheet_metal\" target=\"_blank\" rel=\"noopener\">chapa de metal<\/a> En una amplia variedad de perfiles y dimensiones. Esencial para las industrias de fabricaci\u00f3n de metales, ofrece operaciones de doblado precisas, resistentes y eficientes.<\/p>\n<p>Si bien la tecnolog\u00eda de doblado ha avanzado desde sistemas manuales hasta sistemas el\u00e9ctricos e h\u00edbridos totalmente automatizados, la m\u00e1quina dobladora hidr\u00e1ulica CNC sigue siendo muy popular debido a su rendimiento estable, potente presi\u00f3n hidr\u00e1ulica y versatilidad en diferentes materiales y espesores.<\/p>\n<p>Construida para brindar durabilidad y precisi\u00f3n, esta m\u00e1quina es ideal para aplicaciones en la construcci\u00f3n, automoci\u00f3n y fabricaci\u00f3n industrial. Garantiza alta productividad, calidad de flexi\u00f3n constante y rendimiento confiable en una amplia gama de proyectos de fabricaci\u00f3n de metales.<\/p>\n<h5>Par\u00e1metros t\u00e9cnicos<\/h5>\n<table>\n<thead>\n<tr>\n<th>Art\u00edculo<\/th>\n<th>Especificaci\u00f3n<\/th>\n<\/tr>\n<\/thead>\n<tbody>\n<tr>\n<td>Presi\u00f3n nominal<\/td>\n<td>2000 KN (200 Toneladas)<\/td>\n<\/tr>\n<tr>\n<td>Longitud de la mesa de trabajo<\/td>\n<td>7000 mm<\/td>\n<\/tr>\n<tr>\n<td>Distancia entre columnas<\/td>\n<td>4800 mm<\/td>\n<\/tr>\n<tr>\n<td>Profundidad de garganta<\/td>\n<td>400 mm<\/td>\n<\/tr>\n<tr>\n<td>Carrera deslizante<\/td>\n<td>250 mm<\/td>\n<\/tr>\n<tr>\n<td>Altura m\u00e1xima de apertura<\/td>\n<td>570 mm<\/td>\n<\/tr>\n<tr>\n<td>Presi\u00f3n m\u00e1xima de trabajo<\/td>\n<td>26 MPa<\/td>\n<\/tr>\n<tr>\n<td>Gama de retropromedio<\/td>\n<td>500 mm<\/td>\n<\/tr>\n<tr>\n<td>Velocidad deslizante (abajo\/trabajo\/arriba)<\/td>\n<td>120 \/ 8 \/ 110 mm\/s<\/td>\n<\/tr>\n<tr>\n<td>Potencia del motor principal<\/td>\n<td>22kw<\/td>\n<\/tr>\n<tr>\n<td>Servomotor de carrera<\/td>\n<td>0,85 kW, Serie EMG<\/td>\n<\/tr>\n<tr>\n<td>Servomotor de retroceso<\/td>\n<td>0,85 kW, Serie EMG<\/td>\n<\/tr>\n<tr>\n<td>Bomba de aceite<\/td>\n<td>CPO-50-P-10R, 50 ml\/r, 35 MPa<\/td>\n<\/tr>\n<tr>\n<td>Dimensiones (L\u00d7W\u00d7H)<\/td>\n<td>4500\u00d71900\u00d72850 mm<\/td>\n<\/tr>\n<tr>\n<td>Peso<\/td>\n<td>17.500 kg<\/td>\n<\/tr>\n<tr>\n<td>Capacidad del tanque de aceite<\/td>\n<td>560 kg (aceite antidesgaste 46#)<\/td>\n<\/tr>\n<\/tbody>\n<\/table>\n<h5><\/h5>","protected":false},"excerpt":{"rendered":"<p>La m\u00e1quina dobladora CNC hidr\u00e1ulica es una herramienta de precisi\u00f3n dise\u00f1ada para doblar, formar y dar forma. <a href=\"https:\/\/en.wikipedia.org\/wiki\/Sheet_metal\">chapa de metal<\/a> En una amplia variedad de perfiles y dimensiones. Esencial para las industrias de fabricaci\u00f3n de metales, ofrece operaciones de doblado precisas, resistentes y eficientes.<\/p>","protected":false},"featured_media":3091,"comment_status":"open","ping_status":"closed","template":"","meta":{"_gspb_post_css":""},"product_brand":[],"product_cat":[163,161],"product_tag":[],"class_list":{"0":"post-3090","1":"product","2":"type-product","3":"status-publish","4":"has-post-thumbnail","6":"product_cat-bending-machine","7":"product_cat-equipment-accessories","9":"first","10":"instock","11":"shipping-taxable","12":"product-type-simple"},"_links":{"self":[{"href":"https:\/\/www.henerrfm.com\/es\/wp-json\/wp\/v2\/product\/3090","targetHints":{"allow":["GET"]}}],"collection":[{"href":"https:\/\/www.henerrfm.com\/es\/wp-json\/wp\/v2\/product"}],"about":[{"href":"https:\/\/www.henerrfm.com\/es\/wp-json\/wp\/v2\/types\/product"}],"replies":[{"embeddable":true,"href":"https:\/\/www.henerrfm.com\/es\/wp-json\/wp\/v2\/comments?post=3090"}],"wp:featuredmedia":[{"embeddable":true,"href":"https:\/\/www.henerrfm.com\/es\/wp-json\/wp\/v2\/media\/3091"}],"wp:attachment":[{"href":"https:\/\/www.henerrfm.com\/es\/wp-json\/wp\/v2\/media?parent=3090"}],"wp:term":[{"taxonomy":"product_brand","embeddable":true,"href":"https:\/\/www.henerrfm.com\/es\/wp-json\/wp\/v2\/product_brand?post=3090"},{"taxonomy":"product_cat","embeddable":true,"href":"https:\/\/www.henerrfm.com\/es\/wp-json\/wp\/v2\/product_cat?post=3090"},{"taxonomy":"product_tag","embeddable":true,"href":"https:\/\/www.henerrfm.com\/es\/wp-json\/wp\/v2\/product_tag?post=3090"}],"curies":[{"name":"wp","href":"https:\/\/api.w.org\/{rel}","templated":true}]}}